{"id":3428,"date":"2019-08-06T15:49:09","date_gmt":"2019-08-06T13:49:09","guid":{"rendered":"https:\/\/staging.hydrachim.fr\/product\/mecabille-orange\/"},"modified":"2019-10-07T10:31:18","modified_gmt":"2019-10-07T08:31:18","slug":"mecabille-orange","status":"publish","type":"product","link":"https:\/\/staging.hydrachim.fr\/en\/produit\/mecabille-orange\/","title":{"rendered":"M\u00e9cabille orange"},"content":{"rendered":"<p><strong>M\u00e9cabille orange en gel est un nettoyant surpuissant d\u00e9velopp\u00e9 pour le nettoyage des mains et laissant un agr\u00e9able parfum Orange.<\/strong><\/p>\n<p>Le M\u00e9cabille orange est un produit qui enl\u00e8ve les salissures persistantes impr\u00e9gn\u00e9es dans les pores de la peau et sous les ongles tout en respectant l&#8217;\u00e9piderme. C&#8217;est un gel surpuissant avec additifs de nettoyage, sans solvant p\u00e9trolier.<br \/>\nLe M\u00e9cabille orange est conforme aux normes NF T73101.\n<\/p>\n<p><strong>Disponible en carton de 4 x 5L. Fourni avec pompe. R\u00e9f. 003617804<br \/>\n<\/strong><\/p>\n<p class=\"y-product y-product__product-subtitle\">Avantage :<\/p>\n<p>Le M\u00e9cabille orange est \u00e0 base de mati\u00e8res premi\u00e8res d&#8217;origine v\u00e9g\u00e9tale.<\/p>\n<p>Retrouvez le mode d&#8217;emploi et le dosage du produit en t\u00e9l\u00e9chargeant, ci-dessous, sa Fiche Technique et\/ou sa Fiche M\u00e9thode.<\/p>\n<p><em>Avant toute utilisation, lisez l&#8217;\u00e9tiquette et les informations concernant le produit.<\/em><\/p>\n","protected":false},"excerpt":{"rendered":"<p>M\u00e9cabille orange en gel parfum orange<\/p>\n","protected":false},"featured_media":4480,"template":"","meta":[],"product_brand":[],"product_type":[2],"product_visibility":[],"product_cat":[4026,4153,4092],"class_list":{"0":"post-3428","1":"product","2":"type-product","3":"status-publish","4":"has-post-thumbnail","6":"product_cat-produitsindustrie","7":"product_cat-marqueskemnet","8":"product_cat-industriestation-vhicule","9":"product_tag-creme","10":"product_tag-gel","11":"product_tag-graisse","12":"product_tag-mains","13":"product_tag-orange","15":"first","16":"instock","17":"shipping-taxable","18":"product-type-simple"},"yoast_head":"<!-- This site is optimized with the Yoast SEO plugin v24.7 - https:\/\/yoast.com\/wordpress\/plugins\/seo\/ -->\n<title>M\u00e9cabille orange - Hydrachim<\/title>\n<meta name=\"robots\" content=\"noindex, follow, max-snippet:-1, max-image-preview:large, max-video-preview:-1\" \/>\n<meta property=\"og:locale\" content=\"en_US\" \/>\n<meta property=\"og:type\" content=\"article\" \/>\n<meta property=\"og:title\" content=\"M\u00e9cabille orange - Hydrachim\" \/>\n<meta property=\"og:description\" content=\"M\u00e9cabille orange en gel parfum orange\" \/>\n<meta property=\"og:url\" content=\"https:\/\/staging.hydrachim.fr\/produit\/mecabille-orange\/\" \/>\n<meta property=\"og:site_name\" content=\"Hydrachim\" \/>\n<meta property=\"article:modified_time\" content=\"2019-10-07T08:31:18+00:00\" \/>\n<meta property=\"og:image\" content=\"https:\/\/staging.hydrachim.fr\/app\/uploads\/2019\/09\/6178-Mecabille-orange.png\" \/>\n\t<meta property=\"og:image:width\" content=\"500\" \/>\n\t<meta property=\"og:image:height\" content=\"700\" \/>\n\t<meta property=\"og:image:type\" content=\"image\/png\" \/>\n<meta name=\"twitter:card\" content=\"summary_large_image\" \/>\n<meta name=\"twitter:label1\" content=\"Est. reading time\" \/>\n\t<meta name=\"twitter:data1\" content=\"1 minute\" \/>\n<script type=\"application\/ld+json\" class=\"yoast-schema-graph\">{\"@context\":\"https:\/\/schema.org\",\"@graph\":[{\"@type\":\"WebPage\",\"@id\":\"https:\/\/staging.hydrachim.fr\/produit\/mecabille-orange\/\",\"url\":\"https:\/\/staging.hydrachim.fr\/produit\/mecabille-orange\/\",\"name\":\"M\u00e9cabille orange - Hydrachim\",\"isPartOf\":{\"@id\":\"https:\/\/staging.hydrachim.fr\/#website\"},\"primaryImageOfPage\":{\"@id\":\"https:\/\/staging.hydrachim.fr\/produit\/mecabille-orange\/#primaryimage\"},\"image\":{\"@id\":\"https:\/\/staging.hydrachim.fr\/produit\/mecabille-orange\/#primaryimage\"},\"thumbnailUrl\":\"https:\/\/staging.hydrachim.fr\/app\/uploads\/2019\/09\/6178-Mecabille-orange.png\",\"datePublished\":\"2019-08-06T13:49:09+00:00\",\"dateModified\":\"2019-10-07T08:31:18+00:00\",\"breadcrumb\":{\"@id\":\"https:\/\/staging.hydrachim.fr\/produit\/mecabille-orange\/#breadcrumb\"},\"inLanguage\":\"en-US\",\"potentialAction\":[{\"@type\":\"ReadAction\",\"target\":[\"https:\/\/staging.hydrachim.fr\/produit\/mecabille-orange\/\"]}]},{\"@type\":\"ImageObject\",\"inLanguage\":\"en-US\",\"@id\":\"https:\/\/staging.hydrachim.fr\/produit\/mecabille-orange\/#primaryimage\",\"url\":\"https:\/\/staging.hydrachim.fr\/app\/uploads\/2019\/09\/6178-Mecabille-orange.png\",\"contentUrl\":\"https:\/\/staging.hydrachim.fr\/app\/uploads\/2019\/09\/6178-Mecabille-orange.png\",\"width\":500,\"height\":700},{\"@type\":\"BreadcrumbList\",\"@id\":\"https:\/\/staging.hydrachim.fr\/produit\/mecabille-orange\/#breadcrumb\",\"itemListElement\":[{\"@type\":\"ListItem\",\"position\":1,\"name\":\"Home\",\"item\":\"https:\/\/staging.hydrachim.fr\/en\/\"},{\"@type\":\"ListItem\",\"position\":2,\"name\":\"Shop\",\"item\":\"https:\/\/staging.hydrachim.fr\/en\/shop\/\"},{\"@type\":\"ListItem\",\"position\":3,\"name\":\"M\u00e9cabille orange\"}]},{\"@type\":\"WebSite\",\"@id\":\"https:\/\/staging.hydrachim.fr\/#website\",\"url\":\"https:\/\/staging.hydrachim.fr\/\",\"name\":\"Hydrachim\",\"description\":\"La science de l&#039;hygi\u00e8ne\",\"potentialAction\":[{\"@type\":\"SearchAction\",\"target\":{\"@type\":\"EntryPoint\",\"urlTemplate\":\"https:\/\/staging.hydrachim.fr\/?s={search_term_string}\"},\"query-input\":{\"@type\":\"PropertyValueSpecification\",\"valueRequired\":true,\"valueName\":\"search_term_string\"}}],\"inLanguage\":\"en-US\"}]}<\/script>\n<!-- \/ Yoast SEO plugin. -->","yoast_head_json":{"title":"M\u00e9cabille orange - Hydrachim","robots":{"index":"noindex","follow":"follow","max-snippet":"max-snippet:-1","max-image-preview":"max-image-preview:large","max-video-preview":"max-video-preview:-1"},"og_locale":"en_US","og_type":"article","og_title":"M\u00e9cabille orange - Hydrachim","og_description":"M\u00e9cabille orange en gel parfum orange","og_url":"https:\/\/staging.hydrachim.fr\/produit\/mecabille-orange\/","og_site_name":"Hydrachim","article_modified_time":"2019-10-07T08:31:18+00:00","og_image":[{"width":500,"height":700,"url":"https:\/\/staging.hydrachim.fr\/app\/uploads\/2019\/09\/6178-Mecabille-orange.png","type":"image\/png"}],"twitter_card":"summary_large_image","twitter_misc":{"Est. reading time":"1 minute"},"schema":{"@context":"https:\/\/schema.org","@graph":[{"@type":"WebPage","@id":"https:\/\/staging.hydrachim.fr\/produit\/mecabille-orange\/","url":"https:\/\/staging.hydrachim.fr\/produit\/mecabille-orange\/","name":"M\u00e9cabille orange - Hydrachim","isPartOf":{"@id":"https:\/\/staging.hydrachim.fr\/#website"},"primaryImageOfPage":{"@id":"https:\/\/staging.hydrachim.fr\/produit\/mecabille-orange\/#primaryimage"},"image":{"@id":"https:\/\/staging.hydrachim.fr\/produit\/mecabille-orange\/#primaryimage"},"thumbnailUrl":"https:\/\/staging.hydrachim.fr\/app\/uploads\/2019\/09\/6178-Mecabille-orange.png","datePublished":"2019-08-06T13:49:09+00:00","dateModified":"2019-10-07T08:31:18+00:00","breadcrumb":{"@id":"https:\/\/staging.hydrachim.fr\/produit\/mecabille-orange\/#breadcrumb"},"inLanguage":"en-US","potentialAction":[{"@type":"ReadAction","target":["https:\/\/staging.hydrachim.fr\/produit\/mecabille-orange\/"]}]},{"@type":"ImageObject","inLanguage":"en-US","@id":"https:\/\/staging.hydrachim.fr\/produit\/mecabille-orange\/#primaryimage","url":"https:\/\/staging.hydrachim.fr\/app\/uploads\/2019\/09\/6178-Mecabille-orange.png","contentUrl":"https:\/\/staging.hydrachim.fr\/app\/uploads\/2019\/09\/6178-Mecabille-orange.png","width":500,"height":700},{"@type":"BreadcrumbList","@id":"https:\/\/staging.hydrachim.fr\/produit\/mecabille-orange\/#breadcrumb","itemListElement":[{"@type":"ListItem","position":1,"name":"Home","item":"https:\/\/staging.hydrachim.fr\/en\/"},{"@type":"ListItem","position":2,"name":"Shop","item":"https:\/\/staging.hydrachim.fr\/en\/shop\/"},{"@type":"ListItem","position":3,"name":"M\u00e9cabille orange"}]},{"@type":"WebSite","@id":"https:\/\/staging.hydrachim.fr\/#website","url":"https:\/\/staging.hydrachim.fr\/","name":"Hydrachim","description":"La science de l&#039;hygi\u00e8ne","potentialAction":[{"@type":"SearchAction","target":{"@type":"EntryPoint","urlTemplate":"https:\/\/staging.hydrachim.fr\/?s={search_term_string}"},"query-input":{"@type":"PropertyValueSpecification","valueRequired":true,"valueName":"search_term_string"}}],"inLanguage":"en-US"}]}},"acf":{"fiche_technique":"https:\/\/staging.hydrachim.fr\/app\/uploads\/2019\/09\/-15","fiche_methode":""},"_links":{"self":[{"href":"https:\/\/staging.hydrachim.fr\/en\/wp-json\/wp\/v2\/product\/3428","targetHints":{"allow":["GET"]}}],"collection":[{"href":"https:\/\/staging.hydrachim.fr\/en\/wp-json\/wp\/v2\/product"}],"about":[{"href":"https:\/\/staging.hydrachim.fr\/en\/wp-json\/wp\/v2\/types\/product"}],"wp:featuredmedia":[{"embeddable":true,"href":"https:\/\/staging.hydrachim.fr\/en\/wp-json\/wp\/v2\/media\/4480"}],"wp:attachment":[{"href":"https:\/\/staging.hydrachim.fr\/en\/wp-json\/wp\/v2\/media?parent=3428"}],"wp:term":[{"taxonomy":"product_brand","embeddable":true,"href":"https:\/\/staging.hydrachim.fr\/en\/wp-json\/wp\/v2\/product_brand?post=3428"},{"taxonomy":"product_type","embeddable":true,"href":"https:\/\/staging.hydrachim.fr\/en\/wp-json\/wp\/v2\/product_type?post=3428"},{"taxonomy":"product_visibility","embeddable":true,"href":"https:\/\/staging.hydrachim.fr\/en\/wp-json\/wp\/v2\/product_visibility?post=3428"},{"taxonomy":"product_cat","embeddable":true,"href":"https:\/\/staging.hydrachim.fr\/en\/wp-json\/wp\/v2\/product_cat?post=3428"}],"curies":[{"name":"wp","href":"https:\/\/api.w.org\/{rel}","templated":true}]}}