{"id":3442,"date":"2019-08-06T15:49:22","date_gmt":"2019-08-06T13:49:22","guid":{"rendered":"https:\/\/staging.hydrachim.fr\/product\/derma-st-creme-mains-douces\/"},"modified":"2019-10-14T16:31:23","modified_gmt":"2019-10-14T14:31:23","slug":"derma-st-creme-mains-douces","status":"publish","type":"product","link":"https:\/\/staging.hydrachim.fr\/en\/produit\/derma-st-creme-mains-douces\/","title":{"rendered":"Derma ST Cr\u00e8me mains douces"},"content":{"rendered":"<p><strong>Derma ST Cr\u00e8me mains douces est une cr\u00e8me lavante nacr\u00e9e d\u00e9velopp\u00e9e pour le lavage des mains tout en laissant un agr\u00e9able parfum fleuri.<\/strong><\/p>\n<p>La Derma ST Cr\u00e8me mains douces est un produit qui lave les mains tout en respectant l&#8217;\u00e9quilibre de la peau et laisse un agr\u00e9able parfum floral.<\/p>\n<p><strong>Disponible en :<br \/>\n&#8211; Carton de 12 x 500 mL. R\u00e9f. 002026002<br \/>\n&#8211; Carton de 4 x 5L. R\u00e9f. 002026001<\/strong><\/p>\n<p class=\"y-product y-product__product-subtitle\">Avantage :<\/p>\n<p>La Derma ST Cr\u00e8me mains douces a un pH neutre et n&#8217;est pas irritant pour la peau.<\/p>\n<p>Retrouvez le mode d&#8217;emploi et le dosage du produit en t\u00e9l\u00e9chargeant, ci-dessous, sa Fiche Technique et\/ou sa Fiche M\u00e9thode.<\/p>\n<p><em>Avant toute utilisation, lisez l&#8217;\u00e9tiquette et les informations concernant le produit.<\/em><\/p>\n","protected":false},"excerpt":{"rendered":"<p>Derma ST Cr\u00e8me mains douces liquide parfum fleuri<\/p>\n","protected":false},"featured_media":5628,"template":"","meta":[],"product_brand":[],"product_type":[2],"product_visibility":[],"product_cat":[4138,4137,4145],"class_list":{"0":"post-3442","1":"product","2":"type-product","3":"status-publish","4":"has-post-thumbnail","6":"product_cat-mains-corpsmains","7":"product_cat-produitsmains-corps","8":"product_cat-marquesorlav","9":"product_tag-creme","10":"product_tag-fleuri","11":"product_tag-liquide","12":"product_tag-mains","14":"first","15":"instock","16":"shipping-taxable","17":"product-type-simple"},"yoast_head":"<!-- This site is optimized with the Yoast SEO plugin v24.7 - https:\/\/yoast.com\/wordpress\/plugins\/seo\/ -->\n<title>Derma ST Cr\u00e8me mains douces - Hydrachim<\/title>\n<meta name=\"robots\" content=\"noindex, follow, max-snippet:-1, max-image-preview:large, max-video-preview:-1\" \/>\n<meta property=\"og:locale\" content=\"en_US\" \/>\n<meta property=\"og:type\" content=\"article\" \/>\n<meta property=\"og:title\" content=\"Derma ST Cr\u00e8me mains douces - Hydrachim\" \/>\n<meta property=\"og:description\" content=\"Derma ST Cr\u00e8me mains douces liquide parfum fleuri\" \/>\n<meta property=\"og:url\" content=\"https:\/\/staging.hydrachim.fr\/produit\/derma-st-creme-mains-douces\/\" \/>\n<meta property=\"og:site_name\" content=\"Hydrachim\" \/>\n<meta property=\"article:modified_time\" content=\"2019-10-14T14:31:23+00:00\" \/>\n<meta property=\"og:image\" content=\"https:\/\/staging.hydrachim.fr\/app\/uploads\/2019\/10\/0260_Derma.png\" \/>\n\t<meta property=\"og:image:width\" content=\"600\" \/>\n\t<meta property=\"og:image:height\" content=\"965\" \/>\n\t<meta property=\"og:image:type\" content=\"image\/png\" \/>\n<meta name=\"twitter:card\" content=\"summary_large_image\" \/>\n<meta name=\"twitter:label1\" content=\"Est. reading time\" \/>\n\t<meta name=\"twitter:data1\" content=\"1 minute\" \/>\n<script type=\"application\/ld+json\" class=\"yoast-schema-graph\">{\"@context\":\"https:\/\/schema.org\",\"@graph\":[{\"@type\":\"WebPage\",\"@id\":\"https:\/\/staging.hydrachim.fr\/produit\/derma-st-creme-mains-douces\/\",\"url\":\"https:\/\/staging.hydrachim.fr\/produit\/derma-st-creme-mains-douces\/\",\"name\":\"Derma ST Cr\u00e8me mains douces - Hydrachim\",\"isPartOf\":{\"@id\":\"https:\/\/staging.hydrachim.fr\/#website\"},\"primaryImageOfPage\":{\"@id\":\"https:\/\/staging.hydrachim.fr\/produit\/derma-st-creme-mains-douces\/#primaryimage\"},\"image\":{\"@id\":\"https:\/\/staging.hydrachim.fr\/produit\/derma-st-creme-mains-douces\/#primaryimage\"},\"thumbnailUrl\":\"https:\/\/staging.hydrachim.fr\/app\/uploads\/2019\/10\/0260_Derma.png\",\"datePublished\":\"2019-08-06T13:49:22+00:00\",\"dateModified\":\"2019-10-14T14:31:23+00:00\",\"breadcrumb\":{\"@id\":\"https:\/\/staging.hydrachim.fr\/produit\/derma-st-creme-mains-douces\/#breadcrumb\"},\"inLanguage\":\"en-US\",\"potentialAction\":[{\"@type\":\"ReadAction\",\"target\":[\"https:\/\/staging.hydrachim.fr\/produit\/derma-st-creme-mains-douces\/\"]}]},{\"@type\":\"ImageObject\",\"inLanguage\":\"en-US\",\"@id\":\"https:\/\/staging.hydrachim.fr\/produit\/derma-st-creme-mains-douces\/#primaryimage\",\"url\":\"https:\/\/staging.hydrachim.fr\/app\/uploads\/2019\/10\/0260_Derma.png\",\"contentUrl\":\"https:\/\/staging.hydrachim.fr\/app\/uploads\/2019\/10\/0260_Derma.png\",\"width\":600,\"height\":965},{\"@type\":\"BreadcrumbList\",\"@id\":\"https:\/\/staging.hydrachim.fr\/produit\/derma-st-creme-mains-douces\/#breadcrumb\",\"itemListElement\":[{\"@type\":\"ListItem\",\"position\":1,\"name\":\"Home\",\"item\":\"https:\/\/staging.hydrachim.fr\/en\/\"},{\"@type\":\"ListItem\",\"position\":2,\"name\":\"Shop\",\"item\":\"https:\/\/staging.hydrachim.fr\/en\/shop\/\"},{\"@type\":\"ListItem\",\"position\":3,\"name\":\"Derma ST Cr\u00e8me mains douces\"}]},{\"@type\":\"WebSite\",\"@id\":\"https:\/\/staging.hydrachim.fr\/#website\",\"url\":\"https:\/\/staging.hydrachim.fr\/\",\"name\":\"Hydrachim\",\"description\":\"La science de l&#039;hygi\u00e8ne\",\"potentialAction\":[{\"@type\":\"SearchAction\",\"target\":{\"@type\":\"EntryPoint\",\"urlTemplate\":\"https:\/\/staging.hydrachim.fr\/?s={search_term_string}\"},\"query-input\":{\"@type\":\"PropertyValueSpecification\",\"valueRequired\":true,\"valueName\":\"search_term_string\"}}],\"inLanguage\":\"en-US\"}]}<\/script>\n<!-- \/ Yoast SEO plugin. -->","yoast_head_json":{"title":"Derma ST Cr\u00e8me mains douces - Hydrachim","robots":{"index":"noindex","follow":"follow","max-snippet":"max-snippet:-1","max-image-preview":"max-image-preview:large","max-video-preview":"max-video-preview:-1"},"og_locale":"en_US","og_type":"article","og_title":"Derma ST Cr\u00e8me mains douces - Hydrachim","og_description":"Derma ST Cr\u00e8me mains douces liquide parfum fleuri","og_url":"https:\/\/staging.hydrachim.fr\/produit\/derma-st-creme-mains-douces\/","og_site_name":"Hydrachim","article_modified_time":"2019-10-14T14:31:23+00:00","og_image":[{"width":600,"height":965,"url":"https:\/\/staging.hydrachim.fr\/app\/uploads\/2019\/10\/0260_Derma.png","type":"image\/png"}],"twitter_card":"summary_large_image","twitter_misc":{"Est. reading time":"1 minute"},"schema":{"@context":"https:\/\/schema.org","@graph":[{"@type":"WebPage","@id":"https:\/\/staging.hydrachim.fr\/produit\/derma-st-creme-mains-douces\/","url":"https:\/\/staging.hydrachim.fr\/produit\/derma-st-creme-mains-douces\/","name":"Derma ST Cr\u00e8me mains douces - Hydrachim","isPartOf":{"@id":"https:\/\/staging.hydrachim.fr\/#website"},"primaryImageOfPage":{"@id":"https:\/\/staging.hydrachim.fr\/produit\/derma-st-creme-mains-douces\/#primaryimage"},"image":{"@id":"https:\/\/staging.hydrachim.fr\/produit\/derma-st-creme-mains-douces\/#primaryimage"},"thumbnailUrl":"https:\/\/staging.hydrachim.fr\/app\/uploads\/2019\/10\/0260_Derma.png","datePublished":"2019-08-06T13:49:22+00:00","dateModified":"2019-10-14T14:31:23+00:00","breadcrumb":{"@id":"https:\/\/staging.hydrachim.fr\/produit\/derma-st-creme-mains-douces\/#breadcrumb"},"inLanguage":"en-US","potentialAction":[{"@type":"ReadAction","target":["https:\/\/staging.hydrachim.fr\/produit\/derma-st-creme-mains-douces\/"]}]},{"@type":"ImageObject","inLanguage":"en-US","@id":"https:\/\/staging.hydrachim.fr\/produit\/derma-st-creme-mains-douces\/#primaryimage","url":"https:\/\/staging.hydrachim.fr\/app\/uploads\/2019\/10\/0260_Derma.png","contentUrl":"https:\/\/staging.hydrachim.fr\/app\/uploads\/2019\/10\/0260_Derma.png","width":600,"height":965},{"@type":"BreadcrumbList","@id":"https:\/\/staging.hydrachim.fr\/produit\/derma-st-creme-mains-douces\/#breadcrumb","itemListElement":[{"@type":"ListItem","position":1,"name":"Home","item":"https:\/\/staging.hydrachim.fr\/en\/"},{"@type":"ListItem","position":2,"name":"Shop","item":"https:\/\/staging.hydrachim.fr\/en\/shop\/"},{"@type":"ListItem","position":3,"name":"Derma ST Cr\u00e8me mains douces"}]},{"@type":"WebSite","@id":"https:\/\/staging.hydrachim.fr\/#website","url":"https:\/\/staging.hydrachim.fr\/","name":"Hydrachim","description":"La science de l&#039;hygi\u00e8ne","potentialAction":[{"@type":"SearchAction","target":{"@type":"EntryPoint","urlTemplate":"https:\/\/staging.hydrachim.fr\/?s={search_term_string}"},"query-input":{"@type":"PropertyValueSpecification","valueRequired":true,"valueName":"search_term_string"}}],"inLanguage":"en-US"}]}},"acf":{"fiche_technique":"https:\/\/staging.hydrachim.fr\/app\/uploads\/2019\/10\/FT___0260___ORLAV_DERMA_ST.pdf","fiche_methode":"https:\/\/staging.hydrachim.fr\/app\/uploads\/2019\/10\/FM___0260___ORLAV_DERMA_ST.pdf"},"_links":{"self":[{"href":"https:\/\/staging.hydrachim.fr\/en\/wp-json\/wp\/v2\/product\/3442","targetHints":{"allow":["GET"]}}],"collection":[{"href":"https:\/\/staging.hydrachim.fr\/en\/wp-json\/wp\/v2\/product"}],"about":[{"href":"https:\/\/staging.hydrachim.fr\/en\/wp-json\/wp\/v2\/types\/product"}],"wp:featuredmedia":[{"embeddable":true,"href":"https:\/\/staging.hydrachim.fr\/en\/wp-json\/wp\/v2\/media\/5628"}],"wp:attachment":[{"href":"https:\/\/staging.hydrachim.fr\/en\/wp-json\/wp\/v2\/media?parent=3442"}],"wp:term":[{"taxonomy":"product_brand","embeddable":true,"href":"https:\/\/staging.hydrachim.fr\/en\/wp-json\/wp\/v2\/product_brand?post=3442"},{"taxonomy":"product_type","embeddable":true,"href":"https:\/\/staging.hydrachim.fr\/en\/wp-json\/wp\/v2\/product_type?post=3442"},{"taxonomy":"product_visibility","embeddable":true,"href":"https:\/\/staging.hydrachim.fr\/en\/wp-json\/wp\/v2\/product_visibility?post=3442"},{"taxonomy":"product_cat","embeddable":true,"href":"https:\/\/staging.hydrachim.fr\/en\/wp-json\/wp\/v2\/product_cat?post=3442"}],"curies":[{"name":"wp","href":"https:\/\/api.w.org\/{rel}","templated":true}]}}