{"id":3453,"date":"2019-08-06T15:49:32","date_gmt":"2019-08-06T13:49:32","guid":{"rendered":"https:\/\/staging.hydrachim.fr\/product\/top-surf\/"},"modified":"2019-08-06T15:49:33","modified_gmt":"2019-08-06T13:49:33","slug":"top-surf","status":"publish","type":"product","link":"https:\/\/staging.hydrachim.fr\/en\/produit\/top-surf\/","title":{"rendered":"top-surf"},"content":{"rendered":"<h2 class=\"description-produit\">Top surf liquide est un nettoyant multi-surfaces d\u00e9velopp\u00e9 sp\u00e9cialement pour l&#8217;\u00e9limination des t\u00e2ches d&rsquo;encre et de marqueur tout en laissant un agr\u00e9able parfum Menthe fra\u00eeche.<\/h2>\n<p class=\"text-description-produit\"><img decoding=\"async\" class=\"conditionnement-produit\" alt=\"\" src=\"https:\/\/staging.hydrachim.com\/wp-content\/uploads\/2014\/05\/0244-top-surf.jpg\" \/>Le Top surf est un produit qui nettoie les supports plastiques, les bureaux, les tableaux et les tables sans les ternir ni les rayer. Il \u00e9limine facilement les traces d&rsquo;encre, de marqueurs, de doigts, de stylos et de graisse. Le Top surf a un fort pouvoir anti-statique.<\/p>\n<p class=\"information-produit\"><span class=\"dose-utilisation\">Disponible en carton de 12 x 750 mL, de 4 x 5 L<br \/>Et de 12 x 1 L avec 2 pulv\u00e9risateurs par carton<\/span><\/p>\n<div class=\"plus-produit\"><span>Le Top surf est efficace sur les t\u00e2ches les plus tenaces.<\/span><\/div>\n<p><span class=\"mode-demploi\">Retrouvez <b>le mode d&#8217;emploi et le dosage du produit<\/b> en t\u00e9l\u00e9chargeant, ci-dessous, sa Fiche Technique et\/ou sa Fiche M\u00e9thode.<\/span><\/p>\n<div id='wpdm_file_856' class='wpdm_file wpdm-only-button'>\n<div class='cont'>\n<div class='btn_outer'>\n<div class='btn_outer_c' style='background-image: url(https:\/\/staging.hydrachim.com\/wp-content\/plugins\/download-manager\/icon\/file_extension_pdf.png)'><a class='btn_left   login-please' rel='856' title='FT - 0244 Top surf' href='https:\/\/staging.hydrachim.com\/wp-login.php?redirect_to=\/wp-json\/wp\/v2\/product'>T\u00e9l\u00e9charger la<br \/> Fiche Technique<\/a><span class='btn_right counter'>Login Required<\/span><\/div>\n<\/div>\n<div class='clear'><\/div>\n<\/div>\n<\/div>\n<p><a href=\"https:\/\/staging.hydrachim.com\/fiches-donnees-de-securite\/\" class=\"lien-fds-pdt\">Fiches de Donn\u00e9es de S\u00e9curit\u00e9<\/a><\/p>\n<div id='wpdm_file_857' class='wpdm_file wpdm-only-button'>\n<div class='cont'>\n<div class='btn_outer'>\n<div class='btn_outer_c' style='background-image: url(https:\/\/staging.hydrachim.com\/wp-content\/plugins\/download-manager\/icon\/file_extension_pdf.png)'><a class='btn_left   login-please' rel='857' title='FM - 0244 Top surf' href='https:\/\/staging.hydrachim.com\/wp-login.php?redirect_to=\/wp-json\/wp\/v2\/product'>T\u00e9l\u00e9charger la<br \/> Fiche M\u00e9thode<\/a><span class='btn_right counter'>Login Required<\/span><\/div>\n<\/div>\n<div class='clear'><\/div>\n<\/div>\n<\/div>\n<p class=\"remarque-importante\">Utilisez les biocides avec pr\u00e9caution. Avant toute utilisation, lisez l&#8217;\u00e9tiquette et les informations concernant le produit.<\/p>\n<p><!-- Start Shareaholic ClassicBookmarks Automatic --><!-- End Shareaholic ClassicBookmarks Automatic --><\/p>\n","protected":false},"excerpt":{"rendered":"<p>Top surf liquide parfum menthe fra\u00eeche<\/p>\n","protected":false},"featured_media":0,"template":"","meta":[],"product_brand":[],"product_type":[2],"product_visibility":[],"product_cat":[15],"class_list":{"0":"post-3453","1":"product","2":"type-product","3":"status-publish","5":"product_cat-uncategorized","6":"product_tag-liquide","8":"first","9":"instock","10":"shipping-taxable","11":"purchasable","12":"product-type-simple"},"yoast_head":"<!-- This site is optimized with the Yoast SEO plugin v24.7 - https:\/\/yoast.com\/wordpress\/plugins\/seo\/ -->\n<title>top-surf - Hydrachim<\/title>\n<meta name=\"robots\" content=\"noindex, follow, max-snippet:-1, max-image-preview:large, max-video-preview:-1\" \/>\n<meta property=\"og:locale\" content=\"en_US\" \/>\n<meta property=\"og:type\" content=\"article\" \/>\n<meta property=\"og:title\" content=\"top-surf - Hydrachim\" \/>\n<meta property=\"og:description\" content=\"Top surf liquide parfum menthe fra\u00eeche\" \/>\n<meta property=\"og:url\" content=\"https:\/\/staging.hydrachim.fr\/produit\/top-surf\/\" \/>\n<meta property=\"og:site_name\" content=\"Hydrachim\" \/>\n<meta property=\"article:modified_time\" content=\"2019-08-06T13:49:33+00:00\" \/>\n<meta property=\"og:image\" content=\"https:\/\/staging.hydrachim.com\/wp-content\/uploads\/2014\/05\/0244-top-surf.jpg\" \/>\n<meta name=\"twitter:card\" content=\"summary_large_image\" \/>\n<meta name=\"twitter:label1\" content=\"Est. reading time\" \/>\n\t<meta name=\"twitter:data1\" content=\"1 minute\" \/>\n<script type=\"application\/ld+json\" class=\"yoast-schema-graph\">{\"@context\":\"https:\/\/schema.org\",\"@graph\":[{\"@type\":\"WebPage\",\"@id\":\"https:\/\/staging.hydrachim.fr\/produit\/top-surf\/\",\"url\":\"https:\/\/staging.hydrachim.fr\/produit\/top-surf\/\",\"name\":\"top-surf - Hydrachim\",\"isPartOf\":{\"@id\":\"https:\/\/staging.hydrachim.fr\/#website\"},\"primaryImageOfPage\":{\"@id\":\"https:\/\/staging.hydrachim.fr\/produit\/top-surf\/#primaryimage\"},\"image\":{\"@id\":\"https:\/\/staging.hydrachim.fr\/produit\/top-surf\/#primaryimage\"},\"thumbnailUrl\":\"https:\/\/staging.hydrachim.com\/wp-content\/uploads\/2014\/05\/0244-top-surf.jpg\",\"datePublished\":\"2019-08-06T13:49:32+00:00\",\"dateModified\":\"2019-08-06T13:49:33+00:00\",\"breadcrumb\":{\"@id\":\"https:\/\/staging.hydrachim.fr\/produit\/top-surf\/#breadcrumb\"},\"inLanguage\":\"en-US\",\"potentialAction\":[{\"@type\":\"ReadAction\",\"target\":[\"https:\/\/staging.hydrachim.fr\/produit\/top-surf\/\"]}]},{\"@type\":\"ImageObject\",\"inLanguage\":\"en-US\",\"@id\":\"https:\/\/staging.hydrachim.fr\/produit\/top-surf\/#primaryimage\",\"url\":\"https:\/\/staging.hydrachim.com\/wp-content\/uploads\/2014\/05\/0244-top-surf.jpg\",\"contentUrl\":\"https:\/\/staging.hydrachim.com\/wp-content\/uploads\/2014\/05\/0244-top-surf.jpg\"},{\"@type\":\"BreadcrumbList\",\"@id\":\"https:\/\/staging.hydrachim.fr\/produit\/top-surf\/#breadcrumb\",\"itemListElement\":[{\"@type\":\"ListItem\",\"position\":1,\"name\":\"Home\",\"item\":\"https:\/\/staging.hydrachim.fr\/en\/\"},{\"@type\":\"ListItem\",\"position\":2,\"name\":\"Shop\",\"item\":\"https:\/\/staging.hydrachim.fr\/en\/shop\/\"},{\"@type\":\"ListItem\",\"position\":3,\"name\":\"top-surf\"}]},{\"@type\":\"WebSite\",\"@id\":\"https:\/\/staging.hydrachim.fr\/#website\",\"url\":\"https:\/\/staging.hydrachim.fr\/\",\"name\":\"Hydrachim\",\"description\":\"La science de l&#039;hygi\u00e8ne\",\"potentialAction\":[{\"@type\":\"SearchAction\",\"target\":{\"@type\":\"EntryPoint\",\"urlTemplate\":\"https:\/\/staging.hydrachim.fr\/?s={search_term_string}\"},\"query-input\":{\"@type\":\"PropertyValueSpecification\",\"valueRequired\":true,\"valueName\":\"search_term_string\"}}],\"inLanguage\":\"en-US\"}]}<\/script>\n<!-- \/ Yoast SEO plugin. -->","yoast_head_json":{"title":"top-surf - Hydrachim","robots":{"index":"noindex","follow":"follow","max-snippet":"max-snippet:-1","max-image-preview":"max-image-preview:large","max-video-preview":"max-video-preview:-1"},"og_locale":"en_US","og_type":"article","og_title":"top-surf - Hydrachim","og_description":"Top surf liquide parfum menthe fra\u00eeche","og_url":"https:\/\/staging.hydrachim.fr\/produit\/top-surf\/","og_site_name":"Hydrachim","article_modified_time":"2019-08-06T13:49:33+00:00","og_image":[{"url":"https:\/\/staging.hydrachim.com\/wp-content\/uploads\/2014\/05\/0244-top-surf.jpg","type":"","width":"","height":""}],"twitter_card":"summary_large_image","twitter_misc":{"Est. reading time":"1 minute"},"schema":{"@context":"https:\/\/schema.org","@graph":[{"@type":"WebPage","@id":"https:\/\/staging.hydrachim.fr\/produit\/top-surf\/","url":"https:\/\/staging.hydrachim.fr\/produit\/top-surf\/","name":"top-surf - Hydrachim","isPartOf":{"@id":"https:\/\/staging.hydrachim.fr\/#website"},"primaryImageOfPage":{"@id":"https:\/\/staging.hydrachim.fr\/produit\/top-surf\/#primaryimage"},"image":{"@id":"https:\/\/staging.hydrachim.fr\/produit\/top-surf\/#primaryimage"},"thumbnailUrl":"https:\/\/staging.hydrachim.com\/wp-content\/uploads\/2014\/05\/0244-top-surf.jpg","datePublished":"2019-08-06T13:49:32+00:00","dateModified":"2019-08-06T13:49:33+00:00","breadcrumb":{"@id":"https:\/\/staging.hydrachim.fr\/produit\/top-surf\/#breadcrumb"},"inLanguage":"en-US","potentialAction":[{"@type":"ReadAction","target":["https:\/\/staging.hydrachim.fr\/produit\/top-surf\/"]}]},{"@type":"ImageObject","inLanguage":"en-US","@id":"https:\/\/staging.hydrachim.fr\/produit\/top-surf\/#primaryimage","url":"https:\/\/staging.hydrachim.com\/wp-content\/uploads\/2014\/05\/0244-top-surf.jpg","contentUrl":"https:\/\/staging.hydrachim.com\/wp-content\/uploads\/2014\/05\/0244-top-surf.jpg"},{"@type":"BreadcrumbList","@id":"https:\/\/staging.hydrachim.fr\/produit\/top-surf\/#breadcrumb","itemListElement":[{"@type":"ListItem","position":1,"name":"Home","item":"https:\/\/staging.hydrachim.fr\/en\/"},{"@type":"ListItem","position":2,"name":"Shop","item":"https:\/\/staging.hydrachim.fr\/en\/shop\/"},{"@type":"ListItem","position":3,"name":"top-surf"}]},{"@type":"WebSite","@id":"https:\/\/staging.hydrachim.fr\/#website","url":"https:\/\/staging.hydrachim.fr\/","name":"Hydrachim","description":"La science de l&#039;hygi\u00e8ne","potentialAction":[{"@type":"SearchAction","target":{"@type":"EntryPoint","urlTemplate":"https:\/\/staging.hydrachim.fr\/?s={search_term_string}"},"query-input":{"@type":"PropertyValueSpecification","valueRequired":true,"valueName":"search_term_string"}}],"inLanguage":"en-US"}]}},"acf":{"fiche_technique":null,"fiche_methode":null},"_links":{"self":[{"href":"https:\/\/staging.hydrachim.fr\/en\/wp-json\/wp\/v2\/product\/3453","targetHints":{"allow":["GET"]}}],"collection":[{"href":"https:\/\/staging.hydrachim.fr\/en\/wp-json\/wp\/v2\/product"}],"about":[{"href":"https:\/\/staging.hydrachim.fr\/en\/wp-json\/wp\/v2\/types\/product"}],"wp:attachment":[{"href":"https:\/\/staging.hydrachim.fr\/en\/wp-json\/wp\/v2\/media?parent=3453"}],"wp:term":[{"taxonomy":"product_brand","embeddable":true,"href":"https:\/\/staging.hydrachim.fr\/en\/wp-json\/wp\/v2\/product_brand?post=3453"},{"taxonomy":"product_type","embeddable":true,"href":"https:\/\/staging.hydrachim.fr\/en\/wp-json\/wp\/v2\/product_type?post=3453"},{"taxonomy":"product_visibility","embeddable":true,"href":"https:\/\/staging.hydrachim.fr\/en\/wp-json\/wp\/v2\/product_visibility?post=3453"},{"taxonomy":"product_cat","embeddable":true,"href":"https:\/\/staging.hydrachim.fr\/en\/wp-json\/wp\/v2\/product_cat?post=3453"}],"curies":[{"name":"wp","href":"https:\/\/api.w.org\/{rel}","templated":true}]}}