{"id":3455,"date":"2019-08-06T15:49:34","date_gmt":"2019-08-06T13:49:34","guid":{"rendered":"https:\/\/staging.hydrachim.fr\/product\/creme-a-recurer\/"},"modified":"2019-10-09T11:59:11","modified_gmt":"2019-10-09T09:59:11","slug":"creme-a-recurer","status":"publish","type":"product","link":"https:\/\/staging.hydrachim.fr\/en\/produit\/creme-a-recurer\/","title":{"rendered":"Cr\u00e8me \u00e0 r\u00e9curer"},"content":{"rendered":"<p><strong>Cr\u00e8me \u00e0 r\u00e9curer est une cr\u00e8me \u00e9paisse d\u00e9velopp\u00e9e pour le nettoyage des surfaces dures et fragiles tout en laissant un agr\u00e9able parfum Citron.<\/strong><\/p>\n<p>La Cr\u00e8me \u00e0 r\u00e9curer est un produit qui nettoie les surfaces comme l&#8217;inox, l&#8217;\u00e9mail, la fa\u00efence, etc. Ses agents tensio-actifs conf\u00e8rent au produit une bonne p\u00e9n\u00e9tration et bon mouillage. La Cr\u00e8me \u00e0 r\u00e9curer est conforme aux lois concernant le nettoyage du mat\u00e9riel susceptible de se trouver au contact des denr\u00e9es alimentaires.\n<\/p>\n<p><strong>Disponible en carton de 12 x 1L. R\u00e9f. 002032101<\/strong><\/p>\n<p class=\"y-product y-product__product-subtitle\">Avantage :<\/p>\n<p>La Cr\u00e8me \u00e0 r\u00e9curer a une action d\u00e9graissante optimis\u00e9e par un abrasif \u00e0 granulom\u00e9trie contr\u00f4l\u00e9e. Elle ne raye pas.<\/p>\n<p>Retrouvez le mode d&#8217;emploi et le dosage du produit en t\u00e9l\u00e9chargeant, ci-dessous, sa Fiche Technique et\/ou sa Fiche M\u00e9thode.<\/p>\n<p><em>Avant toute utilisation, lisez l&#8217;\u00e9tiquette et les informations concernant le produit.<\/em><\/p>\n","protected":false},"excerpt":{"rendered":"<p>Cr\u00e8me \u00e0 r\u00e9curer \u00e9paisse parfum citron<\/p>\n","protected":false},"featured_media":5350,"template":"","meta":[],"product_brand":[],"product_type":[2],"product_visibility":[],"product_cat":[4128,4145,4127],"class_list":{"0":"post-3455","1":"product","2":"type-product","3":"status-publish","4":"has-post-thumbnail","6":"product_cat-solentretien","7":"product_cat-marquesorlav","8":"product_cat-produitssurface-sol","9":"product_tag-creme","10":"product_tag-inox","11":"product_tag-nettoyant","12":"product_tag-recurer","14":"first","15":"instock","16":"shipping-taxable","17":"product-type-simple"},"yoast_head":"<!-- This site is optimized with the Yoast SEO plugin v24.7 - https:\/\/yoast.com\/wordpress\/plugins\/seo\/ -->\n<title>Cr\u00e8me \u00e0 r\u00e9curer - Hydrachim<\/title>\n<meta name=\"robots\" content=\"noindex, follow, max-snippet:-1, max-image-preview:large, max-video-preview:-1\" \/>\n<meta property=\"og:locale\" content=\"en_US\" \/>\n<meta property=\"og:type\" content=\"article\" \/>\n<meta property=\"og:title\" content=\"Cr\u00e8me \u00e0 r\u00e9curer - Hydrachim\" \/>\n<meta property=\"og:description\" content=\"Cr\u00e8me \u00e0 r\u00e9curer \u00e9paisse parfum citron\" \/>\n<meta property=\"og:url\" content=\"https:\/\/staging.hydrachim.fr\/produit\/creme-a-recurer\/\" \/>\n<meta property=\"og:site_name\" content=\"Hydrachim\" \/>\n<meta property=\"article:modified_time\" content=\"2019-10-09T09:59:11+00:00\" \/>\n<meta property=\"og:image\" content=\"https:\/\/staging.hydrachim.fr\/app\/uploads\/2019\/10\/0321_ORLAV_CREME_A_RECURER_1L_Recupere.png\" \/>\n\t<meta property=\"og:image:width\" content=\"350\" \/>\n\t<meta property=\"og:image:height\" content=\"1000\" \/>\n\t<meta property=\"og:image:type\" content=\"image\/png\" \/>\n<meta name=\"twitter:card\" content=\"summary_large_image\" \/>\n<meta name=\"twitter:label1\" content=\"Est. reading time\" \/>\n\t<meta name=\"twitter:data1\" content=\"1 minute\" \/>\n<script type=\"application\/ld+json\" class=\"yoast-schema-graph\">{\"@context\":\"https:\/\/schema.org\",\"@graph\":[{\"@type\":\"WebPage\",\"@id\":\"https:\/\/staging.hydrachim.fr\/produit\/creme-a-recurer\/\",\"url\":\"https:\/\/staging.hydrachim.fr\/produit\/creme-a-recurer\/\",\"name\":\"Cr\u00e8me \u00e0 r\u00e9curer - Hydrachim\",\"isPartOf\":{\"@id\":\"https:\/\/staging.hydrachim.fr\/#website\"},\"primaryImageOfPage\":{\"@id\":\"https:\/\/staging.hydrachim.fr\/produit\/creme-a-recurer\/#primaryimage\"},\"image\":{\"@id\":\"https:\/\/staging.hydrachim.fr\/produit\/creme-a-recurer\/#primaryimage\"},\"thumbnailUrl\":\"https:\/\/staging.hydrachim.fr\/app\/uploads\/2019\/10\/0321_ORLAV_CREME_A_RECURER_1L_Recupere.png\",\"datePublished\":\"2019-08-06T13:49:34+00:00\",\"dateModified\":\"2019-10-09T09:59:11+00:00\",\"breadcrumb\":{\"@id\":\"https:\/\/staging.hydrachim.fr\/produit\/creme-a-recurer\/#breadcrumb\"},\"inLanguage\":\"en-US\",\"potentialAction\":[{\"@type\":\"ReadAction\",\"target\":[\"https:\/\/staging.hydrachim.fr\/produit\/creme-a-recurer\/\"]}]},{\"@type\":\"ImageObject\",\"inLanguage\":\"en-US\",\"@id\":\"https:\/\/staging.hydrachim.fr\/produit\/creme-a-recurer\/#primaryimage\",\"url\":\"https:\/\/staging.hydrachim.fr\/app\/uploads\/2019\/10\/0321_ORLAV_CREME_A_RECURER_1L_Recupere.png\",\"contentUrl\":\"https:\/\/staging.hydrachim.fr\/app\/uploads\/2019\/10\/0321_ORLAV_CREME_A_RECURER_1L_Recupere.png\",\"width\":350,\"height\":1000},{\"@type\":\"BreadcrumbList\",\"@id\":\"https:\/\/staging.hydrachim.fr\/produit\/creme-a-recurer\/#breadcrumb\",\"itemListElement\":[{\"@type\":\"ListItem\",\"position\":1,\"name\":\"Home\",\"item\":\"https:\/\/staging.hydrachim.fr\/en\/\"},{\"@type\":\"ListItem\",\"position\":2,\"name\":\"Shop\",\"item\":\"https:\/\/staging.hydrachim.fr\/en\/shop\/\"},{\"@type\":\"ListItem\",\"position\":3,\"name\":\"Cr\u00e8me \u00e0 r\u00e9curer\"}]},{\"@type\":\"WebSite\",\"@id\":\"https:\/\/staging.hydrachim.fr\/#website\",\"url\":\"https:\/\/staging.hydrachim.fr\/\",\"name\":\"Hydrachim\",\"description\":\"La science de l&#039;hygi\u00e8ne\",\"potentialAction\":[{\"@type\":\"SearchAction\",\"target\":{\"@type\":\"EntryPoint\",\"urlTemplate\":\"https:\/\/staging.hydrachim.fr\/?s={search_term_string}\"},\"query-input\":{\"@type\":\"PropertyValueSpecification\",\"valueRequired\":true,\"valueName\":\"search_term_string\"}}],\"inLanguage\":\"en-US\"}]}<\/script>\n<!-- \/ Yoast SEO plugin. -->","yoast_head_json":{"title":"Cr\u00e8me \u00e0 r\u00e9curer - Hydrachim","robots":{"index":"noindex","follow":"follow","max-snippet":"max-snippet:-1","max-image-preview":"max-image-preview:large","max-video-preview":"max-video-preview:-1"},"og_locale":"en_US","og_type":"article","og_title":"Cr\u00e8me \u00e0 r\u00e9curer - Hydrachim","og_description":"Cr\u00e8me \u00e0 r\u00e9curer \u00e9paisse parfum citron","og_url":"https:\/\/staging.hydrachim.fr\/produit\/creme-a-recurer\/","og_site_name":"Hydrachim","article_modified_time":"2019-10-09T09:59:11+00:00","og_image":[{"width":350,"height":1000,"url":"https:\/\/staging.hydrachim.fr\/app\/uploads\/2019\/10\/0321_ORLAV_CREME_A_RECURER_1L_Recupere.png","type":"image\/png"}],"twitter_card":"summary_large_image","twitter_misc":{"Est. reading time":"1 minute"},"schema":{"@context":"https:\/\/schema.org","@graph":[{"@type":"WebPage","@id":"https:\/\/staging.hydrachim.fr\/produit\/creme-a-recurer\/","url":"https:\/\/staging.hydrachim.fr\/produit\/creme-a-recurer\/","name":"Cr\u00e8me \u00e0 r\u00e9curer - Hydrachim","isPartOf":{"@id":"https:\/\/staging.hydrachim.fr\/#website"},"primaryImageOfPage":{"@id":"https:\/\/staging.hydrachim.fr\/produit\/creme-a-recurer\/#primaryimage"},"image":{"@id":"https:\/\/staging.hydrachim.fr\/produit\/creme-a-recurer\/#primaryimage"},"thumbnailUrl":"https:\/\/staging.hydrachim.fr\/app\/uploads\/2019\/10\/0321_ORLAV_CREME_A_RECURER_1L_Recupere.png","datePublished":"2019-08-06T13:49:34+00:00","dateModified":"2019-10-09T09:59:11+00:00","breadcrumb":{"@id":"https:\/\/staging.hydrachim.fr\/produit\/creme-a-recurer\/#breadcrumb"},"inLanguage":"en-US","potentialAction":[{"@type":"ReadAction","target":["https:\/\/staging.hydrachim.fr\/produit\/creme-a-recurer\/"]}]},{"@type":"ImageObject","inLanguage":"en-US","@id":"https:\/\/staging.hydrachim.fr\/produit\/creme-a-recurer\/#primaryimage","url":"https:\/\/staging.hydrachim.fr\/app\/uploads\/2019\/10\/0321_ORLAV_CREME_A_RECURER_1L_Recupere.png","contentUrl":"https:\/\/staging.hydrachim.fr\/app\/uploads\/2019\/10\/0321_ORLAV_CREME_A_RECURER_1L_Recupere.png","width":350,"height":1000},{"@type":"BreadcrumbList","@id":"https:\/\/staging.hydrachim.fr\/produit\/creme-a-recurer\/#breadcrumb","itemListElement":[{"@type":"ListItem","position":1,"name":"Home","item":"https:\/\/staging.hydrachim.fr\/en\/"},{"@type":"ListItem","position":2,"name":"Shop","item":"https:\/\/staging.hydrachim.fr\/en\/shop\/"},{"@type":"ListItem","position":3,"name":"Cr\u00e8me \u00e0 r\u00e9curer"}]},{"@type":"WebSite","@id":"https:\/\/staging.hydrachim.fr\/#website","url":"https:\/\/staging.hydrachim.fr\/","name":"Hydrachim","description":"La science de l&#039;hygi\u00e8ne","potentialAction":[{"@type":"SearchAction","target":{"@type":"EntryPoint","urlTemplate":"https:\/\/staging.hydrachim.fr\/?s={search_term_string}"},"query-input":{"@type":"PropertyValueSpecification","valueRequired":true,"valueName":"search_term_string"}}],"inLanguage":"en-US"}]}},"acf":{"fiche_technique":"https:\/\/staging.hydrachim.fr\/app\/uploads\/2019\/09\/FT-0321-CREME-A-RECURER.pdf","fiche_methode":"https:\/\/staging.hydrachim.fr\/app\/uploads\/2019\/09\/0321-CREME-A-RECURER-ORLAV-h.pdf"},"_links":{"self":[{"href":"https:\/\/staging.hydrachim.fr\/en\/wp-json\/wp\/v2\/product\/3455","targetHints":{"allow":["GET"]}}],"collection":[{"href":"https:\/\/staging.hydrachim.fr\/en\/wp-json\/wp\/v2\/product"}],"about":[{"href":"https:\/\/staging.hydrachim.fr\/en\/wp-json\/wp\/v2\/types\/product"}],"wp:featuredmedia":[{"embeddable":true,"href":"https:\/\/staging.hydrachim.fr\/en\/wp-json\/wp\/v2\/media\/5350"}],"wp:attachment":[{"href":"https:\/\/staging.hydrachim.fr\/en\/wp-json\/wp\/v2\/media?parent=3455"}],"wp:term":[{"taxonomy":"product_brand","embeddable":true,"href":"https:\/\/staging.hydrachim.fr\/en\/wp-json\/wp\/v2\/product_brand?post=3455"},{"taxonomy":"product_type","embeddable":true,"href":"https:\/\/staging.hydrachim.fr\/en\/wp-json\/wp\/v2\/product_type?post=3455"},{"taxonomy":"product_visibility","embeddable":true,"href":"https:\/\/staging.hydrachim.fr\/en\/wp-json\/wp\/v2\/product_visibility?post=3455"},{"taxonomy":"product_cat","embeddable":true,"href":"https:\/\/staging.hydrachim.fr\/en\/wp-json\/wp\/v2\/product_cat?post=3455"}],"curies":[{"name":"wp","href":"https:\/\/api.w.org\/{rel}","templated":true}]}}