{"id":3460,"date":"2019-08-06T15:49:38","date_gmt":"2019-08-06T13:49:38","guid":{"rendered":"https:\/\/staging.hydrachim.fr\/product\/vaisselle-plonge-t14\/"},"modified":"2024-10-09T16:48:49","modified_gmt":"2024-10-09T14:48:49","slug":"vaisselle_plonge_t14_002031026","status":"publish","type":"product","link":"https:\/\/staging.hydrachim.fr\/en\/produit\/vaisselle_plonge_t14_002031026\/","title":{"rendered":"Vaisselle plonge T14"},"content":{"rendered":"<p><strong>Vaisselle plonge T14 liquide est un d\u00e9tergent multi-usages d\u00e9velopp\u00e9 pour le nettoyage de la vaisselle en manuel et laissant un agr\u00e9able parfum Citron.<\/strong><\/p>\n<p>Le Vaisselle plonge T14 est un produit qui s&#8217;utilise pour le nettoyage de toutes surfaces lavables. Il a un fort pouvoir moussant et mouillant.<\/p>\n<p><strong>Disponible en :<br \/>\n&#8211; Carton de 4 x 5 L. R\u00e9f. 002031002<br \/>\n&#8211; Carton de 12 x 1 L. R\u00e9f. 002031026<br \/>\n&#8211; Bidon de 20 L. R\u00e9f. 002031004<\/strong><\/p>\n<p class=\"y-product y-product__product-subtitle\">Avantage :<\/p>\n<p>Le Vaisselle plonge T14 est \u00e9conomique d&#8217;usage.<\/p>\n<p>Retrouvez le mode d&#8217;emploi et le dosage du produit en t\u00e9l\u00e9chargeant sa Fiche Technique et\/ou sa Fiche M\u00e9thode.<\/p>\n<p><em>Avant toute utilisation, lisez l&#8217;\u00e9tiquette et les informations concernant le produit.<\/em><\/p>\n","protected":false},"excerpt":{"rendered":"<p>Parfum Citron<\/p>\n","protected":false},"featured_media":5337,"template":"","meta":[],"product_brand":[],"product_type":[2],"product_visibility":[],"product_cat":[4117,4128,4145,4127,4121],"class_list":{"0":"post-3460","1":"product","2":"type-product","3":"status-publish","4":"has-post-thumbnail","6":"product_cat-produitscuisine","7":"product_cat-solentretien","8":"product_cat-marquesorlav","9":"product_cat-produitssurface-sol","10":"product_cat-cuisinevaisselle-manuelle","11":"product_tag-citron","12":"product_tag-detergent","13":"product_tag-liquide","14":"product_tag-multi-usages","15":"product_tag-plonge","16":"product_tag-vaisselle-2","18":"first","19":"instock","20":"shipping-taxable","21":"product-type-simple"},"yoast_head":"<!-- This site is optimized with the Yoast SEO plugin v24.7 - https:\/\/yoast.com\/wordpress\/plugins\/seo\/ -->\n<title>Vaisselle plonge T14 - Hydrachim<\/title>\n<meta name=\"robots\" content=\"noindex, follow, max-snippet:-1, max-image-preview:large, max-video-preview:-1\" \/>\n<meta property=\"og:locale\" content=\"en_US\" \/>\n<meta property=\"og:type\" content=\"article\" \/>\n<meta property=\"og:title\" content=\"Vaisselle plonge T14 - Hydrachim\" \/>\n<meta property=\"og:description\" content=\"Parfum Citron\" \/>\n<meta property=\"og:url\" content=\"https:\/\/staging.hydrachim.fr\/produit\/vaisselle_plonge_t14_002031026\/\" \/>\n<meta property=\"og:site_name\" content=\"Hydrachim\" \/>\n<meta property=\"article:modified_time\" content=\"2024-10-09T14:48:49+00:00\" \/>\n<meta property=\"og:image\" content=\"https:\/\/staging.hydrachim.fr\/app\/uploads\/2019\/10\/0310_Vaisselle_plonge_jaune_14_1L.png\" \/>\n\t<meta property=\"og:image:width\" content=\"600\" \/>\n\t<meta property=\"og:image:height\" content=\"429\" \/>\n\t<meta property=\"og:image:type\" content=\"image\/png\" \/>\n<meta name=\"twitter:card\" content=\"summary_large_image\" \/>\n<meta name=\"twitter:label1\" content=\"Est. reading time\" \/>\n\t<meta name=\"twitter:data1\" content=\"1 minute\" \/>\n<script type=\"application\/ld+json\" class=\"yoast-schema-graph\">{\"@context\":\"https:\/\/schema.org\",\"@graph\":[{\"@type\":\"WebPage\",\"@id\":\"https:\/\/staging.hydrachim.fr\/produit\/vaisselle_plonge_t14_002031026\/\",\"url\":\"https:\/\/staging.hydrachim.fr\/produit\/vaisselle_plonge_t14_002031026\/\",\"name\":\"Vaisselle plonge T14 - Hydrachim\",\"isPartOf\":{\"@id\":\"https:\/\/staging.hydrachim.fr\/#website\"},\"primaryImageOfPage\":{\"@id\":\"https:\/\/staging.hydrachim.fr\/produit\/vaisselle_plonge_t14_002031026\/#primaryimage\"},\"image\":{\"@id\":\"https:\/\/staging.hydrachim.fr\/produit\/vaisselle_plonge_t14_002031026\/#primaryimage\"},\"thumbnailUrl\":\"https:\/\/staging.hydrachim.fr\/app\/uploads\/2019\/10\/0310_Vaisselle_plonge_jaune_14_1L.png\",\"datePublished\":\"2019-08-06T13:49:38+00:00\",\"dateModified\":\"2024-10-09T14:48:49+00:00\",\"breadcrumb\":{\"@id\":\"https:\/\/staging.hydrachim.fr\/produit\/vaisselle_plonge_t14_002031026\/#breadcrumb\"},\"inLanguage\":\"en-US\",\"potentialAction\":[{\"@type\":\"ReadAction\",\"target\":[\"https:\/\/staging.hydrachim.fr\/produit\/vaisselle_plonge_t14_002031026\/\"]}]},{\"@type\":\"ImageObject\",\"inLanguage\":\"en-US\",\"@id\":\"https:\/\/staging.hydrachim.fr\/produit\/vaisselle_plonge_t14_002031026\/#primaryimage\",\"url\":\"https:\/\/staging.hydrachim.fr\/app\/uploads\/2019\/10\/0310_Vaisselle_plonge_jaune_14_1L.png\",\"contentUrl\":\"https:\/\/staging.hydrachim.fr\/app\/uploads\/2019\/10\/0310_Vaisselle_plonge_jaune_14_1L.png\",\"width\":600,\"height\":429},{\"@type\":\"BreadcrumbList\",\"@id\":\"https:\/\/staging.hydrachim.fr\/produit\/vaisselle_plonge_t14_002031026\/#breadcrumb\",\"itemListElement\":[{\"@type\":\"ListItem\",\"position\":1,\"name\":\"Home\",\"item\":\"https:\/\/staging.hydrachim.fr\/en\/\"},{\"@type\":\"ListItem\",\"position\":2,\"name\":\"Shop\",\"item\":\"https:\/\/staging.hydrachim.fr\/en\/shop\/\"},{\"@type\":\"ListItem\",\"position\":3,\"name\":\"Vaisselle plonge T14\"}]},{\"@type\":\"WebSite\",\"@id\":\"https:\/\/staging.hydrachim.fr\/#website\",\"url\":\"https:\/\/staging.hydrachim.fr\/\",\"name\":\"Hydrachim\",\"description\":\"La science de l&#039;hygi\u00e8ne\",\"potentialAction\":[{\"@type\":\"SearchAction\",\"target\":{\"@type\":\"EntryPoint\",\"urlTemplate\":\"https:\/\/staging.hydrachim.fr\/?s={search_term_string}\"},\"query-input\":{\"@type\":\"PropertyValueSpecification\",\"valueRequired\":true,\"valueName\":\"search_term_string\"}}],\"inLanguage\":\"en-US\"}]}<\/script>\n<!-- \/ Yoast SEO plugin. -->","yoast_head_json":{"title":"Vaisselle plonge T14 - Hydrachim","robots":{"index":"noindex","follow":"follow","max-snippet":"max-snippet:-1","max-image-preview":"max-image-preview:large","max-video-preview":"max-video-preview:-1"},"og_locale":"en_US","og_type":"article","og_title":"Vaisselle plonge T14 - Hydrachim","og_description":"Parfum Citron","og_url":"https:\/\/staging.hydrachim.fr\/produit\/vaisselle_plonge_t14_002031026\/","og_site_name":"Hydrachim","article_modified_time":"2024-10-09T14:48:49+00:00","og_image":[{"width":600,"height":429,"url":"https:\/\/staging.hydrachim.fr\/app\/uploads\/2019\/10\/0310_Vaisselle_plonge_jaune_14_1L.png","type":"image\/png"}],"twitter_card":"summary_large_image","twitter_misc":{"Est. reading time":"1 minute"},"schema":{"@context":"https:\/\/schema.org","@graph":[{"@type":"WebPage","@id":"https:\/\/staging.hydrachim.fr\/produit\/vaisselle_plonge_t14_002031026\/","url":"https:\/\/staging.hydrachim.fr\/produit\/vaisselle_plonge_t14_002031026\/","name":"Vaisselle plonge T14 - Hydrachim","isPartOf":{"@id":"https:\/\/staging.hydrachim.fr\/#website"},"primaryImageOfPage":{"@id":"https:\/\/staging.hydrachim.fr\/produit\/vaisselle_plonge_t14_002031026\/#primaryimage"},"image":{"@id":"https:\/\/staging.hydrachim.fr\/produit\/vaisselle_plonge_t14_002031026\/#primaryimage"},"thumbnailUrl":"https:\/\/staging.hydrachim.fr\/app\/uploads\/2019\/10\/0310_Vaisselle_plonge_jaune_14_1L.png","datePublished":"2019-08-06T13:49:38+00:00","dateModified":"2024-10-09T14:48:49+00:00","breadcrumb":{"@id":"https:\/\/staging.hydrachim.fr\/produit\/vaisselle_plonge_t14_002031026\/#breadcrumb"},"inLanguage":"en-US","potentialAction":[{"@type":"ReadAction","target":["https:\/\/staging.hydrachim.fr\/produit\/vaisselle_plonge_t14_002031026\/"]}]},{"@type":"ImageObject","inLanguage":"en-US","@id":"https:\/\/staging.hydrachim.fr\/produit\/vaisselle_plonge_t14_002031026\/#primaryimage","url":"https:\/\/staging.hydrachim.fr\/app\/uploads\/2019\/10\/0310_Vaisselle_plonge_jaune_14_1L.png","contentUrl":"https:\/\/staging.hydrachim.fr\/app\/uploads\/2019\/10\/0310_Vaisselle_plonge_jaune_14_1L.png","width":600,"height":429},{"@type":"BreadcrumbList","@id":"https:\/\/staging.hydrachim.fr\/produit\/vaisselle_plonge_t14_002031026\/#breadcrumb","itemListElement":[{"@type":"ListItem","position":1,"name":"Home","item":"https:\/\/staging.hydrachim.fr\/en\/"},{"@type":"ListItem","position":2,"name":"Shop","item":"https:\/\/staging.hydrachim.fr\/en\/shop\/"},{"@type":"ListItem","position":3,"name":"Vaisselle plonge T14"}]},{"@type":"WebSite","@id":"https:\/\/staging.hydrachim.fr\/#website","url":"https:\/\/staging.hydrachim.fr\/","name":"Hydrachim","description":"La science de l&#039;hygi\u00e8ne","potentialAction":[{"@type":"SearchAction","target":{"@type":"EntryPoint","urlTemplate":"https:\/\/staging.hydrachim.fr\/?s={search_term_string}"},"query-input":{"@type":"PropertyValueSpecification","valueRequired":true,"valueName":"search_term_string"}}],"inLanguage":"en-US"}]}},"acf":{"fiche_technique":"https:\/\/www.hydrachim.fr\/app\/uploads\/2023\/05\/FT___ORLAV___0310___VAISSELLE_POLNGE_T14.pdf","fiche_methode":""},"_links":{"self":[{"href":"https:\/\/staging.hydrachim.fr\/en\/wp-json\/wp\/v2\/product\/3460","targetHints":{"allow":["GET"]}}],"collection":[{"href":"https:\/\/staging.hydrachim.fr\/en\/wp-json\/wp\/v2\/product"}],"about":[{"href":"https:\/\/staging.hydrachim.fr\/en\/wp-json\/wp\/v2\/types\/product"}],"wp:featuredmedia":[{"embeddable":true,"href":"https:\/\/staging.hydrachim.fr\/en\/wp-json\/wp\/v2\/media\/5337"}],"wp:attachment":[{"href":"https:\/\/staging.hydrachim.fr\/en\/wp-json\/wp\/v2\/media?parent=3460"}],"wp:term":[{"taxonomy":"product_brand","embeddable":true,"href":"https:\/\/staging.hydrachim.fr\/en\/wp-json\/wp\/v2\/product_brand?post=3460"},{"taxonomy":"product_type","embeddable":true,"href":"https:\/\/staging.hydrachim.fr\/en\/wp-json\/wp\/v2\/product_type?post=3460"},{"taxonomy":"product_visibility","embeddable":true,"href":"https:\/\/staging.hydrachim.fr\/en\/wp-json\/wp\/v2\/product_visibility?post=3460"},{"taxonomy":"product_cat","embeddable":true,"href":"https:\/\/staging.hydrachim.fr\/en\/wp-json\/wp\/v2\/product_cat?post=3460"}],"curies":[{"name":"wp","href":"https:\/\/api.w.org\/{rel}","templated":true}]}}