{"id":3465,"date":"2019-08-06T15:49:43","date_gmt":"2019-08-06T13:49:43","guid":{"rendered":"https:\/\/staging.hydrachim.fr\/product\/liquide-vaisselle-parfum-vinaigre-de-framboise\/"},"modified":"2019-10-10T10:06:15","modified_gmt":"2019-10-10T08:06:15","slug":"liquide-vaisselle-parfum-vinaigre-de-framboise","status":"publish","type":"product","link":"https:\/\/staging.hydrachim.fr\/en\/produit\/liquide-vaisselle-parfum-vinaigre-de-framboise\/","title":{"rendered":"Liquide Vaisselle parfum vinaigre de framboise"},"content":{"rendered":"<p><strong>Le Liquide vaisselle parfum vinaigre de framboise est un produit qui dissout les mati\u00e8res grasses les plus rebelles, d\u00e9colle les souillures et laisse une odeur tr\u00e8s agr\u00e9able. <\/strong><\/p>\n<p>Il \u00e9vite les traces de calcaire et donne de l&#8217;\u00e9clat au verre. Gr\u00e2ce au haut pouvoir d\u00e9graissant du Liquide vaisselle parfum vinaigre de framboise, le temps de lavage est diminu\u00e9.<\/p>\n<p><strong>Disponible en :<br \/>\n&#8211; Carton de 4 x 5 L. R\u00e9f. 002180603<br \/>\n&#8211; Carton de 12 x 1 L. R\u00e9f. 002180601<\/strong><\/p>\n<p class=\"y-product y-product__product-subtitle\">Avantage :<\/p>\n<p>S&#8217;emploi facilement et est pratique gr\u00e2ce \u00e0 son bouchon Push-Pull.<\/p>\n<p>Retrouvez le mode d&#8217;emploi et le dosage du produit en t\u00e9l\u00e9chargeant sa Fiche Technique et\/ou sa Fiche M\u00e9thode.<\/p>\n<p><em>Avant toute utilisation, lisez l&#8217;\u00e9tiquette et les informations concernant le produit.<\/em><\/p>\n","protected":false},"excerpt":{"rendered":"<p>Liquide vaisselle tr\u00e8s concentr\u00e9 en mati\u00e8re active d\u00e9velopp\u00e9 pour le lavage de la vaisselle en plonge manuelle.<\/p>\n","protected":false},"featured_media":4746,"template":"","meta":[],"product_brand":[],"product_type":[2],"product_visibility":[],"product_cat":[4117,4145,4121],"class_list":{"0":"post-3465","1":"product","2":"type-product","3":"status-publish","4":"has-post-thumbnail","6":"product_cat-produitscuisine","7":"product_cat-marquesorlav","8":"product_cat-cuisinevaisselle-manuelle","9":"product_tag-degraissant","10":"product_tag-liquide","11":"product_tag-vaisselle-2","12":"product_tag-vinaigre-de-framboise","14":"first","15":"instock","16":"shipping-taxable","17":"product-type-simple"},"yoast_head":"<!-- This site is optimized with the Yoast SEO plugin v24.7 - https:\/\/yoast.com\/wordpress\/plugins\/seo\/ -->\n<title>Liquide Vaisselle parfum vinaigre de framboise - Hydrachim<\/title>\n<meta name=\"robots\" content=\"noindex, follow, max-snippet:-1, max-image-preview:large, max-video-preview:-1\" \/>\n<meta property=\"og:locale\" content=\"en_US\" \/>\n<meta property=\"og:type\" content=\"article\" \/>\n<meta property=\"og:title\" content=\"Liquide Vaisselle parfum vinaigre de framboise - Hydrachim\" \/>\n<meta property=\"og:description\" content=\"Liquide vaisselle tr\u00e8s concentr\u00e9 en mati\u00e8re active d\u00e9velopp\u00e9 pour le lavage de la vaisselle en plonge manuelle.\" \/>\n<meta property=\"og:url\" content=\"https:\/\/staging.hydrachim.fr\/produit\/liquide-vaisselle-parfum-vinaigre-de-framboise\/\" \/>\n<meta property=\"og:site_name\" content=\"Hydrachim\" \/>\n<meta property=\"article:modified_time\" content=\"2019-10-10T08:06:15+00:00\" \/>\n<meta property=\"og:image\" content=\"https:\/\/staging.hydrachim.fr\/app\/uploads\/2019\/09\/1806-Liquide-vaisselle-1L.png\" \/>\n\t<meta property=\"og:image:width\" content=\"600\" \/>\n\t<meta property=\"og:image:height\" content=\"429\" \/>\n\t<meta property=\"og:image:type\" content=\"image\/png\" \/>\n<meta name=\"twitter:card\" content=\"summary_large_image\" \/>\n<meta name=\"twitter:label1\" content=\"Est. reading time\" \/>\n\t<meta name=\"twitter:data1\" content=\"1 minute\" \/>\n<script type=\"application\/ld+json\" class=\"yoast-schema-graph\">{\"@context\":\"https:\/\/schema.org\",\"@graph\":[{\"@type\":\"WebPage\",\"@id\":\"https:\/\/staging.hydrachim.fr\/produit\/liquide-vaisselle-parfum-vinaigre-de-framboise\/\",\"url\":\"https:\/\/staging.hydrachim.fr\/produit\/liquide-vaisselle-parfum-vinaigre-de-framboise\/\",\"name\":\"Liquide Vaisselle parfum vinaigre de framboise - Hydrachim\",\"isPartOf\":{\"@id\":\"https:\/\/staging.hydrachim.fr\/#website\"},\"primaryImageOfPage\":{\"@id\":\"https:\/\/staging.hydrachim.fr\/produit\/liquide-vaisselle-parfum-vinaigre-de-framboise\/#primaryimage\"},\"image\":{\"@id\":\"https:\/\/staging.hydrachim.fr\/produit\/liquide-vaisselle-parfum-vinaigre-de-framboise\/#primaryimage\"},\"thumbnailUrl\":\"https:\/\/staging.hydrachim.fr\/app\/uploads\/2019\/09\/1806-Liquide-vaisselle-1L.png\",\"datePublished\":\"2019-08-06T13:49:43+00:00\",\"dateModified\":\"2019-10-10T08:06:15+00:00\",\"breadcrumb\":{\"@id\":\"https:\/\/staging.hydrachim.fr\/produit\/liquide-vaisselle-parfum-vinaigre-de-framboise\/#breadcrumb\"},\"inLanguage\":\"en-US\",\"potentialAction\":[{\"@type\":\"ReadAction\",\"target\":[\"https:\/\/staging.hydrachim.fr\/produit\/liquide-vaisselle-parfum-vinaigre-de-framboise\/\"]}]},{\"@type\":\"ImageObject\",\"inLanguage\":\"en-US\",\"@id\":\"https:\/\/staging.hydrachim.fr\/produit\/liquide-vaisselle-parfum-vinaigre-de-framboise\/#primaryimage\",\"url\":\"https:\/\/staging.hydrachim.fr\/app\/uploads\/2019\/09\/1806-Liquide-vaisselle-1L.png\",\"contentUrl\":\"https:\/\/staging.hydrachim.fr\/app\/uploads\/2019\/09\/1806-Liquide-vaisselle-1L.png\",\"width\":600,\"height\":429},{\"@type\":\"BreadcrumbList\",\"@id\":\"https:\/\/staging.hydrachim.fr\/produit\/liquide-vaisselle-parfum-vinaigre-de-framboise\/#breadcrumb\",\"itemListElement\":[{\"@type\":\"ListItem\",\"position\":1,\"name\":\"Home\",\"item\":\"https:\/\/staging.hydrachim.fr\/en\/\"},{\"@type\":\"ListItem\",\"position\":2,\"name\":\"Shop\",\"item\":\"https:\/\/staging.hydrachim.fr\/en\/shop\/\"},{\"@type\":\"ListItem\",\"position\":3,\"name\":\"Liquide Vaisselle parfum vinaigre de framboise\"}]},{\"@type\":\"WebSite\",\"@id\":\"https:\/\/staging.hydrachim.fr\/#website\",\"url\":\"https:\/\/staging.hydrachim.fr\/\",\"name\":\"Hydrachim\",\"description\":\"La science de l&#039;hygi\u00e8ne\",\"potentialAction\":[{\"@type\":\"SearchAction\",\"target\":{\"@type\":\"EntryPoint\",\"urlTemplate\":\"https:\/\/staging.hydrachim.fr\/?s={search_term_string}\"},\"query-input\":{\"@type\":\"PropertyValueSpecification\",\"valueRequired\":true,\"valueName\":\"search_term_string\"}}],\"inLanguage\":\"en-US\"}]}<\/script>\n<!-- \/ Yoast SEO plugin. -->","yoast_head_json":{"title":"Liquide Vaisselle parfum vinaigre de framboise - Hydrachim","robots":{"index":"noindex","follow":"follow","max-snippet":"max-snippet:-1","max-image-preview":"max-image-preview:large","max-video-preview":"max-video-preview:-1"},"og_locale":"en_US","og_type":"article","og_title":"Liquide Vaisselle parfum vinaigre de framboise - Hydrachim","og_description":"Liquide vaisselle tr\u00e8s concentr\u00e9 en mati\u00e8re active d\u00e9velopp\u00e9 pour le lavage de la vaisselle en plonge manuelle.","og_url":"https:\/\/staging.hydrachim.fr\/produit\/liquide-vaisselle-parfum-vinaigre-de-framboise\/","og_site_name":"Hydrachim","article_modified_time":"2019-10-10T08:06:15+00:00","og_image":[{"width":600,"height":429,"url":"https:\/\/staging.hydrachim.fr\/app\/uploads\/2019\/09\/1806-Liquide-vaisselle-1L.png","type":"image\/png"}],"twitter_card":"summary_large_image","twitter_misc":{"Est. reading time":"1 minute"},"schema":{"@context":"https:\/\/schema.org","@graph":[{"@type":"WebPage","@id":"https:\/\/staging.hydrachim.fr\/produit\/liquide-vaisselle-parfum-vinaigre-de-framboise\/","url":"https:\/\/staging.hydrachim.fr\/produit\/liquide-vaisselle-parfum-vinaigre-de-framboise\/","name":"Liquide Vaisselle parfum vinaigre de framboise - Hydrachim","isPartOf":{"@id":"https:\/\/staging.hydrachim.fr\/#website"},"primaryImageOfPage":{"@id":"https:\/\/staging.hydrachim.fr\/produit\/liquide-vaisselle-parfum-vinaigre-de-framboise\/#primaryimage"},"image":{"@id":"https:\/\/staging.hydrachim.fr\/produit\/liquide-vaisselle-parfum-vinaigre-de-framboise\/#primaryimage"},"thumbnailUrl":"https:\/\/staging.hydrachim.fr\/app\/uploads\/2019\/09\/1806-Liquide-vaisselle-1L.png","datePublished":"2019-08-06T13:49:43+00:00","dateModified":"2019-10-10T08:06:15+00:00","breadcrumb":{"@id":"https:\/\/staging.hydrachim.fr\/produit\/liquide-vaisselle-parfum-vinaigre-de-framboise\/#breadcrumb"},"inLanguage":"en-US","potentialAction":[{"@type":"ReadAction","target":["https:\/\/staging.hydrachim.fr\/produit\/liquide-vaisselle-parfum-vinaigre-de-framboise\/"]}]},{"@type":"ImageObject","inLanguage":"en-US","@id":"https:\/\/staging.hydrachim.fr\/produit\/liquide-vaisselle-parfum-vinaigre-de-framboise\/#primaryimage","url":"https:\/\/staging.hydrachim.fr\/app\/uploads\/2019\/09\/1806-Liquide-vaisselle-1L.png","contentUrl":"https:\/\/staging.hydrachim.fr\/app\/uploads\/2019\/09\/1806-Liquide-vaisselle-1L.png","width":600,"height":429},{"@type":"BreadcrumbList","@id":"https:\/\/staging.hydrachim.fr\/produit\/liquide-vaisselle-parfum-vinaigre-de-framboise\/#breadcrumb","itemListElement":[{"@type":"ListItem","position":1,"name":"Home","item":"https:\/\/staging.hydrachim.fr\/en\/"},{"@type":"ListItem","position":2,"name":"Shop","item":"https:\/\/staging.hydrachim.fr\/en\/shop\/"},{"@type":"ListItem","position":3,"name":"Liquide Vaisselle parfum vinaigre de framboise"}]},{"@type":"WebSite","@id":"https:\/\/staging.hydrachim.fr\/#website","url":"https:\/\/staging.hydrachim.fr\/","name":"Hydrachim","description":"La science de l&#039;hygi\u00e8ne","potentialAction":[{"@type":"SearchAction","target":{"@type":"EntryPoint","urlTemplate":"https:\/\/staging.hydrachim.fr\/?s={search_term_string}"},"query-input":{"@type":"PropertyValueSpecification","valueRequired":true,"valueName":"search_term_string"}}],"inLanguage":"en-US"}]}},"acf":{"fiche_technique":"https:\/\/staging.hydrachim.fr\/app\/uploads\/2019\/09\/FT-1806-LIQUIDE-VAISSELLE-VINAIGRE-DE-FRAMBOISE.pdf","fiche_methode":"https:\/\/staging.hydrachim.fr\/app\/uploads\/2019\/09\/1806-VAISSELLE-PLONGE-VINAIGRE-DE-FRAMBOISE-ORLAV.pdf"},"_links":{"self":[{"href":"https:\/\/staging.hydrachim.fr\/en\/wp-json\/wp\/v2\/product\/3465","targetHints":{"allow":["GET"]}}],"collection":[{"href":"https:\/\/staging.hydrachim.fr\/en\/wp-json\/wp\/v2\/product"}],"about":[{"href":"https:\/\/staging.hydrachim.fr\/en\/wp-json\/wp\/v2\/types\/product"}],"wp:featuredmedia":[{"embeddable":true,"href":"https:\/\/staging.hydrachim.fr\/en\/wp-json\/wp\/v2\/media\/4746"}],"wp:attachment":[{"href":"https:\/\/staging.hydrachim.fr\/en\/wp-json\/wp\/v2\/media?parent=3465"}],"wp:term":[{"taxonomy":"product_brand","embeddable":true,"href":"https:\/\/staging.hydrachim.fr\/en\/wp-json\/wp\/v2\/product_brand?post=3465"},{"taxonomy":"product_type","embeddable":true,"href":"https:\/\/staging.hydrachim.fr\/en\/wp-json\/wp\/v2\/product_type?post=3465"},{"taxonomy":"product_visibility","embeddable":true,"href":"https:\/\/staging.hydrachim.fr\/en\/wp-json\/wp\/v2\/product_visibility?post=3465"},{"taxonomy":"product_cat","embeddable":true,"href":"https:\/\/staging.hydrachim.fr\/en\/wp-json\/wp\/v2\/product_cat?post=3465"}],"curies":[{"name":"wp","href":"https:\/\/api.w.org\/{rel}","templated":true}]}}