{"id":3470,"date":"2019-08-06T15:49:47","date_gmt":"2019-08-06T13:49:47","guid":{"rendered":"https:\/\/staging.hydrachim.fr\/product\/hydrazim-ms\/"},"modified":"2019-10-01T17:08:35","modified_gmt":"2019-10-01T15:08:35","slug":"hydrazim-ms","status":"publish","type":"product","link":"https:\/\/staging.hydrachim.fr\/en\/produit\/hydrazim-ms\/","title":{"rendered":"Hydrazym MS"},"content":{"rendered":"<p><strong>Hydrazym MS liquide est un nettoyant enzymatique moussant d\u00e9velopp\u00e9 pour le nettoyage de toutes les surfaces.<\/strong><\/p>\n<p>L&#8217;Hydrazym MS est un produit qui a un fort pouvoir d\u00e9graissant, adapt\u00e9 sur tous types de graisse ou souillures organiques et tr\u00e8s efficace pour le nettoyage des surfaces comme pour le nettoyage des circuits et canalisations. C&#8217;est un d\u00e9graissant alimentaire non caustique, repr\u00e9sentant une tr\u00e8s bonne alternative aux produits traditionnels.<br \/>\nL&#8217;Hydrazym MS s&#8217;applique en cuisines collectives, en artisanat alimentaire et m\u00e9tiers de bouche, dans les bacs \u00e0 graisse et les b\u00e2timents d&#8217;\u00e9levage.<\/p>\n<p><strong>Disponible en :<br \/>\n&#8211; carton de 4 x 5L R\u00e9f.002151101<br \/>\n&#8211; en bidon de 20L R\u00e9f.002151104<\/strong><\/p>\n<p class=\"y-product y-product__product-subtitle\">Avantage :<\/p>\n<p>Le Hydrazym MS est un produit moussant, respectueux de l&#8217;environnement. Il a une efficacit\u00e9 renforc\u00e9e et pr\u00e9sente moins de risque pour l&#8217;utilisateur.<\/p>\n<p>Retrouvez le mode d&#8217;emploi et le dosage du produit en t\u00e9l\u00e9chargeant, ci-dessous, sa Fiche Technique et\/ou sa Fiche M\u00e9thode.<\/p>\n","protected":false},"excerpt":{"rendered":"<p>Hydrazym MS liquide moussant<\/p>\n","protected":false},"featured_media":5087,"template":"","meta":[],"product_brand":[],"product_type":[2],"product_visibility":[],"product_cat":[4027,4009,4163],"class_list":{"0":"post-3470","1":"product","2":"type-product","3":"status-publish","4":"has-post-thumbnail","6":"product_cat-agro-alimentaire-industrie","7":"product_cat-produitshygiene-enzymatique","8":"product_cat-marqueshygine-enzymatique","9":"product_tag-alimentaire","10":"product_tag-bac--graisse","11":"product_tag-canalisation","12":"product_tag-circuit","13":"product_tag-enzymatique","14":"product_tag-hydrazym","15":"product_tag-lavage","16":"product_tag-liquide","17":"product_tag-mtier-de-bouche","18":"product_tag-nettoyant","19":"product_tag-toutes-surfaces","21":"first","22":"instock","23":"shipping-taxable","24":"product-type-simple"},"yoast_head":"<!-- This site is optimized with the Yoast SEO plugin v24.7 - https:\/\/yoast.com\/wordpress\/plugins\/seo\/ -->\n<title>Hydrazym MS - Hydrachim<\/title>\n<meta name=\"robots\" content=\"noindex, follow, max-snippet:-1, max-image-preview:large, max-video-preview:-1\" \/>\n<meta property=\"og:locale\" content=\"en_US\" \/>\n<meta property=\"og:type\" content=\"article\" \/>\n<meta property=\"og:title\" content=\"Hydrazym MS - Hydrachim\" \/>\n<meta property=\"og:description\" content=\"Hydrazym MS liquide moussant\" \/>\n<meta property=\"og:url\" content=\"https:\/\/staging.hydrachim.fr\/produit\/hydrazim-ms\/\" \/>\n<meta property=\"og:site_name\" content=\"Hydrachim\" \/>\n<meta property=\"article:modified_time\" content=\"2019-10-01T15:08:35+00:00\" \/>\n<meta property=\"og:image\" content=\"https:\/\/staging.hydrachim.fr\/app\/uploads\/2019\/10\/1511-HYDRAZIM-MS-5L-PHOTO-WEB.png\" \/>\n\t<meta property=\"og:image:width\" content=\"387\" \/>\n\t<meta property=\"og:image:height\" content=\"600\" \/>\n\t<meta property=\"og:image:type\" content=\"image\/png\" \/>\n<meta name=\"twitter:card\" content=\"summary_large_image\" \/>\n<meta name=\"twitter:label1\" content=\"Est. reading time\" \/>\n\t<meta name=\"twitter:data1\" content=\"1 minute\" \/>\n<script type=\"application\/ld+json\" class=\"yoast-schema-graph\">{\"@context\":\"https:\/\/schema.org\",\"@graph\":[{\"@type\":\"WebPage\",\"@id\":\"https:\/\/staging.hydrachim.fr\/produit\/hydrazim-ms\/\",\"url\":\"https:\/\/staging.hydrachim.fr\/produit\/hydrazim-ms\/\",\"name\":\"Hydrazym MS - Hydrachim\",\"isPartOf\":{\"@id\":\"https:\/\/staging.hydrachim.fr\/#website\"},\"primaryImageOfPage\":{\"@id\":\"https:\/\/staging.hydrachim.fr\/produit\/hydrazim-ms\/#primaryimage\"},\"image\":{\"@id\":\"https:\/\/staging.hydrachim.fr\/produit\/hydrazim-ms\/#primaryimage\"},\"thumbnailUrl\":\"https:\/\/staging.hydrachim.fr\/app\/uploads\/2019\/10\/1511-HYDRAZIM-MS-5L-PHOTO-WEB.png\",\"datePublished\":\"2019-08-06T13:49:47+00:00\",\"dateModified\":\"2019-10-01T15:08:35+00:00\",\"breadcrumb\":{\"@id\":\"https:\/\/staging.hydrachim.fr\/produit\/hydrazim-ms\/#breadcrumb\"},\"inLanguage\":\"en-US\",\"potentialAction\":[{\"@type\":\"ReadAction\",\"target\":[\"https:\/\/staging.hydrachim.fr\/produit\/hydrazim-ms\/\"]}]},{\"@type\":\"ImageObject\",\"inLanguage\":\"en-US\",\"@id\":\"https:\/\/staging.hydrachim.fr\/produit\/hydrazim-ms\/#primaryimage\",\"url\":\"https:\/\/staging.hydrachim.fr\/app\/uploads\/2019\/10\/1511-HYDRAZIM-MS-5L-PHOTO-WEB.png\",\"contentUrl\":\"https:\/\/staging.hydrachim.fr\/app\/uploads\/2019\/10\/1511-HYDRAZIM-MS-5L-PHOTO-WEB.png\",\"width\":387,\"height\":600},{\"@type\":\"BreadcrumbList\",\"@id\":\"https:\/\/staging.hydrachim.fr\/produit\/hydrazim-ms\/#breadcrumb\",\"itemListElement\":[{\"@type\":\"ListItem\",\"position\":1,\"name\":\"Home\",\"item\":\"https:\/\/staging.hydrachim.fr\/en\/\"},{\"@type\":\"ListItem\",\"position\":2,\"name\":\"Shop\",\"item\":\"https:\/\/staging.hydrachim.fr\/en\/shop\/\"},{\"@type\":\"ListItem\",\"position\":3,\"name\":\"Hydrazym MS\"}]},{\"@type\":\"WebSite\",\"@id\":\"https:\/\/staging.hydrachim.fr\/#website\",\"url\":\"https:\/\/staging.hydrachim.fr\/\",\"name\":\"Hydrachim\",\"description\":\"La science de l&#039;hygi\u00e8ne\",\"potentialAction\":[{\"@type\":\"SearchAction\",\"target\":{\"@type\":\"EntryPoint\",\"urlTemplate\":\"https:\/\/staging.hydrachim.fr\/?s={search_term_string}\"},\"query-input\":{\"@type\":\"PropertyValueSpecification\",\"valueRequired\":true,\"valueName\":\"search_term_string\"}}],\"inLanguage\":\"en-US\"}]}<\/script>\n<!-- \/ Yoast SEO plugin. -->","yoast_head_json":{"title":"Hydrazym MS - Hydrachim","robots":{"index":"noindex","follow":"follow","max-snippet":"max-snippet:-1","max-image-preview":"max-image-preview:large","max-video-preview":"max-video-preview:-1"},"og_locale":"en_US","og_type":"article","og_title":"Hydrazym MS - Hydrachim","og_description":"Hydrazym MS liquide moussant","og_url":"https:\/\/staging.hydrachim.fr\/produit\/hydrazim-ms\/","og_site_name":"Hydrachim","article_modified_time":"2019-10-01T15:08:35+00:00","og_image":[{"width":387,"height":600,"url":"https:\/\/staging.hydrachim.fr\/app\/uploads\/2019\/10\/1511-HYDRAZIM-MS-5L-PHOTO-WEB.png","type":"image\/png"}],"twitter_card":"summary_large_image","twitter_misc":{"Est. reading time":"1 minute"},"schema":{"@context":"https:\/\/schema.org","@graph":[{"@type":"WebPage","@id":"https:\/\/staging.hydrachim.fr\/produit\/hydrazim-ms\/","url":"https:\/\/staging.hydrachim.fr\/produit\/hydrazim-ms\/","name":"Hydrazym MS - Hydrachim","isPartOf":{"@id":"https:\/\/staging.hydrachim.fr\/#website"},"primaryImageOfPage":{"@id":"https:\/\/staging.hydrachim.fr\/produit\/hydrazim-ms\/#primaryimage"},"image":{"@id":"https:\/\/staging.hydrachim.fr\/produit\/hydrazim-ms\/#primaryimage"},"thumbnailUrl":"https:\/\/staging.hydrachim.fr\/app\/uploads\/2019\/10\/1511-HYDRAZIM-MS-5L-PHOTO-WEB.png","datePublished":"2019-08-06T13:49:47+00:00","dateModified":"2019-10-01T15:08:35+00:00","breadcrumb":{"@id":"https:\/\/staging.hydrachim.fr\/produit\/hydrazim-ms\/#breadcrumb"},"inLanguage":"en-US","potentialAction":[{"@type":"ReadAction","target":["https:\/\/staging.hydrachim.fr\/produit\/hydrazim-ms\/"]}]},{"@type":"ImageObject","inLanguage":"en-US","@id":"https:\/\/staging.hydrachim.fr\/produit\/hydrazim-ms\/#primaryimage","url":"https:\/\/staging.hydrachim.fr\/app\/uploads\/2019\/10\/1511-HYDRAZIM-MS-5L-PHOTO-WEB.png","contentUrl":"https:\/\/staging.hydrachim.fr\/app\/uploads\/2019\/10\/1511-HYDRAZIM-MS-5L-PHOTO-WEB.png","width":387,"height":600},{"@type":"BreadcrumbList","@id":"https:\/\/staging.hydrachim.fr\/produit\/hydrazim-ms\/#breadcrumb","itemListElement":[{"@type":"ListItem","position":1,"name":"Home","item":"https:\/\/staging.hydrachim.fr\/en\/"},{"@type":"ListItem","position":2,"name":"Shop","item":"https:\/\/staging.hydrachim.fr\/en\/shop\/"},{"@type":"ListItem","position":3,"name":"Hydrazym MS"}]},{"@type":"WebSite","@id":"https:\/\/staging.hydrachim.fr\/#website","url":"https:\/\/staging.hydrachim.fr\/","name":"Hydrachim","description":"La science de l&#039;hygi\u00e8ne","potentialAction":[{"@type":"SearchAction","target":{"@type":"EntryPoint","urlTemplate":"https:\/\/staging.hydrachim.fr\/?s={search_term_string}"},"query-input":{"@type":"PropertyValueSpecification","valueRequired":true,"valueName":"search_term_string"}}],"inLanguage":"en-US"}]}},"acf":{"fiche_technique":"https:\/\/staging.hydrachim.fr\/app\/uploads\/2019\/09\/FT-1511-HYDRAZYM-MS.pdf","fiche_methode":""},"_links":{"self":[{"href":"https:\/\/staging.hydrachim.fr\/en\/wp-json\/wp\/v2\/product\/3470","targetHints":{"allow":["GET"]}}],"collection":[{"href":"https:\/\/staging.hydrachim.fr\/en\/wp-json\/wp\/v2\/product"}],"about":[{"href":"https:\/\/staging.hydrachim.fr\/en\/wp-json\/wp\/v2\/types\/product"}],"wp:featuredmedia":[{"embeddable":true,"href":"https:\/\/staging.hydrachim.fr\/en\/wp-json\/wp\/v2\/media\/5087"}],"wp:attachment":[{"href":"https:\/\/staging.hydrachim.fr\/en\/wp-json\/wp\/v2\/media?parent=3470"}],"wp:term":[{"taxonomy":"product_brand","embeddable":true,"href":"https:\/\/staging.hydrachim.fr\/en\/wp-json\/wp\/v2\/product_brand?post=3470"},{"taxonomy":"product_type","embeddable":true,"href":"https:\/\/staging.hydrachim.fr\/en\/wp-json\/wp\/v2\/product_type?post=3470"},{"taxonomy":"product_visibility","embeddable":true,"href":"https:\/\/staging.hydrachim.fr\/en\/wp-json\/wp\/v2\/product_visibility?post=3470"},{"taxonomy":"product_cat","embeddable":true,"href":"https:\/\/staging.hydrachim.fr\/en\/wp-json\/wp\/v2\/product_cat?post=3470"}],"curies":[{"name":"wp","href":"https:\/\/api.w.org\/{rel}","templated":true}]}}