{"id":3478,"date":"2019-08-06T15:49:55","date_gmt":"2019-08-06T13:49:55","guid":{"rendered":"https:\/\/staging.hydrachim.fr\/product\/detartrant-machine\/"},"modified":"2019-09-11T16:25:20","modified_gmt":"2019-09-11T14:25:20","slug":"detartrant-machine","status":"publish","type":"product","link":"https:\/\/staging.hydrachim.fr\/en\/produit\/detartrant-machine\/","title":{"rendered":"D\u00e9tartrant machine"},"content":{"rendered":"<p><strong>D\u00e9tartrant machine liquide est un produit d&#8217;hygi\u00e8ne d\u00e9velopp\u00e9 pour r\u00e9nover, d\u00e9tartrer et prot\u00e9ger les machines.<\/strong><\/p>\n<p>Le D\u00e9tartrant machine est un produit liquide pr\u00eat \u00e0 l&#8217;emploi pour l&#8217;entretien des machines type lave-vaisselle, lave-verres, &#8230;<br \/>\nLe D\u00e9tartrant machine agit sur les\u00a0sels calcaires qui se trouvent \u00e0 l&#8217;int\u00e9rieur :\u00a0r\u00e9sistances surchauffeurs, des thermoplongeurs, &#8230;<br \/>\nS&#8217;utilise \u00e9galement en lave-linge ainsi sur les d\u00e9p\u00f4ts de tartre sur carrelages, des sanitaires, etc.<\/p>\n<p><strong>Disponible en :<br \/>\n&#8211; Carton de 4 x 1L doseur. R\u00e9f. 002015117<br \/>\n&#8211; Carton de 4 x 5L. R\u00e9f. 002015104<\/strong><\/p>\n<p class=\"y-product y-product__product-subtitle\">Avantage :<\/p>\n<p>Le D\u00e9tartrant machine prot\u00e8ge les machines et prolonge leur dur\u00e9e de vie.<\/p>\n<p>Retrouvez le mode d&#8217;emploi et le dosage du produit en t\u00e9l\u00e9chargeant, ci-dessous, sa Fiche Technique et\/ou sa Fiche M\u00e9thode.<\/p>\n","protected":false},"excerpt":{"rendered":"<p>D\u00e9tartrant machine liquide<\/p>\n","protected":false},"featured_media":2990,"template":"","meta":[],"product_brand":[],"product_type":[2],"product_visibility":[],"product_cat":[4117,4119,4145],"class_list":{"0":"post-3478","1":"product","2":"type-product","3":"status-publish","4":"has-post-thumbnail","6":"product_cat-produitscuisine","7":"product_cat-cuisineentretien","8":"product_cat-marquesorlav","9":"product_tag-detartrant","10":"product_tag-liquide","12":"first","13":"instock","14":"shipping-taxable","15":"product-type-simple"},"yoast_head":"<!-- This site is optimized with the Yoast SEO plugin v24.7 - https:\/\/yoast.com\/wordpress\/plugins\/seo\/ -->\n<title>D\u00e9tartrant machine - Hydrachim<\/title>\n<meta name=\"robots\" content=\"noindex, follow, max-snippet:-1, max-image-preview:large, max-video-preview:-1\" \/>\n<meta property=\"og:locale\" content=\"en_US\" \/>\n<meta property=\"og:type\" content=\"article\" \/>\n<meta property=\"og:title\" content=\"D\u00e9tartrant machine - Hydrachim\" \/>\n<meta property=\"og:description\" content=\"D\u00e9tartrant machine liquide\" \/>\n<meta property=\"og:url\" content=\"https:\/\/staging.hydrachim.fr\/produit\/detartrant-machine\/\" \/>\n<meta property=\"og:site_name\" content=\"Hydrachim\" \/>\n<meta property=\"article:modified_time\" content=\"2019-09-11T14:25:20+00:00\" \/>\n<meta property=\"og:image\" content=\"https:\/\/staging.hydrachim.fr\/app\/uploads\/2019\/08\/0151-detartrant-machine.jpg\" \/>\n\t<meta property=\"og:image:width\" content=\"100\" \/>\n\t<meta property=\"og:image:height\" content=\"155\" \/>\n\t<meta property=\"og:image:type\" content=\"image\/jpeg\" \/>\n<meta name=\"twitter:card\" content=\"summary_large_image\" \/>\n<meta name=\"twitter:label1\" content=\"Est. reading time\" \/>\n\t<meta name=\"twitter:data1\" content=\"1 minute\" \/>\n<script type=\"application\/ld+json\" class=\"yoast-schema-graph\">{\"@context\":\"https:\/\/schema.org\",\"@graph\":[{\"@type\":\"WebPage\",\"@id\":\"https:\/\/staging.hydrachim.fr\/produit\/detartrant-machine\/\",\"url\":\"https:\/\/staging.hydrachim.fr\/produit\/detartrant-machine\/\",\"name\":\"D\u00e9tartrant machine - Hydrachim\",\"isPartOf\":{\"@id\":\"https:\/\/staging.hydrachim.fr\/#website\"},\"primaryImageOfPage\":{\"@id\":\"https:\/\/staging.hydrachim.fr\/produit\/detartrant-machine\/#primaryimage\"},\"image\":{\"@id\":\"https:\/\/staging.hydrachim.fr\/produit\/detartrant-machine\/#primaryimage\"},\"thumbnailUrl\":\"https:\/\/staging.hydrachim.fr\/app\/uploads\/2019\/08\/0151-detartrant-machine.jpg\",\"datePublished\":\"2019-08-06T13:49:55+00:00\",\"dateModified\":\"2019-09-11T14:25:20+00:00\",\"breadcrumb\":{\"@id\":\"https:\/\/staging.hydrachim.fr\/produit\/detartrant-machine\/#breadcrumb\"},\"inLanguage\":\"en-US\",\"potentialAction\":[{\"@type\":\"ReadAction\",\"target\":[\"https:\/\/staging.hydrachim.fr\/produit\/detartrant-machine\/\"]}]},{\"@type\":\"ImageObject\",\"inLanguage\":\"en-US\",\"@id\":\"https:\/\/staging.hydrachim.fr\/produit\/detartrant-machine\/#primaryimage\",\"url\":\"https:\/\/staging.hydrachim.fr\/app\/uploads\/2019\/08\/0151-detartrant-machine.jpg\",\"contentUrl\":\"https:\/\/staging.hydrachim.fr\/app\/uploads\/2019\/08\/0151-detartrant-machine.jpg\",\"width\":100,\"height\":155},{\"@type\":\"BreadcrumbList\",\"@id\":\"https:\/\/staging.hydrachim.fr\/produit\/detartrant-machine\/#breadcrumb\",\"itemListElement\":[{\"@type\":\"ListItem\",\"position\":1,\"name\":\"Home\",\"item\":\"https:\/\/staging.hydrachim.fr\/en\/\"},{\"@type\":\"ListItem\",\"position\":2,\"name\":\"Shop\",\"item\":\"https:\/\/staging.hydrachim.fr\/en\/shop\/\"},{\"@type\":\"ListItem\",\"position\":3,\"name\":\"D\u00e9tartrant machine\"}]},{\"@type\":\"WebSite\",\"@id\":\"https:\/\/staging.hydrachim.fr\/#website\",\"url\":\"https:\/\/staging.hydrachim.fr\/\",\"name\":\"Hydrachim\",\"description\":\"La science de l&#039;hygi\u00e8ne\",\"potentialAction\":[{\"@type\":\"SearchAction\",\"target\":{\"@type\":\"EntryPoint\",\"urlTemplate\":\"https:\/\/staging.hydrachim.fr\/?s={search_term_string}\"},\"query-input\":{\"@type\":\"PropertyValueSpecification\",\"valueRequired\":true,\"valueName\":\"search_term_string\"}}],\"inLanguage\":\"en-US\"}]}<\/script>\n<!-- \/ Yoast SEO plugin. -->","yoast_head_json":{"title":"D\u00e9tartrant machine - Hydrachim","robots":{"index":"noindex","follow":"follow","max-snippet":"max-snippet:-1","max-image-preview":"max-image-preview:large","max-video-preview":"max-video-preview:-1"},"og_locale":"en_US","og_type":"article","og_title":"D\u00e9tartrant machine - Hydrachim","og_description":"D\u00e9tartrant machine liquide","og_url":"https:\/\/staging.hydrachim.fr\/produit\/detartrant-machine\/","og_site_name":"Hydrachim","article_modified_time":"2019-09-11T14:25:20+00:00","og_image":[{"width":100,"height":155,"url":"https:\/\/staging.hydrachim.fr\/app\/uploads\/2019\/08\/0151-detartrant-machine.jpg","type":"image\/jpeg"}],"twitter_card":"summary_large_image","twitter_misc":{"Est. reading time":"1 minute"},"schema":{"@context":"https:\/\/schema.org","@graph":[{"@type":"WebPage","@id":"https:\/\/staging.hydrachim.fr\/produit\/detartrant-machine\/","url":"https:\/\/staging.hydrachim.fr\/produit\/detartrant-machine\/","name":"D\u00e9tartrant machine - Hydrachim","isPartOf":{"@id":"https:\/\/staging.hydrachim.fr\/#website"},"primaryImageOfPage":{"@id":"https:\/\/staging.hydrachim.fr\/produit\/detartrant-machine\/#primaryimage"},"image":{"@id":"https:\/\/staging.hydrachim.fr\/produit\/detartrant-machine\/#primaryimage"},"thumbnailUrl":"https:\/\/staging.hydrachim.fr\/app\/uploads\/2019\/08\/0151-detartrant-machine.jpg","datePublished":"2019-08-06T13:49:55+00:00","dateModified":"2019-09-11T14:25:20+00:00","breadcrumb":{"@id":"https:\/\/staging.hydrachim.fr\/produit\/detartrant-machine\/#breadcrumb"},"inLanguage":"en-US","potentialAction":[{"@type":"ReadAction","target":["https:\/\/staging.hydrachim.fr\/produit\/detartrant-machine\/"]}]},{"@type":"ImageObject","inLanguage":"en-US","@id":"https:\/\/staging.hydrachim.fr\/produit\/detartrant-machine\/#primaryimage","url":"https:\/\/staging.hydrachim.fr\/app\/uploads\/2019\/08\/0151-detartrant-machine.jpg","contentUrl":"https:\/\/staging.hydrachim.fr\/app\/uploads\/2019\/08\/0151-detartrant-machine.jpg","width":100,"height":155},{"@type":"BreadcrumbList","@id":"https:\/\/staging.hydrachim.fr\/produit\/detartrant-machine\/#breadcrumb","itemListElement":[{"@type":"ListItem","position":1,"name":"Home","item":"https:\/\/staging.hydrachim.fr\/en\/"},{"@type":"ListItem","position":2,"name":"Shop","item":"https:\/\/staging.hydrachim.fr\/en\/shop\/"},{"@type":"ListItem","position":3,"name":"D\u00e9tartrant machine"}]},{"@type":"WebSite","@id":"https:\/\/staging.hydrachim.fr\/#website","url":"https:\/\/staging.hydrachim.fr\/","name":"Hydrachim","description":"La science de l&#039;hygi\u00e8ne","potentialAction":[{"@type":"SearchAction","target":{"@type":"EntryPoint","urlTemplate":"https:\/\/staging.hydrachim.fr\/?s={search_term_string}"},"query-input":{"@type":"PropertyValueSpecification","valueRequired":true,"valueName":"search_term_string"}}],"inLanguage":"en-US"}]}},"acf":{"fiche_technique":"https:\/\/staging.hydrachim.fr\/app\/uploads\/2019\/09\/FT-0151-DETARTRANT-MACHINE-LIQ.pdf","fiche_methode":"https:\/\/staging.hydrachim.fr\/app\/uploads\/2019\/09\/0151-DETARTRANT-MACHINE-ORLAV-h.pdf"},"_links":{"self":[{"href":"https:\/\/staging.hydrachim.fr\/en\/wp-json\/wp\/v2\/product\/3478","targetHints":{"allow":["GET"]}}],"collection":[{"href":"https:\/\/staging.hydrachim.fr\/en\/wp-json\/wp\/v2\/product"}],"about":[{"href":"https:\/\/staging.hydrachim.fr\/en\/wp-json\/wp\/v2\/types\/product"}],"wp:featuredmedia":[{"embeddable":true,"href":"https:\/\/staging.hydrachim.fr\/en\/wp-json\/wp\/v2\/media\/2990"}],"wp:attachment":[{"href":"https:\/\/staging.hydrachim.fr\/en\/wp-json\/wp\/v2\/media?parent=3478"}],"wp:term":[{"taxonomy":"product_brand","embeddable":true,"href":"https:\/\/staging.hydrachim.fr\/en\/wp-json\/wp\/v2\/product_brand?post=3478"},{"taxonomy":"product_type","embeddable":true,"href":"https:\/\/staging.hydrachim.fr\/en\/wp-json\/wp\/v2\/product_type?post=3478"},{"taxonomy":"product_visibility","embeddable":true,"href":"https:\/\/staging.hydrachim.fr\/en\/wp-json\/wp\/v2\/product_visibility?post=3478"},{"taxonomy":"product_cat","embeddable":true,"href":"https:\/\/staging.hydrachim.fr\/en\/wp-json\/wp\/v2\/product_cat?post=3478"}],"curies":[{"name":"wp","href":"https:\/\/api.w.org\/{rel}","templated":true}]}}