{"id":3480,"date":"2019-08-06T15:49:56","date_gmt":"2019-08-06T13:49:56","guid":{"rendered":"https:\/\/staging.hydrachim.fr\/product\/poudre-lave-vaisselle-100\/"},"modified":"2019-10-09T15:11:18","modified_gmt":"2019-10-09T13:11:18","slug":"poudre-lave-vaisselle-100","status":"publish","type":"product","link":"https:\/\/staging.hydrachim.fr\/en\/produit\/poudre-lave-vaisselle-100\/","title":{"rendered":"Poudre lave vaisselle 100"},"content":{"rendered":"<p><strong>Poudre lave-vaisselle 100 est un produit d&#8217;hygi\u00e8ne d\u00e9velopp\u00e9 pour le lavage de la vaisselle en machine m\u00e9nag\u00e8re ou industrielle.<\/strong><\/p>\n<p>Le Poudre lave-vaisselle 100 est un produit qui est utilis\u00e9 lors du lavage en machine pour les eaux douces \u00e0 moyennement dures. La pr\u00e9sence des agents alcalins et des agents tensio-actifs lui conf\u00e8rent un excellent pouvoir d\u00e9graissant.<br \/>\nLes agents anti-calcaires du Poudre lave-vaisselle 100 emp\u00eachent l&#8217;incrustation du calcaire.\n<\/p>\n<p><strong>Disponible en seau de 10 kg. R\u00e9f. 002012201<\/strong><\/p>\n<p class=\"y-product y-product__product-subtitle\">Avantage :<\/p>\n<p>Le Poudre lave-vaisselle 100 a une action blanchissante et d\u00e9tachante.<\/p>\n<p>Retrouvez le mode d&#8217;emploi et le dosage du produit en t\u00e9l\u00e9chargeant, ci-dessous, sa Fiche Technique et\/ou sa Fiche M\u00e9thode.<\/p>\n<p><em>Avant toute utilisation, lisez l&#8217;\u00e9tiquette et les informations concernant le produit.<\/em><\/p>\n","protected":false},"excerpt":{"rendered":"<p>Poudre lave-vaisselle 100 pour eau douce \u00e0 moyennement dure<\/p>\n","protected":false},"featured_media":2944,"template":"","meta":[],"product_brand":[],"product_type":[2],"product_visibility":[],"product_cat":[4117,4145,4120],"class_list":{"0":"post-3480","1":"product","2":"type-product","3":"status-publish","4":"has-post-thumbnail","6":"product_cat-produitscuisine","7":"product_cat-marquesorlav","8":"product_cat-cuisinevaisselle-machine","9":"product_tag-degraissant","10":"product_tag-detachant","11":"product_tag-poudre","12":"product_tag-vaisselle-2","14":"first","15":"instock","16":"shipping-taxable","17":"product-type-simple"},"yoast_head":"<!-- This site is optimized with the Yoast SEO plugin v24.7 - https:\/\/yoast.com\/wordpress\/plugins\/seo\/ -->\n<title>Poudre lave vaisselle 100 - Hydrachim<\/title>\n<meta name=\"robots\" content=\"noindex, follow, max-snippet:-1, max-image-preview:large, max-video-preview:-1\" \/>\n<meta property=\"og:locale\" content=\"en_US\" \/>\n<meta property=\"og:type\" content=\"article\" \/>\n<meta property=\"og:title\" content=\"Poudre lave vaisselle 100 - Hydrachim\" \/>\n<meta property=\"og:description\" content=\"Poudre lave-vaisselle 100 pour eau douce \u00e0 moyennement dure\" \/>\n<meta property=\"og:url\" content=\"https:\/\/staging.hydrachim.fr\/produit\/poudre-lave-vaisselle-100\/\" \/>\n<meta property=\"og:site_name\" content=\"Hydrachim\" \/>\n<meta property=\"article:modified_time\" content=\"2019-10-09T13:11:18+00:00\" \/>\n<meta property=\"og:image\" content=\"https:\/\/staging.hydrachim.fr\/app\/uploads\/2019\/08\/0122-poudre-lave-vaisselle-100.jpg\" \/>\n\t<meta property=\"og:image:width\" content=\"125\" \/>\n\t<meta property=\"og:image:height\" content=\"140\" \/>\n\t<meta property=\"og:image:type\" content=\"image\/jpeg\" \/>\n<meta name=\"twitter:card\" content=\"summary_large_image\" \/>\n<meta name=\"twitter:label1\" content=\"Est. reading time\" \/>\n\t<meta name=\"twitter:data1\" content=\"1 minute\" \/>\n<script type=\"application\/ld+json\" class=\"yoast-schema-graph\">{\"@context\":\"https:\/\/schema.org\",\"@graph\":[{\"@type\":\"WebPage\",\"@id\":\"https:\/\/staging.hydrachim.fr\/produit\/poudre-lave-vaisselle-100\/\",\"url\":\"https:\/\/staging.hydrachim.fr\/produit\/poudre-lave-vaisselle-100\/\",\"name\":\"Poudre lave vaisselle 100 - Hydrachim\",\"isPartOf\":{\"@id\":\"https:\/\/staging.hydrachim.fr\/#website\"},\"primaryImageOfPage\":{\"@id\":\"https:\/\/staging.hydrachim.fr\/produit\/poudre-lave-vaisselle-100\/#primaryimage\"},\"image\":{\"@id\":\"https:\/\/staging.hydrachim.fr\/produit\/poudre-lave-vaisselle-100\/#primaryimage\"},\"thumbnailUrl\":\"https:\/\/staging.hydrachim.fr\/app\/uploads\/2019\/08\/0122-poudre-lave-vaisselle-100.jpg\",\"datePublished\":\"2019-08-06T13:49:56+00:00\",\"dateModified\":\"2019-10-09T13:11:18+00:00\",\"breadcrumb\":{\"@id\":\"https:\/\/staging.hydrachim.fr\/produit\/poudre-lave-vaisselle-100\/#breadcrumb\"},\"inLanguage\":\"en-US\",\"potentialAction\":[{\"@type\":\"ReadAction\",\"target\":[\"https:\/\/staging.hydrachim.fr\/produit\/poudre-lave-vaisselle-100\/\"]}]},{\"@type\":\"ImageObject\",\"inLanguage\":\"en-US\",\"@id\":\"https:\/\/staging.hydrachim.fr\/produit\/poudre-lave-vaisselle-100\/#primaryimage\",\"url\":\"https:\/\/staging.hydrachim.fr\/app\/uploads\/2019\/08\/0122-poudre-lave-vaisselle-100.jpg\",\"contentUrl\":\"https:\/\/staging.hydrachim.fr\/app\/uploads\/2019\/08\/0122-poudre-lave-vaisselle-100.jpg\",\"width\":125,\"height\":140},{\"@type\":\"BreadcrumbList\",\"@id\":\"https:\/\/staging.hydrachim.fr\/produit\/poudre-lave-vaisselle-100\/#breadcrumb\",\"itemListElement\":[{\"@type\":\"ListItem\",\"position\":1,\"name\":\"Home\",\"item\":\"https:\/\/staging.hydrachim.fr\/en\/\"},{\"@type\":\"ListItem\",\"position\":2,\"name\":\"Shop\",\"item\":\"https:\/\/staging.hydrachim.fr\/en\/shop\/\"},{\"@type\":\"ListItem\",\"position\":3,\"name\":\"Poudre lave vaisselle 100\"}]},{\"@type\":\"WebSite\",\"@id\":\"https:\/\/staging.hydrachim.fr\/#website\",\"url\":\"https:\/\/staging.hydrachim.fr\/\",\"name\":\"Hydrachim\",\"description\":\"La science de l&#039;hygi\u00e8ne\",\"potentialAction\":[{\"@type\":\"SearchAction\",\"target\":{\"@type\":\"EntryPoint\",\"urlTemplate\":\"https:\/\/staging.hydrachim.fr\/?s={search_term_string}\"},\"query-input\":{\"@type\":\"PropertyValueSpecification\",\"valueRequired\":true,\"valueName\":\"search_term_string\"}}],\"inLanguage\":\"en-US\"}]}<\/script>\n<!-- \/ Yoast SEO plugin. -->","yoast_head_json":{"title":"Poudre lave vaisselle 100 - Hydrachim","robots":{"index":"noindex","follow":"follow","max-snippet":"max-snippet:-1","max-image-preview":"max-image-preview:large","max-video-preview":"max-video-preview:-1"},"og_locale":"en_US","og_type":"article","og_title":"Poudre lave vaisselle 100 - Hydrachim","og_description":"Poudre lave-vaisselle 100 pour eau douce \u00e0 moyennement dure","og_url":"https:\/\/staging.hydrachim.fr\/produit\/poudre-lave-vaisselle-100\/","og_site_name":"Hydrachim","article_modified_time":"2019-10-09T13:11:18+00:00","og_image":[{"width":125,"height":140,"url":"https:\/\/staging.hydrachim.fr\/app\/uploads\/2019\/08\/0122-poudre-lave-vaisselle-100.jpg","type":"image\/jpeg"}],"twitter_card":"summary_large_image","twitter_misc":{"Est. reading time":"1 minute"},"schema":{"@context":"https:\/\/schema.org","@graph":[{"@type":"WebPage","@id":"https:\/\/staging.hydrachim.fr\/produit\/poudre-lave-vaisselle-100\/","url":"https:\/\/staging.hydrachim.fr\/produit\/poudre-lave-vaisselle-100\/","name":"Poudre lave vaisselle 100 - Hydrachim","isPartOf":{"@id":"https:\/\/staging.hydrachim.fr\/#website"},"primaryImageOfPage":{"@id":"https:\/\/staging.hydrachim.fr\/produit\/poudre-lave-vaisselle-100\/#primaryimage"},"image":{"@id":"https:\/\/staging.hydrachim.fr\/produit\/poudre-lave-vaisselle-100\/#primaryimage"},"thumbnailUrl":"https:\/\/staging.hydrachim.fr\/app\/uploads\/2019\/08\/0122-poudre-lave-vaisselle-100.jpg","datePublished":"2019-08-06T13:49:56+00:00","dateModified":"2019-10-09T13:11:18+00:00","breadcrumb":{"@id":"https:\/\/staging.hydrachim.fr\/produit\/poudre-lave-vaisselle-100\/#breadcrumb"},"inLanguage":"en-US","potentialAction":[{"@type":"ReadAction","target":["https:\/\/staging.hydrachim.fr\/produit\/poudre-lave-vaisselle-100\/"]}]},{"@type":"ImageObject","inLanguage":"en-US","@id":"https:\/\/staging.hydrachim.fr\/produit\/poudre-lave-vaisselle-100\/#primaryimage","url":"https:\/\/staging.hydrachim.fr\/app\/uploads\/2019\/08\/0122-poudre-lave-vaisselle-100.jpg","contentUrl":"https:\/\/staging.hydrachim.fr\/app\/uploads\/2019\/08\/0122-poudre-lave-vaisselle-100.jpg","width":125,"height":140},{"@type":"BreadcrumbList","@id":"https:\/\/staging.hydrachim.fr\/produit\/poudre-lave-vaisselle-100\/#breadcrumb","itemListElement":[{"@type":"ListItem","position":1,"name":"Home","item":"https:\/\/staging.hydrachim.fr\/en\/"},{"@type":"ListItem","position":2,"name":"Shop","item":"https:\/\/staging.hydrachim.fr\/en\/shop\/"},{"@type":"ListItem","position":3,"name":"Poudre lave vaisselle 100"}]},{"@type":"WebSite","@id":"https:\/\/staging.hydrachim.fr\/#website","url":"https:\/\/staging.hydrachim.fr\/","name":"Hydrachim","description":"La science de l&#039;hygi\u00e8ne","potentialAction":[{"@type":"SearchAction","target":{"@type":"EntryPoint","urlTemplate":"https:\/\/staging.hydrachim.fr\/?s={search_term_string}"},"query-input":{"@type":"PropertyValueSpecification","valueRequired":true,"valueName":"search_term_string"}}],"inLanguage":"en-US"}]}},"acf":{"fiche_technique":"https:\/\/staging.hydrachim.fr\/app\/uploads\/2019\/09\/FT-122-POUDRE-LAVE-VAISS-100.pdf","fiche_methode":"https:\/\/staging.hydrachim.fr\/app\/uploads\/2019\/09\/0122-POUDRE-LAVE-VAISSELLE-100-ORLAV-h.pdf"},"_links":{"self":[{"href":"https:\/\/staging.hydrachim.fr\/en\/wp-json\/wp\/v2\/product\/3480","targetHints":{"allow":["GET"]}}],"collection":[{"href":"https:\/\/staging.hydrachim.fr\/en\/wp-json\/wp\/v2\/product"}],"about":[{"href":"https:\/\/staging.hydrachim.fr\/en\/wp-json\/wp\/v2\/types\/product"}],"wp:featuredmedia":[{"embeddable":true,"href":"https:\/\/staging.hydrachim.fr\/en\/wp-json\/wp\/v2\/media\/2944"}],"wp:attachment":[{"href":"https:\/\/staging.hydrachim.fr\/en\/wp-json\/wp\/v2\/media?parent=3480"}],"wp:term":[{"taxonomy":"product_brand","embeddable":true,"href":"https:\/\/staging.hydrachim.fr\/en\/wp-json\/wp\/v2\/product_brand?post=3480"},{"taxonomy":"product_type","embeddable":true,"href":"https:\/\/staging.hydrachim.fr\/en\/wp-json\/wp\/v2\/product_type?post=3480"},{"taxonomy":"product_visibility","embeddable":true,"href":"https:\/\/staging.hydrachim.fr\/en\/wp-json\/wp\/v2\/product_visibility?post=3480"},{"taxonomy":"product_cat","embeddable":true,"href":"https:\/\/staging.hydrachim.fr\/en\/wp-json\/wp\/v2\/product_cat?post=3480"}],"curies":[{"name":"wp","href":"https:\/\/api.w.org\/{rel}","templated":true}]}}