{"id":3485,"date":"2019-08-06T15:50:01","date_gmt":"2019-08-06T13:50:01","guid":{"rendered":"https:\/\/staging.hydrachim.fr\/product\/nettoyant-four-gel\/"},"modified":"2019-10-07T10:40:09","modified_gmt":"2019-10-07T08:40:09","slug":"nettoyant-four-gel","status":"publish","type":"product","link":"https:\/\/staging.hydrachim.fr\/en\/produit\/nettoyant-four-gel\/","title":{"rendered":"Nettoyant four gel"},"content":{"rendered":"<p><strong>Le nettoyant four ORLAV est un nettoyant d\u00e9velopp\u00e9 pour le d\u00e9capage des fours, grills, r\u00f4tissoires, barbecues et inserts de chemin\u00e9e.<\/strong><\/p>\n<p>Ses agents tensioactifs mouillants d\u00e9sincrustent les salissures tenaces.<br \/>\n&#8211;\u00a0Le Nettoyant four \u00ab\u00a0GEL FOUR\u00a0\u00bb est tr\u00e8s efficace, avec une formule g\u00e9lifi\u00e9e qui adh\u00e8re aux parois. Il n\u00e9cessite l&#8217;usage de son pistolet sp\u00e9cial.<br \/>\n&#8211; Le Nettoyant four \u00ab\u00a0SPRAY FOUR\u00a0\u00bb est pr\u00eat \u00e0 l&#8217;emploi, pratique et rapide \u00e0 utiliser.<\/p>\n<p><strong>Disponible en :<br \/>\n&#8211; GEL : Carton de 4 X 5 L + 1 pistolet. R\u00e9f. 002020501<br \/>\n&#8211; GEL : Carton de 6 X 1L (sans pistolet). R\u00e9f. 002020504<br \/>\n&#8211; SPRAY : Carton de 6 X 750 mL (r\u00e9f.0510). R\u00e9f. 002051002<\/strong><\/p>\n<p class=\"y-product y-product__product-subtitle\">Avantage :<\/p>\n<p>D\u00e9cape efficacement toutes les surfaces \u00e0 traiter.<\/p>\n<p>Retrouvez le mode d&#8217;emploi du produit en t\u00e9l\u00e9chargeant sa Fiche Technique.<\/p>\n<p><em>Le nettoyant four est \u00e0 utiliser avec pr\u00e9caution.<br \/>\nAvant toute utilisation, lisez l&#8217;\u00e9tiquette et les informations concernant le produit.<\/em><\/p>\n","protected":false},"excerpt":{"rendered":"<p>Nettoie et d\u00e9cape les d\u00e9p\u00f4ts carbonis\u00e9s et dess\u00e9ch\u00e9s de graisses. Disponible en deux versions : gel et liquide.<\/p>\n","protected":false},"featured_media":4627,"template":"","meta":[],"product_brand":[],"product_type":[2],"product_visibility":[],"product_cat":[4117,4119,4145],"class_list":{"0":"post-3485","1":"product","2":"type-product","3":"status-publish","4":"has-post-thumbnail","6":"product_cat-produitscuisine","7":"product_cat-cuisineentretien","8":"product_cat-marquesorlav","9":"product_tag-decapant","10":"product_tag-four","11":"product_tag-gel","12":"product_tag-grill","13":"product_tag-liquide","14":"product_tag-nettoyant","15":"product_tag-spray","17":"first","18":"instock","19":"shipping-taxable","20":"product-type-simple"},"yoast_head":"<!-- This site is optimized with the Yoast SEO plugin v24.7 - https:\/\/yoast.com\/wordpress\/plugins\/seo\/ -->\n<title>Nettoyant four gel - Hydrachim<\/title>\n<meta name=\"robots\" content=\"noindex, follow, max-snippet:-1, max-image-preview:large, max-video-preview:-1\" \/>\n<meta property=\"og:locale\" content=\"en_US\" \/>\n<meta property=\"og:type\" content=\"article\" \/>\n<meta property=\"og:title\" content=\"Nettoyant four gel - Hydrachim\" \/>\n<meta property=\"og:description\" content=\"Nettoie et d\u00e9cape les d\u00e9p\u00f4ts carbonis\u00e9s et dess\u00e9ch\u00e9s de graisses. Disponible en deux versions : gel et liquide.\" \/>\n<meta property=\"og:url\" content=\"https:\/\/staging.hydrachim.fr\/produit\/nettoyant-four-gel\/\" \/>\n<meta property=\"og:site_name\" content=\"Hydrachim\" \/>\n<meta property=\"article:modified_time\" content=\"2019-10-07T08:40:09+00:00\" \/>\n<meta property=\"og:image\" content=\"https:\/\/staging.hydrachim.fr\/app\/uploads\/2019\/09\/0205-Gel-four-5L.png\" \/>\n\t<meta property=\"og:image:width\" content=\"600\" \/>\n\t<meta property=\"og:image:height\" content=\"429\" \/>\n\t<meta property=\"og:image:type\" content=\"image\/png\" \/>\n<meta name=\"twitter:card\" content=\"summary_large_image\" \/>\n<meta name=\"twitter:label1\" content=\"Est. reading time\" \/>\n\t<meta name=\"twitter:data1\" content=\"1 minute\" \/>\n<script type=\"application\/ld+json\" class=\"yoast-schema-graph\">{\"@context\":\"https:\/\/schema.org\",\"@graph\":[{\"@type\":\"WebPage\",\"@id\":\"https:\/\/staging.hydrachim.fr\/produit\/nettoyant-four-gel\/\",\"url\":\"https:\/\/staging.hydrachim.fr\/produit\/nettoyant-four-gel\/\",\"name\":\"Nettoyant four gel - Hydrachim\",\"isPartOf\":{\"@id\":\"https:\/\/staging.hydrachim.fr\/#website\"},\"primaryImageOfPage\":{\"@id\":\"https:\/\/staging.hydrachim.fr\/produit\/nettoyant-four-gel\/#primaryimage\"},\"image\":{\"@id\":\"https:\/\/staging.hydrachim.fr\/produit\/nettoyant-four-gel\/#primaryimage\"},\"thumbnailUrl\":\"https:\/\/staging.hydrachim.fr\/app\/uploads\/2019\/09\/0205-Gel-four-5L.png\",\"datePublished\":\"2019-08-06T13:50:01+00:00\",\"dateModified\":\"2019-10-07T08:40:09+00:00\",\"breadcrumb\":{\"@id\":\"https:\/\/staging.hydrachim.fr\/produit\/nettoyant-four-gel\/#breadcrumb\"},\"inLanguage\":\"en-US\",\"potentialAction\":[{\"@type\":\"ReadAction\",\"target\":[\"https:\/\/staging.hydrachim.fr\/produit\/nettoyant-four-gel\/\"]}]},{\"@type\":\"ImageObject\",\"inLanguage\":\"en-US\",\"@id\":\"https:\/\/staging.hydrachim.fr\/produit\/nettoyant-four-gel\/#primaryimage\",\"url\":\"https:\/\/staging.hydrachim.fr\/app\/uploads\/2019\/09\/0205-Gel-four-5L.png\",\"contentUrl\":\"https:\/\/staging.hydrachim.fr\/app\/uploads\/2019\/09\/0205-Gel-four-5L.png\",\"width\":600,\"height\":429},{\"@type\":\"BreadcrumbList\",\"@id\":\"https:\/\/staging.hydrachim.fr\/produit\/nettoyant-four-gel\/#breadcrumb\",\"itemListElement\":[{\"@type\":\"ListItem\",\"position\":1,\"name\":\"Home\",\"item\":\"https:\/\/staging.hydrachim.fr\/en\/\"},{\"@type\":\"ListItem\",\"position\":2,\"name\":\"Shop\",\"item\":\"https:\/\/staging.hydrachim.fr\/en\/shop\/\"},{\"@type\":\"ListItem\",\"position\":3,\"name\":\"Nettoyant four gel\"}]},{\"@type\":\"WebSite\",\"@id\":\"https:\/\/staging.hydrachim.fr\/#website\",\"url\":\"https:\/\/staging.hydrachim.fr\/\",\"name\":\"Hydrachim\",\"description\":\"La science de l&#039;hygi\u00e8ne\",\"potentialAction\":[{\"@type\":\"SearchAction\",\"target\":{\"@type\":\"EntryPoint\",\"urlTemplate\":\"https:\/\/staging.hydrachim.fr\/?s={search_term_string}\"},\"query-input\":{\"@type\":\"PropertyValueSpecification\",\"valueRequired\":true,\"valueName\":\"search_term_string\"}}],\"inLanguage\":\"en-US\"}]}<\/script>\n<!-- \/ Yoast SEO plugin. -->","yoast_head_json":{"title":"Nettoyant four gel - Hydrachim","robots":{"index":"noindex","follow":"follow","max-snippet":"max-snippet:-1","max-image-preview":"max-image-preview:large","max-video-preview":"max-video-preview:-1"},"og_locale":"en_US","og_type":"article","og_title":"Nettoyant four gel - Hydrachim","og_description":"Nettoie et d\u00e9cape les d\u00e9p\u00f4ts carbonis\u00e9s et dess\u00e9ch\u00e9s de graisses. Disponible en deux versions : gel et liquide.","og_url":"https:\/\/staging.hydrachim.fr\/produit\/nettoyant-four-gel\/","og_site_name":"Hydrachim","article_modified_time":"2019-10-07T08:40:09+00:00","og_image":[{"width":600,"height":429,"url":"https:\/\/staging.hydrachim.fr\/app\/uploads\/2019\/09\/0205-Gel-four-5L.png","type":"image\/png"}],"twitter_card":"summary_large_image","twitter_misc":{"Est. reading time":"1 minute"},"schema":{"@context":"https:\/\/schema.org","@graph":[{"@type":"WebPage","@id":"https:\/\/staging.hydrachim.fr\/produit\/nettoyant-four-gel\/","url":"https:\/\/staging.hydrachim.fr\/produit\/nettoyant-four-gel\/","name":"Nettoyant four gel - Hydrachim","isPartOf":{"@id":"https:\/\/staging.hydrachim.fr\/#website"},"primaryImageOfPage":{"@id":"https:\/\/staging.hydrachim.fr\/produit\/nettoyant-four-gel\/#primaryimage"},"image":{"@id":"https:\/\/staging.hydrachim.fr\/produit\/nettoyant-four-gel\/#primaryimage"},"thumbnailUrl":"https:\/\/staging.hydrachim.fr\/app\/uploads\/2019\/09\/0205-Gel-four-5L.png","datePublished":"2019-08-06T13:50:01+00:00","dateModified":"2019-10-07T08:40:09+00:00","breadcrumb":{"@id":"https:\/\/staging.hydrachim.fr\/produit\/nettoyant-four-gel\/#breadcrumb"},"inLanguage":"en-US","potentialAction":[{"@type":"ReadAction","target":["https:\/\/staging.hydrachim.fr\/produit\/nettoyant-four-gel\/"]}]},{"@type":"ImageObject","inLanguage":"en-US","@id":"https:\/\/staging.hydrachim.fr\/produit\/nettoyant-four-gel\/#primaryimage","url":"https:\/\/staging.hydrachim.fr\/app\/uploads\/2019\/09\/0205-Gel-four-5L.png","contentUrl":"https:\/\/staging.hydrachim.fr\/app\/uploads\/2019\/09\/0205-Gel-four-5L.png","width":600,"height":429},{"@type":"BreadcrumbList","@id":"https:\/\/staging.hydrachim.fr\/produit\/nettoyant-four-gel\/#breadcrumb","itemListElement":[{"@type":"ListItem","position":1,"name":"Home","item":"https:\/\/staging.hydrachim.fr\/en\/"},{"@type":"ListItem","position":2,"name":"Shop","item":"https:\/\/staging.hydrachim.fr\/en\/shop\/"},{"@type":"ListItem","position":3,"name":"Nettoyant four gel"}]},{"@type":"WebSite","@id":"https:\/\/staging.hydrachim.fr\/#website","url":"https:\/\/staging.hydrachim.fr\/","name":"Hydrachim","description":"La science de l&#039;hygi\u00e8ne","potentialAction":[{"@type":"SearchAction","target":{"@type":"EntryPoint","urlTemplate":"https:\/\/staging.hydrachim.fr\/?s={search_term_string}"},"query-input":{"@type":"PropertyValueSpecification","valueRequired":true,"valueName":"search_term_string"}}],"inLanguage":"en-US"}]}},"acf":{"fiche_technique":"https:\/\/staging.hydrachim.fr\/app\/uploads\/2019\/09\/FT-0205-NETTOYANT-FOUR-GEL.pdf","fiche_methode":"https:\/\/staging.hydrachim.fr\/app\/uploads\/2019\/09\/0205-GEL-FOUR-ORLAV.pdf"},"_links":{"self":[{"href":"https:\/\/staging.hydrachim.fr\/en\/wp-json\/wp\/v2\/product\/3485","targetHints":{"allow":["GET"]}}],"collection":[{"href":"https:\/\/staging.hydrachim.fr\/en\/wp-json\/wp\/v2\/product"}],"about":[{"href":"https:\/\/staging.hydrachim.fr\/en\/wp-json\/wp\/v2\/types\/product"}],"wp:featuredmedia":[{"embeddable":true,"href":"https:\/\/staging.hydrachim.fr\/en\/wp-json\/wp\/v2\/media\/4627"}],"wp:attachment":[{"href":"https:\/\/staging.hydrachim.fr\/en\/wp-json\/wp\/v2\/media?parent=3485"}],"wp:term":[{"taxonomy":"product_brand","embeddable":true,"href":"https:\/\/staging.hydrachim.fr\/en\/wp-json\/wp\/v2\/product_brand?post=3485"},{"taxonomy":"product_type","embeddable":true,"href":"https:\/\/staging.hydrachim.fr\/en\/wp-json\/wp\/v2\/product_type?post=3485"},{"taxonomy":"product_visibility","embeddable":true,"href":"https:\/\/staging.hydrachim.fr\/en\/wp-json\/wp\/v2\/product_visibility?post=3485"},{"taxonomy":"product_cat","embeddable":true,"href":"https:\/\/staging.hydrachim.fr\/en\/wp-json\/wp\/v2\/product_cat?post=3485"}],"curies":[{"name":"wp","href":"https:\/\/api.w.org\/{rel}","templated":true}]}}