{"id":3487,"date":"2019-08-06T15:50:03","date_gmt":"2019-08-06T13:50:03","guid":{"rendered":"https:\/\/staging.hydrachim.fr\/product\/creme-mains-vanille-lait\/"},"modified":"2019-10-11T14:58:18","modified_gmt":"2019-10-11T12:58:18","slug":"creme-mains-vanille-lait","status":"publish","type":"product","link":"https:\/\/staging.hydrachim.fr\/en\/produit\/creme-mains-vanille-lait\/","title":{"rendered":"Cr\u00e8me mains vanille lait"},"content":{"rendered":"<p><strong>Cr\u00e8me mains vanille lait est une cr\u00e8me nacr\u00e9e douce d\u00e9velopp\u00e9 pour le lavage des mains.<\/strong><\/p>\n<p>La Cr\u00e8me mains vanille lait est une cr\u00e8me con\u00e7ue pour un nettoyage fr\u00e9quent des mains.<br \/>\npH neutre.\n<\/p>\n<p><strong>Disponible en carton de 4 x 5L. R\u00e9f. 002039202<br \/>\n<\/strong><\/p>\n<p class=\"y-product y-product__product-subtitle\">Avantage :<\/p>\n<p>Le choix du parfum de la Cr\u00e8me mains vanille lait contribue \u00e0 en faire un produit agr\u00e9able.<\/p>\n<p>Retrouvez le mode d&#8217;emploi et le dosage du produit en t\u00e9l\u00e9chargeant, ci-dessous, sa Fiche Technique et\/ou sa Fiche M\u00e9thode.<\/p>\n<p><em>Avant toute utilisation, lisez l&#8217;\u00e9tiquette et les informations concernant le produit.<\/em><\/p>\n","protected":false},"excerpt":{"rendered":"<p>Cr\u00e8me mains vanille lait liquide<\/p>\n","protected":false},"featured_media":5356,"template":"","meta":[],"product_brand":[],"product_type":[2],"product_visibility":[],"product_cat":[4138,4137,4145],"class_list":{"0":"post-3487","1":"product","2":"type-product","3":"status-publish","4":"has-post-thumbnail","6":"product_cat-mains-corpsmains","7":"product_cat-produitsmains-corps","8":"product_cat-marquesorlav","9":"product_tag-lait","10":"product_tag-liquide","11":"product_tag-vanille","13":"first","14":"instock","15":"shipping-taxable","16":"product-type-simple"},"yoast_head":"<!-- This site is optimized with the Yoast SEO plugin v24.7 - https:\/\/yoast.com\/wordpress\/plugins\/seo\/ -->\n<title>Cr\u00e8me mains vanille lait - Hydrachim<\/title>\n<meta name=\"robots\" content=\"noindex, follow, max-snippet:-1, max-image-preview:large, max-video-preview:-1\" \/>\n<meta property=\"og:locale\" content=\"en_US\" \/>\n<meta property=\"og:type\" content=\"article\" \/>\n<meta property=\"og:title\" content=\"Cr\u00e8me mains vanille lait - Hydrachim\" \/>\n<meta property=\"og:description\" content=\"Cr\u00e8me mains vanille lait liquide\" \/>\n<meta property=\"og:url\" content=\"https:\/\/staging.hydrachim.fr\/produit\/creme-mains-vanille-lait\/\" \/>\n<meta property=\"og:site_name\" content=\"Hydrachim\" \/>\n<meta property=\"article:modified_time\" content=\"2019-10-11T12:58:18+00:00\" \/>\n<meta property=\"og:image\" content=\"https:\/\/staging.hydrachim.fr\/app\/uploads\/2019\/10\/0392_Creme_mains_parf_vanille_Recupere.png\" \/>\n\t<meta property=\"og:image:width\" content=\"600\" \/>\n\t<meta property=\"og:image:height\" content=\"931\" \/>\n\t<meta property=\"og:image:type\" content=\"image\/png\" \/>\n<meta name=\"twitter:card\" content=\"summary_large_image\" \/>\n<meta name=\"twitter:label1\" content=\"Est. reading time\" \/>\n\t<meta name=\"twitter:data1\" content=\"1 minute\" \/>\n<script type=\"application\/ld+json\" class=\"yoast-schema-graph\">{\"@context\":\"https:\/\/schema.org\",\"@graph\":[{\"@type\":\"WebPage\",\"@id\":\"https:\/\/staging.hydrachim.fr\/produit\/creme-mains-vanille-lait\/\",\"url\":\"https:\/\/staging.hydrachim.fr\/produit\/creme-mains-vanille-lait\/\",\"name\":\"Cr\u00e8me mains vanille lait - Hydrachim\",\"isPartOf\":{\"@id\":\"https:\/\/staging.hydrachim.fr\/#website\"},\"primaryImageOfPage\":{\"@id\":\"https:\/\/staging.hydrachim.fr\/produit\/creme-mains-vanille-lait\/#primaryimage\"},\"image\":{\"@id\":\"https:\/\/staging.hydrachim.fr\/produit\/creme-mains-vanille-lait\/#primaryimage\"},\"thumbnailUrl\":\"https:\/\/staging.hydrachim.fr\/app\/uploads\/2019\/10\/0392_Creme_mains_parf_vanille_Recupere.png\",\"datePublished\":\"2019-08-06T13:50:03+00:00\",\"dateModified\":\"2019-10-11T12:58:18+00:00\",\"breadcrumb\":{\"@id\":\"https:\/\/staging.hydrachim.fr\/produit\/creme-mains-vanille-lait\/#breadcrumb\"},\"inLanguage\":\"en-US\",\"potentialAction\":[{\"@type\":\"ReadAction\",\"target\":[\"https:\/\/staging.hydrachim.fr\/produit\/creme-mains-vanille-lait\/\"]}]},{\"@type\":\"ImageObject\",\"inLanguage\":\"en-US\",\"@id\":\"https:\/\/staging.hydrachim.fr\/produit\/creme-mains-vanille-lait\/#primaryimage\",\"url\":\"https:\/\/staging.hydrachim.fr\/app\/uploads\/2019\/10\/0392_Creme_mains_parf_vanille_Recupere.png\",\"contentUrl\":\"https:\/\/staging.hydrachim.fr\/app\/uploads\/2019\/10\/0392_Creme_mains_parf_vanille_Recupere.png\",\"width\":600,\"height\":931},{\"@type\":\"BreadcrumbList\",\"@id\":\"https:\/\/staging.hydrachim.fr\/produit\/creme-mains-vanille-lait\/#breadcrumb\",\"itemListElement\":[{\"@type\":\"ListItem\",\"position\":1,\"name\":\"Home\",\"item\":\"https:\/\/staging.hydrachim.fr\/en\/\"},{\"@type\":\"ListItem\",\"position\":2,\"name\":\"Shop\",\"item\":\"https:\/\/staging.hydrachim.fr\/en\/shop\/\"},{\"@type\":\"ListItem\",\"position\":3,\"name\":\"Cr\u00e8me mains vanille lait\"}]},{\"@type\":\"WebSite\",\"@id\":\"https:\/\/staging.hydrachim.fr\/#website\",\"url\":\"https:\/\/staging.hydrachim.fr\/\",\"name\":\"Hydrachim\",\"description\":\"La science de l&#039;hygi\u00e8ne\",\"potentialAction\":[{\"@type\":\"SearchAction\",\"target\":{\"@type\":\"EntryPoint\",\"urlTemplate\":\"https:\/\/staging.hydrachim.fr\/?s={search_term_string}\"},\"query-input\":{\"@type\":\"PropertyValueSpecification\",\"valueRequired\":true,\"valueName\":\"search_term_string\"}}],\"inLanguage\":\"en-US\"}]}<\/script>\n<!-- \/ Yoast SEO plugin. -->","yoast_head_json":{"title":"Cr\u00e8me mains vanille lait - Hydrachim","robots":{"index":"noindex","follow":"follow","max-snippet":"max-snippet:-1","max-image-preview":"max-image-preview:large","max-video-preview":"max-video-preview:-1"},"og_locale":"en_US","og_type":"article","og_title":"Cr\u00e8me mains vanille lait - Hydrachim","og_description":"Cr\u00e8me mains vanille lait liquide","og_url":"https:\/\/staging.hydrachim.fr\/produit\/creme-mains-vanille-lait\/","og_site_name":"Hydrachim","article_modified_time":"2019-10-11T12:58:18+00:00","og_image":[{"width":600,"height":931,"url":"https:\/\/staging.hydrachim.fr\/app\/uploads\/2019\/10\/0392_Creme_mains_parf_vanille_Recupere.png","type":"image\/png"}],"twitter_card":"summary_large_image","twitter_misc":{"Est. reading time":"1 minute"},"schema":{"@context":"https:\/\/schema.org","@graph":[{"@type":"WebPage","@id":"https:\/\/staging.hydrachim.fr\/produit\/creme-mains-vanille-lait\/","url":"https:\/\/staging.hydrachim.fr\/produit\/creme-mains-vanille-lait\/","name":"Cr\u00e8me mains vanille lait - Hydrachim","isPartOf":{"@id":"https:\/\/staging.hydrachim.fr\/#website"},"primaryImageOfPage":{"@id":"https:\/\/staging.hydrachim.fr\/produit\/creme-mains-vanille-lait\/#primaryimage"},"image":{"@id":"https:\/\/staging.hydrachim.fr\/produit\/creme-mains-vanille-lait\/#primaryimage"},"thumbnailUrl":"https:\/\/staging.hydrachim.fr\/app\/uploads\/2019\/10\/0392_Creme_mains_parf_vanille_Recupere.png","datePublished":"2019-08-06T13:50:03+00:00","dateModified":"2019-10-11T12:58:18+00:00","breadcrumb":{"@id":"https:\/\/staging.hydrachim.fr\/produit\/creme-mains-vanille-lait\/#breadcrumb"},"inLanguage":"en-US","potentialAction":[{"@type":"ReadAction","target":["https:\/\/staging.hydrachim.fr\/produit\/creme-mains-vanille-lait\/"]}]},{"@type":"ImageObject","inLanguage":"en-US","@id":"https:\/\/staging.hydrachim.fr\/produit\/creme-mains-vanille-lait\/#primaryimage","url":"https:\/\/staging.hydrachim.fr\/app\/uploads\/2019\/10\/0392_Creme_mains_parf_vanille_Recupere.png","contentUrl":"https:\/\/staging.hydrachim.fr\/app\/uploads\/2019\/10\/0392_Creme_mains_parf_vanille_Recupere.png","width":600,"height":931},{"@type":"BreadcrumbList","@id":"https:\/\/staging.hydrachim.fr\/produit\/creme-mains-vanille-lait\/#breadcrumb","itemListElement":[{"@type":"ListItem","position":1,"name":"Home","item":"https:\/\/staging.hydrachim.fr\/en\/"},{"@type":"ListItem","position":2,"name":"Shop","item":"https:\/\/staging.hydrachim.fr\/en\/shop\/"},{"@type":"ListItem","position":3,"name":"Cr\u00e8me mains vanille lait"}]},{"@type":"WebSite","@id":"https:\/\/staging.hydrachim.fr\/#website","url":"https:\/\/staging.hydrachim.fr\/","name":"Hydrachim","description":"La science de l&#039;hygi\u00e8ne","potentialAction":[{"@type":"SearchAction","target":{"@type":"EntryPoint","urlTemplate":"https:\/\/staging.hydrachim.fr\/?s={search_term_string}"},"query-input":{"@type":"PropertyValueSpecification","valueRequired":true,"valueName":"search_term_string"}}],"inLanguage":"en-US"}]}},"acf":{"fiche_technique":"https:\/\/staging.hydrachim.fr\/app\/uploads\/2019\/09\/FT-0392-CREME-MAINS-VANILLE.pdf","fiche_methode":"https:\/\/staging.hydrachim.fr\/app\/uploads\/2019\/09\/0392-CREME-MAINS-VANILLE-ORLAV.pdf"},"_links":{"self":[{"href":"https:\/\/staging.hydrachim.fr\/en\/wp-json\/wp\/v2\/product\/3487","targetHints":{"allow":["GET"]}}],"collection":[{"href":"https:\/\/staging.hydrachim.fr\/en\/wp-json\/wp\/v2\/product"}],"about":[{"href":"https:\/\/staging.hydrachim.fr\/en\/wp-json\/wp\/v2\/types\/product"}],"wp:featuredmedia":[{"embeddable":true,"href":"https:\/\/staging.hydrachim.fr\/en\/wp-json\/wp\/v2\/media\/5356"}],"wp:attachment":[{"href":"https:\/\/staging.hydrachim.fr\/en\/wp-json\/wp\/v2\/media?parent=3487"}],"wp:term":[{"taxonomy":"product_brand","embeddable":true,"href":"https:\/\/staging.hydrachim.fr\/en\/wp-json\/wp\/v2\/product_brand?post=3487"},{"taxonomy":"product_type","embeddable":true,"href":"https:\/\/staging.hydrachim.fr\/en\/wp-json\/wp\/v2\/product_type?post=3487"},{"taxonomy":"product_visibility","embeddable":true,"href":"https:\/\/staging.hydrachim.fr\/en\/wp-json\/wp\/v2\/product_visibility?post=3487"},{"taxonomy":"product_cat","embeddable":true,"href":"https:\/\/staging.hydrachim.fr\/en\/wp-json\/wp\/v2\/product_cat?post=3487"}],"curies":[{"name":"wp","href":"https:\/\/api.w.org\/{rel}","templated":true}]}}