{"id":3488,"date":"2019-08-06T15:50:04","date_gmt":"2019-08-06T13:50:04","guid":{"rendered":"https:\/\/staging.hydrachim.fr\/product\/gel-wc-orlav\/"},"modified":"2019-10-11T08:59:44","modified_gmt":"2019-10-11T06:59:44","slug":"gel-wc-orlav","status":"publish","type":"product","link":"https:\/\/staging.hydrachim.fr\/en\/produit\/gel-wc-orlav\/","title":{"rendered":"Gel WC pin"},"content":{"rendered":"<p><strong>Gel de couleur verte pour le nettoyage et le d\u00e9tartrage des cuvettes de WC et laisse\u00a0 un agr\u00e9able parfum Fra\u00eecheur Pin.<\/strong><\/p>\n<p>Le Gel WC est un produit qui nettoie et d\u00e9tartre les cuvettes de WC. Sa formule \u00e9paissie adh\u00e8re aux parois pour une efficacit\u00e9 prolong\u00e9e. Le Gel WC dissout le tartre le plus ancien et est sans danger pour les fosses septiques. Il laisse \u00e9galement un agr\u00e9able parfum fra\u00eecheur pin dans la cuvette.<\/p>\n<p><strong>Disponible en :<br \/>\n&#8211; Carton de 12 x 750 mL. R\u00e9f. 002032203<br \/>\n&#8211; Carton de 12 x 1L. R\u00e9f. 002032201<\/strong><\/p>\n<p class=\"y-product y-product__product-subtitle\">Avantage :<\/p>\n<p>Le bec canard du Gel WC facilite son application sous les rebords des WC.<\/p>\n<p>Retrouvez le mode d&#8217;emploi et le dosage du produit en t\u00e9l\u00e9chargeant, ci-dessous, sa Fiche Technique et\/ou sa Fiche M\u00e9thode.<\/p>\n<p><em>Avant toute utilisation, lisez l&#8217;\u00e9tiquette et les informations concernant le produit.<\/em><\/p>\n","protected":false},"excerpt":{"rendered":"<p>Gel WC parfum Fra\u00eecheur Pin<\/p>\n","protected":false},"featured_media":5506,"template":"","meta":[],"product_brand":[],"product_type":[2],"product_visibility":[],"product_cat":[4145,4122,4123],"class_list":{"0":"post-3488","1":"product","2":"type-product","3":"status-publish","4":"has-post-thumbnail","6":"product_cat-marquesorlav","7":"product_cat-produitssanitaire","8":"product_cat-sanitairewc","9":"product_tag-cuvette","10":"product_tag-gel","11":"product_tag-nettoyant","12":"product_tag-pin","13":"product_tag-wc","15":"first","16":"instock","17":"shipping-taxable","18":"product-type-simple"},"yoast_head":"<!-- This site is optimized with the Yoast SEO plugin v24.7 - https:\/\/yoast.com\/wordpress\/plugins\/seo\/ -->\n<title>Gel WC pin - Hydrachim<\/title>\n<meta name=\"robots\" content=\"noindex, follow, max-snippet:-1, max-image-preview:large, max-video-preview:-1\" \/>\n<meta property=\"og:locale\" content=\"en_US\" \/>\n<meta property=\"og:type\" content=\"article\" \/>\n<meta property=\"og:title\" content=\"Gel WC pin - Hydrachim\" \/>\n<meta property=\"og:description\" content=\"Gel WC parfum Fra\u00eecheur Pin\" \/>\n<meta property=\"og:url\" content=\"https:\/\/staging.hydrachim.fr\/produit\/gel-wc-orlav\/\" \/>\n<meta property=\"og:site_name\" content=\"Hydrachim\" \/>\n<meta property=\"article:modified_time\" content=\"2019-10-11T06:59:44+00:00\" \/>\n<meta property=\"og:image\" content=\"https:\/\/staging.hydrachim.fr\/app\/uploads\/2019\/10\/0322_GEL_WC_DETARTRANT_750ML_new3.png\" \/>\n\t<meta property=\"og:image:width\" content=\"600\" \/>\n\t<meta property=\"og:image:height\" content=\"928\" \/>\n\t<meta property=\"og:image:type\" content=\"image\/png\" \/>\n<meta name=\"twitter:card\" content=\"summary_large_image\" \/>\n<meta name=\"twitter:label1\" content=\"Est. reading time\" \/>\n\t<meta name=\"twitter:data1\" content=\"1 minute\" \/>\n<script type=\"application\/ld+json\" class=\"yoast-schema-graph\">{\"@context\":\"https:\/\/schema.org\",\"@graph\":[{\"@type\":\"WebPage\",\"@id\":\"https:\/\/staging.hydrachim.fr\/produit\/gel-wc-orlav\/\",\"url\":\"https:\/\/staging.hydrachim.fr\/produit\/gel-wc-orlav\/\",\"name\":\"Gel WC pin - Hydrachim\",\"isPartOf\":{\"@id\":\"https:\/\/staging.hydrachim.fr\/#website\"},\"primaryImageOfPage\":{\"@id\":\"https:\/\/staging.hydrachim.fr\/produit\/gel-wc-orlav\/#primaryimage\"},\"image\":{\"@id\":\"https:\/\/staging.hydrachim.fr\/produit\/gel-wc-orlav\/#primaryimage\"},\"thumbnailUrl\":\"https:\/\/staging.hydrachim.fr\/app\/uploads\/2019\/10\/0322_GEL_WC_DETARTRANT_750ML_new3.png\",\"datePublished\":\"2019-08-06T13:50:04+00:00\",\"dateModified\":\"2019-10-11T06:59:44+00:00\",\"breadcrumb\":{\"@id\":\"https:\/\/staging.hydrachim.fr\/produit\/gel-wc-orlav\/#breadcrumb\"},\"inLanguage\":\"en-US\",\"potentialAction\":[{\"@type\":\"ReadAction\",\"target\":[\"https:\/\/staging.hydrachim.fr\/produit\/gel-wc-orlav\/\"]}]},{\"@type\":\"ImageObject\",\"inLanguage\":\"en-US\",\"@id\":\"https:\/\/staging.hydrachim.fr\/produit\/gel-wc-orlav\/#primaryimage\",\"url\":\"https:\/\/staging.hydrachim.fr\/app\/uploads\/2019\/10\/0322_GEL_WC_DETARTRANT_750ML_new3.png\",\"contentUrl\":\"https:\/\/staging.hydrachim.fr\/app\/uploads\/2019\/10\/0322_GEL_WC_DETARTRANT_750ML_new3.png\",\"width\":600,\"height\":928},{\"@type\":\"BreadcrumbList\",\"@id\":\"https:\/\/staging.hydrachim.fr\/produit\/gel-wc-orlav\/#breadcrumb\",\"itemListElement\":[{\"@type\":\"ListItem\",\"position\":1,\"name\":\"Home\",\"item\":\"https:\/\/staging.hydrachim.fr\/en\/\"},{\"@type\":\"ListItem\",\"position\":2,\"name\":\"Shop\",\"item\":\"https:\/\/staging.hydrachim.fr\/en\/shop\/\"},{\"@type\":\"ListItem\",\"position\":3,\"name\":\"Gel WC pin\"}]},{\"@type\":\"WebSite\",\"@id\":\"https:\/\/staging.hydrachim.fr\/#website\",\"url\":\"https:\/\/staging.hydrachim.fr\/\",\"name\":\"Hydrachim\",\"description\":\"La science de l&#039;hygi\u00e8ne\",\"potentialAction\":[{\"@type\":\"SearchAction\",\"target\":{\"@type\":\"EntryPoint\",\"urlTemplate\":\"https:\/\/staging.hydrachim.fr\/?s={search_term_string}\"},\"query-input\":{\"@type\":\"PropertyValueSpecification\",\"valueRequired\":true,\"valueName\":\"search_term_string\"}}],\"inLanguage\":\"en-US\"}]}<\/script>\n<!-- \/ Yoast SEO plugin. -->","yoast_head_json":{"title":"Gel WC pin - Hydrachim","robots":{"index":"noindex","follow":"follow","max-snippet":"max-snippet:-1","max-image-preview":"max-image-preview:large","max-video-preview":"max-video-preview:-1"},"og_locale":"en_US","og_type":"article","og_title":"Gel WC pin - Hydrachim","og_description":"Gel WC parfum Fra\u00eecheur Pin","og_url":"https:\/\/staging.hydrachim.fr\/produit\/gel-wc-orlav\/","og_site_name":"Hydrachim","article_modified_time":"2019-10-11T06:59:44+00:00","og_image":[{"width":600,"height":928,"url":"https:\/\/staging.hydrachim.fr\/app\/uploads\/2019\/10\/0322_GEL_WC_DETARTRANT_750ML_new3.png","type":"image\/png"}],"twitter_card":"summary_large_image","twitter_misc":{"Est. reading time":"1 minute"},"schema":{"@context":"https:\/\/schema.org","@graph":[{"@type":"WebPage","@id":"https:\/\/staging.hydrachim.fr\/produit\/gel-wc-orlav\/","url":"https:\/\/staging.hydrachim.fr\/produit\/gel-wc-orlav\/","name":"Gel WC pin - Hydrachim","isPartOf":{"@id":"https:\/\/staging.hydrachim.fr\/#website"},"primaryImageOfPage":{"@id":"https:\/\/staging.hydrachim.fr\/produit\/gel-wc-orlav\/#primaryimage"},"image":{"@id":"https:\/\/staging.hydrachim.fr\/produit\/gel-wc-orlav\/#primaryimage"},"thumbnailUrl":"https:\/\/staging.hydrachim.fr\/app\/uploads\/2019\/10\/0322_GEL_WC_DETARTRANT_750ML_new3.png","datePublished":"2019-08-06T13:50:04+00:00","dateModified":"2019-10-11T06:59:44+00:00","breadcrumb":{"@id":"https:\/\/staging.hydrachim.fr\/produit\/gel-wc-orlav\/#breadcrumb"},"inLanguage":"en-US","potentialAction":[{"@type":"ReadAction","target":["https:\/\/staging.hydrachim.fr\/produit\/gel-wc-orlav\/"]}]},{"@type":"ImageObject","inLanguage":"en-US","@id":"https:\/\/staging.hydrachim.fr\/produit\/gel-wc-orlav\/#primaryimage","url":"https:\/\/staging.hydrachim.fr\/app\/uploads\/2019\/10\/0322_GEL_WC_DETARTRANT_750ML_new3.png","contentUrl":"https:\/\/staging.hydrachim.fr\/app\/uploads\/2019\/10\/0322_GEL_WC_DETARTRANT_750ML_new3.png","width":600,"height":928},{"@type":"BreadcrumbList","@id":"https:\/\/staging.hydrachim.fr\/produit\/gel-wc-orlav\/#breadcrumb","itemListElement":[{"@type":"ListItem","position":1,"name":"Home","item":"https:\/\/staging.hydrachim.fr\/en\/"},{"@type":"ListItem","position":2,"name":"Shop","item":"https:\/\/staging.hydrachim.fr\/en\/shop\/"},{"@type":"ListItem","position":3,"name":"Gel WC pin"}]},{"@type":"WebSite","@id":"https:\/\/staging.hydrachim.fr\/#website","url":"https:\/\/staging.hydrachim.fr\/","name":"Hydrachim","description":"La science de l&#039;hygi\u00e8ne","potentialAction":[{"@type":"SearchAction","target":{"@type":"EntryPoint","urlTemplate":"https:\/\/staging.hydrachim.fr\/?s={search_term_string}"},"query-input":{"@type":"PropertyValueSpecification","valueRequired":true,"valueName":"search_term_string"}}],"inLanguage":"en-US"}]}},"acf":{"fiche_technique":"https:\/\/staging.hydrachim.fr\/app\/uploads\/2019\/09\/FT-0322-GEL-WC-DETARTRANT.pdf","fiche_methode":"https:\/\/staging.hydrachim.fr\/app\/uploads\/2019\/09\/0322-GEL-WC-ORLAV-h.pdf"},"_links":{"self":[{"href":"https:\/\/staging.hydrachim.fr\/en\/wp-json\/wp\/v2\/product\/3488","targetHints":{"allow":["GET"]}}],"collection":[{"href":"https:\/\/staging.hydrachim.fr\/en\/wp-json\/wp\/v2\/product"}],"about":[{"href":"https:\/\/staging.hydrachim.fr\/en\/wp-json\/wp\/v2\/types\/product"}],"wp:featuredmedia":[{"embeddable":true,"href":"https:\/\/staging.hydrachim.fr\/en\/wp-json\/wp\/v2\/media\/5506"}],"wp:attachment":[{"href":"https:\/\/staging.hydrachim.fr\/en\/wp-json\/wp\/v2\/media?parent=3488"}],"wp:term":[{"taxonomy":"product_brand","embeddable":true,"href":"https:\/\/staging.hydrachim.fr\/en\/wp-json\/wp\/v2\/product_brand?post=3488"},{"taxonomy":"product_type","embeddable":true,"href":"https:\/\/staging.hydrachim.fr\/en\/wp-json\/wp\/v2\/product_type?post=3488"},{"taxonomy":"product_visibility","embeddable":true,"href":"https:\/\/staging.hydrachim.fr\/en\/wp-json\/wp\/v2\/product_visibility?post=3488"},{"taxonomy":"product_cat","embeddable":true,"href":"https:\/\/staging.hydrachim.fr\/en\/wp-json\/wp\/v2\/product_cat?post=3488"}],"curies":[{"name":"wp","href":"https:\/\/api.w.org\/{rel}","templated":true}]}}