{"id":3492,"date":"2019-08-06T15:50:08","date_gmt":"2019-08-06T13:50:08","guid":{"rendered":"https:\/\/staging.hydrachim.fr\/product\/vaisselle-machine-300\/"},"modified":"2019-10-09T11:54:51","modified_gmt":"2019-10-09T09:54:51","slug":"vaisselle-machine-300","status":"publish","type":"product","link":"https:\/\/staging.hydrachim.fr\/en\/produit\/vaisselle-machine-300\/","title":{"rendered":"Vaisselle Machine 300"},"content":{"rendered":"<p><strong>Vaisselle machine 300 liquide est une lessive d\u00e9velopp\u00e9e pour le nettoyage en machine et la r\u00e9novation de la vaisselle en eau dure.<\/strong><\/p>\n<p>Le Vaisselle machine 300 convient pour des machines moyens et gros d\u00e9bits et pour des vaisselles difficiles \u00e0 salissures importantes. Le Vaisselle machine 300 a une formule \u00e0 base d&#8217;agents s\u00e9questrant qui neutralise le calcaire contenu dans l&#8217;eau. Il est efficace sur les d\u00e9p\u00f4ts min\u00e9raux et organiques. Le Vaisselle machine 300 laisse une vaisselle \u00e9clatante et sans trace.<\/p>\n<p><strong>Disponible en :<br \/>\n&#8211; Carton de 4 x 5 L. R\u00e9f. 002040113<br \/>\n&#8211; Bidon de 10 L. R\u00e9f. 002010118<br \/>\n&#8211; Bidon de 20 L. R\u00e9f. 002040106<\/strong><\/p>\n<p class=\"y-product y-product__product-subtitle\">Avantage :<\/p>\n<p>Fort pouvoir s\u00e9questrant \u00e9vitant l&#8217;incrustation du calcaire.<\/p>\n<p>Retrouvez le mode d&#8217;emploi et le dosage du produit en t\u00e9l\u00e9chargeant sa Fiche Technique et\/ou sa Fiche M\u00e9thode.<\/p>\n<p><em>Avant toute utilisation, lisez l&#8217;\u00e9tiquette et les informations concernant le produit.<\/em><\/p>\n","protected":false},"excerpt":{"rendered":"<p>Nettoie la vaisselle en machine et convient plus sp\u00e9cialement aux eaux dures.<\/p>\n","protected":false},"featured_media":5473,"template":"","meta":[],"product_brand":[],"product_type":[2],"product_visibility":[],"product_cat":[4117,4145,4120],"class_list":{"0":"post-3492","1":"product","2":"type-product","3":"status-publish","4":"has-post-thumbnail","6":"product_cat-produitscuisine","7":"product_cat-marquesorlav","8":"product_cat-cuisinevaisselle-machine","9":"product_tag-eau-dure","10":"product_tag-liquide","11":"product_tag-renovant","12":"product_tag-vaisselle-2","14":"first","15":"instock","16":"shipping-taxable","17":"product-type-simple"},"yoast_head":"<!-- This site is optimized with the Yoast SEO plugin v24.7 - https:\/\/yoast.com\/wordpress\/plugins\/seo\/ -->\n<title>Vaisselle Machine 300 - Hydrachim<\/title>\n<meta name=\"robots\" content=\"noindex, follow, max-snippet:-1, max-image-preview:large, max-video-preview:-1\" \/>\n<meta property=\"og:locale\" content=\"en_US\" \/>\n<meta property=\"og:type\" content=\"article\" \/>\n<meta property=\"og:title\" content=\"Vaisselle Machine 300 - Hydrachim\" \/>\n<meta property=\"og:description\" content=\"Nettoie la vaisselle en machine et convient plus sp\u00e9cialement aux eaux dures.\" \/>\n<meta property=\"og:url\" content=\"https:\/\/staging.hydrachim.fr\/produit\/vaisselle-machine-300\/\" \/>\n<meta property=\"og:site_name\" content=\"Hydrachim\" \/>\n<meta property=\"article:modified_time\" content=\"2019-10-09T09:54:51+00:00\" \/>\n<meta property=\"og:image\" content=\"https:\/\/staging.hydrachim.fr\/app\/uploads\/2019\/10\/0401_Vaisselle_machine_300_5L.png\" \/>\n\t<meta property=\"og:image:width\" content=\"600\" \/>\n\t<meta property=\"og:image:height\" content=\"429\" \/>\n\t<meta property=\"og:image:type\" content=\"image\/png\" \/>\n<meta name=\"twitter:card\" content=\"summary_large_image\" \/>\n<meta name=\"twitter:label1\" content=\"Est. reading time\" \/>\n\t<meta name=\"twitter:data1\" content=\"1 minute\" \/>\n<script type=\"application\/ld+json\" class=\"yoast-schema-graph\">{\"@context\":\"https:\/\/schema.org\",\"@graph\":[{\"@type\":\"WebPage\",\"@id\":\"https:\/\/staging.hydrachim.fr\/produit\/vaisselle-machine-300\/\",\"url\":\"https:\/\/staging.hydrachim.fr\/produit\/vaisselle-machine-300\/\",\"name\":\"Vaisselle Machine 300 - Hydrachim\",\"isPartOf\":{\"@id\":\"https:\/\/staging.hydrachim.fr\/#website\"},\"primaryImageOfPage\":{\"@id\":\"https:\/\/staging.hydrachim.fr\/produit\/vaisselle-machine-300\/#primaryimage\"},\"image\":{\"@id\":\"https:\/\/staging.hydrachim.fr\/produit\/vaisselle-machine-300\/#primaryimage\"},\"thumbnailUrl\":\"https:\/\/staging.hydrachim.fr\/app\/uploads\/2019\/10\/0401_Vaisselle_machine_300_5L.png\",\"datePublished\":\"2019-08-06T13:50:08+00:00\",\"dateModified\":\"2019-10-09T09:54:51+00:00\",\"breadcrumb\":{\"@id\":\"https:\/\/staging.hydrachim.fr\/produit\/vaisselle-machine-300\/#breadcrumb\"},\"inLanguage\":\"en-US\",\"potentialAction\":[{\"@type\":\"ReadAction\",\"target\":[\"https:\/\/staging.hydrachim.fr\/produit\/vaisselle-machine-300\/\"]}]},{\"@type\":\"ImageObject\",\"inLanguage\":\"en-US\",\"@id\":\"https:\/\/staging.hydrachim.fr\/produit\/vaisselle-machine-300\/#primaryimage\",\"url\":\"https:\/\/staging.hydrachim.fr\/app\/uploads\/2019\/10\/0401_Vaisselle_machine_300_5L.png\",\"contentUrl\":\"https:\/\/staging.hydrachim.fr\/app\/uploads\/2019\/10\/0401_Vaisselle_machine_300_5L.png\",\"width\":600,\"height\":429},{\"@type\":\"BreadcrumbList\",\"@id\":\"https:\/\/staging.hydrachim.fr\/produit\/vaisselle-machine-300\/#breadcrumb\",\"itemListElement\":[{\"@type\":\"ListItem\",\"position\":1,\"name\":\"Home\",\"item\":\"https:\/\/staging.hydrachim.fr\/en\/\"},{\"@type\":\"ListItem\",\"position\":2,\"name\":\"Shop\",\"item\":\"https:\/\/staging.hydrachim.fr\/en\/shop\/\"},{\"@type\":\"ListItem\",\"position\":3,\"name\":\"Vaisselle Machine 300\"}]},{\"@type\":\"WebSite\",\"@id\":\"https:\/\/staging.hydrachim.fr\/#website\",\"url\":\"https:\/\/staging.hydrachim.fr\/\",\"name\":\"Hydrachim\",\"description\":\"La science de l&#039;hygi\u00e8ne\",\"potentialAction\":[{\"@type\":\"SearchAction\",\"target\":{\"@type\":\"EntryPoint\",\"urlTemplate\":\"https:\/\/staging.hydrachim.fr\/?s={search_term_string}\"},\"query-input\":{\"@type\":\"PropertyValueSpecification\",\"valueRequired\":true,\"valueName\":\"search_term_string\"}}],\"inLanguage\":\"en-US\"}]}<\/script>\n<!-- \/ Yoast SEO plugin. -->","yoast_head_json":{"title":"Vaisselle Machine 300 - Hydrachim","robots":{"index":"noindex","follow":"follow","max-snippet":"max-snippet:-1","max-image-preview":"max-image-preview:large","max-video-preview":"max-video-preview:-1"},"og_locale":"en_US","og_type":"article","og_title":"Vaisselle Machine 300 - Hydrachim","og_description":"Nettoie la vaisselle en machine et convient plus sp\u00e9cialement aux eaux dures.","og_url":"https:\/\/staging.hydrachim.fr\/produit\/vaisselle-machine-300\/","og_site_name":"Hydrachim","article_modified_time":"2019-10-09T09:54:51+00:00","og_image":[{"width":600,"height":429,"url":"https:\/\/staging.hydrachim.fr\/app\/uploads\/2019\/10\/0401_Vaisselle_machine_300_5L.png","type":"image\/png"}],"twitter_card":"summary_large_image","twitter_misc":{"Est. reading time":"1 minute"},"schema":{"@context":"https:\/\/schema.org","@graph":[{"@type":"WebPage","@id":"https:\/\/staging.hydrachim.fr\/produit\/vaisselle-machine-300\/","url":"https:\/\/staging.hydrachim.fr\/produit\/vaisselle-machine-300\/","name":"Vaisselle Machine 300 - Hydrachim","isPartOf":{"@id":"https:\/\/staging.hydrachim.fr\/#website"},"primaryImageOfPage":{"@id":"https:\/\/staging.hydrachim.fr\/produit\/vaisselle-machine-300\/#primaryimage"},"image":{"@id":"https:\/\/staging.hydrachim.fr\/produit\/vaisselle-machine-300\/#primaryimage"},"thumbnailUrl":"https:\/\/staging.hydrachim.fr\/app\/uploads\/2019\/10\/0401_Vaisselle_machine_300_5L.png","datePublished":"2019-08-06T13:50:08+00:00","dateModified":"2019-10-09T09:54:51+00:00","breadcrumb":{"@id":"https:\/\/staging.hydrachim.fr\/produit\/vaisselle-machine-300\/#breadcrumb"},"inLanguage":"en-US","potentialAction":[{"@type":"ReadAction","target":["https:\/\/staging.hydrachim.fr\/produit\/vaisselle-machine-300\/"]}]},{"@type":"ImageObject","inLanguage":"en-US","@id":"https:\/\/staging.hydrachim.fr\/produit\/vaisselle-machine-300\/#primaryimage","url":"https:\/\/staging.hydrachim.fr\/app\/uploads\/2019\/10\/0401_Vaisselle_machine_300_5L.png","contentUrl":"https:\/\/staging.hydrachim.fr\/app\/uploads\/2019\/10\/0401_Vaisselle_machine_300_5L.png","width":600,"height":429},{"@type":"BreadcrumbList","@id":"https:\/\/staging.hydrachim.fr\/produit\/vaisselle-machine-300\/#breadcrumb","itemListElement":[{"@type":"ListItem","position":1,"name":"Home","item":"https:\/\/staging.hydrachim.fr\/en\/"},{"@type":"ListItem","position":2,"name":"Shop","item":"https:\/\/staging.hydrachim.fr\/en\/shop\/"},{"@type":"ListItem","position":3,"name":"Vaisselle Machine 300"}]},{"@type":"WebSite","@id":"https:\/\/staging.hydrachim.fr\/#website","url":"https:\/\/staging.hydrachim.fr\/","name":"Hydrachim","description":"La science de l&#039;hygi\u00e8ne","potentialAction":[{"@type":"SearchAction","target":{"@type":"EntryPoint","urlTemplate":"https:\/\/staging.hydrachim.fr\/?s={search_term_string}"},"query-input":{"@type":"PropertyValueSpecification","valueRequired":true,"valueName":"search_term_string"}}],"inLanguage":"en-US"}]}},"acf":{"fiche_technique":"https:\/\/staging.hydrachim.fr\/app\/uploads\/2019\/09\/FT-401-LIQUIDE-VAISSELLE-MACHINE-300.pdf","fiche_methode":"https:\/\/staging.hydrachim.fr\/app\/uploads\/2019\/10\/0401___VAISSELLE_MACHINE_300___ORLAV_h.pdf"},"_links":{"self":[{"href":"https:\/\/staging.hydrachim.fr\/en\/wp-json\/wp\/v2\/product\/3492","targetHints":{"allow":["GET"]}}],"collection":[{"href":"https:\/\/staging.hydrachim.fr\/en\/wp-json\/wp\/v2\/product"}],"about":[{"href":"https:\/\/staging.hydrachim.fr\/en\/wp-json\/wp\/v2\/types\/product"}],"wp:featuredmedia":[{"embeddable":true,"href":"https:\/\/staging.hydrachim.fr\/en\/wp-json\/wp\/v2\/media\/5473"}],"wp:attachment":[{"href":"https:\/\/staging.hydrachim.fr\/en\/wp-json\/wp\/v2\/media?parent=3492"}],"wp:term":[{"taxonomy":"product_brand","embeddable":true,"href":"https:\/\/staging.hydrachim.fr\/en\/wp-json\/wp\/v2\/product_brand?post=3492"},{"taxonomy":"product_type","embeddable":true,"href":"https:\/\/staging.hydrachim.fr\/en\/wp-json\/wp\/v2\/product_type?post=3492"},{"taxonomy":"product_visibility","embeddable":true,"href":"https:\/\/staging.hydrachim.fr\/en\/wp-json\/wp\/v2\/product_visibility?post=3492"},{"taxonomy":"product_cat","embeddable":true,"href":"https:\/\/staging.hydrachim.fr\/en\/wp-json\/wp\/v2\/product_cat?post=3492"}],"curies":[{"name":"wp","href":"https:\/\/api.w.org\/{rel}","templated":true}]}}