{"id":3493,"date":"2019-08-06T15:50:08","date_gmt":"2019-08-06T13:50:08","guid":{"rendered":"https:\/\/staging.hydrachim.fr\/product\/creme-mains-bactericide\/"},"modified":"2019-10-14T14:54:56","modified_gmt":"2019-10-14T12:54:56","slug":"creme-mains-bactericide","status":"publish","type":"product","link":"https:\/\/staging.hydrachim.fr\/en\/produit\/creme-mains-bactericide\/","title":{"rendered":"Cr\u00e8me mains bact\u00e9ricide"},"content":{"rendered":"<p><strong>Cr\u00e8me mains bact\u00e9ricide est une cr\u00e8me bact\u00e9ricide neutre d\u00e9velopp\u00e9e pour le lavage et la d\u00e9sinfection des mains.<\/strong><\/p>\n<p>La Cr\u00e8me mains bact\u00e9ricide est un produit qui lave et d\u00e9sinfecte les mains. Bact\u00e9ricide selon les normes EN 1276 en condition de salet\u00e9 en 1 minute \u00e0 20\u00b0C et son adaptation en 30 secondes et bact\u00e9ricide selon la norme EN 1499 en 30 secondes. Sans parfum, sans colorant.<br \/>\nRecommand\u00e9es dans les secteurs suivants : restauration, industrie alimentaire, collectivit\u00e9s, maisons de retraite, cr\u00e8che, etc.<\/p>\n<p><strong>Disponible en :<br \/>\n&#8211; Carton de 12 x 500mL. R\u00e9f. 002042502<br \/>\n&#8211; Carton de 6 recharges poches souples x 1L.\u00a0R\u00e9f. 002042503<br \/>\n&#8211; Carton de 12 x 1L Airless. R\u00e9f. 002042516<br \/>\n&#8211; Carton de 4 x 5L. R\u00e9f.002042501<\/strong><\/p>\n<p class=\"y-product y-product__product-subtitle\">Avantage :<\/p>\n<p>La Cr\u00e8me mains bact\u00e9ricide est douce pour les mains et les d\u00e9sinfecte efficacement.<\/p>\n<p>Retrouvez le mode d&#8217;emploi et le dosage du produit en t\u00e9l\u00e9chargeant, ci-dessous, sa Fiche Technique et\/ou sa Fiche M\u00e9thode.<\/p>\n<p><em>Utilisez les biocides avec pr\u00e9caution. Avant toute utilisation, lisez l&#8217;\u00e9tiquette et les informations concernant le produit.<\/em><\/p>\n","protected":false},"excerpt":{"rendered":"<p>Cr\u00e8me mains bact\u00e9ricide neutre<\/p>\n","protected":false},"featured_media":4537,"template":"","meta":[],"product_brand":[],"product_type":[2],"product_visibility":[],"product_cat":[4027,4140,4138,4137,4145],"class_list":{"0":"post-3493","1":"product","2":"type-product","3":"status-publish","4":"has-post-thumbnail","6":"product_cat-agro-alimentaire-industrie","7":"product_cat-mains-corpsdsinfection","8":"product_cat-mains-corpsmains","9":"product_cat-produitsmains-corps","10":"product_cat-marquesorlav","11":"product_tag-bactericide","12":"product_tag-creme","13":"product_tag-lavage","14":"product_tag-neutre","16":"first","17":"instock","18":"shipping-taxable","19":"product-type-simple"},"yoast_head":"<!-- This site is optimized with the Yoast SEO plugin v24.7 - https:\/\/yoast.com\/wordpress\/plugins\/seo\/ -->\n<title>Cr\u00e8me mains bact\u00e9ricide - Hydrachim<\/title>\n<meta name=\"robots\" content=\"noindex, follow, max-snippet:-1, max-image-preview:large, max-video-preview:-1\" \/>\n<meta property=\"og:locale\" content=\"en_US\" \/>\n<meta property=\"og:type\" content=\"article\" \/>\n<meta property=\"og:title\" content=\"Cr\u00e8me mains bact\u00e9ricide - Hydrachim\" \/>\n<meta property=\"og:description\" content=\"Cr\u00e8me mains bact\u00e9ricide neutre\" \/>\n<meta property=\"og:url\" content=\"https:\/\/staging.hydrachim.fr\/produit\/creme-mains-bactericide\/\" \/>\n<meta property=\"og:site_name\" content=\"Hydrachim\" \/>\n<meta property=\"article:modified_time\" content=\"2019-10-14T12:54:56+00:00\" \/>\n<meta property=\"og:image\" content=\"https:\/\/staging.hydrachim.fr\/app\/uploads\/2019\/09\/0425-creme-main-bactericide-5L-4LG.png\" \/>\n\t<meta property=\"og:image:width\" content=\"600\" \/>\n\t<meta property=\"og:image:height\" content=\"931\" \/>\n\t<meta property=\"og:image:type\" content=\"image\/png\" \/>\n<meta name=\"twitter:card\" content=\"summary_large_image\" \/>\n<meta name=\"twitter:label1\" content=\"Est. reading time\" \/>\n\t<meta name=\"twitter:data1\" content=\"1 minute\" \/>\n<script type=\"application\/ld+json\" class=\"yoast-schema-graph\">{\"@context\":\"https:\/\/schema.org\",\"@graph\":[{\"@type\":\"WebPage\",\"@id\":\"https:\/\/staging.hydrachim.fr\/produit\/creme-mains-bactericide\/\",\"url\":\"https:\/\/staging.hydrachim.fr\/produit\/creme-mains-bactericide\/\",\"name\":\"Cr\u00e8me mains bact\u00e9ricide - Hydrachim\",\"isPartOf\":{\"@id\":\"https:\/\/staging.hydrachim.fr\/#website\"},\"primaryImageOfPage\":{\"@id\":\"https:\/\/staging.hydrachim.fr\/produit\/creme-mains-bactericide\/#primaryimage\"},\"image\":{\"@id\":\"https:\/\/staging.hydrachim.fr\/produit\/creme-mains-bactericide\/#primaryimage\"},\"thumbnailUrl\":\"https:\/\/staging.hydrachim.fr\/app\/uploads\/2019\/09\/0425-creme-main-bactericide-5L-4LG.png\",\"datePublished\":\"2019-08-06T13:50:08+00:00\",\"dateModified\":\"2019-10-14T12:54:56+00:00\",\"breadcrumb\":{\"@id\":\"https:\/\/staging.hydrachim.fr\/produit\/creme-mains-bactericide\/#breadcrumb\"},\"inLanguage\":\"en-US\",\"potentialAction\":[{\"@type\":\"ReadAction\",\"target\":[\"https:\/\/staging.hydrachim.fr\/produit\/creme-mains-bactericide\/\"]}]},{\"@type\":\"ImageObject\",\"inLanguage\":\"en-US\",\"@id\":\"https:\/\/staging.hydrachim.fr\/produit\/creme-mains-bactericide\/#primaryimage\",\"url\":\"https:\/\/staging.hydrachim.fr\/app\/uploads\/2019\/09\/0425-creme-main-bactericide-5L-4LG.png\",\"contentUrl\":\"https:\/\/staging.hydrachim.fr\/app\/uploads\/2019\/09\/0425-creme-main-bactericide-5L-4LG.png\",\"width\":600,\"height\":931},{\"@type\":\"BreadcrumbList\",\"@id\":\"https:\/\/staging.hydrachim.fr\/produit\/creme-mains-bactericide\/#breadcrumb\",\"itemListElement\":[{\"@type\":\"ListItem\",\"position\":1,\"name\":\"Home\",\"item\":\"https:\/\/staging.hydrachim.fr\/en\/\"},{\"@type\":\"ListItem\",\"position\":2,\"name\":\"Shop\",\"item\":\"https:\/\/staging.hydrachim.fr\/en\/shop\/\"},{\"@type\":\"ListItem\",\"position\":3,\"name\":\"Cr\u00e8me mains bact\u00e9ricide\"}]},{\"@type\":\"WebSite\",\"@id\":\"https:\/\/staging.hydrachim.fr\/#website\",\"url\":\"https:\/\/staging.hydrachim.fr\/\",\"name\":\"Hydrachim\",\"description\":\"La science de l&#039;hygi\u00e8ne\",\"potentialAction\":[{\"@type\":\"SearchAction\",\"target\":{\"@type\":\"EntryPoint\",\"urlTemplate\":\"https:\/\/staging.hydrachim.fr\/?s={search_term_string}\"},\"query-input\":{\"@type\":\"PropertyValueSpecification\",\"valueRequired\":true,\"valueName\":\"search_term_string\"}}],\"inLanguage\":\"en-US\"}]}<\/script>\n<!-- \/ Yoast SEO plugin. -->","yoast_head_json":{"title":"Cr\u00e8me mains bact\u00e9ricide - Hydrachim","robots":{"index":"noindex","follow":"follow","max-snippet":"max-snippet:-1","max-image-preview":"max-image-preview:large","max-video-preview":"max-video-preview:-1"},"og_locale":"en_US","og_type":"article","og_title":"Cr\u00e8me mains bact\u00e9ricide - Hydrachim","og_description":"Cr\u00e8me mains bact\u00e9ricide neutre","og_url":"https:\/\/staging.hydrachim.fr\/produit\/creme-mains-bactericide\/","og_site_name":"Hydrachim","article_modified_time":"2019-10-14T12:54:56+00:00","og_image":[{"width":600,"height":931,"url":"https:\/\/staging.hydrachim.fr\/app\/uploads\/2019\/09\/0425-creme-main-bactericide-5L-4LG.png","type":"image\/png"}],"twitter_card":"summary_large_image","twitter_misc":{"Est. reading time":"1 minute"},"schema":{"@context":"https:\/\/schema.org","@graph":[{"@type":"WebPage","@id":"https:\/\/staging.hydrachim.fr\/produit\/creme-mains-bactericide\/","url":"https:\/\/staging.hydrachim.fr\/produit\/creme-mains-bactericide\/","name":"Cr\u00e8me mains bact\u00e9ricide - Hydrachim","isPartOf":{"@id":"https:\/\/staging.hydrachim.fr\/#website"},"primaryImageOfPage":{"@id":"https:\/\/staging.hydrachim.fr\/produit\/creme-mains-bactericide\/#primaryimage"},"image":{"@id":"https:\/\/staging.hydrachim.fr\/produit\/creme-mains-bactericide\/#primaryimage"},"thumbnailUrl":"https:\/\/staging.hydrachim.fr\/app\/uploads\/2019\/09\/0425-creme-main-bactericide-5L-4LG.png","datePublished":"2019-08-06T13:50:08+00:00","dateModified":"2019-10-14T12:54:56+00:00","breadcrumb":{"@id":"https:\/\/staging.hydrachim.fr\/produit\/creme-mains-bactericide\/#breadcrumb"},"inLanguage":"en-US","potentialAction":[{"@type":"ReadAction","target":["https:\/\/staging.hydrachim.fr\/produit\/creme-mains-bactericide\/"]}]},{"@type":"ImageObject","inLanguage":"en-US","@id":"https:\/\/staging.hydrachim.fr\/produit\/creme-mains-bactericide\/#primaryimage","url":"https:\/\/staging.hydrachim.fr\/app\/uploads\/2019\/09\/0425-creme-main-bactericide-5L-4LG.png","contentUrl":"https:\/\/staging.hydrachim.fr\/app\/uploads\/2019\/09\/0425-creme-main-bactericide-5L-4LG.png","width":600,"height":931},{"@type":"BreadcrumbList","@id":"https:\/\/staging.hydrachim.fr\/produit\/creme-mains-bactericide\/#breadcrumb","itemListElement":[{"@type":"ListItem","position":1,"name":"Home","item":"https:\/\/staging.hydrachim.fr\/en\/"},{"@type":"ListItem","position":2,"name":"Shop","item":"https:\/\/staging.hydrachim.fr\/en\/shop\/"},{"@type":"ListItem","position":3,"name":"Cr\u00e8me mains bact\u00e9ricide"}]},{"@type":"WebSite","@id":"https:\/\/staging.hydrachim.fr\/#website","url":"https:\/\/staging.hydrachim.fr\/","name":"Hydrachim","description":"La science de l&#039;hygi\u00e8ne","potentialAction":[{"@type":"SearchAction","target":{"@type":"EntryPoint","urlTemplate":"https:\/\/staging.hydrachim.fr\/?s={search_term_string}"},"query-input":{"@type":"PropertyValueSpecification","valueRequired":true,"valueName":"search_term_string"}}],"inLanguage":"en-US"}]}},"acf":{"fiche_technique":"https:\/\/staging.hydrachim.fr\/app\/uploads\/2019\/09\/FT-0425-CREME-MAINS-BACTERICIDE.pdf","fiche_methode":"https:\/\/staging.hydrachim.fr\/app\/uploads\/2019\/09\/0425-CREME-MAINS-BACTERICIDE-ORLAV-h.pdf"},"_links":{"self":[{"href":"https:\/\/staging.hydrachim.fr\/en\/wp-json\/wp\/v2\/product\/3493","targetHints":{"allow":["GET"]}}],"collection":[{"href":"https:\/\/staging.hydrachim.fr\/en\/wp-json\/wp\/v2\/product"}],"about":[{"href":"https:\/\/staging.hydrachim.fr\/en\/wp-json\/wp\/v2\/types\/product"}],"wp:featuredmedia":[{"embeddable":true,"href":"https:\/\/staging.hydrachim.fr\/en\/wp-json\/wp\/v2\/media\/4537"}],"wp:attachment":[{"href":"https:\/\/staging.hydrachim.fr\/en\/wp-json\/wp\/v2\/media?parent=3493"}],"wp:term":[{"taxonomy":"product_brand","embeddable":true,"href":"https:\/\/staging.hydrachim.fr\/en\/wp-json\/wp\/v2\/product_brand?post=3493"},{"taxonomy":"product_type","embeddable":true,"href":"https:\/\/staging.hydrachim.fr\/en\/wp-json\/wp\/v2\/product_type?post=3493"},{"taxonomy":"product_visibility","embeddable":true,"href":"https:\/\/staging.hydrachim.fr\/en\/wp-json\/wp\/v2\/product_visibility?post=3493"},{"taxonomy":"product_cat","embeddable":true,"href":"https:\/\/staging.hydrachim.fr\/en\/wp-json\/wp\/v2\/product_cat?post=3493"}],"curies":[{"name":"wp","href":"https:\/\/api.w.org\/{rel}","templated":true}]}}