{"id":3494,"date":"2019-08-06T15:50:09","date_gmt":"2019-08-06T13:50:09","guid":{"rendered":"https:\/\/staging.hydrachim.fr\/product\/eau-demineralisee\/"},"modified":"2019-10-14T15:47:38","modified_gmt":"2019-10-14T13:47:38","slug":"eau-demineralisee","status":"publish","type":"product","link":"https:\/\/staging.hydrachim.fr\/en\/produit\/eau-demineralisee\/","title":{"rendered":"Eau d\u00e9min\u00e9ralis\u00e9e"},"content":{"rendered":"<p><strong>Eau d\u00e9min\u00e9ralis\u00e9e pr\u00e9vient l&#8217;entartrage des appareils et des circuits des appareils sensibles au tartre et au calcaire.<br \/>\nId\u00e9al pour l&#8217;entretien des fers \u00e0 repasser, centrales vapeur, nettoyants vapeur, d\u00e9colleuse de papier peint &#8230;<br \/>\nL&#8217;eau d\u00e9min\u00e9ralis\u00e9e sert \u00e9galement \u00e0 l&#8217;entretien des batteries et radiateurs de v\u00e9hicule.<br \/>\nS&#8217;utilise \u00e9galement pour la brumisation des plantes d&#8217;int\u00e9rieures.<\/strong><\/p>\n<p><strong>Disponible en :<br \/>\n&#8211; Carton de 4 x 5L. R\u00e9f . 002025991<br \/>\n&#8211; En box de 54 bidons x 5L. R\u00e9f. 002025915<br \/>\n&#8211; Bidon de 20L. R\u00e9f. 002025910<\/strong><\/p>\n<p>Retrouvez le mode d&#8217;emploi et le dosage du produit en t\u00e9l\u00e9chargeant, ci-dessous, sa Fiche Technique et\/ou sa Fiche M\u00e9thode.<\/p>\n<p><em>Avant toute utilisation, lisez l&#8217;\u00e9tiquette et les informations concernant le produit.<\/em><\/p>\n","protected":false},"excerpt":{"rendered":"<p>Eau d\u00e9min\u00e9ralis\u00e9e<\/p>\n","protected":false},"featured_media":5614,"template":"","meta":[],"product_brand":[],"product_type":[2],"product_visibility":[],"product_cat":[4128,4145,4127],"class_list":{"0":"post-3494","1":"product","2":"type-product","3":"status-publish","4":"has-post-thumbnail","6":"product_cat-solentretien","7":"product_cat-marquesorlav","8":"product_cat-produitssurface-sol","9":"product_tag-detartrant","10":"product_tag-nettoyant","11":"product_tag-preventif","13":"first","14":"instock","15":"shipping-taxable","16":"product-type-simple"},"yoast_head":"<!-- This site is optimized with the Yoast SEO plugin v24.7 - https:\/\/yoast.com\/wordpress\/plugins\/seo\/ -->\n<title>Eau d\u00e9min\u00e9ralis\u00e9e - Hydrachim<\/title>\n<meta name=\"robots\" content=\"noindex, follow, max-snippet:-1, max-image-preview:large, max-video-preview:-1\" \/>\n<meta property=\"og:locale\" content=\"en_US\" \/>\n<meta property=\"og:type\" content=\"article\" \/>\n<meta property=\"og:title\" content=\"Eau d\u00e9min\u00e9ralis\u00e9e - Hydrachim\" \/>\n<meta property=\"og:description\" content=\"Eau d\u00e9min\u00e9ralis\u00e9e\" \/>\n<meta property=\"og:url\" content=\"https:\/\/staging.hydrachim.fr\/produit\/eau-demineralisee\/\" \/>\n<meta property=\"og:site_name\" content=\"Hydrachim\" \/>\n<meta property=\"article:modified_time\" content=\"2019-10-14T13:47:38+00:00\" \/>\n<meta property=\"og:image\" content=\"https:\/\/staging.hydrachim.fr\/app\/uploads\/2019\/10\/0259_EAU_DEMINERALISEE_5L.png\" \/>\n\t<meta property=\"og:image:width\" content=\"501\" \/>\n\t<meta property=\"og:image:height\" content=\"781\" \/>\n\t<meta property=\"og:image:type\" content=\"image\/png\" \/>\n<meta name=\"twitter:card\" content=\"summary_large_image\" \/>\n<meta name=\"twitter:label1\" content=\"Est. reading time\" \/>\n\t<meta name=\"twitter:data1\" content=\"1 minute\" \/>\n<script type=\"application\/ld+json\" class=\"yoast-schema-graph\">{\"@context\":\"https:\/\/schema.org\",\"@graph\":[{\"@type\":\"WebPage\",\"@id\":\"https:\/\/staging.hydrachim.fr\/produit\/eau-demineralisee\/\",\"url\":\"https:\/\/staging.hydrachim.fr\/produit\/eau-demineralisee\/\",\"name\":\"Eau d\u00e9min\u00e9ralis\u00e9e - Hydrachim\",\"isPartOf\":{\"@id\":\"https:\/\/staging.hydrachim.fr\/#website\"},\"primaryImageOfPage\":{\"@id\":\"https:\/\/staging.hydrachim.fr\/produit\/eau-demineralisee\/#primaryimage\"},\"image\":{\"@id\":\"https:\/\/staging.hydrachim.fr\/produit\/eau-demineralisee\/#primaryimage\"},\"thumbnailUrl\":\"https:\/\/staging.hydrachim.fr\/app\/uploads\/2019\/10\/0259_EAU_DEMINERALISEE_5L.png\",\"datePublished\":\"2019-08-06T13:50:09+00:00\",\"dateModified\":\"2019-10-14T13:47:38+00:00\",\"breadcrumb\":{\"@id\":\"https:\/\/staging.hydrachim.fr\/produit\/eau-demineralisee\/#breadcrumb\"},\"inLanguage\":\"en-US\",\"potentialAction\":[{\"@type\":\"ReadAction\",\"target\":[\"https:\/\/staging.hydrachim.fr\/produit\/eau-demineralisee\/\"]}]},{\"@type\":\"ImageObject\",\"inLanguage\":\"en-US\",\"@id\":\"https:\/\/staging.hydrachim.fr\/produit\/eau-demineralisee\/#primaryimage\",\"url\":\"https:\/\/staging.hydrachim.fr\/app\/uploads\/2019\/10\/0259_EAU_DEMINERALISEE_5L.png\",\"contentUrl\":\"https:\/\/staging.hydrachim.fr\/app\/uploads\/2019\/10\/0259_EAU_DEMINERALISEE_5L.png\",\"width\":501,\"height\":781},{\"@type\":\"BreadcrumbList\",\"@id\":\"https:\/\/staging.hydrachim.fr\/produit\/eau-demineralisee\/#breadcrumb\",\"itemListElement\":[{\"@type\":\"ListItem\",\"position\":1,\"name\":\"Home\",\"item\":\"https:\/\/staging.hydrachim.fr\/en\/\"},{\"@type\":\"ListItem\",\"position\":2,\"name\":\"Shop\",\"item\":\"https:\/\/staging.hydrachim.fr\/en\/shop\/\"},{\"@type\":\"ListItem\",\"position\":3,\"name\":\"Eau d\u00e9min\u00e9ralis\u00e9e\"}]},{\"@type\":\"WebSite\",\"@id\":\"https:\/\/staging.hydrachim.fr\/#website\",\"url\":\"https:\/\/staging.hydrachim.fr\/\",\"name\":\"Hydrachim\",\"description\":\"La science de l&#039;hygi\u00e8ne\",\"potentialAction\":[{\"@type\":\"SearchAction\",\"target\":{\"@type\":\"EntryPoint\",\"urlTemplate\":\"https:\/\/staging.hydrachim.fr\/?s={search_term_string}\"},\"query-input\":{\"@type\":\"PropertyValueSpecification\",\"valueRequired\":true,\"valueName\":\"search_term_string\"}}],\"inLanguage\":\"en-US\"}]}<\/script>\n<!-- \/ Yoast SEO plugin. -->","yoast_head_json":{"title":"Eau d\u00e9min\u00e9ralis\u00e9e - Hydrachim","robots":{"index":"noindex","follow":"follow","max-snippet":"max-snippet:-1","max-image-preview":"max-image-preview:large","max-video-preview":"max-video-preview:-1"},"og_locale":"en_US","og_type":"article","og_title":"Eau d\u00e9min\u00e9ralis\u00e9e - Hydrachim","og_description":"Eau d\u00e9min\u00e9ralis\u00e9e","og_url":"https:\/\/staging.hydrachim.fr\/produit\/eau-demineralisee\/","og_site_name":"Hydrachim","article_modified_time":"2019-10-14T13:47:38+00:00","og_image":[{"width":501,"height":781,"url":"https:\/\/staging.hydrachim.fr\/app\/uploads\/2019\/10\/0259_EAU_DEMINERALISEE_5L.png","type":"image\/png"}],"twitter_card":"summary_large_image","twitter_misc":{"Est. reading time":"1 minute"},"schema":{"@context":"https:\/\/schema.org","@graph":[{"@type":"WebPage","@id":"https:\/\/staging.hydrachim.fr\/produit\/eau-demineralisee\/","url":"https:\/\/staging.hydrachim.fr\/produit\/eau-demineralisee\/","name":"Eau d\u00e9min\u00e9ralis\u00e9e - Hydrachim","isPartOf":{"@id":"https:\/\/staging.hydrachim.fr\/#website"},"primaryImageOfPage":{"@id":"https:\/\/staging.hydrachim.fr\/produit\/eau-demineralisee\/#primaryimage"},"image":{"@id":"https:\/\/staging.hydrachim.fr\/produit\/eau-demineralisee\/#primaryimage"},"thumbnailUrl":"https:\/\/staging.hydrachim.fr\/app\/uploads\/2019\/10\/0259_EAU_DEMINERALISEE_5L.png","datePublished":"2019-08-06T13:50:09+00:00","dateModified":"2019-10-14T13:47:38+00:00","breadcrumb":{"@id":"https:\/\/staging.hydrachim.fr\/produit\/eau-demineralisee\/#breadcrumb"},"inLanguage":"en-US","potentialAction":[{"@type":"ReadAction","target":["https:\/\/staging.hydrachim.fr\/produit\/eau-demineralisee\/"]}]},{"@type":"ImageObject","inLanguage":"en-US","@id":"https:\/\/staging.hydrachim.fr\/produit\/eau-demineralisee\/#primaryimage","url":"https:\/\/staging.hydrachim.fr\/app\/uploads\/2019\/10\/0259_EAU_DEMINERALISEE_5L.png","contentUrl":"https:\/\/staging.hydrachim.fr\/app\/uploads\/2019\/10\/0259_EAU_DEMINERALISEE_5L.png","width":501,"height":781},{"@type":"BreadcrumbList","@id":"https:\/\/staging.hydrachim.fr\/produit\/eau-demineralisee\/#breadcrumb","itemListElement":[{"@type":"ListItem","position":1,"name":"Home","item":"https:\/\/staging.hydrachim.fr\/en\/"},{"@type":"ListItem","position":2,"name":"Shop","item":"https:\/\/staging.hydrachim.fr\/en\/shop\/"},{"@type":"ListItem","position":3,"name":"Eau d\u00e9min\u00e9ralis\u00e9e"}]},{"@type":"WebSite","@id":"https:\/\/staging.hydrachim.fr\/#website","url":"https:\/\/staging.hydrachim.fr\/","name":"Hydrachim","description":"La science de l&#039;hygi\u00e8ne","potentialAction":[{"@type":"SearchAction","target":{"@type":"EntryPoint","urlTemplate":"https:\/\/staging.hydrachim.fr\/?s={search_term_string}"},"query-input":{"@type":"PropertyValueSpecification","valueRequired":true,"valueName":"search_term_string"}}],"inLanguage":"en-US"}]}},"acf":{"fiche_technique":"https:\/\/staging.hydrachim.fr\/app\/uploads\/2019\/10\/FT___0259___ORLAV_EAU_DEMINERALISEE_5L.pdf","fiche_methode":"https:\/\/staging.hydrachim.fr\/app\/uploads\/2019\/10\/FM___0259_ORLAV_EAU_DEMINERALISEE___5L.pdf"},"_links":{"self":[{"href":"https:\/\/staging.hydrachim.fr\/en\/wp-json\/wp\/v2\/product\/3494","targetHints":{"allow":["GET"]}}],"collection":[{"href":"https:\/\/staging.hydrachim.fr\/en\/wp-json\/wp\/v2\/product"}],"about":[{"href":"https:\/\/staging.hydrachim.fr\/en\/wp-json\/wp\/v2\/types\/product"}],"wp:featuredmedia":[{"embeddable":true,"href":"https:\/\/staging.hydrachim.fr\/en\/wp-json\/wp\/v2\/media\/5614"}],"wp:attachment":[{"href":"https:\/\/staging.hydrachim.fr\/en\/wp-json\/wp\/v2\/media?parent=3494"}],"wp:term":[{"taxonomy":"product_brand","embeddable":true,"href":"https:\/\/staging.hydrachim.fr\/en\/wp-json\/wp\/v2\/product_brand?post=3494"},{"taxonomy":"product_type","embeddable":true,"href":"https:\/\/staging.hydrachim.fr\/en\/wp-json\/wp\/v2\/product_type?post=3494"},{"taxonomy":"product_visibility","embeddable":true,"href":"https:\/\/staging.hydrachim.fr\/en\/wp-json\/wp\/v2\/product_visibility?post=3494"},{"taxonomy":"product_cat","embeddable":true,"href":"https:\/\/staging.hydrachim.fr\/en\/wp-json\/wp\/v2\/product_cat?post=3494"}],"curies":[{"name":"wp","href":"https:\/\/api.w.org\/{rel}","templated":true}]}}