{"id":3495,"date":"2019-08-06T15:50:10","date_gmt":"2019-08-06T13:50:10","guid":{"rendered":"https:\/\/staging.hydrachim.fr\/product\/nettoyant-sanitaire-gel-4-en-1\/"},"modified":"2019-10-09T11:23:08","modified_gmt":"2019-10-09T09:23:08","slug":"nettoyant-sanitaire-gel-4-en-1","status":"publish","type":"product","link":"https:\/\/staging.hydrachim.fr\/en\/produit\/nettoyant-sanitaire-gel-4-en-1\/","title":{"rendered":"Nettoyant sanitaire gel 4 en 1"},"content":{"rendered":"<p><strong>Nettoyant sanitaire gel 4 en 1 liquide est un produit d&#8217;hygi\u00e8ne d\u00e9velopp\u00e9 pour le nettoyage, le d\u00e9tartrage, la d\u00e9sinfection et la d\u00e9sodorisation des sanitaires tout en laissant un agr\u00e9able parfum floral.<\/strong><\/p>\n<p>Le Nettoyant sanitaire gel 4 en 1 est un produit qui dissout le calcaire et les traces laiss\u00e9es par l&#8217;eau et le savon. Il redonne brillance aux baignoires, lavabos, robinetteries, carrelages, etc. Le Nettoyant sanitaire gel 4 en 1 s\u00e8che sans laisser de traces et parfume agr\u00e9ablement. Il ne raye pas et convient \u00e0 tous les types de sanitaires.<br \/>\nLe Nettoyant sanitaire gel 4 en 1 est bact\u00e9ricide selon la norme EN 1276 en condition de salet\u00e9 en 5 min \u00e0 20\u00b0C\n<\/p>\n<p><strong>Disponible en :<br \/>\n&#8211; Carton de 12 x 750mL. R\u00e9f. 002026701<br \/>\n&#8211; Carton de 12 x 1L bouillotte. R\u00e9f. 002026703<br \/>\n&#8211; Carton de 6 x 1L doseur. R\u00e9f. 002026707<br \/>\n&#8211; Carton de 4 x 5L. R\u00e9f. 002026702<\/strong><\/p>\n<p class=\"y-product y-product__product-subtitle\">Avantage :<\/p>\n<p>La texture g\u00e9lifi\u00e9e du Nettoyant sanitaire gel 4 en 1 adh\u00e8re aux parois. Efficacit\u00e9 renforc\u00e9e.<\/p>\n<p>Retrouvez le mode d&#8217;emploi et le dosage du produit en t\u00e9l\u00e9chargeant, ci-dessous, sa Fiche Technique et\/ou sa Fiche M\u00e9thode.<\/p>\n<p><em>Utilisez les biocides avec pr\u00e9caution. Avant toute utilisation, lisez l&#8217;\u00e9tiquette et les informations concernant le produit.<\/em><\/p>\n","protected":false},"excerpt":{"rendered":"<p>Nettoyant sanitaire gel 4 en 1 liquide parfum floral<\/p>\n","protected":false},"featured_media":5344,"template":"","meta":[],"product_brand":[],"product_type":[2],"product_visibility":[],"product_cat":[4145,4122,4124,4123],"class_list":{"0":"post-3495","1":"product","2":"type-product","3":"status-publish","4":"has-post-thumbnail","6":"product_cat-marquesorlav","7":"product_cat-produitssanitaire","8":"product_cat-sanitairesurface","9":"product_cat-sanitairewc","10":"product_tag-4-en-1","11":"product_tag-floral","12":"product_tag-gel","13":"product_tag-liquide","14":"product_tag-nettoyant","15":"product_tag-sanitaire","17":"first","18":"instock","19":"shipping-taxable","20":"product-type-simple"},"yoast_head":"<!-- This site is optimized with the Yoast SEO plugin v24.7 - https:\/\/yoast.com\/wordpress\/plugins\/seo\/ -->\n<title>Nettoyant sanitaire gel 4 en 1 - Hydrachim<\/title>\n<meta name=\"robots\" content=\"noindex, follow, max-snippet:-1, max-image-preview:large, max-video-preview:-1\" \/>\n<meta property=\"og:locale\" content=\"en_US\" \/>\n<meta property=\"og:type\" content=\"article\" \/>\n<meta property=\"og:title\" content=\"Nettoyant sanitaire gel 4 en 1 - Hydrachim\" \/>\n<meta property=\"og:description\" content=\"Nettoyant sanitaire gel 4 en 1 liquide parfum floral\" \/>\n<meta property=\"og:url\" content=\"https:\/\/staging.hydrachim.fr\/produit\/nettoyant-sanitaire-gel-4-en-1\/\" \/>\n<meta property=\"og:site_name\" content=\"Hydrachim\" \/>\n<meta property=\"article:modified_time\" content=\"2019-10-09T09:23:08+00:00\" \/>\n<meta property=\"og:image\" content=\"https:\/\/staging.hydrachim.fr\/app\/uploads\/2019\/10\/0267_Nettoyant_sanitaire_gel_4_en_1_1L_DOSEUR_Recupere.png\" \/>\n\t<meta property=\"og:image:width\" content=\"600\" \/>\n\t<meta property=\"og:image:height\" content=\"911\" \/>\n\t<meta property=\"og:image:type\" content=\"image\/png\" \/>\n<meta name=\"twitter:card\" content=\"summary_large_image\" \/>\n<meta name=\"twitter:label1\" content=\"Est. reading time\" \/>\n\t<meta name=\"twitter:data1\" content=\"1 minute\" \/>\n<script type=\"application\/ld+json\" class=\"yoast-schema-graph\">{\"@context\":\"https:\/\/schema.org\",\"@graph\":[{\"@type\":\"WebPage\",\"@id\":\"https:\/\/staging.hydrachim.fr\/produit\/nettoyant-sanitaire-gel-4-en-1\/\",\"url\":\"https:\/\/staging.hydrachim.fr\/produit\/nettoyant-sanitaire-gel-4-en-1\/\",\"name\":\"Nettoyant sanitaire gel 4 en 1 - Hydrachim\",\"isPartOf\":{\"@id\":\"https:\/\/staging.hydrachim.fr\/#website\"},\"primaryImageOfPage\":{\"@id\":\"https:\/\/staging.hydrachim.fr\/produit\/nettoyant-sanitaire-gel-4-en-1\/#primaryimage\"},\"image\":{\"@id\":\"https:\/\/staging.hydrachim.fr\/produit\/nettoyant-sanitaire-gel-4-en-1\/#primaryimage\"},\"thumbnailUrl\":\"https:\/\/staging.hydrachim.fr\/app\/uploads\/2019\/10\/0267_Nettoyant_sanitaire_gel_4_en_1_1L_DOSEUR_Recupere.png\",\"datePublished\":\"2019-08-06T13:50:10+00:00\",\"dateModified\":\"2019-10-09T09:23:08+00:00\",\"breadcrumb\":{\"@id\":\"https:\/\/staging.hydrachim.fr\/produit\/nettoyant-sanitaire-gel-4-en-1\/#breadcrumb\"},\"inLanguage\":\"en-US\",\"potentialAction\":[{\"@type\":\"ReadAction\",\"target\":[\"https:\/\/staging.hydrachim.fr\/produit\/nettoyant-sanitaire-gel-4-en-1\/\"]}]},{\"@type\":\"ImageObject\",\"inLanguage\":\"en-US\",\"@id\":\"https:\/\/staging.hydrachim.fr\/produit\/nettoyant-sanitaire-gel-4-en-1\/#primaryimage\",\"url\":\"https:\/\/staging.hydrachim.fr\/app\/uploads\/2019\/10\/0267_Nettoyant_sanitaire_gel_4_en_1_1L_DOSEUR_Recupere.png\",\"contentUrl\":\"https:\/\/staging.hydrachim.fr\/app\/uploads\/2019\/10\/0267_Nettoyant_sanitaire_gel_4_en_1_1L_DOSEUR_Recupere.png\",\"width\":600,\"height\":911},{\"@type\":\"BreadcrumbList\",\"@id\":\"https:\/\/staging.hydrachim.fr\/produit\/nettoyant-sanitaire-gel-4-en-1\/#breadcrumb\",\"itemListElement\":[{\"@type\":\"ListItem\",\"position\":1,\"name\":\"Home\",\"item\":\"https:\/\/staging.hydrachim.fr\/en\/\"},{\"@type\":\"ListItem\",\"position\":2,\"name\":\"Shop\",\"item\":\"https:\/\/staging.hydrachim.fr\/en\/shop\/\"},{\"@type\":\"ListItem\",\"position\":3,\"name\":\"Nettoyant sanitaire gel 4 en 1\"}]},{\"@type\":\"WebSite\",\"@id\":\"https:\/\/staging.hydrachim.fr\/#website\",\"url\":\"https:\/\/staging.hydrachim.fr\/\",\"name\":\"Hydrachim\",\"description\":\"La science de l&#039;hygi\u00e8ne\",\"potentialAction\":[{\"@type\":\"SearchAction\",\"target\":{\"@type\":\"EntryPoint\",\"urlTemplate\":\"https:\/\/staging.hydrachim.fr\/?s={search_term_string}\"},\"query-input\":{\"@type\":\"PropertyValueSpecification\",\"valueRequired\":true,\"valueName\":\"search_term_string\"}}],\"inLanguage\":\"en-US\"}]}<\/script>\n<!-- \/ Yoast SEO plugin. -->","yoast_head_json":{"title":"Nettoyant sanitaire gel 4 en 1 - Hydrachim","robots":{"index":"noindex","follow":"follow","max-snippet":"max-snippet:-1","max-image-preview":"max-image-preview:large","max-video-preview":"max-video-preview:-1"},"og_locale":"en_US","og_type":"article","og_title":"Nettoyant sanitaire gel 4 en 1 - Hydrachim","og_description":"Nettoyant sanitaire gel 4 en 1 liquide parfum floral","og_url":"https:\/\/staging.hydrachim.fr\/produit\/nettoyant-sanitaire-gel-4-en-1\/","og_site_name":"Hydrachim","article_modified_time":"2019-10-09T09:23:08+00:00","og_image":[{"width":600,"height":911,"url":"https:\/\/staging.hydrachim.fr\/app\/uploads\/2019\/10\/0267_Nettoyant_sanitaire_gel_4_en_1_1L_DOSEUR_Recupere.png","type":"image\/png"}],"twitter_card":"summary_large_image","twitter_misc":{"Est. reading time":"1 minute"},"schema":{"@context":"https:\/\/schema.org","@graph":[{"@type":"WebPage","@id":"https:\/\/staging.hydrachim.fr\/produit\/nettoyant-sanitaire-gel-4-en-1\/","url":"https:\/\/staging.hydrachim.fr\/produit\/nettoyant-sanitaire-gel-4-en-1\/","name":"Nettoyant sanitaire gel 4 en 1 - Hydrachim","isPartOf":{"@id":"https:\/\/staging.hydrachim.fr\/#website"},"primaryImageOfPage":{"@id":"https:\/\/staging.hydrachim.fr\/produit\/nettoyant-sanitaire-gel-4-en-1\/#primaryimage"},"image":{"@id":"https:\/\/staging.hydrachim.fr\/produit\/nettoyant-sanitaire-gel-4-en-1\/#primaryimage"},"thumbnailUrl":"https:\/\/staging.hydrachim.fr\/app\/uploads\/2019\/10\/0267_Nettoyant_sanitaire_gel_4_en_1_1L_DOSEUR_Recupere.png","datePublished":"2019-08-06T13:50:10+00:00","dateModified":"2019-10-09T09:23:08+00:00","breadcrumb":{"@id":"https:\/\/staging.hydrachim.fr\/produit\/nettoyant-sanitaire-gel-4-en-1\/#breadcrumb"},"inLanguage":"en-US","potentialAction":[{"@type":"ReadAction","target":["https:\/\/staging.hydrachim.fr\/produit\/nettoyant-sanitaire-gel-4-en-1\/"]}]},{"@type":"ImageObject","inLanguage":"en-US","@id":"https:\/\/staging.hydrachim.fr\/produit\/nettoyant-sanitaire-gel-4-en-1\/#primaryimage","url":"https:\/\/staging.hydrachim.fr\/app\/uploads\/2019\/10\/0267_Nettoyant_sanitaire_gel_4_en_1_1L_DOSEUR_Recupere.png","contentUrl":"https:\/\/staging.hydrachim.fr\/app\/uploads\/2019\/10\/0267_Nettoyant_sanitaire_gel_4_en_1_1L_DOSEUR_Recupere.png","width":600,"height":911},{"@type":"BreadcrumbList","@id":"https:\/\/staging.hydrachim.fr\/produit\/nettoyant-sanitaire-gel-4-en-1\/#breadcrumb","itemListElement":[{"@type":"ListItem","position":1,"name":"Home","item":"https:\/\/staging.hydrachim.fr\/en\/"},{"@type":"ListItem","position":2,"name":"Shop","item":"https:\/\/staging.hydrachim.fr\/en\/shop\/"},{"@type":"ListItem","position":3,"name":"Nettoyant sanitaire gel 4 en 1"}]},{"@type":"WebSite","@id":"https:\/\/staging.hydrachim.fr\/#website","url":"https:\/\/staging.hydrachim.fr\/","name":"Hydrachim","description":"La science de l&#039;hygi\u00e8ne","potentialAction":[{"@type":"SearchAction","target":{"@type":"EntryPoint","urlTemplate":"https:\/\/staging.hydrachim.fr\/?s={search_term_string}"},"query-input":{"@type":"PropertyValueSpecification","valueRequired":true,"valueName":"search_term_string"}}],"inLanguage":"en-US"}]}},"acf":{"fiche_technique":"https:\/\/staging.hydrachim.fr\/app\/uploads\/2019\/09\/FT-0267-NETTOYANT-DETARTRANT-DESINFECTANT-SANITAIRE-GEL_1L-doseur-_V2.pdf","fiche_methode":"https:\/\/staging.hydrachim.fr\/app\/uploads\/2019\/09\/0267-NETTOYANT-SANITAIRE-4en-1-ORLAV-h.pdf"},"_links":{"self":[{"href":"https:\/\/staging.hydrachim.fr\/en\/wp-json\/wp\/v2\/product\/3495","targetHints":{"allow":["GET"]}}],"collection":[{"href":"https:\/\/staging.hydrachim.fr\/en\/wp-json\/wp\/v2\/product"}],"about":[{"href":"https:\/\/staging.hydrachim.fr\/en\/wp-json\/wp\/v2\/types\/product"}],"wp:featuredmedia":[{"embeddable":true,"href":"https:\/\/staging.hydrachim.fr\/en\/wp-json\/wp\/v2\/media\/5344"}],"wp:attachment":[{"href":"https:\/\/staging.hydrachim.fr\/en\/wp-json\/wp\/v2\/media?parent=3495"}],"wp:term":[{"taxonomy":"product_brand","embeddable":true,"href":"https:\/\/staging.hydrachim.fr\/en\/wp-json\/wp\/v2\/product_brand?post=3495"},{"taxonomy":"product_type","embeddable":true,"href":"https:\/\/staging.hydrachim.fr\/en\/wp-json\/wp\/v2\/product_type?post=3495"},{"taxonomy":"product_visibility","embeddable":true,"href":"https:\/\/staging.hydrachim.fr\/en\/wp-json\/wp\/v2\/product_visibility?post=3495"},{"taxonomy":"product_cat","embeddable":true,"href":"https:\/\/staging.hydrachim.fr\/en\/wp-json\/wp\/v2\/product_cat?post=3495"}],"curies":[{"name":"wp","href":"https:\/\/api.w.org\/{rel}","templated":true}]}}