{"id":3496,"date":"2019-08-06T15:50:11","date_gmt":"2019-08-06T13:50:11","guid":{"rendered":"https:\/\/staging.hydrachim.fr\/product\/detergent-liquide-ammoniaque\/"},"modified":"2019-10-10T09:30:08","modified_gmt":"2019-10-10T07:30:08","slug":"detergent-liquide-ammoniaque","status":"publish","type":"product","link":"https:\/\/staging.hydrachim.fr\/en\/produit\/detergent-liquide-ammoniaque\/","title":{"rendered":"Detergent liquide ammoniaque"},"content":{"rendered":"<p><strong>D\u00e9tergent liquide ammoniaqu\u00e9 est un produit d&#8217;hygi\u00e8ne d\u00e9velopp\u00e9 pour d\u00e9coller et \u00e9mulsionner rapidement les salissures sur tous types de sols lisses tout en laissant un agr\u00e9able parfum Pin.<\/strong><\/p>\n<p>Le D\u00e9tergent liquide ammoniaqu\u00e9 est un produit qui nettoie toutes surfaces lavables : sols plastiques, carrelages, sanitaires, linol\u00e9um, polyester et autres surfaces lisses. Il est sans abrasif et ne raye pas les sols. Le D\u00e9tergent liquide ammoniaqu\u00e9 est parfum\u00e9, pour une utilisation agr\u00e9able du produit.<\/p>\n<p><strong>Disponible en :<br \/>\n&#8211; Carton de 12 x 1L. R\u00e9f. 002022603<br \/>\n&#8211; Carton de 4 x 5 L. R\u00e9f. 002022601<\/strong><\/p>\n<p class=\"y-product y-product__product-subtitle\">Avantage :<\/p>\n<p>Le D\u00e9tergent liquide ammoniaqu\u00e9 assure un nettoyage tr\u00e8s rapide gr\u00e2ce \u00e0 sa formule fortement ammoniaqu\u00e9e.<\/p>\n<p>Retrouvez le mode d&#8217;emploi et le dosage du produit en t\u00e9l\u00e9chargeant, ci-dessous, sa Fiche Technique et\/ou sa Fiche M\u00e9thode.<\/p>\n<p><em>Avant toute utilisation, lisez l&#8217;\u00e9tiquette et les informations concernant le produit.<\/em><\/p>\n","protected":false},"excerpt":{"rendered":"<p>D\u00e9tergent liquide ammoniaqu\u00e9 parfum Pin<\/p>\n","protected":false},"featured_media":5362,"template":"","meta":[],"product_brand":[],"product_type":[2],"product_visibility":[],"product_cat":[4128,4145,4127],"class_list":{"0":"post-3496","1":"product","2":"type-product","3":"status-publish","4":"has-post-thumbnail","6":"product_cat-solentretien","7":"product_cat-marquesorlav","8":"product_cat-produitssurface-sol","9":"product_tag-ammoniaque","10":"product_tag-detergent","11":"product_tag-liquide","12":"product_tag-pin","14":"first","15":"instock","16":"shipping-taxable","17":"product-type-simple"},"yoast_head":"<!-- This site is optimized with the Yoast SEO plugin v24.7 - https:\/\/yoast.com\/wordpress\/plugins\/seo\/ -->\n<title>Detergent liquide ammoniaque - Hydrachim<\/title>\n<meta name=\"robots\" content=\"noindex, follow, max-snippet:-1, max-image-preview:large, max-video-preview:-1\" \/>\n<meta property=\"og:locale\" content=\"en_US\" \/>\n<meta property=\"og:type\" content=\"article\" \/>\n<meta property=\"og:title\" content=\"Detergent liquide ammoniaque - Hydrachim\" \/>\n<meta property=\"og:description\" content=\"D\u00e9tergent liquide ammoniaqu\u00e9 parfum Pin\" \/>\n<meta property=\"og:url\" content=\"https:\/\/staging.hydrachim.fr\/produit\/detergent-liquide-ammoniaque\/\" \/>\n<meta property=\"og:site_name\" content=\"Hydrachim\" \/>\n<meta property=\"article:modified_time\" content=\"2019-10-10T07:30:08+00:00\" \/>\n<meta property=\"og:image\" content=\"https:\/\/staging.hydrachim.fr\/app\/uploads\/2019\/10\/0226_DetergentAmoniaq5l_Recupere.png\" \/>\n\t<meta property=\"og:image:width\" content=\"600\" \/>\n\t<meta property=\"og:image:height\" content=\"931\" \/>\n\t<meta property=\"og:image:type\" content=\"image\/png\" \/>\n<meta name=\"twitter:card\" content=\"summary_large_image\" \/>\n<meta name=\"twitter:label1\" content=\"Est. reading time\" \/>\n\t<meta name=\"twitter:data1\" content=\"1 minute\" \/>\n<script type=\"application\/ld+json\" class=\"yoast-schema-graph\">{\"@context\":\"https:\/\/schema.org\",\"@graph\":[{\"@type\":\"WebPage\",\"@id\":\"https:\/\/staging.hydrachim.fr\/produit\/detergent-liquide-ammoniaque\/\",\"url\":\"https:\/\/staging.hydrachim.fr\/produit\/detergent-liquide-ammoniaque\/\",\"name\":\"Detergent liquide ammoniaque - Hydrachim\",\"isPartOf\":{\"@id\":\"https:\/\/staging.hydrachim.fr\/#website\"},\"primaryImageOfPage\":{\"@id\":\"https:\/\/staging.hydrachim.fr\/produit\/detergent-liquide-ammoniaque\/#primaryimage\"},\"image\":{\"@id\":\"https:\/\/staging.hydrachim.fr\/produit\/detergent-liquide-ammoniaque\/#primaryimage\"},\"thumbnailUrl\":\"https:\/\/staging.hydrachim.fr\/app\/uploads\/2019\/10\/0226_DetergentAmoniaq5l_Recupere.png\",\"datePublished\":\"2019-08-06T13:50:11+00:00\",\"dateModified\":\"2019-10-10T07:30:08+00:00\",\"breadcrumb\":{\"@id\":\"https:\/\/staging.hydrachim.fr\/produit\/detergent-liquide-ammoniaque\/#breadcrumb\"},\"inLanguage\":\"en-US\",\"potentialAction\":[{\"@type\":\"ReadAction\",\"target\":[\"https:\/\/staging.hydrachim.fr\/produit\/detergent-liquide-ammoniaque\/\"]}]},{\"@type\":\"ImageObject\",\"inLanguage\":\"en-US\",\"@id\":\"https:\/\/staging.hydrachim.fr\/produit\/detergent-liquide-ammoniaque\/#primaryimage\",\"url\":\"https:\/\/staging.hydrachim.fr\/app\/uploads\/2019\/10\/0226_DetergentAmoniaq5l_Recupere.png\",\"contentUrl\":\"https:\/\/staging.hydrachim.fr\/app\/uploads\/2019\/10\/0226_DetergentAmoniaq5l_Recupere.png\",\"width\":600,\"height\":931},{\"@type\":\"BreadcrumbList\",\"@id\":\"https:\/\/staging.hydrachim.fr\/produit\/detergent-liquide-ammoniaque\/#breadcrumb\",\"itemListElement\":[{\"@type\":\"ListItem\",\"position\":1,\"name\":\"Home\",\"item\":\"https:\/\/staging.hydrachim.fr\/en\/\"},{\"@type\":\"ListItem\",\"position\":2,\"name\":\"Shop\",\"item\":\"https:\/\/staging.hydrachim.fr\/en\/shop\/\"},{\"@type\":\"ListItem\",\"position\":3,\"name\":\"Detergent liquide ammoniaque\"}]},{\"@type\":\"WebSite\",\"@id\":\"https:\/\/staging.hydrachim.fr\/#website\",\"url\":\"https:\/\/staging.hydrachim.fr\/\",\"name\":\"Hydrachim\",\"description\":\"La science de l&#039;hygi\u00e8ne\",\"potentialAction\":[{\"@type\":\"SearchAction\",\"target\":{\"@type\":\"EntryPoint\",\"urlTemplate\":\"https:\/\/staging.hydrachim.fr\/?s={search_term_string}\"},\"query-input\":{\"@type\":\"PropertyValueSpecification\",\"valueRequired\":true,\"valueName\":\"search_term_string\"}}],\"inLanguage\":\"en-US\"}]}<\/script>\n<!-- \/ Yoast SEO plugin. -->","yoast_head_json":{"title":"Detergent liquide ammoniaque - Hydrachim","robots":{"index":"noindex","follow":"follow","max-snippet":"max-snippet:-1","max-image-preview":"max-image-preview:large","max-video-preview":"max-video-preview:-1"},"og_locale":"en_US","og_type":"article","og_title":"Detergent liquide ammoniaque - Hydrachim","og_description":"D\u00e9tergent liquide ammoniaqu\u00e9 parfum Pin","og_url":"https:\/\/staging.hydrachim.fr\/produit\/detergent-liquide-ammoniaque\/","og_site_name":"Hydrachim","article_modified_time":"2019-10-10T07:30:08+00:00","og_image":[{"width":600,"height":931,"url":"https:\/\/staging.hydrachim.fr\/app\/uploads\/2019\/10\/0226_DetergentAmoniaq5l_Recupere.png","type":"image\/png"}],"twitter_card":"summary_large_image","twitter_misc":{"Est. reading time":"1 minute"},"schema":{"@context":"https:\/\/schema.org","@graph":[{"@type":"WebPage","@id":"https:\/\/staging.hydrachim.fr\/produit\/detergent-liquide-ammoniaque\/","url":"https:\/\/staging.hydrachim.fr\/produit\/detergent-liquide-ammoniaque\/","name":"Detergent liquide ammoniaque - Hydrachim","isPartOf":{"@id":"https:\/\/staging.hydrachim.fr\/#website"},"primaryImageOfPage":{"@id":"https:\/\/staging.hydrachim.fr\/produit\/detergent-liquide-ammoniaque\/#primaryimage"},"image":{"@id":"https:\/\/staging.hydrachim.fr\/produit\/detergent-liquide-ammoniaque\/#primaryimage"},"thumbnailUrl":"https:\/\/staging.hydrachim.fr\/app\/uploads\/2019\/10\/0226_DetergentAmoniaq5l_Recupere.png","datePublished":"2019-08-06T13:50:11+00:00","dateModified":"2019-10-10T07:30:08+00:00","breadcrumb":{"@id":"https:\/\/staging.hydrachim.fr\/produit\/detergent-liquide-ammoniaque\/#breadcrumb"},"inLanguage":"en-US","potentialAction":[{"@type":"ReadAction","target":["https:\/\/staging.hydrachim.fr\/produit\/detergent-liquide-ammoniaque\/"]}]},{"@type":"ImageObject","inLanguage":"en-US","@id":"https:\/\/staging.hydrachim.fr\/produit\/detergent-liquide-ammoniaque\/#primaryimage","url":"https:\/\/staging.hydrachim.fr\/app\/uploads\/2019\/10\/0226_DetergentAmoniaq5l_Recupere.png","contentUrl":"https:\/\/staging.hydrachim.fr\/app\/uploads\/2019\/10\/0226_DetergentAmoniaq5l_Recupere.png","width":600,"height":931},{"@type":"BreadcrumbList","@id":"https:\/\/staging.hydrachim.fr\/produit\/detergent-liquide-ammoniaque\/#breadcrumb","itemListElement":[{"@type":"ListItem","position":1,"name":"Home","item":"https:\/\/staging.hydrachim.fr\/en\/"},{"@type":"ListItem","position":2,"name":"Shop","item":"https:\/\/staging.hydrachim.fr\/en\/shop\/"},{"@type":"ListItem","position":3,"name":"Detergent liquide ammoniaque"}]},{"@type":"WebSite","@id":"https:\/\/staging.hydrachim.fr\/#website","url":"https:\/\/staging.hydrachim.fr\/","name":"Hydrachim","description":"La science de l&#039;hygi\u00e8ne","potentialAction":[{"@type":"SearchAction","target":{"@type":"EntryPoint","urlTemplate":"https:\/\/staging.hydrachim.fr\/?s={search_term_string}"},"query-input":{"@type":"PropertyValueSpecification","valueRequired":true,"valueName":"search_term_string"}}],"inLanguage":"en-US"}]}},"acf":{"fiche_technique":"https:\/\/staging.hydrachim.fr\/app\/uploads\/2019\/09\/FT-0226-DETERGENT-AMMONIAQUE.pdf","fiche_methode":"https:\/\/staging.hydrachim.fr\/app\/uploads\/2019\/09\/0226-LIQUIDE-AMMONIAQUE-CONCENTRE-6-ORLAV-h.pdf"},"_links":{"self":[{"href":"https:\/\/staging.hydrachim.fr\/en\/wp-json\/wp\/v2\/product\/3496","targetHints":{"allow":["GET"]}}],"collection":[{"href":"https:\/\/staging.hydrachim.fr\/en\/wp-json\/wp\/v2\/product"}],"about":[{"href":"https:\/\/staging.hydrachim.fr\/en\/wp-json\/wp\/v2\/types\/product"}],"wp:featuredmedia":[{"embeddable":true,"href":"https:\/\/staging.hydrachim.fr\/en\/wp-json\/wp\/v2\/media\/5362"}],"wp:attachment":[{"href":"https:\/\/staging.hydrachim.fr\/en\/wp-json\/wp\/v2\/media?parent=3496"}],"wp:term":[{"taxonomy":"product_brand","embeddable":true,"href":"https:\/\/staging.hydrachim.fr\/en\/wp-json\/wp\/v2\/product_brand?post=3496"},{"taxonomy":"product_type","embeddable":true,"href":"https:\/\/staging.hydrachim.fr\/en\/wp-json\/wp\/v2\/product_type?post=3496"},{"taxonomy":"product_visibility","embeddable":true,"href":"https:\/\/staging.hydrachim.fr\/en\/wp-json\/wp\/v2\/product_visibility?post=3496"},{"taxonomy":"product_cat","embeddable":true,"href":"https:\/\/staging.hydrachim.fr\/en\/wp-json\/wp\/v2\/product_cat?post=3496"}],"curies":[{"name":"wp","href":"https:\/\/api.w.org\/{rel}","templated":true}]}}