{"id":3498,"date":"2019-08-06T15:50:13","date_gmt":"2019-08-06T13:50:13","guid":{"rendered":"https:\/\/staging.hydrachim.fr\/product\/nettoyant-menage-pin\/"},"modified":"2019-10-11T09:53:53","modified_gmt":"2019-10-11T07:53:53","slug":"nettoyant-menage-pin","status":"publish","type":"product","link":"https:\/\/staging.hydrachim.fr\/en\/produit\/nettoyant-menage-pin\/","title":{"rendered":"Nettoyant m\u00e9nage pin"},"content":{"rendered":"<p><strong>Nettoyant m\u00e9nage pin est un nettoyant polyvalent d\u00e9velopp\u00e9 pour le nettoyage de toutes surfaces lavables tout en laissant un agr\u00e9able parfum Pin.<\/strong><\/p>\n<p>Le Nettoyant m\u00e9nage pin est un produit qui nettoie les sols plastiques, les carrelages, les robinetteries, les carrosseries d&#8217;automobile. Il est \u00e9galement applicable en cuisine sur les sols, les murs ou encore les \u00e9quipements. Le Nettoyant m\u00e9nage pin d\u00e9colle et \u00e9limine totalement les graisses de toutes origines et nettoie sans laisser de traces. Son action est instantan\u00e9e. Il laisse les surfaces brillantes et un agr\u00e9able parfum pin.<\/p>\n<p><strong>Disponible en carton de 4 x 5L. R\u00e9f. 002022801<\/strong><\/p>\n<p class=\"y-product y-product__product-subtitle\">Avantage :<\/p>\n<p>Le Nettoyant m\u00e9nage pin n&#8217;est pas moussant et ne n\u00e9cessite pas de rin\u00e7age.<\/p>\n<p>Retrouvez le mode d&#8217;emploi et le dosage du produit en t\u00e9l\u00e9chargeant, ci-dessous, sa Fiche Technique et\/ou sa Fiche M\u00e9thode.<\/p>\n<p><em>Avant toute utilisation, lisez l&#8217;\u00e9tiquette et les informations concernant le produit.<\/em><\/p>\n","protected":false},"excerpt":{"rendered":"<p>Nettoyant m\u00e9nage pin liquide non moussant<\/p>\n","protected":false},"featured_media":5542,"template":"","meta":[],"product_brand":[],"product_type":[2],"product_visibility":[],"product_cat":[4128,4145,4127],"class_list":{"0":"post-3498","1":"product","2":"type-product","3":"status-publish","4":"has-post-thumbnail","6":"product_cat-solentretien","7":"product_cat-marquesorlav","8":"product_cat-produitssurface-sol","9":"product_tag-liquide","10":"product_tag-nettoyant","11":"product_tag-non-moussant","12":"product_tag-pin","13":"product_tag-surface","14":"product_tag-toutes-surfaces","16":"first","17":"instock","18":"shipping-taxable","19":"product-type-simple"},"yoast_head":"<!-- This site is optimized with the Yoast SEO plugin v24.7 - https:\/\/yoast.com\/wordpress\/plugins\/seo\/ -->\n<title>Nettoyant m\u00e9nage pin - Hydrachim<\/title>\n<meta name=\"robots\" content=\"noindex, follow, max-snippet:-1, max-image-preview:large, max-video-preview:-1\" \/>\n<meta property=\"og:locale\" content=\"en_US\" \/>\n<meta property=\"og:type\" content=\"article\" \/>\n<meta property=\"og:title\" content=\"Nettoyant m\u00e9nage pin - Hydrachim\" \/>\n<meta property=\"og:description\" content=\"Nettoyant m\u00e9nage pin liquide non moussant\" \/>\n<meta property=\"og:url\" content=\"https:\/\/staging.hydrachim.fr\/produit\/nettoyant-menage-pin\/\" \/>\n<meta property=\"og:site_name\" content=\"Hydrachim\" \/>\n<meta property=\"article:modified_time\" content=\"2019-10-11T07:53:53+00:00\" \/>\n<meta property=\"og:image\" content=\"https:\/\/staging.hydrachim.fr\/app\/uploads\/2019\/10\/228_Nettoyant_menage_pin_5L.png\" \/>\n\t<meta property=\"og:image:width\" content=\"600\" \/>\n\t<meta property=\"og:image:height\" content=\"931\" \/>\n\t<meta property=\"og:image:type\" content=\"image\/png\" \/>\n<meta name=\"twitter:card\" content=\"summary_large_image\" \/>\n<meta name=\"twitter:label1\" content=\"Est. reading time\" \/>\n\t<meta name=\"twitter:data1\" content=\"1 minute\" \/>\n<script type=\"application\/ld+json\" class=\"yoast-schema-graph\">{\"@context\":\"https:\/\/schema.org\",\"@graph\":[{\"@type\":\"WebPage\",\"@id\":\"https:\/\/staging.hydrachim.fr\/produit\/nettoyant-menage-pin\/\",\"url\":\"https:\/\/staging.hydrachim.fr\/produit\/nettoyant-menage-pin\/\",\"name\":\"Nettoyant m\u00e9nage pin - Hydrachim\",\"isPartOf\":{\"@id\":\"https:\/\/staging.hydrachim.fr\/#website\"},\"primaryImageOfPage\":{\"@id\":\"https:\/\/staging.hydrachim.fr\/produit\/nettoyant-menage-pin\/#primaryimage\"},\"image\":{\"@id\":\"https:\/\/staging.hydrachim.fr\/produit\/nettoyant-menage-pin\/#primaryimage\"},\"thumbnailUrl\":\"https:\/\/staging.hydrachim.fr\/app\/uploads\/2019\/10\/228_Nettoyant_menage_pin_5L.png\",\"datePublished\":\"2019-08-06T13:50:13+00:00\",\"dateModified\":\"2019-10-11T07:53:53+00:00\",\"breadcrumb\":{\"@id\":\"https:\/\/staging.hydrachim.fr\/produit\/nettoyant-menage-pin\/#breadcrumb\"},\"inLanguage\":\"en-US\",\"potentialAction\":[{\"@type\":\"ReadAction\",\"target\":[\"https:\/\/staging.hydrachim.fr\/produit\/nettoyant-menage-pin\/\"]}]},{\"@type\":\"ImageObject\",\"inLanguage\":\"en-US\",\"@id\":\"https:\/\/staging.hydrachim.fr\/produit\/nettoyant-menage-pin\/#primaryimage\",\"url\":\"https:\/\/staging.hydrachim.fr\/app\/uploads\/2019\/10\/228_Nettoyant_menage_pin_5L.png\",\"contentUrl\":\"https:\/\/staging.hydrachim.fr\/app\/uploads\/2019\/10\/228_Nettoyant_menage_pin_5L.png\",\"width\":600,\"height\":931},{\"@type\":\"BreadcrumbList\",\"@id\":\"https:\/\/staging.hydrachim.fr\/produit\/nettoyant-menage-pin\/#breadcrumb\",\"itemListElement\":[{\"@type\":\"ListItem\",\"position\":1,\"name\":\"Home\",\"item\":\"https:\/\/staging.hydrachim.fr\/en\/\"},{\"@type\":\"ListItem\",\"position\":2,\"name\":\"Shop\",\"item\":\"https:\/\/staging.hydrachim.fr\/en\/shop\/\"},{\"@type\":\"ListItem\",\"position\":3,\"name\":\"Nettoyant m\u00e9nage pin\"}]},{\"@type\":\"WebSite\",\"@id\":\"https:\/\/staging.hydrachim.fr\/#website\",\"url\":\"https:\/\/staging.hydrachim.fr\/\",\"name\":\"Hydrachim\",\"description\":\"La science de l&#039;hygi\u00e8ne\",\"potentialAction\":[{\"@type\":\"SearchAction\",\"target\":{\"@type\":\"EntryPoint\",\"urlTemplate\":\"https:\/\/staging.hydrachim.fr\/?s={search_term_string}\"},\"query-input\":{\"@type\":\"PropertyValueSpecification\",\"valueRequired\":true,\"valueName\":\"search_term_string\"}}],\"inLanguage\":\"en-US\"}]}<\/script>\n<!-- \/ Yoast SEO plugin. -->","yoast_head_json":{"title":"Nettoyant m\u00e9nage pin - Hydrachim","robots":{"index":"noindex","follow":"follow","max-snippet":"max-snippet:-1","max-image-preview":"max-image-preview:large","max-video-preview":"max-video-preview:-1"},"og_locale":"en_US","og_type":"article","og_title":"Nettoyant m\u00e9nage pin - Hydrachim","og_description":"Nettoyant m\u00e9nage pin liquide non moussant","og_url":"https:\/\/staging.hydrachim.fr\/produit\/nettoyant-menage-pin\/","og_site_name":"Hydrachim","article_modified_time":"2019-10-11T07:53:53+00:00","og_image":[{"width":600,"height":931,"url":"https:\/\/staging.hydrachim.fr\/app\/uploads\/2019\/10\/228_Nettoyant_menage_pin_5L.png","type":"image\/png"}],"twitter_card":"summary_large_image","twitter_misc":{"Est. reading time":"1 minute"},"schema":{"@context":"https:\/\/schema.org","@graph":[{"@type":"WebPage","@id":"https:\/\/staging.hydrachim.fr\/produit\/nettoyant-menage-pin\/","url":"https:\/\/staging.hydrachim.fr\/produit\/nettoyant-menage-pin\/","name":"Nettoyant m\u00e9nage pin - Hydrachim","isPartOf":{"@id":"https:\/\/staging.hydrachim.fr\/#website"},"primaryImageOfPage":{"@id":"https:\/\/staging.hydrachim.fr\/produit\/nettoyant-menage-pin\/#primaryimage"},"image":{"@id":"https:\/\/staging.hydrachim.fr\/produit\/nettoyant-menage-pin\/#primaryimage"},"thumbnailUrl":"https:\/\/staging.hydrachim.fr\/app\/uploads\/2019\/10\/228_Nettoyant_menage_pin_5L.png","datePublished":"2019-08-06T13:50:13+00:00","dateModified":"2019-10-11T07:53:53+00:00","breadcrumb":{"@id":"https:\/\/staging.hydrachim.fr\/produit\/nettoyant-menage-pin\/#breadcrumb"},"inLanguage":"en-US","potentialAction":[{"@type":"ReadAction","target":["https:\/\/staging.hydrachim.fr\/produit\/nettoyant-menage-pin\/"]}]},{"@type":"ImageObject","inLanguage":"en-US","@id":"https:\/\/staging.hydrachim.fr\/produit\/nettoyant-menage-pin\/#primaryimage","url":"https:\/\/staging.hydrachim.fr\/app\/uploads\/2019\/10\/228_Nettoyant_menage_pin_5L.png","contentUrl":"https:\/\/staging.hydrachim.fr\/app\/uploads\/2019\/10\/228_Nettoyant_menage_pin_5L.png","width":600,"height":931},{"@type":"BreadcrumbList","@id":"https:\/\/staging.hydrachim.fr\/produit\/nettoyant-menage-pin\/#breadcrumb","itemListElement":[{"@type":"ListItem","position":1,"name":"Home","item":"https:\/\/staging.hydrachim.fr\/en\/"},{"@type":"ListItem","position":2,"name":"Shop","item":"https:\/\/staging.hydrachim.fr\/en\/shop\/"},{"@type":"ListItem","position":3,"name":"Nettoyant m\u00e9nage pin"}]},{"@type":"WebSite","@id":"https:\/\/staging.hydrachim.fr\/#website","url":"https:\/\/staging.hydrachim.fr\/","name":"Hydrachim","description":"La science de l&#039;hygi\u00e8ne","potentialAction":[{"@type":"SearchAction","target":{"@type":"EntryPoint","urlTemplate":"https:\/\/staging.hydrachim.fr\/?s={search_term_string}"},"query-input":{"@type":"PropertyValueSpecification","valueRequired":true,"valueName":"search_term_string"}}],"inLanguage":"en-US"}]}},"acf":{"fiche_technique":"https:\/\/staging.hydrachim.fr\/app\/uploads\/2019\/09\/FT-0228-NETTOYANT-MENAGE-PIN.pdf","fiche_methode":"https:\/\/staging.hydrachim.fr\/app\/uploads\/2019\/09\/0228-MENAGE-PIN-ORLAV-h.pdf"},"_links":{"self":[{"href":"https:\/\/staging.hydrachim.fr\/en\/wp-json\/wp\/v2\/product\/3498","targetHints":{"allow":["GET"]}}],"collection":[{"href":"https:\/\/staging.hydrachim.fr\/en\/wp-json\/wp\/v2\/product"}],"about":[{"href":"https:\/\/staging.hydrachim.fr\/en\/wp-json\/wp\/v2\/types\/product"}],"wp:featuredmedia":[{"embeddable":true,"href":"https:\/\/staging.hydrachim.fr\/en\/wp-json\/wp\/v2\/media\/5542"}],"wp:attachment":[{"href":"https:\/\/staging.hydrachim.fr\/en\/wp-json\/wp\/v2\/media?parent=3498"}],"wp:term":[{"taxonomy":"product_brand","embeddable":true,"href":"https:\/\/staging.hydrachim.fr\/en\/wp-json\/wp\/v2\/product_brand?post=3498"},{"taxonomy":"product_type","embeddable":true,"href":"https:\/\/staging.hydrachim.fr\/en\/wp-json\/wp\/v2\/product_type?post=3498"},{"taxonomy":"product_visibility","embeddable":true,"href":"https:\/\/staging.hydrachim.fr\/en\/wp-json\/wp\/v2\/product_visibility?post=3498"},{"taxonomy":"product_cat","embeddable":true,"href":"https:\/\/staging.hydrachim.fr\/en\/wp-json\/wp\/v2\/product_cat?post=3498"}],"curies":[{"name":"wp","href":"https:\/\/api.w.org\/{rel}","templated":true}]}}