{"id":3500,"date":"2019-08-06T15:50:15","date_gmt":"2019-08-06T13:50:15","guid":{"rendered":"https:\/\/staging.hydrachim.fr\/product\/lessive-universelle\/"},"modified":"2019-10-07T18:00:40","modified_gmt":"2019-10-07T16:00:40","slug":"lessive-universelle","status":"publish","type":"product","link":"https:\/\/staging.hydrachim.fr\/en\/produit\/lessive-universelle\/","title":{"rendered":"Lessive universelle"},"content":{"rendered":"<p><strong>Lessive Universelle en poudre est une lessive atomis\u00e9e d\u00e9velopp\u00e9e pour le lavage en collectivit\u00e9 de tous les textiles et laissant un agr\u00e9able parfum Fra\u00eecheur fleurie.<\/strong><\/p>\n<p>La Lessive Universelle est un produit complet multi usages qui nettoie, d\u00e9tache, parfume le linge et convient \u00e0 tous les textiles (blanc et couleurs). Elle est particuli\u00e8rement adapt\u00e9e aux textiles synth\u00e9tiques et au coton. La Lessive Universelle \u00e9limine les t\u00e2ches de graisse comme la sauce, le chocolat, les fruits, le rouge \u00e0 l\u00e8vres&amp;<br \/>\nLa forte teneur en alcalinit\u00e9 de la Lessive Universelle lui conf\u00e8re un fort pouvoir d\u00e9graissant et s\u00e9questrant.<\/p>\n<p><strong>Disponible en sac de 20 kg. R\u00e9f. 002010102<\/strong><\/p>\n<p class=\"y-product y-product__product-subtitle\">Avantage :<\/p>\n<p>La Lessive Universelle prot\u00e8ge la machine gr\u00e2ce \u00e0 ses propri\u00e9t\u00e9s anti-calcaire. Elle est \u00e9galement sans phosphates.<\/p>\n<p>Retrouvez le mode d&#8217;emploi et le dosage du produit en t\u00e9l\u00e9chargeant, ci-dessous, sa Fiche Technique et\/ou sa Fiche M\u00e9thode.<\/p>\n<p><em>Avant toute utilisation, lisez l&#8217;\u00e9tiquette et les informations concernant le produit.<\/em><\/p>\n","protected":false},"excerpt":{"rendered":"<p>Lessive Universelle en poudre parfum fra\u00eecheur fleurie<\/p>\n","protected":false},"featured_media":5339,"template":"","meta":[],"product_brand":[],"product_type":[2],"product_visibility":[],"product_cat":[4134,4133,4145],"class_list":{"0":"post-3500","1":"product","2":"type-product","3":"status-publish","4":"has-post-thumbnail","6":"product_cat-lingelessive","7":"product_cat-produitslinge","8":"product_cat-marquesorlav","9":"product_tag-atomisee","10":"product_tag-fleuri","11":"product_tag-linge","12":"product_tag-poudre","14":"first","15":"instock","16":"shipping-taxable","17":"product-type-simple"},"yoast_head":"<!-- This site is optimized with the Yoast SEO plugin v24.7 - https:\/\/yoast.com\/wordpress\/plugins\/seo\/ -->\n<title>Lessive universelle - Hydrachim<\/title>\n<meta name=\"robots\" content=\"noindex, follow, max-snippet:-1, max-image-preview:large, max-video-preview:-1\" \/>\n<meta property=\"og:locale\" content=\"en_US\" \/>\n<meta property=\"og:type\" content=\"article\" \/>\n<meta property=\"og:title\" content=\"Lessive universelle - Hydrachim\" \/>\n<meta property=\"og:description\" content=\"Lessive Universelle en poudre parfum fra\u00eecheur fleurie\" \/>\n<meta property=\"og:url\" content=\"https:\/\/staging.hydrachim.fr\/produit\/lessive-universelle\/\" \/>\n<meta property=\"og:site_name\" content=\"Hydrachim\" \/>\n<meta property=\"article:modified_time\" content=\"2019-10-07T16:00:40+00:00\" \/>\n<meta property=\"og:image\" content=\"https:\/\/staging.hydrachim.fr\/app\/uploads\/2019\/10\/0101_ORLAV_UNIVERSELLE_20KG_Recupere.png\" \/>\n\t<meta property=\"og:image:width\" content=\"600\" \/>\n\t<meta property=\"og:image:height\" content=\"894\" \/>\n\t<meta property=\"og:image:type\" content=\"image\/png\" \/>\n<meta name=\"twitter:card\" content=\"summary_large_image\" \/>\n<meta name=\"twitter:label1\" content=\"Est. reading time\" \/>\n\t<meta name=\"twitter:data1\" content=\"1 minute\" \/>\n<script type=\"application\/ld+json\" class=\"yoast-schema-graph\">{\"@context\":\"https:\/\/schema.org\",\"@graph\":[{\"@type\":\"WebPage\",\"@id\":\"https:\/\/staging.hydrachim.fr\/produit\/lessive-universelle\/\",\"url\":\"https:\/\/staging.hydrachim.fr\/produit\/lessive-universelle\/\",\"name\":\"Lessive universelle - Hydrachim\",\"isPartOf\":{\"@id\":\"https:\/\/staging.hydrachim.fr\/#website\"},\"primaryImageOfPage\":{\"@id\":\"https:\/\/staging.hydrachim.fr\/produit\/lessive-universelle\/#primaryimage\"},\"image\":{\"@id\":\"https:\/\/staging.hydrachim.fr\/produit\/lessive-universelle\/#primaryimage\"},\"thumbnailUrl\":\"https:\/\/staging.hydrachim.fr\/app\/uploads\/2019\/10\/0101_ORLAV_UNIVERSELLE_20KG_Recupere.png\",\"datePublished\":\"2019-08-06T13:50:15+00:00\",\"dateModified\":\"2019-10-07T16:00:40+00:00\",\"breadcrumb\":{\"@id\":\"https:\/\/staging.hydrachim.fr\/produit\/lessive-universelle\/#breadcrumb\"},\"inLanguage\":\"en-US\",\"potentialAction\":[{\"@type\":\"ReadAction\",\"target\":[\"https:\/\/staging.hydrachim.fr\/produit\/lessive-universelle\/\"]}]},{\"@type\":\"ImageObject\",\"inLanguage\":\"en-US\",\"@id\":\"https:\/\/staging.hydrachim.fr\/produit\/lessive-universelle\/#primaryimage\",\"url\":\"https:\/\/staging.hydrachim.fr\/app\/uploads\/2019\/10\/0101_ORLAV_UNIVERSELLE_20KG_Recupere.png\",\"contentUrl\":\"https:\/\/staging.hydrachim.fr\/app\/uploads\/2019\/10\/0101_ORLAV_UNIVERSELLE_20KG_Recupere.png\",\"width\":600,\"height\":894},{\"@type\":\"BreadcrumbList\",\"@id\":\"https:\/\/staging.hydrachim.fr\/produit\/lessive-universelle\/#breadcrumb\",\"itemListElement\":[{\"@type\":\"ListItem\",\"position\":1,\"name\":\"Home\",\"item\":\"https:\/\/staging.hydrachim.fr\/en\/\"},{\"@type\":\"ListItem\",\"position\":2,\"name\":\"Shop\",\"item\":\"https:\/\/staging.hydrachim.fr\/en\/shop\/\"},{\"@type\":\"ListItem\",\"position\":3,\"name\":\"Lessive universelle\"}]},{\"@type\":\"WebSite\",\"@id\":\"https:\/\/staging.hydrachim.fr\/#website\",\"url\":\"https:\/\/staging.hydrachim.fr\/\",\"name\":\"Hydrachim\",\"description\":\"La science de l&#039;hygi\u00e8ne\",\"potentialAction\":[{\"@type\":\"SearchAction\",\"target\":{\"@type\":\"EntryPoint\",\"urlTemplate\":\"https:\/\/staging.hydrachim.fr\/?s={search_term_string}\"},\"query-input\":{\"@type\":\"PropertyValueSpecification\",\"valueRequired\":true,\"valueName\":\"search_term_string\"}}],\"inLanguage\":\"en-US\"}]}<\/script>\n<!-- \/ Yoast SEO plugin. -->","yoast_head_json":{"title":"Lessive universelle - Hydrachim","robots":{"index":"noindex","follow":"follow","max-snippet":"max-snippet:-1","max-image-preview":"max-image-preview:large","max-video-preview":"max-video-preview:-1"},"og_locale":"en_US","og_type":"article","og_title":"Lessive universelle - Hydrachim","og_description":"Lessive Universelle en poudre parfum fra\u00eecheur fleurie","og_url":"https:\/\/staging.hydrachim.fr\/produit\/lessive-universelle\/","og_site_name":"Hydrachim","article_modified_time":"2019-10-07T16:00:40+00:00","og_image":[{"width":600,"height":894,"url":"https:\/\/staging.hydrachim.fr\/app\/uploads\/2019\/10\/0101_ORLAV_UNIVERSELLE_20KG_Recupere.png","type":"image\/png"}],"twitter_card":"summary_large_image","twitter_misc":{"Est. reading time":"1 minute"},"schema":{"@context":"https:\/\/schema.org","@graph":[{"@type":"WebPage","@id":"https:\/\/staging.hydrachim.fr\/produit\/lessive-universelle\/","url":"https:\/\/staging.hydrachim.fr\/produit\/lessive-universelle\/","name":"Lessive universelle - Hydrachim","isPartOf":{"@id":"https:\/\/staging.hydrachim.fr\/#website"},"primaryImageOfPage":{"@id":"https:\/\/staging.hydrachim.fr\/produit\/lessive-universelle\/#primaryimage"},"image":{"@id":"https:\/\/staging.hydrachim.fr\/produit\/lessive-universelle\/#primaryimage"},"thumbnailUrl":"https:\/\/staging.hydrachim.fr\/app\/uploads\/2019\/10\/0101_ORLAV_UNIVERSELLE_20KG_Recupere.png","datePublished":"2019-08-06T13:50:15+00:00","dateModified":"2019-10-07T16:00:40+00:00","breadcrumb":{"@id":"https:\/\/staging.hydrachim.fr\/produit\/lessive-universelle\/#breadcrumb"},"inLanguage":"en-US","potentialAction":[{"@type":"ReadAction","target":["https:\/\/staging.hydrachim.fr\/produit\/lessive-universelle\/"]}]},{"@type":"ImageObject","inLanguage":"en-US","@id":"https:\/\/staging.hydrachim.fr\/produit\/lessive-universelle\/#primaryimage","url":"https:\/\/staging.hydrachim.fr\/app\/uploads\/2019\/10\/0101_ORLAV_UNIVERSELLE_20KG_Recupere.png","contentUrl":"https:\/\/staging.hydrachim.fr\/app\/uploads\/2019\/10\/0101_ORLAV_UNIVERSELLE_20KG_Recupere.png","width":600,"height":894},{"@type":"BreadcrumbList","@id":"https:\/\/staging.hydrachim.fr\/produit\/lessive-universelle\/#breadcrumb","itemListElement":[{"@type":"ListItem","position":1,"name":"Home","item":"https:\/\/staging.hydrachim.fr\/en\/"},{"@type":"ListItem","position":2,"name":"Shop","item":"https:\/\/staging.hydrachim.fr\/en\/shop\/"},{"@type":"ListItem","position":3,"name":"Lessive universelle"}]},{"@type":"WebSite","@id":"https:\/\/staging.hydrachim.fr\/#website","url":"https:\/\/staging.hydrachim.fr\/","name":"Hydrachim","description":"La science de l&#039;hygi\u00e8ne","potentialAction":[{"@type":"SearchAction","target":{"@type":"EntryPoint","urlTemplate":"https:\/\/staging.hydrachim.fr\/?s={search_term_string}"},"query-input":{"@type":"PropertyValueSpecification","valueRequired":true,"valueName":"search_term_string"}}],"inLanguage":"en-US"}]}},"acf":{"fiche_technique":"https:\/\/staging.hydrachim.fr\/app\/uploads\/2019\/09\/FT-Orlav-Lessive-Universelle.pdf","fiche_methode":"https:\/\/staging.hydrachim.fr\/app\/uploads\/2019\/09\/-1"},"_links":{"self":[{"href":"https:\/\/staging.hydrachim.fr\/en\/wp-json\/wp\/v2\/product\/3500","targetHints":{"allow":["GET"]}}],"collection":[{"href":"https:\/\/staging.hydrachim.fr\/en\/wp-json\/wp\/v2\/product"}],"about":[{"href":"https:\/\/staging.hydrachim.fr\/en\/wp-json\/wp\/v2\/types\/product"}],"wp:featuredmedia":[{"embeddable":true,"href":"https:\/\/staging.hydrachim.fr\/en\/wp-json\/wp\/v2\/media\/5339"}],"wp:attachment":[{"href":"https:\/\/staging.hydrachim.fr\/en\/wp-json\/wp\/v2\/media?parent=3500"}],"wp:term":[{"taxonomy":"product_brand","embeddable":true,"href":"https:\/\/staging.hydrachim.fr\/en\/wp-json\/wp\/v2\/product_brand?post=3500"},{"taxonomy":"product_type","embeddable":true,"href":"https:\/\/staging.hydrachim.fr\/en\/wp-json\/wp\/v2\/product_type?post=3500"},{"taxonomy":"product_visibility","embeddable":true,"href":"https:\/\/staging.hydrachim.fr\/en\/wp-json\/wp\/v2\/product_visibility?post=3500"},{"taxonomy":"product_cat","embeddable":true,"href":"https:\/\/staging.hydrachim.fr\/en\/wp-json\/wp\/v2\/product_cat?post=3500"}],"curies":[{"name":"wp","href":"https:\/\/api.w.org\/{rel}","templated":true}]}}