{"id":3503,"date":"2019-08-06T15:50:17","date_gmt":"2019-08-06T13:50:17","guid":{"rendered":"https:\/\/staging.hydrachim.fr\/product\/lessive-liquide-special-doseur-automatique\/"},"modified":"2019-10-11T08:52:14","modified_gmt":"2019-10-11T06:52:14","slug":"lessive-liquide-special-doseur-automatique","status":"publish","type":"product","link":"https:\/\/staging.hydrachim.fr\/en\/produit\/lessive-liquide-special-doseur-automatique\/","title":{"rendered":"Lessive liquide sp\u00e9cial doseur automatique"},"content":{"rendered":"<p><strong>Lessive liquide sp\u00e9cial doseur automatique est un produit d\u00e9velopp\u00e9 pour le lavage du linge sp\u00e9cialement \u00e9tudi\u00e9 pour les syst\u00e8mes avec pompe industrielle et laissant un agr\u00e9able parfum Lavande.<\/strong><\/p>\n<p>La Lessive liquide sp\u00e9cial doseur automatique est un produit qui nettoie, d\u00e9tache, parfume le linge et convient \u00e0 tous les textiles. C&#8217;est une lessive concentr\u00e9e en agents tensio actifs pour un lavage d&#8217;une grande efficacit\u00e9.<br \/>\nLa formule enzymatique de la Lessive liquide sp\u00e9cial doseur automatique la rend efficace d\u00e8s 40\u00b0C. De plus, sa formule est sans phosphates.\n<\/p>\n<p><strong>Disponible en :<br \/>\n&#8211; Carton de 4 x 5L. R\u00e9f. 002028201<br \/>\n&#8211; Bidon de 20L. R\u00e9f. 002028202<\/strong><\/p>\n<p class=\"y-product y-product__product-subtitle\">Avantage :<\/p>\n<p>La Lessive liquide sp\u00e9cial doseur automatique a une formule liquide pour le passage en douceur. Et une formule enzymatique pour plus d&#8217;efficacit\u00e9.<\/p>\n<p>Retrouvez le mode d&#8217;emploi et le dosage du produit en t\u00e9l\u00e9chargeant, ci-dessous, sa Fiche Technique et\/ou sa Fiche M\u00e9thode.<\/p>\n<p><em>Avant toute utilisation, lisez l&#8217;\u00e9tiquette et les informations concernant le produit.<\/em><\/p>\n","protected":false},"excerpt":{"rendered":"<p>Lessive liquide sp\u00e9cial doseur automatique parfum Lavande<\/p>\n","protected":false},"featured_media":5504,"template":"","meta":[],"product_brand":[],"product_type":[2],"product_visibility":[],"product_cat":[4134,4133,4145],"class_list":{"0":"post-3503","1":"product","2":"type-product","3":"status-publish","4":"has-post-thumbnail","6":"product_cat-lingelessive","7":"product_cat-produitslinge","8":"product_cat-marquesorlav","9":"product_tag-lavande","10":"product_tag-linge","11":"product_tag-liquide","13":"first","14":"instock","15":"shipping-taxable","16":"product-type-simple"},"yoast_head":"<!-- This site is optimized with the Yoast SEO plugin v24.7 - https:\/\/yoast.com\/wordpress\/plugins\/seo\/ -->\n<title>Lessive liquide sp\u00e9cial doseur automatique - Hydrachim<\/title>\n<meta name=\"robots\" content=\"noindex, follow, max-snippet:-1, max-image-preview:large, max-video-preview:-1\" \/>\n<meta property=\"og:locale\" content=\"en_US\" \/>\n<meta property=\"og:type\" content=\"article\" \/>\n<meta property=\"og:title\" content=\"Lessive liquide sp\u00e9cial doseur automatique - Hydrachim\" \/>\n<meta property=\"og:description\" content=\"Lessive liquide sp\u00e9cial doseur automatique parfum Lavande\" \/>\n<meta property=\"og:url\" content=\"https:\/\/staging.hydrachim.fr\/produit\/lessive-liquide-special-doseur-automatique\/\" \/>\n<meta property=\"og:site_name\" content=\"Hydrachim\" \/>\n<meta property=\"article:modified_time\" content=\"2019-10-11T06:52:14+00:00\" \/>\n<meta property=\"og:image\" content=\"https:\/\/staging.hydrachim.fr\/app\/uploads\/2019\/10\/0282_Lessive_liquide_tout_textile_Doseur_5L.png\" \/>\n\t<meta property=\"og:image:width\" content=\"600\" \/>\n\t<meta property=\"og:image:height\" content=\"940\" \/>\n\t<meta property=\"og:image:type\" content=\"image\/png\" \/>\n<meta name=\"twitter:card\" content=\"summary_large_image\" \/>\n<meta name=\"twitter:label1\" content=\"Est. reading time\" \/>\n\t<meta name=\"twitter:data1\" content=\"1 minute\" \/>\n<script type=\"application\/ld+json\" class=\"yoast-schema-graph\">{\"@context\":\"https:\/\/schema.org\",\"@graph\":[{\"@type\":\"WebPage\",\"@id\":\"https:\/\/staging.hydrachim.fr\/produit\/lessive-liquide-special-doseur-automatique\/\",\"url\":\"https:\/\/staging.hydrachim.fr\/produit\/lessive-liquide-special-doseur-automatique\/\",\"name\":\"Lessive liquide sp\u00e9cial doseur automatique - Hydrachim\",\"isPartOf\":{\"@id\":\"https:\/\/staging.hydrachim.fr\/#website\"},\"primaryImageOfPage\":{\"@id\":\"https:\/\/staging.hydrachim.fr\/produit\/lessive-liquide-special-doseur-automatique\/#primaryimage\"},\"image\":{\"@id\":\"https:\/\/staging.hydrachim.fr\/produit\/lessive-liquide-special-doseur-automatique\/#primaryimage\"},\"thumbnailUrl\":\"https:\/\/staging.hydrachim.fr\/app\/uploads\/2019\/10\/0282_Lessive_liquide_tout_textile_Doseur_5L.png\",\"datePublished\":\"2019-08-06T13:50:17+00:00\",\"dateModified\":\"2019-10-11T06:52:14+00:00\",\"breadcrumb\":{\"@id\":\"https:\/\/staging.hydrachim.fr\/produit\/lessive-liquide-special-doseur-automatique\/#breadcrumb\"},\"inLanguage\":\"en-US\",\"potentialAction\":[{\"@type\":\"ReadAction\",\"target\":[\"https:\/\/staging.hydrachim.fr\/produit\/lessive-liquide-special-doseur-automatique\/\"]}]},{\"@type\":\"ImageObject\",\"inLanguage\":\"en-US\",\"@id\":\"https:\/\/staging.hydrachim.fr\/produit\/lessive-liquide-special-doseur-automatique\/#primaryimage\",\"url\":\"https:\/\/staging.hydrachim.fr\/app\/uploads\/2019\/10\/0282_Lessive_liquide_tout_textile_Doseur_5L.png\",\"contentUrl\":\"https:\/\/staging.hydrachim.fr\/app\/uploads\/2019\/10\/0282_Lessive_liquide_tout_textile_Doseur_5L.png\",\"width\":600,\"height\":940},{\"@type\":\"BreadcrumbList\",\"@id\":\"https:\/\/staging.hydrachim.fr\/produit\/lessive-liquide-special-doseur-automatique\/#breadcrumb\",\"itemListElement\":[{\"@type\":\"ListItem\",\"position\":1,\"name\":\"Home\",\"item\":\"https:\/\/staging.hydrachim.fr\/en\/\"},{\"@type\":\"ListItem\",\"position\":2,\"name\":\"Shop\",\"item\":\"https:\/\/staging.hydrachim.fr\/en\/shop\/\"},{\"@type\":\"ListItem\",\"position\":3,\"name\":\"Lessive liquide sp\u00e9cial doseur automatique\"}]},{\"@type\":\"WebSite\",\"@id\":\"https:\/\/staging.hydrachim.fr\/#website\",\"url\":\"https:\/\/staging.hydrachim.fr\/\",\"name\":\"Hydrachim\",\"description\":\"La science de l&#039;hygi\u00e8ne\",\"potentialAction\":[{\"@type\":\"SearchAction\",\"target\":{\"@type\":\"EntryPoint\",\"urlTemplate\":\"https:\/\/staging.hydrachim.fr\/?s={search_term_string}\"},\"query-input\":{\"@type\":\"PropertyValueSpecification\",\"valueRequired\":true,\"valueName\":\"search_term_string\"}}],\"inLanguage\":\"en-US\"}]}<\/script>\n<!-- \/ Yoast SEO plugin. -->","yoast_head_json":{"title":"Lessive liquide sp\u00e9cial doseur automatique - Hydrachim","robots":{"index":"noindex","follow":"follow","max-snippet":"max-snippet:-1","max-image-preview":"max-image-preview:large","max-video-preview":"max-video-preview:-1"},"og_locale":"en_US","og_type":"article","og_title":"Lessive liquide sp\u00e9cial doseur automatique - Hydrachim","og_description":"Lessive liquide sp\u00e9cial doseur automatique parfum Lavande","og_url":"https:\/\/staging.hydrachim.fr\/produit\/lessive-liquide-special-doseur-automatique\/","og_site_name":"Hydrachim","article_modified_time":"2019-10-11T06:52:14+00:00","og_image":[{"width":600,"height":940,"url":"https:\/\/staging.hydrachim.fr\/app\/uploads\/2019\/10\/0282_Lessive_liquide_tout_textile_Doseur_5L.png","type":"image\/png"}],"twitter_card":"summary_large_image","twitter_misc":{"Est. reading time":"1 minute"},"schema":{"@context":"https:\/\/schema.org","@graph":[{"@type":"WebPage","@id":"https:\/\/staging.hydrachim.fr\/produit\/lessive-liquide-special-doseur-automatique\/","url":"https:\/\/staging.hydrachim.fr\/produit\/lessive-liquide-special-doseur-automatique\/","name":"Lessive liquide sp\u00e9cial doseur automatique - Hydrachim","isPartOf":{"@id":"https:\/\/staging.hydrachim.fr\/#website"},"primaryImageOfPage":{"@id":"https:\/\/staging.hydrachim.fr\/produit\/lessive-liquide-special-doseur-automatique\/#primaryimage"},"image":{"@id":"https:\/\/staging.hydrachim.fr\/produit\/lessive-liquide-special-doseur-automatique\/#primaryimage"},"thumbnailUrl":"https:\/\/staging.hydrachim.fr\/app\/uploads\/2019\/10\/0282_Lessive_liquide_tout_textile_Doseur_5L.png","datePublished":"2019-08-06T13:50:17+00:00","dateModified":"2019-10-11T06:52:14+00:00","breadcrumb":{"@id":"https:\/\/staging.hydrachim.fr\/produit\/lessive-liquide-special-doseur-automatique\/#breadcrumb"},"inLanguage":"en-US","potentialAction":[{"@type":"ReadAction","target":["https:\/\/staging.hydrachim.fr\/produit\/lessive-liquide-special-doseur-automatique\/"]}]},{"@type":"ImageObject","inLanguage":"en-US","@id":"https:\/\/staging.hydrachim.fr\/produit\/lessive-liquide-special-doseur-automatique\/#primaryimage","url":"https:\/\/staging.hydrachim.fr\/app\/uploads\/2019\/10\/0282_Lessive_liquide_tout_textile_Doseur_5L.png","contentUrl":"https:\/\/staging.hydrachim.fr\/app\/uploads\/2019\/10\/0282_Lessive_liquide_tout_textile_Doseur_5L.png","width":600,"height":940},{"@type":"BreadcrumbList","@id":"https:\/\/staging.hydrachim.fr\/produit\/lessive-liquide-special-doseur-automatique\/#breadcrumb","itemListElement":[{"@type":"ListItem","position":1,"name":"Home","item":"https:\/\/staging.hydrachim.fr\/en\/"},{"@type":"ListItem","position":2,"name":"Shop","item":"https:\/\/staging.hydrachim.fr\/en\/shop\/"},{"@type":"ListItem","position":3,"name":"Lessive liquide sp\u00e9cial doseur automatique"}]},{"@type":"WebSite","@id":"https:\/\/staging.hydrachim.fr\/#website","url":"https:\/\/staging.hydrachim.fr\/","name":"Hydrachim","description":"La science de l&#039;hygi\u00e8ne","potentialAction":[{"@type":"SearchAction","target":{"@type":"EntryPoint","urlTemplate":"https:\/\/staging.hydrachim.fr\/?s={search_term_string}"},"query-input":{"@type":"PropertyValueSpecification","valueRequired":true,"valueName":"search_term_string"}}],"inLanguage":"en-US"}]}},"acf":{"fiche_technique":"https:\/\/staging.hydrachim.fr\/app\/uploads\/2019\/09\/FT-282-LESSIVE-LIQUIDE-TOUS-TEXTILES.pdf","fiche_methode":"https:\/\/staging.hydrachim.fr\/app\/uploads\/2019\/09\/0282-LESSIVE-LIQUIDE-TOUS-TEXTILES-SPECIAL-DOSEUR-ORLAV-h.pdf"},"_links":{"self":[{"href":"https:\/\/staging.hydrachim.fr\/en\/wp-json\/wp\/v2\/product\/3503","targetHints":{"allow":["GET"]}}],"collection":[{"href":"https:\/\/staging.hydrachim.fr\/en\/wp-json\/wp\/v2\/product"}],"about":[{"href":"https:\/\/staging.hydrachim.fr\/en\/wp-json\/wp\/v2\/types\/product"}],"wp:featuredmedia":[{"embeddable":true,"href":"https:\/\/staging.hydrachim.fr\/en\/wp-json\/wp\/v2\/media\/5504"}],"wp:attachment":[{"href":"https:\/\/staging.hydrachim.fr\/en\/wp-json\/wp\/v2\/media?parent=3503"}],"wp:term":[{"taxonomy":"product_brand","embeddable":true,"href":"https:\/\/staging.hydrachim.fr\/en\/wp-json\/wp\/v2\/product_brand?post=3503"},{"taxonomy":"product_type","embeddable":true,"href":"https:\/\/staging.hydrachim.fr\/en\/wp-json\/wp\/v2\/product_type?post=3503"},{"taxonomy":"product_visibility","embeddable":true,"href":"https:\/\/staging.hydrachim.fr\/en\/wp-json\/wp\/v2\/product_visibility?post=3503"},{"taxonomy":"product_cat","embeddable":true,"href":"https:\/\/staging.hydrachim.fr\/en\/wp-json\/wp\/v2\/product_cat?post=3503"}],"curies":[{"name":"wp","href":"https:\/\/api.w.org\/{rel}","templated":true}]}}