{"id":3505,"date":"2019-08-06T15:50:19","date_gmt":"2019-08-06T13:50:19","guid":{"rendered":"https:\/\/staging.hydrachim.fr\/product\/gel-douche-corps-et-cheveux-orlav\/"},"modified":"2019-10-11T14:27:27","modified_gmt":"2019-10-11T12:27:27","slug":"gel-douche-corps-et-cheveux-orlav","status":"publish","type":"product","link":"https:\/\/staging.hydrachim.fr\/en\/produit\/gel-douche-corps-et-cheveux-orlav\/","title":{"rendered":"Gel douche corps &amp; cheveux"},"content":{"rendered":"<p><strong>Gel douche corps et cheveux est un gel doux d\u00e9velopp\u00e9 pour le lavage quotidien du corps et des cheveux et laissant un agr\u00e9able parfum Bouquet floral l\u00e9g\u00e8rement fruit\u00e9.<\/strong><\/p>\n<p>Le Gel douche corps et cheveux est un gel qui lave efficacement et laisse un l\u00e9ger parfum. Le Gel douche corps et cheveux a un pH neutre.\n<\/p>\n<p><strong>Disponible en :<br \/>\n&#8211; Carton de 12 x 500ml. R\u00e9f. 002038110<br \/>\n&#8211; Carton de 12 x 1L. R\u00e9f. 002038104<br \/>\n&#8211; Carton de 4 x 5L. R\u00e9f. 002038103<\/strong><\/p>\n<p class=\"y-product y-product__product-subtitle\">Avantage :<\/p>\n<p>La formule hydratante du Gel douche corps et cheveux permet un usage quotidien.<\/p>\n<p>Retrouvez le mode d&#8217;emploi et le dosage du produit en t\u00e9l\u00e9chargeant, ci-dessous, sa Fiche Technique et\/ou sa Fiche M\u00e9thode.<\/p>\n<p><em>Avant toute utilisation, lisez l&#8217;\u00e9tiquette et les informations concernant le produit.<\/em><\/p>\n","protected":false},"excerpt":{"rendered":"<p>Gel cr\u00e9meux pour le lavage quotidien du corps et des cheveux.<br \/>\nParfum l\u00e9ger et enveloppant.<\/p>\n","protected":false},"featured_media":4728,"template":"","meta":[],"product_brand":[],"product_type":[2],"product_visibility":[],"product_cat":[4139,4137,4145],"class_list":{"0":"post-3505","1":"product","2":"type-product","3":"status-publish","4":"has-post-thumbnail","6":"product_cat-mains-corpscorps-cheveux","7":"product_cat-produitsmains-corps","8":"product_cat-marquesorlav","9":"product_tag-cheveux","10":"product_tag-floral","11":"product_tag-fruite","12":"product_tag-gel","13":"product_tag-lavage","14":"product_tag-neutre","16":"first","17":"instock","18":"shipping-taxable","19":"product-type-simple"},"yoast_head":"<!-- This site is optimized with the Yoast SEO plugin v24.7 - https:\/\/yoast.com\/wordpress\/plugins\/seo\/ -->\n<title>Gel douche corps &amp; cheveux - Hydrachim<\/title>\n<meta name=\"robots\" content=\"noindex, follow, max-snippet:-1, max-image-preview:large, max-video-preview:-1\" \/>\n<meta property=\"og:locale\" content=\"en_US\" \/>\n<meta property=\"og:type\" content=\"article\" \/>\n<meta property=\"og:title\" content=\"Gel douche corps &amp; cheveux - Hydrachim\" \/>\n<meta property=\"og:description\" content=\"Gel cr\u00e9meux pour le lavage quotidien du corps et des cheveux. Parfum l\u00e9ger et enveloppant.\" \/>\n<meta property=\"og:url\" content=\"https:\/\/staging.hydrachim.fr\/produit\/gel-douche-corps-et-cheveux-orlav\/\" \/>\n<meta property=\"og:site_name\" content=\"Hydrachim\" \/>\n<meta property=\"article:modified_time\" content=\"2019-10-11T12:27:27+00:00\" \/>\n<meta property=\"og:image\" content=\"https:\/\/staging.hydrachim.fr\/app\/uploads\/2019\/09\/0381-1L-Gel-douche.png\" \/>\n\t<meta property=\"og:image:width\" content=\"600\" \/>\n\t<meta property=\"og:image:height\" content=\"429\" \/>\n\t<meta property=\"og:image:type\" content=\"image\/png\" \/>\n<meta name=\"twitter:card\" content=\"summary_large_image\" \/>\n<meta name=\"twitter:label1\" content=\"Est. reading time\" \/>\n\t<meta name=\"twitter:data1\" content=\"1 minute\" \/>\n<script type=\"application\/ld+json\" class=\"yoast-schema-graph\">{\"@context\":\"https:\/\/schema.org\",\"@graph\":[{\"@type\":\"WebPage\",\"@id\":\"https:\/\/staging.hydrachim.fr\/produit\/gel-douche-corps-et-cheveux-orlav\/\",\"url\":\"https:\/\/staging.hydrachim.fr\/produit\/gel-douche-corps-et-cheveux-orlav\/\",\"name\":\"Gel douche corps &amp; cheveux - Hydrachim\",\"isPartOf\":{\"@id\":\"https:\/\/staging.hydrachim.fr\/#website\"},\"primaryImageOfPage\":{\"@id\":\"https:\/\/staging.hydrachim.fr\/produit\/gel-douche-corps-et-cheveux-orlav\/#primaryimage\"},\"image\":{\"@id\":\"https:\/\/staging.hydrachim.fr\/produit\/gel-douche-corps-et-cheveux-orlav\/#primaryimage\"},\"thumbnailUrl\":\"https:\/\/staging.hydrachim.fr\/app\/uploads\/2019\/09\/0381-1L-Gel-douche.png\",\"datePublished\":\"2019-08-06T13:50:19+00:00\",\"dateModified\":\"2019-10-11T12:27:27+00:00\",\"breadcrumb\":{\"@id\":\"https:\/\/staging.hydrachim.fr\/produit\/gel-douche-corps-et-cheveux-orlav\/#breadcrumb\"},\"inLanguage\":\"en-US\",\"potentialAction\":[{\"@type\":\"ReadAction\",\"target\":[\"https:\/\/staging.hydrachim.fr\/produit\/gel-douche-corps-et-cheveux-orlav\/\"]}]},{\"@type\":\"ImageObject\",\"inLanguage\":\"en-US\",\"@id\":\"https:\/\/staging.hydrachim.fr\/produit\/gel-douche-corps-et-cheveux-orlav\/#primaryimage\",\"url\":\"https:\/\/staging.hydrachim.fr\/app\/uploads\/2019\/09\/0381-1L-Gel-douche.png\",\"contentUrl\":\"https:\/\/staging.hydrachim.fr\/app\/uploads\/2019\/09\/0381-1L-Gel-douche.png\",\"width\":600,\"height\":429},{\"@type\":\"BreadcrumbList\",\"@id\":\"https:\/\/staging.hydrachim.fr\/produit\/gel-douche-corps-et-cheveux-orlav\/#breadcrumb\",\"itemListElement\":[{\"@type\":\"ListItem\",\"position\":1,\"name\":\"Home\",\"item\":\"https:\/\/staging.hydrachim.fr\/en\/\"},{\"@type\":\"ListItem\",\"position\":2,\"name\":\"Shop\",\"item\":\"https:\/\/staging.hydrachim.fr\/en\/shop\/\"},{\"@type\":\"ListItem\",\"position\":3,\"name\":\"Gel douche corps &amp; cheveux\"}]},{\"@type\":\"WebSite\",\"@id\":\"https:\/\/staging.hydrachim.fr\/#website\",\"url\":\"https:\/\/staging.hydrachim.fr\/\",\"name\":\"Hydrachim\",\"description\":\"La science de l&#039;hygi\u00e8ne\",\"potentialAction\":[{\"@type\":\"SearchAction\",\"target\":{\"@type\":\"EntryPoint\",\"urlTemplate\":\"https:\/\/staging.hydrachim.fr\/?s={search_term_string}\"},\"query-input\":{\"@type\":\"PropertyValueSpecification\",\"valueRequired\":true,\"valueName\":\"search_term_string\"}}],\"inLanguage\":\"en-US\"}]}<\/script>\n<!-- \/ Yoast SEO plugin. -->","yoast_head_json":{"title":"Gel douche corps &amp; cheveux - Hydrachim","robots":{"index":"noindex","follow":"follow","max-snippet":"max-snippet:-1","max-image-preview":"max-image-preview:large","max-video-preview":"max-video-preview:-1"},"og_locale":"en_US","og_type":"article","og_title":"Gel douche corps &amp; cheveux - Hydrachim","og_description":"Gel cr\u00e9meux pour le lavage quotidien du corps et des cheveux. Parfum l\u00e9ger et enveloppant.","og_url":"https:\/\/staging.hydrachim.fr\/produit\/gel-douche-corps-et-cheveux-orlav\/","og_site_name":"Hydrachim","article_modified_time":"2019-10-11T12:27:27+00:00","og_image":[{"width":600,"height":429,"url":"https:\/\/staging.hydrachim.fr\/app\/uploads\/2019\/09\/0381-1L-Gel-douche.png","type":"image\/png"}],"twitter_card":"summary_large_image","twitter_misc":{"Est. reading time":"1 minute"},"schema":{"@context":"https:\/\/schema.org","@graph":[{"@type":"WebPage","@id":"https:\/\/staging.hydrachim.fr\/produit\/gel-douche-corps-et-cheveux-orlav\/","url":"https:\/\/staging.hydrachim.fr\/produit\/gel-douche-corps-et-cheveux-orlav\/","name":"Gel douche corps &amp; cheveux - Hydrachim","isPartOf":{"@id":"https:\/\/staging.hydrachim.fr\/#website"},"primaryImageOfPage":{"@id":"https:\/\/staging.hydrachim.fr\/produit\/gel-douche-corps-et-cheveux-orlav\/#primaryimage"},"image":{"@id":"https:\/\/staging.hydrachim.fr\/produit\/gel-douche-corps-et-cheveux-orlav\/#primaryimage"},"thumbnailUrl":"https:\/\/staging.hydrachim.fr\/app\/uploads\/2019\/09\/0381-1L-Gel-douche.png","datePublished":"2019-08-06T13:50:19+00:00","dateModified":"2019-10-11T12:27:27+00:00","breadcrumb":{"@id":"https:\/\/staging.hydrachim.fr\/produit\/gel-douche-corps-et-cheveux-orlav\/#breadcrumb"},"inLanguage":"en-US","potentialAction":[{"@type":"ReadAction","target":["https:\/\/staging.hydrachim.fr\/produit\/gel-douche-corps-et-cheveux-orlav\/"]}]},{"@type":"ImageObject","inLanguage":"en-US","@id":"https:\/\/staging.hydrachim.fr\/produit\/gel-douche-corps-et-cheveux-orlav\/#primaryimage","url":"https:\/\/staging.hydrachim.fr\/app\/uploads\/2019\/09\/0381-1L-Gel-douche.png","contentUrl":"https:\/\/staging.hydrachim.fr\/app\/uploads\/2019\/09\/0381-1L-Gel-douche.png","width":600,"height":429},{"@type":"BreadcrumbList","@id":"https:\/\/staging.hydrachim.fr\/produit\/gel-douche-corps-et-cheveux-orlav\/#breadcrumb","itemListElement":[{"@type":"ListItem","position":1,"name":"Home","item":"https:\/\/staging.hydrachim.fr\/en\/"},{"@type":"ListItem","position":2,"name":"Shop","item":"https:\/\/staging.hydrachim.fr\/en\/shop\/"},{"@type":"ListItem","position":3,"name":"Gel douche corps &amp; cheveux"}]},{"@type":"WebSite","@id":"https:\/\/staging.hydrachim.fr\/#website","url":"https:\/\/staging.hydrachim.fr\/","name":"Hydrachim","description":"La science de l&#039;hygi\u00e8ne","potentialAction":[{"@type":"SearchAction","target":{"@type":"EntryPoint","urlTemplate":"https:\/\/staging.hydrachim.fr\/?s={search_term_string}"},"query-input":{"@type":"PropertyValueSpecification","valueRequired":true,"valueName":"search_term_string"}}],"inLanguage":"en-US"}]}},"acf":{"fiche_technique":"https:\/\/staging.hydrachim.fr\/app\/uploads\/2019\/09\/FT-0381-GEL-DOUCHE-CORPS-ET-CHEVEUX.pdf","fiche_methode":"https:\/\/staging.hydrachim.fr\/app\/uploads\/2019\/09\/0381-GEL-DOUCHE-CORPS-ET-CHEVEUX-ORLAV-h.pdf"},"_links":{"self":[{"href":"https:\/\/staging.hydrachim.fr\/en\/wp-json\/wp\/v2\/product\/3505","targetHints":{"allow":["GET"]}}],"collection":[{"href":"https:\/\/staging.hydrachim.fr\/en\/wp-json\/wp\/v2\/product"}],"about":[{"href":"https:\/\/staging.hydrachim.fr\/en\/wp-json\/wp\/v2\/types\/product"}],"wp:featuredmedia":[{"embeddable":true,"href":"https:\/\/staging.hydrachim.fr\/en\/wp-json\/wp\/v2\/media\/4728"}],"wp:attachment":[{"href":"https:\/\/staging.hydrachim.fr\/en\/wp-json\/wp\/v2\/media?parent=3505"}],"wp:term":[{"taxonomy":"product_brand","embeddable":true,"href":"https:\/\/staging.hydrachim.fr\/en\/wp-json\/wp\/v2\/product_brand?post=3505"},{"taxonomy":"product_type","embeddable":true,"href":"https:\/\/staging.hydrachim.fr\/en\/wp-json\/wp\/v2\/product_type?post=3505"},{"taxonomy":"product_visibility","embeddable":true,"href":"https:\/\/staging.hydrachim.fr\/en\/wp-json\/wp\/v2\/product_visibility?post=3505"},{"taxonomy":"product_cat","embeddable":true,"href":"https:\/\/staging.hydrachim.fr\/en\/wp-json\/wp\/v2\/product_cat?post=3505"}],"curies":[{"name":"wp","href":"https:\/\/api.w.org\/{rel}","templated":true}]}}