{"id":3506,"date":"2019-08-06T15:50:20","date_gmt":"2019-08-06T13:50:20","guid":{"rendered":"https:\/\/staging.hydrachim.fr\/product\/nettoyant-sanitaire-4-en-1\/"},"modified":"2019-10-11T09:32:20","modified_gmt":"2019-10-11T07:32:20","slug":"nettoyant-sanitaire-4-en-1","status":"publish","type":"product","link":"https:\/\/staging.hydrachim.fr\/en\/produit\/nettoyant-sanitaire-4-en-1\/","title":{"rendered":"Nettoyant sanitaire 4 en 1"},"content":{"rendered":"<p><strong>Nettoyant sanitaire 4 en 1 est un produit d&#8217;hygi\u00e8ne d\u00e9velopp\u00e9 pour le nettoyage, le d\u00e9tartrage, la d\u00e9sinfection et la d\u00e9sodorisation des sanitaires tout en laissant un agr\u00e9able parfum Floral.<\/strong><\/p>\n<p>Le Nettoyant sanitaire 4 en 1 est un produit qui dissout le calcaire et les traces laiss\u00e9es par l&#8217;eau et le savon et redonne brillance aux baignoires, lavabos, robinetteries, vitres de douche, carrelages&amp; Il ne raye pas, convient \u00e0 tout type de sanitaires et s\u00e8che sans traces.<br \/>\nLe Nettoyant sanitaire 4 en 1 est un bact\u00e9ricide selon la norme EN 1276 en conditions de salet\u00e9 en 5 minutes \u00e0 20\u00b0C et fongicide selon la norme EN 1650 en conditions de salet\u00e9 en 15 minutes \u00e0 20\u00b0C.<\/p>\n<p><strong>Disponible en :<br \/>\n&#8211; Carton de 12 x 750 mL &#8211; Fourni avec buse mousse. R\u00e9f. 002024502<br \/>\n&#8211; Carton de 12 x 1L &#8211; Fourni avec 3 g\u00e2chettes pulv\u00e9risation. R\u00e9f. 002024503<br \/>\n&#8211; Carton de 4 x 5L. R\u00e9f. 002024501<\/strong><\/p>\n<p class=\"y-product y-product__product-subtitle\">Avantage :<\/p>\n<p>Le Nettoyant sanitaire 4 en 1 enl\u00e8ve efficacement et fait briller les surfaces nettoy\u00e9es.<\/p>\n<p>Retrouvez le mode d&#8217;emploi et le dosage du produit en t\u00e9l\u00e9chargeant, ci-dessous, sa Fiche Technique et\/ou sa Fiche M\u00e9thode.<\/p>\n<p><em>Utilisez les biocides avec pr\u00e9caution. Avant toute utilisation, lisez l&#8217;\u00e9tiquette et les informations concernant le produit.<\/em><\/p>\n","protected":false},"excerpt":{"rendered":"<p>Nettoyant sanitaire 4 en 1 liquide parfum Floral<\/p>\n","protected":false},"featured_media":5522,"template":"","meta":[],"product_brand":[],"product_type":[2],"product_visibility":[],"product_cat":[4145,4122,4124],"class_list":{"0":"post-3506","1":"product","2":"type-product","3":"status-publish","4":"has-post-thumbnail","6":"product_cat-marquesorlav","7":"product_cat-produitssanitaire","8":"product_cat-sanitairesurface","9":"product_tag-4-en-1","10":"product_tag-floral","11":"product_tag-liquide","12":"product_tag-nettoyant","13":"product_tag-robinetterie","14":"product_tag-sanitaire","15":"product_tag-surface","17":"first","18":"instock","19":"shipping-taxable","20":"product-type-simple"},"yoast_head":"<!-- This site is optimized with the Yoast SEO plugin v24.7 - https:\/\/yoast.com\/wordpress\/plugins\/seo\/ -->\n<title>Nettoyant sanitaire 4 en 1 - Hydrachim<\/title>\n<meta name=\"robots\" content=\"noindex, follow, max-snippet:-1, max-image-preview:large, max-video-preview:-1\" \/>\n<meta property=\"og:locale\" content=\"en_US\" \/>\n<meta property=\"og:type\" content=\"article\" \/>\n<meta property=\"og:title\" content=\"Nettoyant sanitaire 4 en 1 - Hydrachim\" \/>\n<meta property=\"og:description\" content=\"Nettoyant sanitaire 4 en 1 liquide parfum Floral\" \/>\n<meta property=\"og:url\" content=\"https:\/\/staging.hydrachim.fr\/produit\/nettoyant-sanitaire-4-en-1\/\" \/>\n<meta property=\"og:site_name\" content=\"Hydrachim\" \/>\n<meta property=\"article:modified_time\" content=\"2019-10-11T07:32:20+00:00\" \/>\n<meta property=\"og:image\" content=\"https:\/\/staging.hydrachim.fr\/app\/uploads\/2019\/10\/0245_NETTOYANT_SANITAIRE_4_EN_1_1L3.png\" \/>\n\t<meta property=\"og:image:width\" content=\"600\" \/>\n\t<meta property=\"og:image:height\" content=\"1092\" \/>\n\t<meta property=\"og:image:type\" content=\"image\/png\" \/>\n<meta name=\"twitter:card\" content=\"summary_large_image\" \/>\n<meta name=\"twitter:label1\" content=\"Est. reading time\" \/>\n\t<meta name=\"twitter:data1\" content=\"1 minute\" \/>\n<script type=\"application\/ld+json\" class=\"yoast-schema-graph\">{\"@context\":\"https:\/\/schema.org\",\"@graph\":[{\"@type\":\"WebPage\",\"@id\":\"https:\/\/staging.hydrachim.fr\/produit\/nettoyant-sanitaire-4-en-1\/\",\"url\":\"https:\/\/staging.hydrachim.fr\/produit\/nettoyant-sanitaire-4-en-1\/\",\"name\":\"Nettoyant sanitaire 4 en 1 - Hydrachim\",\"isPartOf\":{\"@id\":\"https:\/\/staging.hydrachim.fr\/#website\"},\"primaryImageOfPage\":{\"@id\":\"https:\/\/staging.hydrachim.fr\/produit\/nettoyant-sanitaire-4-en-1\/#primaryimage\"},\"image\":{\"@id\":\"https:\/\/staging.hydrachim.fr\/produit\/nettoyant-sanitaire-4-en-1\/#primaryimage\"},\"thumbnailUrl\":\"https:\/\/staging.hydrachim.fr\/app\/uploads\/2019\/10\/0245_NETTOYANT_SANITAIRE_4_EN_1_1L3.png\",\"datePublished\":\"2019-08-06T13:50:20+00:00\",\"dateModified\":\"2019-10-11T07:32:20+00:00\",\"breadcrumb\":{\"@id\":\"https:\/\/staging.hydrachim.fr\/produit\/nettoyant-sanitaire-4-en-1\/#breadcrumb\"},\"inLanguage\":\"en-US\",\"potentialAction\":[{\"@type\":\"ReadAction\",\"target\":[\"https:\/\/staging.hydrachim.fr\/produit\/nettoyant-sanitaire-4-en-1\/\"]}]},{\"@type\":\"ImageObject\",\"inLanguage\":\"en-US\",\"@id\":\"https:\/\/staging.hydrachim.fr\/produit\/nettoyant-sanitaire-4-en-1\/#primaryimage\",\"url\":\"https:\/\/staging.hydrachim.fr\/app\/uploads\/2019\/10\/0245_NETTOYANT_SANITAIRE_4_EN_1_1L3.png\",\"contentUrl\":\"https:\/\/staging.hydrachim.fr\/app\/uploads\/2019\/10\/0245_NETTOYANT_SANITAIRE_4_EN_1_1L3.png\",\"width\":600,\"height\":1092},{\"@type\":\"BreadcrumbList\",\"@id\":\"https:\/\/staging.hydrachim.fr\/produit\/nettoyant-sanitaire-4-en-1\/#breadcrumb\",\"itemListElement\":[{\"@type\":\"ListItem\",\"position\":1,\"name\":\"Home\",\"item\":\"https:\/\/staging.hydrachim.fr\/en\/\"},{\"@type\":\"ListItem\",\"position\":2,\"name\":\"Shop\",\"item\":\"https:\/\/staging.hydrachim.fr\/en\/shop\/\"},{\"@type\":\"ListItem\",\"position\":3,\"name\":\"Nettoyant sanitaire 4 en 1\"}]},{\"@type\":\"WebSite\",\"@id\":\"https:\/\/staging.hydrachim.fr\/#website\",\"url\":\"https:\/\/staging.hydrachim.fr\/\",\"name\":\"Hydrachim\",\"description\":\"La science de l&#039;hygi\u00e8ne\",\"potentialAction\":[{\"@type\":\"SearchAction\",\"target\":{\"@type\":\"EntryPoint\",\"urlTemplate\":\"https:\/\/staging.hydrachim.fr\/?s={search_term_string}\"},\"query-input\":{\"@type\":\"PropertyValueSpecification\",\"valueRequired\":true,\"valueName\":\"search_term_string\"}}],\"inLanguage\":\"en-US\"}]}<\/script>\n<!-- \/ Yoast SEO plugin. -->","yoast_head_json":{"title":"Nettoyant sanitaire 4 en 1 - Hydrachim","robots":{"index":"noindex","follow":"follow","max-snippet":"max-snippet:-1","max-image-preview":"max-image-preview:large","max-video-preview":"max-video-preview:-1"},"og_locale":"en_US","og_type":"article","og_title":"Nettoyant sanitaire 4 en 1 - Hydrachim","og_description":"Nettoyant sanitaire 4 en 1 liquide parfum Floral","og_url":"https:\/\/staging.hydrachim.fr\/produit\/nettoyant-sanitaire-4-en-1\/","og_site_name":"Hydrachim","article_modified_time":"2019-10-11T07:32:20+00:00","og_image":[{"width":600,"height":1092,"url":"https:\/\/staging.hydrachim.fr\/app\/uploads\/2019\/10\/0245_NETTOYANT_SANITAIRE_4_EN_1_1L3.png","type":"image\/png"}],"twitter_card":"summary_large_image","twitter_misc":{"Est. reading time":"1 minute"},"schema":{"@context":"https:\/\/schema.org","@graph":[{"@type":"WebPage","@id":"https:\/\/staging.hydrachim.fr\/produit\/nettoyant-sanitaire-4-en-1\/","url":"https:\/\/staging.hydrachim.fr\/produit\/nettoyant-sanitaire-4-en-1\/","name":"Nettoyant sanitaire 4 en 1 - Hydrachim","isPartOf":{"@id":"https:\/\/staging.hydrachim.fr\/#website"},"primaryImageOfPage":{"@id":"https:\/\/staging.hydrachim.fr\/produit\/nettoyant-sanitaire-4-en-1\/#primaryimage"},"image":{"@id":"https:\/\/staging.hydrachim.fr\/produit\/nettoyant-sanitaire-4-en-1\/#primaryimage"},"thumbnailUrl":"https:\/\/staging.hydrachim.fr\/app\/uploads\/2019\/10\/0245_NETTOYANT_SANITAIRE_4_EN_1_1L3.png","datePublished":"2019-08-06T13:50:20+00:00","dateModified":"2019-10-11T07:32:20+00:00","breadcrumb":{"@id":"https:\/\/staging.hydrachim.fr\/produit\/nettoyant-sanitaire-4-en-1\/#breadcrumb"},"inLanguage":"en-US","potentialAction":[{"@type":"ReadAction","target":["https:\/\/staging.hydrachim.fr\/produit\/nettoyant-sanitaire-4-en-1\/"]}]},{"@type":"ImageObject","inLanguage":"en-US","@id":"https:\/\/staging.hydrachim.fr\/produit\/nettoyant-sanitaire-4-en-1\/#primaryimage","url":"https:\/\/staging.hydrachim.fr\/app\/uploads\/2019\/10\/0245_NETTOYANT_SANITAIRE_4_EN_1_1L3.png","contentUrl":"https:\/\/staging.hydrachim.fr\/app\/uploads\/2019\/10\/0245_NETTOYANT_SANITAIRE_4_EN_1_1L3.png","width":600,"height":1092},{"@type":"BreadcrumbList","@id":"https:\/\/staging.hydrachim.fr\/produit\/nettoyant-sanitaire-4-en-1\/#breadcrumb","itemListElement":[{"@type":"ListItem","position":1,"name":"Home","item":"https:\/\/staging.hydrachim.fr\/en\/"},{"@type":"ListItem","position":2,"name":"Shop","item":"https:\/\/staging.hydrachim.fr\/en\/shop\/"},{"@type":"ListItem","position":3,"name":"Nettoyant sanitaire 4 en 1"}]},{"@type":"WebSite","@id":"https:\/\/staging.hydrachim.fr\/#website","url":"https:\/\/staging.hydrachim.fr\/","name":"Hydrachim","description":"La science de l&#039;hygi\u00e8ne","potentialAction":[{"@type":"SearchAction","target":{"@type":"EntryPoint","urlTemplate":"https:\/\/staging.hydrachim.fr\/?s={search_term_string}"},"query-input":{"@type":"PropertyValueSpecification","valueRequired":true,"valueName":"search_term_string"}}],"inLanguage":"en-US"}]}},"acf":{"fiche_technique":"https:\/\/staging.hydrachim.fr\/app\/uploads\/2019\/09\/FT-0245-NETTOYANT-SANITAIRE.pdf","fiche_methode":"https:\/\/staging.hydrachim.fr\/app\/uploads\/2019\/09\/0245-NETTOYANT-SANITAIRE-ORLAV-h.pdf"},"_links":{"self":[{"href":"https:\/\/staging.hydrachim.fr\/en\/wp-json\/wp\/v2\/product\/3506","targetHints":{"allow":["GET"]}}],"collection":[{"href":"https:\/\/staging.hydrachim.fr\/en\/wp-json\/wp\/v2\/product"}],"about":[{"href":"https:\/\/staging.hydrachim.fr\/en\/wp-json\/wp\/v2\/types\/product"}],"wp:featuredmedia":[{"embeddable":true,"href":"https:\/\/staging.hydrachim.fr\/en\/wp-json\/wp\/v2\/media\/5522"}],"wp:attachment":[{"href":"https:\/\/staging.hydrachim.fr\/en\/wp-json\/wp\/v2\/media?parent=3506"}],"wp:term":[{"taxonomy":"product_brand","embeddable":true,"href":"https:\/\/staging.hydrachim.fr\/en\/wp-json\/wp\/v2\/product_brand?post=3506"},{"taxonomy":"product_type","embeddable":true,"href":"https:\/\/staging.hydrachim.fr\/en\/wp-json\/wp\/v2\/product_type?post=3506"},{"taxonomy":"product_visibility","embeddable":true,"href":"https:\/\/staging.hydrachim.fr\/en\/wp-json\/wp\/v2\/product_visibility?post=3506"},{"taxonomy":"product_cat","embeddable":true,"href":"https:\/\/staging.hydrachim.fr\/en\/wp-json\/wp\/v2\/product_cat?post=3506"}],"curies":[{"name":"wp","href":"https:\/\/api.w.org\/{rel}","templated":true}]}}