{"id":3508,"date":"2019-08-06T15:50:22","date_gmt":"2019-08-06T13:50:22","guid":{"rendered":"https:\/\/staging.hydrachim.fr\/product\/lessive-super-active\/"},"modified":"2019-10-04T16:18:09","modified_gmt":"2019-10-04T14:18:09","slug":"lessive-super-active","status":"publish","type":"product","link":"https:\/\/staging.hydrachim.fr\/en\/produit\/lessive-super-active\/","title":{"rendered":"Lessive Super Active"},"content":{"rendered":"<p><strong>Lessive Super Active en poudre et granul\u00e9s est une lessive atomis\u00e9e d\u00e9velopp\u00e9e pour le lavage et la d\u00e9sinfection du linge tout en laissant un agr\u00e9able parfum Fra\u00eecheur fleurie.<\/strong><\/p>\n<p>La Lessive Super Active est un produit enrichie en oxyg\u00e8ne actif qui nettoie, d\u00e9tache, d\u00e9sinfecte et parfume le linge. Elle convient \u00e0 tous les textiles et toutes les couleurs et est parfaite pour les v\u00eatements de travail. La Lessive Super Active est efficace \u00e0 basse temp\u00e9rature et est active m\u00eame sur des eaux tr\u00e8s calcaire. De plus, elle permet une \u00e9conomie d&#8217;\u00e9nergie.<br \/>\nLa Lessive Super Active a une action d\u00e9sinfectante bact\u00e9ricide d\u00e8s 40\u00b0C conforme \u00e0 la norme EN 1276.<\/p>\n<p><strong>Disponible en sac de 20 kg. R\u00e9f. 002010702<\/strong><\/p>\n<p class=\"y-product y-product__product-subtitle\">Avantage :<\/p>\n<p>La Lessive Super Active respecte l&#8217;environnement gr\u00e2ce \u00e0 son efficacit\u00e9 \u00e0 basse temp\u00e9rature. Elle est \u00e9galement sans phosphates.<\/p>\n<p>Retrouvez le mode d&#8217;emploi et le dosage du produit en t\u00e9l\u00e9chargeant, ci-dessous, sa Fiche Technique et\/ou sa Fiche M\u00e9thode.<\/p>\n<p><em>Utilisez les biocides avec pr\u00e9caution. Avant toute utilisation, lisez l&#8217;\u00e9tiquette et les informations concernant le produit.<\/em><\/p>\n","protected":false},"excerpt":{"rendered":"<p>Lessive Super Active en poudre et granul\u00e9s parfum fra\u00eecheur fleurie<\/p>\n","protected":false},"featured_media":2426,"template":"","meta":[],"product_brand":[],"product_type":[2],"product_visibility":[],"product_cat":[4134,4133,4145],"class_list":{"0":"post-3508","1":"product","2":"type-product","3":"status-publish","4":"has-post-thumbnail","6":"product_cat-lingelessive","7":"product_cat-produitslinge","8":"product_cat-marquesorlav","9":"product_tag-atomisee","10":"product_tag-bactericide","11":"product_tag-desinfectant","12":"product_tag-poudre","14":"first","15":"instock","16":"shipping-taxable","17":"product-type-simple"},"yoast_head":"<!-- This site is optimized with the Yoast SEO plugin v24.7 - https:\/\/yoast.com\/wordpress\/plugins\/seo\/ -->\n<title>Lessive Super Active - Hydrachim<\/title>\n<meta name=\"robots\" content=\"noindex, follow, max-snippet:-1, max-image-preview:large, max-video-preview:-1\" \/>\n<meta property=\"og:locale\" content=\"en_US\" \/>\n<meta property=\"og:type\" content=\"article\" \/>\n<meta property=\"og:title\" content=\"Lessive Super Active - Hydrachim\" \/>\n<meta property=\"og:description\" content=\"Lessive Super Active en poudre et granul\u00e9s parfum fra\u00eecheur fleurie\" \/>\n<meta property=\"og:url\" content=\"https:\/\/staging.hydrachim.fr\/produit\/lessive-super-active\/\" \/>\n<meta property=\"og:site_name\" content=\"Hydrachim\" \/>\n<meta property=\"article:modified_time\" content=\"2019-10-04T14:18:09+00:00\" \/>\n<meta property=\"og:image\" content=\"https:\/\/staging.hydrachim.fr\/app\/uploads\/2019\/08\/0107-SUPER-ACTIV-20KG.jpg\" \/>\n\t<meta property=\"og:image:width\" content=\"300\" \/>\n\t<meta property=\"og:image:height\" content=\"447\" \/>\n\t<meta property=\"og:image:type\" content=\"image\/jpeg\" \/>\n<meta name=\"twitter:card\" content=\"summary_large_image\" \/>\n<meta name=\"twitter:label1\" content=\"Est. reading time\" \/>\n\t<meta name=\"twitter:data1\" content=\"1 minute\" \/>\n<script type=\"application\/ld+json\" class=\"yoast-schema-graph\">{\"@context\":\"https:\/\/schema.org\",\"@graph\":[{\"@type\":\"WebPage\",\"@id\":\"https:\/\/staging.hydrachim.fr\/produit\/lessive-super-active\/\",\"url\":\"https:\/\/staging.hydrachim.fr\/produit\/lessive-super-active\/\",\"name\":\"Lessive Super Active - Hydrachim\",\"isPartOf\":{\"@id\":\"https:\/\/staging.hydrachim.fr\/#website\"},\"primaryImageOfPage\":{\"@id\":\"https:\/\/staging.hydrachim.fr\/produit\/lessive-super-active\/#primaryimage\"},\"image\":{\"@id\":\"https:\/\/staging.hydrachim.fr\/produit\/lessive-super-active\/#primaryimage\"},\"thumbnailUrl\":\"https:\/\/staging.hydrachim.fr\/app\/uploads\/2019\/08\/0107-SUPER-ACTIV-20KG.jpg\",\"datePublished\":\"2019-08-06T13:50:22+00:00\",\"dateModified\":\"2019-10-04T14:18:09+00:00\",\"breadcrumb\":{\"@id\":\"https:\/\/staging.hydrachim.fr\/produit\/lessive-super-active\/#breadcrumb\"},\"inLanguage\":\"en-US\",\"potentialAction\":[{\"@type\":\"ReadAction\",\"target\":[\"https:\/\/staging.hydrachim.fr\/produit\/lessive-super-active\/\"]}]},{\"@type\":\"ImageObject\",\"inLanguage\":\"en-US\",\"@id\":\"https:\/\/staging.hydrachim.fr\/produit\/lessive-super-active\/#primaryimage\",\"url\":\"https:\/\/staging.hydrachim.fr\/app\/uploads\/2019\/08\/0107-SUPER-ACTIV-20KG.jpg\",\"contentUrl\":\"https:\/\/staging.hydrachim.fr\/app\/uploads\/2019\/08\/0107-SUPER-ACTIV-20KG.jpg\",\"width\":300,\"height\":447},{\"@type\":\"BreadcrumbList\",\"@id\":\"https:\/\/staging.hydrachim.fr\/produit\/lessive-super-active\/#breadcrumb\",\"itemListElement\":[{\"@type\":\"ListItem\",\"position\":1,\"name\":\"Home\",\"item\":\"https:\/\/staging.hydrachim.fr\/en\/\"},{\"@type\":\"ListItem\",\"position\":2,\"name\":\"Shop\",\"item\":\"https:\/\/staging.hydrachim.fr\/en\/shop\/\"},{\"@type\":\"ListItem\",\"position\":3,\"name\":\"Lessive Super Active\"}]},{\"@type\":\"WebSite\",\"@id\":\"https:\/\/staging.hydrachim.fr\/#website\",\"url\":\"https:\/\/staging.hydrachim.fr\/\",\"name\":\"Hydrachim\",\"description\":\"La science de l&#039;hygi\u00e8ne\",\"potentialAction\":[{\"@type\":\"SearchAction\",\"target\":{\"@type\":\"EntryPoint\",\"urlTemplate\":\"https:\/\/staging.hydrachim.fr\/?s={search_term_string}\"},\"query-input\":{\"@type\":\"PropertyValueSpecification\",\"valueRequired\":true,\"valueName\":\"search_term_string\"}}],\"inLanguage\":\"en-US\"}]}<\/script>\n<!-- \/ Yoast SEO plugin. -->","yoast_head_json":{"title":"Lessive Super Active - Hydrachim","robots":{"index":"noindex","follow":"follow","max-snippet":"max-snippet:-1","max-image-preview":"max-image-preview:large","max-video-preview":"max-video-preview:-1"},"og_locale":"en_US","og_type":"article","og_title":"Lessive Super Active - Hydrachim","og_description":"Lessive Super Active en poudre et granul\u00e9s parfum fra\u00eecheur fleurie","og_url":"https:\/\/staging.hydrachim.fr\/produit\/lessive-super-active\/","og_site_name":"Hydrachim","article_modified_time":"2019-10-04T14:18:09+00:00","og_image":[{"width":300,"height":447,"url":"https:\/\/staging.hydrachim.fr\/app\/uploads\/2019\/08\/0107-SUPER-ACTIV-20KG.jpg","type":"image\/jpeg"}],"twitter_card":"summary_large_image","twitter_misc":{"Est. reading time":"1 minute"},"schema":{"@context":"https:\/\/schema.org","@graph":[{"@type":"WebPage","@id":"https:\/\/staging.hydrachim.fr\/produit\/lessive-super-active\/","url":"https:\/\/staging.hydrachim.fr\/produit\/lessive-super-active\/","name":"Lessive Super Active - Hydrachim","isPartOf":{"@id":"https:\/\/staging.hydrachim.fr\/#website"},"primaryImageOfPage":{"@id":"https:\/\/staging.hydrachim.fr\/produit\/lessive-super-active\/#primaryimage"},"image":{"@id":"https:\/\/staging.hydrachim.fr\/produit\/lessive-super-active\/#primaryimage"},"thumbnailUrl":"https:\/\/staging.hydrachim.fr\/app\/uploads\/2019\/08\/0107-SUPER-ACTIV-20KG.jpg","datePublished":"2019-08-06T13:50:22+00:00","dateModified":"2019-10-04T14:18:09+00:00","breadcrumb":{"@id":"https:\/\/staging.hydrachim.fr\/produit\/lessive-super-active\/#breadcrumb"},"inLanguage":"en-US","potentialAction":[{"@type":"ReadAction","target":["https:\/\/staging.hydrachim.fr\/produit\/lessive-super-active\/"]}]},{"@type":"ImageObject","inLanguage":"en-US","@id":"https:\/\/staging.hydrachim.fr\/produit\/lessive-super-active\/#primaryimage","url":"https:\/\/staging.hydrachim.fr\/app\/uploads\/2019\/08\/0107-SUPER-ACTIV-20KG.jpg","contentUrl":"https:\/\/staging.hydrachim.fr\/app\/uploads\/2019\/08\/0107-SUPER-ACTIV-20KG.jpg","width":300,"height":447},{"@type":"BreadcrumbList","@id":"https:\/\/staging.hydrachim.fr\/produit\/lessive-super-active\/#breadcrumb","itemListElement":[{"@type":"ListItem","position":1,"name":"Home","item":"https:\/\/staging.hydrachim.fr\/en\/"},{"@type":"ListItem","position":2,"name":"Shop","item":"https:\/\/staging.hydrachim.fr\/en\/shop\/"},{"@type":"ListItem","position":3,"name":"Lessive Super Active"}]},{"@type":"WebSite","@id":"https:\/\/staging.hydrachim.fr\/#website","url":"https:\/\/staging.hydrachim.fr\/","name":"Hydrachim","description":"La science de l&#039;hygi\u00e8ne","potentialAction":[{"@type":"SearchAction","target":{"@type":"EntryPoint","urlTemplate":"https:\/\/staging.hydrachim.fr\/?s={search_term_string}"},"query-input":{"@type":"PropertyValueSpecification","valueRequired":true,"valueName":"search_term_string"}}],"inLanguage":"en-US"}]}},"acf":{"fiche_technique":"https:\/\/staging.hydrachim.fr\/app\/uploads\/2019\/09\/FT-107-LESSIVE-SUPER-ACTIVE.pdf","fiche_methode":"https:\/\/staging.hydrachim.fr\/app\/uploads\/2019\/09\/-3"},"_links":{"self":[{"href":"https:\/\/staging.hydrachim.fr\/en\/wp-json\/wp\/v2\/product\/3508","targetHints":{"allow":["GET"]}}],"collection":[{"href":"https:\/\/staging.hydrachim.fr\/en\/wp-json\/wp\/v2\/product"}],"about":[{"href":"https:\/\/staging.hydrachim.fr\/en\/wp-json\/wp\/v2\/types\/product"}],"wp:featuredmedia":[{"embeddable":true,"href":"https:\/\/staging.hydrachim.fr\/en\/wp-json\/wp\/v2\/media\/2426"}],"wp:attachment":[{"href":"https:\/\/staging.hydrachim.fr\/en\/wp-json\/wp\/v2\/media?parent=3508"}],"wp:term":[{"taxonomy":"product_brand","embeddable":true,"href":"https:\/\/staging.hydrachim.fr\/en\/wp-json\/wp\/v2\/product_brand?post=3508"},{"taxonomy":"product_type","embeddable":true,"href":"https:\/\/staging.hydrachim.fr\/en\/wp-json\/wp\/v2\/product_type?post=3508"},{"taxonomy":"product_visibility","embeddable":true,"href":"https:\/\/staging.hydrachim.fr\/en\/wp-json\/wp\/v2\/product_visibility?post=3508"},{"taxonomy":"product_cat","embeddable":true,"href":"https:\/\/staging.hydrachim.fr\/en\/wp-json\/wp\/v2\/product_cat?post=3508"}],"curies":[{"name":"wp","href":"https:\/\/api.w.org\/{rel}","templated":true}]}}