{"id":3514,"date":"2019-08-06T15:50:27","date_gmt":"2019-08-06T13:50:27","guid":{"rendered":"https:\/\/staging.hydrachim.fr\/product\/freezgreen\/"},"modified":"2019-10-03T10:47:45","modified_gmt":"2019-10-03T08:47:45","slug":"freezgreen","status":"publish","type":"product","link":"https:\/\/staging.hydrachim.fr\/en\/produit\/freezgreen\/","title":{"rendered":"Freezgreen"},"content":{"rendered":"<p><strong>Freezgreen liquide est un produit d&#8217;hygi\u00e8ne d\u00e9velopp\u00e9 pour le nettoyage des chambres froides positives, n\u00e9gatives (-40\u00b0C) et des surg\u00e9lateurs.<\/strong><\/p>\n<p>Le Freezgreen est un produit liquide qui nettoie et d\u00e9glace les planchers, murs et \u00e9tag\u00e8res des chambres froides. Il permet de les nettoyer sans avoir besoin de d\u00e9givrer ou de mettre la chambre en temp\u00e9ratures positives. Le Freezgreen permet d&#8217;am\u00e9liorer le niveau d&#8217;hygi\u00e8ne.<br \/>\nLe Freezgreen assure une efficacit\u00e9 \u00e9lev\u00e9e, une s\u00e9curit\u00e9 pour les utilisateurs, l&#8217;environnement et la sant\u00e9 et poss\u00e8de un emballage 100% recyclable.\n<\/p>\n<p><strong>Disponible en carton de 4 x 5 L. R\u00e9f. 002182601<\/strong><\/p>\n<p class=\"y-product y-product__product-subtitle\">Avantage :<\/p>\n<p>Avec le Freezgreen, il n&#8217;y a pas de risque de rupture de la cha\u00eene du froid.<\/p>\n<p>Retrouvez le mode d&#8217;emploi et le dosage du produit en t\u00e9l\u00e9chargeant sa Fiche Technique.<\/p>\n<p><em>Avant toute utilisation, lisez l&#8217;\u00e9tiquette et les informations concernant le produit.<\/em><\/p>\n","protected":false},"excerpt":{"rendered":"<p>Nettoyant chambres froides.<\/p>\n","protected":false},"featured_media":5030,"template":"","meta":[],"product_brand":[],"product_type":[2],"product_visibility":[],"product_cat":[4117,4119,4147],"class_list":{"0":"post-3514","1":"product","2":"type-product","3":"status-publish","4":"has-post-thumbnail","6":"product_cat-produitscuisine","7":"product_cat-cuisineentretien","8":"product_cat-marques-marquesidegreenidegreen","9":"product_tag-chambre-froide","10":"product_tag-cuisine","11":"product_tag-liquide","12":"product_tag-nettoyant","14":"first","15":"instock","16":"shipping-taxable","17":"product-type-simple"},"yoast_head":"<!-- This site is optimized with the Yoast SEO plugin v24.7 - https:\/\/yoast.com\/wordpress\/plugins\/seo\/ -->\n<title>Freezgreen - Hydrachim<\/title>\n<meta name=\"robots\" content=\"noindex, follow, max-snippet:-1, max-image-preview:large, max-video-preview:-1\" \/>\n<meta property=\"og:locale\" content=\"en_US\" \/>\n<meta property=\"og:type\" content=\"article\" \/>\n<meta property=\"og:title\" content=\"Freezgreen - Hydrachim\" \/>\n<meta property=\"og:description\" content=\"Nettoyant chambres froides.\" \/>\n<meta property=\"og:url\" content=\"https:\/\/staging.hydrachim.fr\/produit\/freezgreen\/\" \/>\n<meta property=\"og:site_name\" content=\"Hydrachim\" \/>\n<meta property=\"article:modified_time\" content=\"2019-10-03T08:47:45+00:00\" \/>\n<meta property=\"og:image\" content=\"https:\/\/staging.hydrachim.fr\/app\/uploads\/2019\/09\/1826-FREEZGREEN_5L.png\" \/>\n\t<meta property=\"og:image:width\" content=\"600\" \/>\n\t<meta property=\"og:image:height\" content=\"794\" \/>\n\t<meta property=\"og:image:type\" content=\"image\/png\" \/>\n<meta name=\"twitter:card\" content=\"summary_large_image\" \/>\n<meta name=\"twitter:label1\" content=\"Est. reading time\" \/>\n\t<meta name=\"twitter:data1\" content=\"1 minute\" \/>\n<script type=\"application\/ld+json\" class=\"yoast-schema-graph\">{\"@context\":\"https:\/\/schema.org\",\"@graph\":[{\"@type\":\"WebPage\",\"@id\":\"https:\/\/staging.hydrachim.fr\/produit\/freezgreen\/\",\"url\":\"https:\/\/staging.hydrachim.fr\/produit\/freezgreen\/\",\"name\":\"Freezgreen - Hydrachim\",\"isPartOf\":{\"@id\":\"https:\/\/staging.hydrachim.fr\/#website\"},\"primaryImageOfPage\":{\"@id\":\"https:\/\/staging.hydrachim.fr\/produit\/freezgreen\/#primaryimage\"},\"image\":{\"@id\":\"https:\/\/staging.hydrachim.fr\/produit\/freezgreen\/#primaryimage\"},\"thumbnailUrl\":\"https:\/\/staging.hydrachim.fr\/app\/uploads\/2019\/09\/1826-FREEZGREEN_5L.png\",\"datePublished\":\"2019-08-06T13:50:27+00:00\",\"dateModified\":\"2019-10-03T08:47:45+00:00\",\"breadcrumb\":{\"@id\":\"https:\/\/staging.hydrachim.fr\/produit\/freezgreen\/#breadcrumb\"},\"inLanguage\":\"en-US\",\"potentialAction\":[{\"@type\":\"ReadAction\",\"target\":[\"https:\/\/staging.hydrachim.fr\/produit\/freezgreen\/\"]}]},{\"@type\":\"ImageObject\",\"inLanguage\":\"en-US\",\"@id\":\"https:\/\/staging.hydrachim.fr\/produit\/freezgreen\/#primaryimage\",\"url\":\"https:\/\/staging.hydrachim.fr\/app\/uploads\/2019\/09\/1826-FREEZGREEN_5L.png\",\"contentUrl\":\"https:\/\/staging.hydrachim.fr\/app\/uploads\/2019\/09\/1826-FREEZGREEN_5L.png\",\"width\":600,\"height\":794},{\"@type\":\"BreadcrumbList\",\"@id\":\"https:\/\/staging.hydrachim.fr\/produit\/freezgreen\/#breadcrumb\",\"itemListElement\":[{\"@type\":\"ListItem\",\"position\":1,\"name\":\"Home\",\"item\":\"https:\/\/staging.hydrachim.fr\/en\/\"},{\"@type\":\"ListItem\",\"position\":2,\"name\":\"Shop\",\"item\":\"https:\/\/staging.hydrachim.fr\/en\/shop\/\"},{\"@type\":\"ListItem\",\"position\":3,\"name\":\"Freezgreen\"}]},{\"@type\":\"WebSite\",\"@id\":\"https:\/\/staging.hydrachim.fr\/#website\",\"url\":\"https:\/\/staging.hydrachim.fr\/\",\"name\":\"Hydrachim\",\"description\":\"La science de l&#039;hygi\u00e8ne\",\"potentialAction\":[{\"@type\":\"SearchAction\",\"target\":{\"@type\":\"EntryPoint\",\"urlTemplate\":\"https:\/\/staging.hydrachim.fr\/?s={search_term_string}\"},\"query-input\":{\"@type\":\"PropertyValueSpecification\",\"valueRequired\":true,\"valueName\":\"search_term_string\"}}],\"inLanguage\":\"en-US\"}]}<\/script>\n<!-- \/ Yoast SEO plugin. -->","yoast_head_json":{"title":"Freezgreen - Hydrachim","robots":{"index":"noindex","follow":"follow","max-snippet":"max-snippet:-1","max-image-preview":"max-image-preview:large","max-video-preview":"max-video-preview:-1"},"og_locale":"en_US","og_type":"article","og_title":"Freezgreen - Hydrachim","og_description":"Nettoyant chambres froides.","og_url":"https:\/\/staging.hydrachim.fr\/produit\/freezgreen\/","og_site_name":"Hydrachim","article_modified_time":"2019-10-03T08:47:45+00:00","og_image":[{"width":600,"height":794,"url":"https:\/\/staging.hydrachim.fr\/app\/uploads\/2019\/09\/1826-FREEZGREEN_5L.png","type":"image\/png"}],"twitter_card":"summary_large_image","twitter_misc":{"Est. reading time":"1 minute"},"schema":{"@context":"https:\/\/schema.org","@graph":[{"@type":"WebPage","@id":"https:\/\/staging.hydrachim.fr\/produit\/freezgreen\/","url":"https:\/\/staging.hydrachim.fr\/produit\/freezgreen\/","name":"Freezgreen - Hydrachim","isPartOf":{"@id":"https:\/\/staging.hydrachim.fr\/#website"},"primaryImageOfPage":{"@id":"https:\/\/staging.hydrachim.fr\/produit\/freezgreen\/#primaryimage"},"image":{"@id":"https:\/\/staging.hydrachim.fr\/produit\/freezgreen\/#primaryimage"},"thumbnailUrl":"https:\/\/staging.hydrachim.fr\/app\/uploads\/2019\/09\/1826-FREEZGREEN_5L.png","datePublished":"2019-08-06T13:50:27+00:00","dateModified":"2019-10-03T08:47:45+00:00","breadcrumb":{"@id":"https:\/\/staging.hydrachim.fr\/produit\/freezgreen\/#breadcrumb"},"inLanguage":"en-US","potentialAction":[{"@type":"ReadAction","target":["https:\/\/staging.hydrachim.fr\/produit\/freezgreen\/"]}]},{"@type":"ImageObject","inLanguage":"en-US","@id":"https:\/\/staging.hydrachim.fr\/produit\/freezgreen\/#primaryimage","url":"https:\/\/staging.hydrachim.fr\/app\/uploads\/2019\/09\/1826-FREEZGREEN_5L.png","contentUrl":"https:\/\/staging.hydrachim.fr\/app\/uploads\/2019\/09\/1826-FREEZGREEN_5L.png","width":600,"height":794},{"@type":"BreadcrumbList","@id":"https:\/\/staging.hydrachim.fr\/produit\/freezgreen\/#breadcrumb","itemListElement":[{"@type":"ListItem","position":1,"name":"Home","item":"https:\/\/staging.hydrachim.fr\/en\/"},{"@type":"ListItem","position":2,"name":"Shop","item":"https:\/\/staging.hydrachim.fr\/en\/shop\/"},{"@type":"ListItem","position":3,"name":"Freezgreen"}]},{"@type":"WebSite","@id":"https:\/\/staging.hydrachim.fr\/#website","url":"https:\/\/staging.hydrachim.fr\/","name":"Hydrachim","description":"La science de l&#039;hygi\u00e8ne","potentialAction":[{"@type":"SearchAction","target":{"@type":"EntryPoint","urlTemplate":"https:\/\/staging.hydrachim.fr\/?s={search_term_string}"},"query-input":{"@type":"PropertyValueSpecification","valueRequired":true,"valueName":"search_term_string"}}],"inLanguage":"en-US"}]}},"acf":{"fiche_technique":"https:\/\/staging.hydrachim.fr\/app\/uploads\/2019\/09\/FT-1826-FREEZGREEN.pdf","fiche_methode":""},"_links":{"self":[{"href":"https:\/\/staging.hydrachim.fr\/en\/wp-json\/wp\/v2\/product\/3514","targetHints":{"allow":["GET"]}}],"collection":[{"href":"https:\/\/staging.hydrachim.fr\/en\/wp-json\/wp\/v2\/product"}],"about":[{"href":"https:\/\/staging.hydrachim.fr\/en\/wp-json\/wp\/v2\/types\/product"}],"wp:featuredmedia":[{"embeddable":true,"href":"https:\/\/staging.hydrachim.fr\/en\/wp-json\/wp\/v2\/media\/5030"}],"wp:attachment":[{"href":"https:\/\/staging.hydrachim.fr\/en\/wp-json\/wp\/v2\/media?parent=3514"}],"wp:term":[{"taxonomy":"product_brand","embeddable":true,"href":"https:\/\/staging.hydrachim.fr\/en\/wp-json\/wp\/v2\/product_brand?post=3514"},{"taxonomy":"product_type","embeddable":true,"href":"https:\/\/staging.hydrachim.fr\/en\/wp-json\/wp\/v2\/product_type?post=3514"},{"taxonomy":"product_visibility","embeddable":true,"href":"https:\/\/staging.hydrachim.fr\/en\/wp-json\/wp\/v2\/product_visibility?post=3514"},{"taxonomy":"product_cat","embeddable":true,"href":"https:\/\/staging.hydrachim.fr\/en\/wp-json\/wp\/v2\/product_cat?post=3514"}],"curies":[{"name":"wp","href":"https:\/\/api.w.org\/{rel}","templated":true}]}}