{"id":3515,"date":"2019-08-06T15:50:28","date_gmt":"2019-08-06T13:50:28","guid":{"rendered":"https:\/\/staging.hydrachim.fr\/product\/asp-circuit-detartrant\/"},"modified":"2019-10-03T10:47:31","modified_gmt":"2019-10-03T08:47:31","slug":"asp-circuit-detartrant","status":"publish","type":"product","link":"https:\/\/staging.hydrachim.fr\/en\/produit\/asp-circuit-detartrant\/","title":{"rendered":"Asp circuit detartrant"},"content":{"rendered":"<p><strong>ASP Circuit &#8211; Nettoyant d\u00e9tartrant liquide non moussant est un d\u00e9tartrant acide d\u00e9velopp\u00e9 pour le nettoyage des circuits dans les industries agro-alimentaires et les collectivit\u00e9s. Sans EDTA, sans NTA, sans phosphate et sans azote.<\/strong><\/p>\n<p>L&#8217;ASP Circuit d\u00e9tartrant est un produit qui d\u00e9tartre les circuits ferm\u00e9s sur base acide m\u00e9thanesulfonique. Il n&#8217;apporte ni azote, ni phosphore, ni phosphate, ni EDTA, ni NTA dans les eaux de rejet (station de traitement des eaux). L&#8217;ASP Circuit d\u00e9tartrant est tr\u00e8s stable, m\u00eame \u00e0 forte temp\u00e9rature. Il ne mousse pas. L&#8217;ASP Circuit d\u00e9tartrant est moins corrosif que les d\u00e9tartrants plus communs. Il s&#8217;utilise en circuit, NEP et tunnel de lavage vaisselle.<br \/>\nL&#8217;ASP Circuit d\u00e9tartrant a un emballage 100% recyclable.<\/p>\n<p><strong>Disponible en carton de 4 x 5L. R\u00e9f. 002182302<\/strong><\/p>\n<p class=\"y-product y-product__product-subtitle\">Avantage :<\/p>\n<p>L&#8217;ASP Circuit d\u00e9tartrant a un fort pouvoir d\u00e9tartrant. Il est formul\u00e9 avec des acides plus respectueux de l&#8217;environnement.<\/p>\n<p>Retrouvez le mode d&#8217;emploi et le dosage du produit en t\u00e9l\u00e9chargeant sa Fiche Technique.<\/p>\n<p><em>Avant toute utilisation, lisez l&#8217;\u00e9tiquette et les informations concernant le produit.<\/em><\/p>\n","protected":false},"excerpt":{"rendered":"<p>Liquide acide non moussant.<\/p>\n","protected":false},"featured_media":5028,"template":"","meta":[],"product_brand":[],"product_type":[2],"product_visibility":[],"product_cat":[4027,4147],"class_list":{"0":"post-3515","1":"product","2":"type-product","3":"status-publish","4":"has-post-thumbnail","6":"product_cat-agro-alimentaire-industrie","7":"product_cat-marques-marquesidegreenidegreen","8":"product_tag-circuit","9":"product_tag-circuit-ferm","10":"product_tag-detartrant","11":"product_tag-liquide","13":"first","14":"instock","15":"shipping-taxable","16":"product-type-simple"},"yoast_head":"<!-- This site is optimized with the Yoast SEO plugin v24.7 - https:\/\/yoast.com\/wordpress\/plugins\/seo\/ -->\n<title>Asp circuit detartrant - Hydrachim<\/title>\n<meta name=\"robots\" content=\"noindex, follow, max-snippet:-1, max-image-preview:large, max-video-preview:-1\" \/>\n<meta property=\"og:locale\" content=\"en_US\" \/>\n<meta property=\"og:type\" content=\"article\" \/>\n<meta property=\"og:title\" content=\"Asp circuit detartrant - Hydrachim\" \/>\n<meta property=\"og:description\" content=\"Liquide acide non moussant.\" \/>\n<meta property=\"og:url\" content=\"https:\/\/staging.hydrachim.fr\/produit\/asp-circuit-detartrant\/\" \/>\n<meta property=\"og:site_name\" content=\"Hydrachim\" \/>\n<meta property=\"article:modified_time\" content=\"2019-10-03T08:47:31+00:00\" \/>\n<meta property=\"og:image\" content=\"https:\/\/staging.hydrachim.fr\/app\/uploads\/2019\/09\/1823-ASP-CIRCUIT_5L.png\" \/>\n\t<meta property=\"og:image:width\" content=\"600\" \/>\n\t<meta property=\"og:image:height\" content=\"794\" \/>\n\t<meta property=\"og:image:type\" content=\"image\/png\" \/>\n<meta name=\"twitter:card\" content=\"summary_large_image\" \/>\n<meta name=\"twitter:label1\" content=\"Est. reading time\" \/>\n\t<meta name=\"twitter:data1\" content=\"1 minute\" \/>\n<script type=\"application\/ld+json\" class=\"yoast-schema-graph\">{\"@context\":\"https:\/\/schema.org\",\"@graph\":[{\"@type\":\"WebPage\",\"@id\":\"https:\/\/staging.hydrachim.fr\/produit\/asp-circuit-detartrant\/\",\"url\":\"https:\/\/staging.hydrachim.fr\/produit\/asp-circuit-detartrant\/\",\"name\":\"Asp circuit detartrant - Hydrachim\",\"isPartOf\":{\"@id\":\"https:\/\/staging.hydrachim.fr\/#website\"},\"primaryImageOfPage\":{\"@id\":\"https:\/\/staging.hydrachim.fr\/produit\/asp-circuit-detartrant\/#primaryimage\"},\"image\":{\"@id\":\"https:\/\/staging.hydrachim.fr\/produit\/asp-circuit-detartrant\/#primaryimage\"},\"thumbnailUrl\":\"https:\/\/staging.hydrachim.fr\/app\/uploads\/2019\/09\/1823-ASP-CIRCUIT_5L.png\",\"datePublished\":\"2019-08-06T13:50:28+00:00\",\"dateModified\":\"2019-10-03T08:47:31+00:00\",\"breadcrumb\":{\"@id\":\"https:\/\/staging.hydrachim.fr\/produit\/asp-circuit-detartrant\/#breadcrumb\"},\"inLanguage\":\"en-US\",\"potentialAction\":[{\"@type\":\"ReadAction\",\"target\":[\"https:\/\/staging.hydrachim.fr\/produit\/asp-circuit-detartrant\/\"]}]},{\"@type\":\"ImageObject\",\"inLanguage\":\"en-US\",\"@id\":\"https:\/\/staging.hydrachim.fr\/produit\/asp-circuit-detartrant\/#primaryimage\",\"url\":\"https:\/\/staging.hydrachim.fr\/app\/uploads\/2019\/09\/1823-ASP-CIRCUIT_5L.png\",\"contentUrl\":\"https:\/\/staging.hydrachim.fr\/app\/uploads\/2019\/09\/1823-ASP-CIRCUIT_5L.png\",\"width\":600,\"height\":794},{\"@type\":\"BreadcrumbList\",\"@id\":\"https:\/\/staging.hydrachim.fr\/produit\/asp-circuit-detartrant\/#breadcrumb\",\"itemListElement\":[{\"@type\":\"ListItem\",\"position\":1,\"name\":\"Home\",\"item\":\"https:\/\/staging.hydrachim.fr\/en\/\"},{\"@type\":\"ListItem\",\"position\":2,\"name\":\"Shop\",\"item\":\"https:\/\/staging.hydrachim.fr\/en\/shop\/\"},{\"@type\":\"ListItem\",\"position\":3,\"name\":\"Asp circuit detartrant\"}]},{\"@type\":\"WebSite\",\"@id\":\"https:\/\/staging.hydrachim.fr\/#website\",\"url\":\"https:\/\/staging.hydrachim.fr\/\",\"name\":\"Hydrachim\",\"description\":\"La science de l&#039;hygi\u00e8ne\",\"potentialAction\":[{\"@type\":\"SearchAction\",\"target\":{\"@type\":\"EntryPoint\",\"urlTemplate\":\"https:\/\/staging.hydrachim.fr\/?s={search_term_string}\"},\"query-input\":{\"@type\":\"PropertyValueSpecification\",\"valueRequired\":true,\"valueName\":\"search_term_string\"}}],\"inLanguage\":\"en-US\"}]}<\/script>\n<!-- \/ Yoast SEO plugin. -->","yoast_head_json":{"title":"Asp circuit detartrant - Hydrachim","robots":{"index":"noindex","follow":"follow","max-snippet":"max-snippet:-1","max-image-preview":"max-image-preview:large","max-video-preview":"max-video-preview:-1"},"og_locale":"en_US","og_type":"article","og_title":"Asp circuit detartrant - Hydrachim","og_description":"Liquide acide non moussant.","og_url":"https:\/\/staging.hydrachim.fr\/produit\/asp-circuit-detartrant\/","og_site_name":"Hydrachim","article_modified_time":"2019-10-03T08:47:31+00:00","og_image":[{"width":600,"height":794,"url":"https:\/\/staging.hydrachim.fr\/app\/uploads\/2019\/09\/1823-ASP-CIRCUIT_5L.png","type":"image\/png"}],"twitter_card":"summary_large_image","twitter_misc":{"Est. reading time":"1 minute"},"schema":{"@context":"https:\/\/schema.org","@graph":[{"@type":"WebPage","@id":"https:\/\/staging.hydrachim.fr\/produit\/asp-circuit-detartrant\/","url":"https:\/\/staging.hydrachim.fr\/produit\/asp-circuit-detartrant\/","name":"Asp circuit detartrant - Hydrachim","isPartOf":{"@id":"https:\/\/staging.hydrachim.fr\/#website"},"primaryImageOfPage":{"@id":"https:\/\/staging.hydrachim.fr\/produit\/asp-circuit-detartrant\/#primaryimage"},"image":{"@id":"https:\/\/staging.hydrachim.fr\/produit\/asp-circuit-detartrant\/#primaryimage"},"thumbnailUrl":"https:\/\/staging.hydrachim.fr\/app\/uploads\/2019\/09\/1823-ASP-CIRCUIT_5L.png","datePublished":"2019-08-06T13:50:28+00:00","dateModified":"2019-10-03T08:47:31+00:00","breadcrumb":{"@id":"https:\/\/staging.hydrachim.fr\/produit\/asp-circuit-detartrant\/#breadcrumb"},"inLanguage":"en-US","potentialAction":[{"@type":"ReadAction","target":["https:\/\/staging.hydrachim.fr\/produit\/asp-circuit-detartrant\/"]}]},{"@type":"ImageObject","inLanguage":"en-US","@id":"https:\/\/staging.hydrachim.fr\/produit\/asp-circuit-detartrant\/#primaryimage","url":"https:\/\/staging.hydrachim.fr\/app\/uploads\/2019\/09\/1823-ASP-CIRCUIT_5L.png","contentUrl":"https:\/\/staging.hydrachim.fr\/app\/uploads\/2019\/09\/1823-ASP-CIRCUIT_5L.png","width":600,"height":794},{"@type":"BreadcrumbList","@id":"https:\/\/staging.hydrachim.fr\/produit\/asp-circuit-detartrant\/#breadcrumb","itemListElement":[{"@type":"ListItem","position":1,"name":"Home","item":"https:\/\/staging.hydrachim.fr\/en\/"},{"@type":"ListItem","position":2,"name":"Shop","item":"https:\/\/staging.hydrachim.fr\/en\/shop\/"},{"@type":"ListItem","position":3,"name":"Asp circuit detartrant"}]},{"@type":"WebSite","@id":"https:\/\/staging.hydrachim.fr\/#website","url":"https:\/\/staging.hydrachim.fr\/","name":"Hydrachim","description":"La science de l&#039;hygi\u00e8ne","potentialAction":[{"@type":"SearchAction","target":{"@type":"EntryPoint","urlTemplate":"https:\/\/staging.hydrachim.fr\/?s={search_term_string}"},"query-input":{"@type":"PropertyValueSpecification","valueRequired":true,"valueName":"search_term_string"}}],"inLanguage":"en-US"}]}},"acf":{"fiche_technique":"https:\/\/staging.hydrachim.fr\/app\/uploads\/2019\/09\/FT-1823-ASP-CIRCUITS.pdf","fiche_methode":""},"_links":{"self":[{"href":"https:\/\/staging.hydrachim.fr\/en\/wp-json\/wp\/v2\/product\/3515","targetHints":{"allow":["GET"]}}],"collection":[{"href":"https:\/\/staging.hydrachim.fr\/en\/wp-json\/wp\/v2\/product"}],"about":[{"href":"https:\/\/staging.hydrachim.fr\/en\/wp-json\/wp\/v2\/types\/product"}],"wp:featuredmedia":[{"embeddable":true,"href":"https:\/\/staging.hydrachim.fr\/en\/wp-json\/wp\/v2\/media\/5028"}],"wp:attachment":[{"href":"https:\/\/staging.hydrachim.fr\/en\/wp-json\/wp\/v2\/media?parent=3515"}],"wp:term":[{"taxonomy":"product_brand","embeddable":true,"href":"https:\/\/staging.hydrachim.fr\/en\/wp-json\/wp\/v2\/product_brand?post=3515"},{"taxonomy":"product_type","embeddable":true,"href":"https:\/\/staging.hydrachim.fr\/en\/wp-json\/wp\/v2\/product_type?post=3515"},{"taxonomy":"product_visibility","embeddable":true,"href":"https:\/\/staging.hydrachim.fr\/en\/wp-json\/wp\/v2\/product_visibility?post=3515"},{"taxonomy":"product_cat","embeddable":true,"href":"https:\/\/staging.hydrachim.fr\/en\/wp-json\/wp\/v2\/product_cat?post=3515"}],"curies":[{"name":"wp","href":"https:\/\/api.w.org\/{rel}","templated":true}]}}