{"id":3517,"date":"2019-08-06T15:50:30","date_gmt":"2019-08-06T13:50:30","guid":{"rendered":"https:\/\/staging.hydrachim.fr\/product\/degraissant-sols-autolaveuse\/"},"modified":"2019-10-03T10:47:20","modified_gmt":"2019-10-03T08:47:20","slug":"degraissant-sols-autolaveuse","status":"publish","type":"product","link":"https:\/\/staging.hydrachim.fr\/en\/produit\/degraissant-sols-autolaveuse\/","title":{"rendered":"Degraissant sols autolaveuse"},"content":{"rendered":"<p><strong>D\u00e9graissant sols autolaveuse liquide est un produit d&#8217;hygi\u00e8ne d\u00e9velopp\u00e9 pour le nettoyage des sols avec une auto-laveuse ou manuellement.<\/strong><\/p>\n<p>Le D\u00e9graissant sols autolaveuse est un produit liquide qui dissout les huiles, graisses et essences sur les sols et surfaces lisses dans le domaine industriel, agricole et collectivit\u00e9. Il \u00e9limine les graisses cuites ou caram\u00e9lis\u00e9es, sur les fours et hottes de cuisson.<br \/>\nIl assure une efficacit\u00e9 \u00e9lev\u00e9e, une s\u00e9curit\u00e9 pour les utilisateurs, l&#8217;environnement et la sant\u00e9 et poss\u00e8de un emballage 100% recyclable.\n<\/p>\n<p><strong>Disponible en carton de 4 x 5 L. R\u00e9f. 002180801<\/strong><\/p>\n<p class=\"y-product y-product__product-subtitle\">Avantage :<\/p>\n<p>Le D\u00e9graissant sols autolaveuse est conforme \u00e0 la r\u00e9glementation sur le contact alimentaire.<\/p>\n<p>Retrouvez le mode d&#8217;emploi et le dosage du produit en t\u00e9l\u00e9chargeant sa Fiche Technique.<\/p>\n<p><em>Avant toute utilisation, lisez l&#8217;\u00e9tiquette et les informations concernant le produit.<\/em><\/p>\n","protected":false},"excerpt":{"rendered":"<p>D\u00e9graissant sols autolaveuse liquide.<\/p>\n","protected":false},"featured_media":5027,"template":"","meta":[],"product_brand":[],"product_type":[2],"product_visibility":[],"product_cat":[4128,4147,4127],"class_list":{"0":"post-3517","1":"product","2":"type-product","3":"status-publish","4":"has-post-thumbnail","6":"product_cat-solentretien","7":"product_cat-marques-marquesidegreenidegreen","8":"product_cat-produitssurface-sol","9":"product_tag-degraissant","10":"product_tag-liquide","12":"first","13":"instock","14":"shipping-taxable","15":"product-type-simple"},"yoast_head":"<!-- This site is optimized with the Yoast SEO plugin v24.7 - https:\/\/yoast.com\/wordpress\/plugins\/seo\/ -->\n<title>Degraissant sols autolaveuse - Hydrachim<\/title>\n<meta name=\"robots\" content=\"noindex, follow, max-snippet:-1, max-image-preview:large, max-video-preview:-1\" \/>\n<meta property=\"og:locale\" content=\"en_US\" \/>\n<meta property=\"og:type\" content=\"article\" \/>\n<meta property=\"og:title\" content=\"Degraissant sols autolaveuse - Hydrachim\" \/>\n<meta property=\"og:description\" content=\"D\u00e9graissant sols autolaveuse liquide.\" \/>\n<meta property=\"og:url\" content=\"https:\/\/staging.hydrachim.fr\/produit\/degraissant-sols-autolaveuse\/\" \/>\n<meta property=\"og:site_name\" content=\"Hydrachim\" \/>\n<meta property=\"article:modified_time\" content=\"2019-10-03T08:47:20+00:00\" \/>\n<meta property=\"og:image\" content=\"https:\/\/staging.hydrachim.fr\/app\/uploads\/2019\/09\/1808-DEGRAISSANT-SOL-AUTOLAVEUSE_5L.png\" \/>\n\t<meta property=\"og:image:width\" content=\"500\" \/>\n\t<meta property=\"og:image:height\" content=\"715\" \/>\n\t<meta property=\"og:image:type\" content=\"image\/png\" \/>\n<meta name=\"twitter:card\" content=\"summary_large_image\" \/>\n<meta name=\"twitter:label1\" content=\"Est. reading time\" \/>\n\t<meta name=\"twitter:data1\" content=\"1 minute\" \/>\n<script type=\"application\/ld+json\" class=\"yoast-schema-graph\">{\"@context\":\"https:\/\/schema.org\",\"@graph\":[{\"@type\":\"WebPage\",\"@id\":\"https:\/\/staging.hydrachim.fr\/produit\/degraissant-sols-autolaveuse\/\",\"url\":\"https:\/\/staging.hydrachim.fr\/produit\/degraissant-sols-autolaveuse\/\",\"name\":\"Degraissant sols autolaveuse - Hydrachim\",\"isPartOf\":{\"@id\":\"https:\/\/staging.hydrachim.fr\/#website\"},\"primaryImageOfPage\":{\"@id\":\"https:\/\/staging.hydrachim.fr\/produit\/degraissant-sols-autolaveuse\/#primaryimage\"},\"image\":{\"@id\":\"https:\/\/staging.hydrachim.fr\/produit\/degraissant-sols-autolaveuse\/#primaryimage\"},\"thumbnailUrl\":\"https:\/\/staging.hydrachim.fr\/app\/uploads\/2019\/09\/1808-DEGRAISSANT-SOL-AUTOLAVEUSE_5L.png\",\"datePublished\":\"2019-08-06T13:50:30+00:00\",\"dateModified\":\"2019-10-03T08:47:20+00:00\",\"breadcrumb\":{\"@id\":\"https:\/\/staging.hydrachim.fr\/produit\/degraissant-sols-autolaveuse\/#breadcrumb\"},\"inLanguage\":\"en-US\",\"potentialAction\":[{\"@type\":\"ReadAction\",\"target\":[\"https:\/\/staging.hydrachim.fr\/produit\/degraissant-sols-autolaveuse\/\"]}]},{\"@type\":\"ImageObject\",\"inLanguage\":\"en-US\",\"@id\":\"https:\/\/staging.hydrachim.fr\/produit\/degraissant-sols-autolaveuse\/#primaryimage\",\"url\":\"https:\/\/staging.hydrachim.fr\/app\/uploads\/2019\/09\/1808-DEGRAISSANT-SOL-AUTOLAVEUSE_5L.png\",\"contentUrl\":\"https:\/\/staging.hydrachim.fr\/app\/uploads\/2019\/09\/1808-DEGRAISSANT-SOL-AUTOLAVEUSE_5L.png\",\"width\":500,\"height\":715},{\"@type\":\"BreadcrumbList\",\"@id\":\"https:\/\/staging.hydrachim.fr\/produit\/degraissant-sols-autolaveuse\/#breadcrumb\",\"itemListElement\":[{\"@type\":\"ListItem\",\"position\":1,\"name\":\"Home\",\"item\":\"https:\/\/staging.hydrachim.fr\/en\/\"},{\"@type\":\"ListItem\",\"position\":2,\"name\":\"Shop\",\"item\":\"https:\/\/staging.hydrachim.fr\/en\/shop\/\"},{\"@type\":\"ListItem\",\"position\":3,\"name\":\"Degraissant sols autolaveuse\"}]},{\"@type\":\"WebSite\",\"@id\":\"https:\/\/staging.hydrachim.fr\/#website\",\"url\":\"https:\/\/staging.hydrachim.fr\/\",\"name\":\"Hydrachim\",\"description\":\"La science de l&#039;hygi\u00e8ne\",\"potentialAction\":[{\"@type\":\"SearchAction\",\"target\":{\"@type\":\"EntryPoint\",\"urlTemplate\":\"https:\/\/staging.hydrachim.fr\/?s={search_term_string}\"},\"query-input\":{\"@type\":\"PropertyValueSpecification\",\"valueRequired\":true,\"valueName\":\"search_term_string\"}}],\"inLanguage\":\"en-US\"}]}<\/script>\n<!-- \/ Yoast SEO plugin. -->","yoast_head_json":{"title":"Degraissant sols autolaveuse - Hydrachim","robots":{"index":"noindex","follow":"follow","max-snippet":"max-snippet:-1","max-image-preview":"max-image-preview:large","max-video-preview":"max-video-preview:-1"},"og_locale":"en_US","og_type":"article","og_title":"Degraissant sols autolaveuse - Hydrachim","og_description":"D\u00e9graissant sols autolaveuse liquide.","og_url":"https:\/\/staging.hydrachim.fr\/produit\/degraissant-sols-autolaveuse\/","og_site_name":"Hydrachim","article_modified_time":"2019-10-03T08:47:20+00:00","og_image":[{"width":500,"height":715,"url":"https:\/\/staging.hydrachim.fr\/app\/uploads\/2019\/09\/1808-DEGRAISSANT-SOL-AUTOLAVEUSE_5L.png","type":"image\/png"}],"twitter_card":"summary_large_image","twitter_misc":{"Est. reading time":"1 minute"},"schema":{"@context":"https:\/\/schema.org","@graph":[{"@type":"WebPage","@id":"https:\/\/staging.hydrachim.fr\/produit\/degraissant-sols-autolaveuse\/","url":"https:\/\/staging.hydrachim.fr\/produit\/degraissant-sols-autolaveuse\/","name":"Degraissant sols autolaveuse - Hydrachim","isPartOf":{"@id":"https:\/\/staging.hydrachim.fr\/#website"},"primaryImageOfPage":{"@id":"https:\/\/staging.hydrachim.fr\/produit\/degraissant-sols-autolaveuse\/#primaryimage"},"image":{"@id":"https:\/\/staging.hydrachim.fr\/produit\/degraissant-sols-autolaveuse\/#primaryimage"},"thumbnailUrl":"https:\/\/staging.hydrachim.fr\/app\/uploads\/2019\/09\/1808-DEGRAISSANT-SOL-AUTOLAVEUSE_5L.png","datePublished":"2019-08-06T13:50:30+00:00","dateModified":"2019-10-03T08:47:20+00:00","breadcrumb":{"@id":"https:\/\/staging.hydrachim.fr\/produit\/degraissant-sols-autolaveuse\/#breadcrumb"},"inLanguage":"en-US","potentialAction":[{"@type":"ReadAction","target":["https:\/\/staging.hydrachim.fr\/produit\/degraissant-sols-autolaveuse\/"]}]},{"@type":"ImageObject","inLanguage":"en-US","@id":"https:\/\/staging.hydrachim.fr\/produit\/degraissant-sols-autolaveuse\/#primaryimage","url":"https:\/\/staging.hydrachim.fr\/app\/uploads\/2019\/09\/1808-DEGRAISSANT-SOL-AUTOLAVEUSE_5L.png","contentUrl":"https:\/\/staging.hydrachim.fr\/app\/uploads\/2019\/09\/1808-DEGRAISSANT-SOL-AUTOLAVEUSE_5L.png","width":500,"height":715},{"@type":"BreadcrumbList","@id":"https:\/\/staging.hydrachim.fr\/produit\/degraissant-sols-autolaveuse\/#breadcrumb","itemListElement":[{"@type":"ListItem","position":1,"name":"Home","item":"https:\/\/staging.hydrachim.fr\/en\/"},{"@type":"ListItem","position":2,"name":"Shop","item":"https:\/\/staging.hydrachim.fr\/en\/shop\/"},{"@type":"ListItem","position":3,"name":"Degraissant sols autolaveuse"}]},{"@type":"WebSite","@id":"https:\/\/staging.hydrachim.fr\/#website","url":"https:\/\/staging.hydrachim.fr\/","name":"Hydrachim","description":"La science de l&#039;hygi\u00e8ne","potentialAction":[{"@type":"SearchAction","target":{"@type":"EntryPoint","urlTemplate":"https:\/\/staging.hydrachim.fr\/?s={search_term_string}"},"query-input":{"@type":"PropertyValueSpecification","valueRequired":true,"valueName":"search_term_string"}}],"inLanguage":"en-US"}]}},"acf":{"fiche_technique":"https:\/\/staging.hydrachim.fr\/app\/uploads\/2019\/09\/FT-1808-IDEGREEN-DEGRAISSANT-AUTO-LAVEUSE.pdf","fiche_methode":""},"_links":{"self":[{"href":"https:\/\/staging.hydrachim.fr\/en\/wp-json\/wp\/v2\/product\/3517","targetHints":{"allow":["GET"]}}],"collection":[{"href":"https:\/\/staging.hydrachim.fr\/en\/wp-json\/wp\/v2\/product"}],"about":[{"href":"https:\/\/staging.hydrachim.fr\/en\/wp-json\/wp\/v2\/types\/product"}],"wp:featuredmedia":[{"embeddable":true,"href":"https:\/\/staging.hydrachim.fr\/en\/wp-json\/wp\/v2\/media\/5027"}],"wp:attachment":[{"href":"https:\/\/staging.hydrachim.fr\/en\/wp-json\/wp\/v2\/media?parent=3517"}],"wp:term":[{"taxonomy":"product_brand","embeddable":true,"href":"https:\/\/staging.hydrachim.fr\/en\/wp-json\/wp\/v2\/product_brand?post=3517"},{"taxonomy":"product_type","embeddable":true,"href":"https:\/\/staging.hydrachim.fr\/en\/wp-json\/wp\/v2\/product_type?post=3517"},{"taxonomy":"product_visibility","embeddable":true,"href":"https:\/\/staging.hydrachim.fr\/en\/wp-json\/wp\/v2\/product_visibility?post=3517"},{"taxonomy":"product_cat","embeddable":true,"href":"https:\/\/staging.hydrachim.fr\/en\/wp-json\/wp\/v2\/product_cat?post=3517"}],"curies":[{"name":"wp","href":"https:\/\/api.w.org\/{rel}","templated":true}]}}