{"id":3522,"date":"2019-08-06T15:50:34","date_gmt":"2019-08-06T13:50:34","guid":{"rendered":"https:\/\/staging.hydrachim.fr\/product\/nettoyant-tableau-de-bord\/"},"modified":"2019-10-07T10:28:43","modified_gmt":"2019-10-07T08:28:43","slug":"nettoyant-tableau-de-bord","status":"publish","type":"product","link":"https:\/\/staging.hydrachim.fr\/en\/produit\/nettoyant-tableau-de-bord\/","title":{"rendered":"Nettoyant tableau de bord"},"content":{"rendered":"<p><strong>Nettoyant tableau de bord liquide est un produit d&#8217;hygi\u00e8ne d\u00e9velopp\u00e9 pour le nettoyage int\u00e9rieur des v\u00e9hicules.<\/strong><\/p>\n<p>Le Nettoyant tableau de bord est un produit qui prot\u00e8ge, renoue et fait briller toutes les surfaces en plastique ou vinyle pour une finition satin\u00e9e. Il \u00e9limine les poussi\u00e8res tout en ravivant les couleurs du tableau de bord.<br \/>\nLe Nettoyant tableau de bord a un pH neutre pour un meilleur respect des mains et est agr\u00e9ablement parfum\u00e9.<br \/>\nIl est formul\u00e9 \u00e0 base d&#8217;ingr\u00e9dients d&#8217;origine v\u00e9g\u00e9tale biod\u00e9gradables. Garantissant une efficacit\u00e9 \u00e9lev\u00e9e, une s\u00e9curit\u00e9 pour les utilisateurs, l&#8217;environnement et la sant\u00e9.\n<\/p>\n<p><strong>Disponible en carton 4 x 750 mL. R\u00e9f. 003181501<\/strong><\/p>\n<p class=\"y-product y-product__product-subtitle\">Avantage :<\/p>\n<p>Un dosage correct du Nettoyant tableau de bord permet de r\u00e9aliser des \u00e9conomies.<\/p>\n<p>Retrouvez le mode d&#8217;emploi et le dosage du produit en t\u00e9l\u00e9chargeant, ci-dessous, sa Fiche Technique et\/ou sa Fiche M\u00e9thode.<\/p>\n<p><em>Avant toute utilisation, lisez l&#8217;\u00e9tiquette et les informations concernant le produit.<\/em><\/p>\n","protected":false},"excerpt":{"rendered":"<p>Nettoyant tableau de bord liquide<\/p>\n","protected":false},"featured_media":4446,"template":"","meta":[],"product_brand":[],"product_type":[2],"product_visibility":[],"product_cat":[4026,4153,4092],"class_list":{"0":"post-3522","1":"product","2":"type-product","3":"status-publish","4":"has-post-thumbnail","6":"product_cat-produitsindustrie","7":"product_cat-marqueskemnet","8":"product_cat-industriestation-vhicule","9":"product_tag-0-picto","10":"product_tag-liquide","11":"product_tag-nettoyant","12":"product_tag-tableau-de-bord","13":"product_tag-vehicules-2","15":"first","16":"instock","17":"shipping-taxable","18":"product-type-simple"},"yoast_head":"<!-- This site is optimized with the Yoast SEO plugin v24.7 - https:\/\/yoast.com\/wordpress\/plugins\/seo\/ -->\n<title>Nettoyant tableau de bord - Hydrachim<\/title>\n<meta name=\"robots\" content=\"noindex, follow, max-snippet:-1, max-image-preview:large, max-video-preview:-1\" \/>\n<meta property=\"og:locale\" content=\"en_US\" \/>\n<meta property=\"og:type\" content=\"article\" \/>\n<meta property=\"og:title\" content=\"Nettoyant tableau de bord - Hydrachim\" \/>\n<meta property=\"og:description\" content=\"Nettoyant tableau de bord liquide\" \/>\n<meta property=\"og:url\" content=\"https:\/\/staging.hydrachim.fr\/produit\/nettoyant-tableau-de-bord\/\" \/>\n<meta property=\"og:site_name\" content=\"Hydrachim\" \/>\n<meta property=\"article:modified_time\" content=\"2019-10-07T08:28:43+00:00\" \/>\n<meta property=\"og:image\" content=\"https:\/\/staging.hydrachim.fr\/app\/uploads\/2019\/09\/1815-Nettoyant-tableau-de-bord-5L.png\" \/>\n\t<meta property=\"og:image:width\" content=\"550\" \/>\n\t<meta property=\"og:image:height\" content=\"770\" \/>\n\t<meta property=\"og:image:type\" content=\"image\/png\" \/>\n<meta name=\"twitter:card\" content=\"summary_large_image\" \/>\n<meta name=\"twitter:label1\" content=\"Est. reading time\" \/>\n\t<meta name=\"twitter:data1\" content=\"1 minute\" \/>\n<script type=\"application\/ld+json\" class=\"yoast-schema-graph\">{\"@context\":\"https:\/\/schema.org\",\"@graph\":[{\"@type\":\"WebPage\",\"@id\":\"https:\/\/staging.hydrachim.fr\/produit\/nettoyant-tableau-de-bord\/\",\"url\":\"https:\/\/staging.hydrachim.fr\/produit\/nettoyant-tableau-de-bord\/\",\"name\":\"Nettoyant tableau de bord - Hydrachim\",\"isPartOf\":{\"@id\":\"https:\/\/staging.hydrachim.fr\/#website\"},\"primaryImageOfPage\":{\"@id\":\"https:\/\/staging.hydrachim.fr\/produit\/nettoyant-tableau-de-bord\/#primaryimage\"},\"image\":{\"@id\":\"https:\/\/staging.hydrachim.fr\/produit\/nettoyant-tableau-de-bord\/#primaryimage\"},\"thumbnailUrl\":\"https:\/\/staging.hydrachim.fr\/app\/uploads\/2019\/09\/1815-Nettoyant-tableau-de-bord-5L.png\",\"datePublished\":\"2019-08-06T13:50:34+00:00\",\"dateModified\":\"2019-10-07T08:28:43+00:00\",\"breadcrumb\":{\"@id\":\"https:\/\/staging.hydrachim.fr\/produit\/nettoyant-tableau-de-bord\/#breadcrumb\"},\"inLanguage\":\"en-US\",\"potentialAction\":[{\"@type\":\"ReadAction\",\"target\":[\"https:\/\/staging.hydrachim.fr\/produit\/nettoyant-tableau-de-bord\/\"]}]},{\"@type\":\"ImageObject\",\"inLanguage\":\"en-US\",\"@id\":\"https:\/\/staging.hydrachim.fr\/produit\/nettoyant-tableau-de-bord\/#primaryimage\",\"url\":\"https:\/\/staging.hydrachim.fr\/app\/uploads\/2019\/09\/1815-Nettoyant-tableau-de-bord-5L.png\",\"contentUrl\":\"https:\/\/staging.hydrachim.fr\/app\/uploads\/2019\/09\/1815-Nettoyant-tableau-de-bord-5L.png\",\"width\":550,\"height\":770},{\"@type\":\"BreadcrumbList\",\"@id\":\"https:\/\/staging.hydrachim.fr\/produit\/nettoyant-tableau-de-bord\/#breadcrumb\",\"itemListElement\":[{\"@type\":\"ListItem\",\"position\":1,\"name\":\"Home\",\"item\":\"https:\/\/staging.hydrachim.fr\/en\/\"},{\"@type\":\"ListItem\",\"position\":2,\"name\":\"Shop\",\"item\":\"https:\/\/staging.hydrachim.fr\/en\/shop\/\"},{\"@type\":\"ListItem\",\"position\":3,\"name\":\"Nettoyant tableau de bord\"}]},{\"@type\":\"WebSite\",\"@id\":\"https:\/\/staging.hydrachim.fr\/#website\",\"url\":\"https:\/\/staging.hydrachim.fr\/\",\"name\":\"Hydrachim\",\"description\":\"La science de l&#039;hygi\u00e8ne\",\"potentialAction\":[{\"@type\":\"SearchAction\",\"target\":{\"@type\":\"EntryPoint\",\"urlTemplate\":\"https:\/\/staging.hydrachim.fr\/?s={search_term_string}\"},\"query-input\":{\"@type\":\"PropertyValueSpecification\",\"valueRequired\":true,\"valueName\":\"search_term_string\"}}],\"inLanguage\":\"en-US\"}]}<\/script>\n<!-- \/ Yoast SEO plugin. -->","yoast_head_json":{"title":"Nettoyant tableau de bord - Hydrachim","robots":{"index":"noindex","follow":"follow","max-snippet":"max-snippet:-1","max-image-preview":"max-image-preview:large","max-video-preview":"max-video-preview:-1"},"og_locale":"en_US","og_type":"article","og_title":"Nettoyant tableau de bord - Hydrachim","og_description":"Nettoyant tableau de bord liquide","og_url":"https:\/\/staging.hydrachim.fr\/produit\/nettoyant-tableau-de-bord\/","og_site_name":"Hydrachim","article_modified_time":"2019-10-07T08:28:43+00:00","og_image":[{"width":550,"height":770,"url":"https:\/\/staging.hydrachim.fr\/app\/uploads\/2019\/09\/1815-Nettoyant-tableau-de-bord-5L.png","type":"image\/png"}],"twitter_card":"summary_large_image","twitter_misc":{"Est. reading time":"1 minute"},"schema":{"@context":"https:\/\/schema.org","@graph":[{"@type":"WebPage","@id":"https:\/\/staging.hydrachim.fr\/produit\/nettoyant-tableau-de-bord\/","url":"https:\/\/staging.hydrachim.fr\/produit\/nettoyant-tableau-de-bord\/","name":"Nettoyant tableau de bord - Hydrachim","isPartOf":{"@id":"https:\/\/staging.hydrachim.fr\/#website"},"primaryImageOfPage":{"@id":"https:\/\/staging.hydrachim.fr\/produit\/nettoyant-tableau-de-bord\/#primaryimage"},"image":{"@id":"https:\/\/staging.hydrachim.fr\/produit\/nettoyant-tableau-de-bord\/#primaryimage"},"thumbnailUrl":"https:\/\/staging.hydrachim.fr\/app\/uploads\/2019\/09\/1815-Nettoyant-tableau-de-bord-5L.png","datePublished":"2019-08-06T13:50:34+00:00","dateModified":"2019-10-07T08:28:43+00:00","breadcrumb":{"@id":"https:\/\/staging.hydrachim.fr\/produit\/nettoyant-tableau-de-bord\/#breadcrumb"},"inLanguage":"en-US","potentialAction":[{"@type":"ReadAction","target":["https:\/\/staging.hydrachim.fr\/produit\/nettoyant-tableau-de-bord\/"]}]},{"@type":"ImageObject","inLanguage":"en-US","@id":"https:\/\/staging.hydrachim.fr\/produit\/nettoyant-tableau-de-bord\/#primaryimage","url":"https:\/\/staging.hydrachim.fr\/app\/uploads\/2019\/09\/1815-Nettoyant-tableau-de-bord-5L.png","contentUrl":"https:\/\/staging.hydrachim.fr\/app\/uploads\/2019\/09\/1815-Nettoyant-tableau-de-bord-5L.png","width":550,"height":770},{"@type":"BreadcrumbList","@id":"https:\/\/staging.hydrachim.fr\/produit\/nettoyant-tableau-de-bord\/#breadcrumb","itemListElement":[{"@type":"ListItem","position":1,"name":"Home","item":"https:\/\/staging.hydrachim.fr\/en\/"},{"@type":"ListItem","position":2,"name":"Shop","item":"https:\/\/staging.hydrachim.fr\/en\/shop\/"},{"@type":"ListItem","position":3,"name":"Nettoyant tableau de bord"}]},{"@type":"WebSite","@id":"https:\/\/staging.hydrachim.fr\/#website","url":"https:\/\/staging.hydrachim.fr\/","name":"Hydrachim","description":"La science de l&#039;hygi\u00e8ne","potentialAction":[{"@type":"SearchAction","target":{"@type":"EntryPoint","urlTemplate":"https:\/\/staging.hydrachim.fr\/?s={search_term_string}"},"query-input":{"@type":"PropertyValueSpecification","valueRequired":true,"valueName":"search_term_string"}}],"inLanguage":"en-US"}]}},"acf":{"fiche_technique":"https:\/\/staging.hydrachim.fr\/app\/uploads\/2019\/09\/FT-1815-Nettoyant-tableau-de-bord.pdf","fiche_methode":""},"_links":{"self":[{"href":"https:\/\/staging.hydrachim.fr\/en\/wp-json\/wp\/v2\/product\/3522","targetHints":{"allow":["GET"]}}],"collection":[{"href":"https:\/\/staging.hydrachim.fr\/en\/wp-json\/wp\/v2\/product"}],"about":[{"href":"https:\/\/staging.hydrachim.fr\/en\/wp-json\/wp\/v2\/types\/product"}],"wp:featuredmedia":[{"embeddable":true,"href":"https:\/\/staging.hydrachim.fr\/en\/wp-json\/wp\/v2\/media\/4446"}],"wp:attachment":[{"href":"https:\/\/staging.hydrachim.fr\/en\/wp-json\/wp\/v2\/media?parent=3522"}],"wp:term":[{"taxonomy":"product_brand","embeddable":true,"href":"https:\/\/staging.hydrachim.fr\/en\/wp-json\/wp\/v2\/product_brand?post=3522"},{"taxonomy":"product_type","embeddable":true,"href":"https:\/\/staging.hydrachim.fr\/en\/wp-json\/wp\/v2\/product_type?post=3522"},{"taxonomy":"product_visibility","embeddable":true,"href":"https:\/\/staging.hydrachim.fr\/en\/wp-json\/wp\/v2\/product_visibility?post=3522"},{"taxonomy":"product_cat","embeddable":true,"href":"https:\/\/staging.hydrachim.fr\/en\/wp-json\/wp\/v2\/product_cat?post=3522"}],"curies":[{"name":"wp","href":"https:\/\/api.w.org\/{rel}","templated":true}]}}