{"id":3525,"date":"2019-08-06T15:50:37","date_gmt":"2019-08-06T13:50:37","guid":{"rendered":"https:\/\/staging.hydrachim.fr\/product\/gel-douche-corps-et-cheveux\/"},"modified":"2019-10-03T10:48:14","modified_gmt":"2019-10-03T08:48:14","slug":"gel-douche-corps-et-cheveux","status":"publish","type":"product","link":"https:\/\/staging.hydrachim.fr\/en\/produit\/gel-douche-corps-et-cheveux\/","title":{"rendered":"Gel douche corps et cheveux"},"content":{"rendered":"<p><strong>Gel douche corps et cheveux liquide est un gel doux d\u00e9velopp\u00e9 pour le lavage quotidien du corps et des cheveux tout en laissant un parfum Fleur de coton.<\/strong><\/p>\n<p>Le Gel douche corps et cheveux est un gel doux qui lave efficacement, laisse un l\u00e9ger parfum doux et enveloppant sur la peau et donne une sensation de confort et de bien-\u00eatre.<br \/>\nIl respecte la peau et le cuir chevelu gr\u00e2ce aux ingr\u00e9dients d&#8217;origine v\u00e9g\u00e9tale.<br \/>\nPour l&#8217;utilisation sur les cheveux, le Gel douche corps et cheveux contient un conditionneur pour un coiffage facile et durable.\n<\/p>\n<p><strong>Disponible en :<br \/>\n&#8211; Carton de 12 x 1L (bouillotte). R\u00e9f. 002183101<br \/>\n&#8211; Carton de 4 x 5 L. R\u00e9f. 002183102<br \/>\n&#8211; Carton de 6 x 1L (poche souple). R\u00e9f. 002183103<br \/>\n12 x 1 L<\/strong><\/p>\n<p class=\"y-product y-product__product-subtitle\">Avantage :<\/p>\n<p>Le pH neutre pour la peau du Gel douche corps et cheveux permet un usage fr\u00e9quent.<\/p>\n<p>Retrouvez le mode d&#8217;emploi et le dosage du produit en t\u00e9l\u00e9chargeant sa Fiche Technique.<\/p>\n<p><em>Avant toute utilisation, lisez l&#8217;\u00e9tiquette et les informations concernant le produit.<\/em><\/p>\n","protected":false},"excerpt":{"rendered":"<p>Gel douche corps et cheveux liquide parfum Fleur de coton<\/p>\n","protected":false},"featured_media":5024,"template":"","meta":[],"product_brand":[],"product_type":[2],"product_visibility":[],"product_cat":[4139,4147,4137],"class_list":{"0":"post-3525","1":"product","2":"type-product","3":"status-publish","4":"has-post-thumbnail","6":"product_cat-mains-corpscorps-cheveux","7":"product_cat-marques-marquesidegreenidegreen","8":"product_cat-produitsmains-corps","9":"product_tag-cheveux","10":"product_tag-fleur-de-coton","11":"product_tag-liquide","13":"first","14":"instock","15":"shipping-taxable","16":"product-type-simple"},"yoast_head":"<!-- This site is optimized with the Yoast SEO plugin v24.7 - https:\/\/yoast.com\/wordpress\/plugins\/seo\/ -->\n<title>Gel douche corps et cheveux - Hydrachim<\/title>\n<meta name=\"robots\" content=\"noindex, follow, max-snippet:-1, max-image-preview:large, max-video-preview:-1\" \/>\n<meta property=\"og:locale\" content=\"en_US\" \/>\n<meta property=\"og:type\" content=\"article\" \/>\n<meta property=\"og:title\" content=\"Gel douche corps et cheveux - Hydrachim\" \/>\n<meta property=\"og:description\" content=\"Gel douche corps et cheveux liquide parfum Fleur de coton\" \/>\n<meta property=\"og:url\" content=\"https:\/\/staging.hydrachim.fr\/produit\/gel-douche-corps-et-cheveux\/\" \/>\n<meta property=\"og:site_name\" content=\"Hydrachim\" \/>\n<meta property=\"article:modified_time\" content=\"2019-10-03T08:48:14+00:00\" \/>\n<meta property=\"og:image\" content=\"https:\/\/staging.hydrachim.fr\/app\/uploads\/2019\/09\/1831-GEL-DOUCHE-ECO-5L.png\" \/>\n\t<meta property=\"og:image:width\" content=\"600\" \/>\n\t<meta property=\"og:image:height\" content=\"600\" \/>\n\t<meta property=\"og:image:type\" content=\"image\/png\" \/>\n<meta name=\"twitter:card\" content=\"summary_large_image\" \/>\n<meta name=\"twitter:label1\" content=\"Est. reading time\" \/>\n\t<meta name=\"twitter:data1\" content=\"1 minute\" \/>\n<script type=\"application\/ld+json\" class=\"yoast-schema-graph\">{\"@context\":\"https:\/\/schema.org\",\"@graph\":[{\"@type\":\"WebPage\",\"@id\":\"https:\/\/staging.hydrachim.fr\/produit\/gel-douche-corps-et-cheveux\/\",\"url\":\"https:\/\/staging.hydrachim.fr\/produit\/gel-douche-corps-et-cheveux\/\",\"name\":\"Gel douche corps et cheveux - Hydrachim\",\"isPartOf\":{\"@id\":\"https:\/\/staging.hydrachim.fr\/#website\"},\"primaryImageOfPage\":{\"@id\":\"https:\/\/staging.hydrachim.fr\/produit\/gel-douche-corps-et-cheveux\/#primaryimage\"},\"image\":{\"@id\":\"https:\/\/staging.hydrachim.fr\/produit\/gel-douche-corps-et-cheveux\/#primaryimage\"},\"thumbnailUrl\":\"https:\/\/staging.hydrachim.fr\/app\/uploads\/2019\/09\/1831-GEL-DOUCHE-ECO-5L.png\",\"datePublished\":\"2019-08-06T13:50:37+00:00\",\"dateModified\":\"2019-10-03T08:48:14+00:00\",\"breadcrumb\":{\"@id\":\"https:\/\/staging.hydrachim.fr\/produit\/gel-douche-corps-et-cheveux\/#breadcrumb\"},\"inLanguage\":\"en-US\",\"potentialAction\":[{\"@type\":\"ReadAction\",\"target\":[\"https:\/\/staging.hydrachim.fr\/produit\/gel-douche-corps-et-cheveux\/\"]}]},{\"@type\":\"ImageObject\",\"inLanguage\":\"en-US\",\"@id\":\"https:\/\/staging.hydrachim.fr\/produit\/gel-douche-corps-et-cheveux\/#primaryimage\",\"url\":\"https:\/\/staging.hydrachim.fr\/app\/uploads\/2019\/09\/1831-GEL-DOUCHE-ECO-5L.png\",\"contentUrl\":\"https:\/\/staging.hydrachim.fr\/app\/uploads\/2019\/09\/1831-GEL-DOUCHE-ECO-5L.png\",\"width\":600,\"height\":600},{\"@type\":\"BreadcrumbList\",\"@id\":\"https:\/\/staging.hydrachim.fr\/produit\/gel-douche-corps-et-cheveux\/#breadcrumb\",\"itemListElement\":[{\"@type\":\"ListItem\",\"position\":1,\"name\":\"Home\",\"item\":\"https:\/\/staging.hydrachim.fr\/en\/\"},{\"@type\":\"ListItem\",\"position\":2,\"name\":\"Shop\",\"item\":\"https:\/\/staging.hydrachim.fr\/en\/shop\/\"},{\"@type\":\"ListItem\",\"position\":3,\"name\":\"Gel douche corps et cheveux\"}]},{\"@type\":\"WebSite\",\"@id\":\"https:\/\/staging.hydrachim.fr\/#website\",\"url\":\"https:\/\/staging.hydrachim.fr\/\",\"name\":\"Hydrachim\",\"description\":\"La science de l&#039;hygi\u00e8ne\",\"potentialAction\":[{\"@type\":\"SearchAction\",\"target\":{\"@type\":\"EntryPoint\",\"urlTemplate\":\"https:\/\/staging.hydrachim.fr\/?s={search_term_string}\"},\"query-input\":{\"@type\":\"PropertyValueSpecification\",\"valueRequired\":true,\"valueName\":\"search_term_string\"}}],\"inLanguage\":\"en-US\"}]}<\/script>\n<!-- \/ Yoast SEO plugin. -->","yoast_head_json":{"title":"Gel douche corps et cheveux - Hydrachim","robots":{"index":"noindex","follow":"follow","max-snippet":"max-snippet:-1","max-image-preview":"max-image-preview:large","max-video-preview":"max-video-preview:-1"},"og_locale":"en_US","og_type":"article","og_title":"Gel douche corps et cheveux - Hydrachim","og_description":"Gel douche corps et cheveux liquide parfum Fleur de coton","og_url":"https:\/\/staging.hydrachim.fr\/produit\/gel-douche-corps-et-cheveux\/","og_site_name":"Hydrachim","article_modified_time":"2019-10-03T08:48:14+00:00","og_image":[{"width":600,"height":600,"url":"https:\/\/staging.hydrachim.fr\/app\/uploads\/2019\/09\/1831-GEL-DOUCHE-ECO-5L.png","type":"image\/png"}],"twitter_card":"summary_large_image","twitter_misc":{"Est. reading time":"1 minute"},"schema":{"@context":"https:\/\/schema.org","@graph":[{"@type":"WebPage","@id":"https:\/\/staging.hydrachim.fr\/produit\/gel-douche-corps-et-cheveux\/","url":"https:\/\/staging.hydrachim.fr\/produit\/gel-douche-corps-et-cheveux\/","name":"Gel douche corps et cheveux - Hydrachim","isPartOf":{"@id":"https:\/\/staging.hydrachim.fr\/#website"},"primaryImageOfPage":{"@id":"https:\/\/staging.hydrachim.fr\/produit\/gel-douche-corps-et-cheveux\/#primaryimage"},"image":{"@id":"https:\/\/staging.hydrachim.fr\/produit\/gel-douche-corps-et-cheveux\/#primaryimage"},"thumbnailUrl":"https:\/\/staging.hydrachim.fr\/app\/uploads\/2019\/09\/1831-GEL-DOUCHE-ECO-5L.png","datePublished":"2019-08-06T13:50:37+00:00","dateModified":"2019-10-03T08:48:14+00:00","breadcrumb":{"@id":"https:\/\/staging.hydrachim.fr\/produit\/gel-douche-corps-et-cheveux\/#breadcrumb"},"inLanguage":"en-US","potentialAction":[{"@type":"ReadAction","target":["https:\/\/staging.hydrachim.fr\/produit\/gel-douche-corps-et-cheveux\/"]}]},{"@type":"ImageObject","inLanguage":"en-US","@id":"https:\/\/staging.hydrachim.fr\/produit\/gel-douche-corps-et-cheveux\/#primaryimage","url":"https:\/\/staging.hydrachim.fr\/app\/uploads\/2019\/09\/1831-GEL-DOUCHE-ECO-5L.png","contentUrl":"https:\/\/staging.hydrachim.fr\/app\/uploads\/2019\/09\/1831-GEL-DOUCHE-ECO-5L.png","width":600,"height":600},{"@type":"BreadcrumbList","@id":"https:\/\/staging.hydrachim.fr\/produit\/gel-douche-corps-et-cheveux\/#breadcrumb","itemListElement":[{"@type":"ListItem","position":1,"name":"Home","item":"https:\/\/staging.hydrachim.fr\/en\/"},{"@type":"ListItem","position":2,"name":"Shop","item":"https:\/\/staging.hydrachim.fr\/en\/shop\/"},{"@type":"ListItem","position":3,"name":"Gel douche corps et cheveux"}]},{"@type":"WebSite","@id":"https:\/\/staging.hydrachim.fr\/#website","url":"https:\/\/staging.hydrachim.fr\/","name":"Hydrachim","description":"La science de l&#039;hygi\u00e8ne","potentialAction":[{"@type":"SearchAction","target":{"@type":"EntryPoint","urlTemplate":"https:\/\/staging.hydrachim.fr\/?s={search_term_string}"},"query-input":{"@type":"PropertyValueSpecification","valueRequired":true,"valueName":"search_term_string"}}],"inLanguage":"en-US"}]}},"acf":{"fiche_technique":"https:\/\/staging.hydrachim.fr\/app\/uploads\/2019\/09\/FT-1831-Gel-douche-corps-cheveux-parfum-fleur-de-coton.pdf","fiche_methode":""},"_links":{"self":[{"href":"https:\/\/staging.hydrachim.fr\/en\/wp-json\/wp\/v2\/product\/3525","targetHints":{"allow":["GET"]}}],"collection":[{"href":"https:\/\/staging.hydrachim.fr\/en\/wp-json\/wp\/v2\/product"}],"about":[{"href":"https:\/\/staging.hydrachim.fr\/en\/wp-json\/wp\/v2\/types\/product"}],"wp:featuredmedia":[{"embeddable":true,"href":"https:\/\/staging.hydrachim.fr\/en\/wp-json\/wp\/v2\/media\/5024"}],"wp:attachment":[{"href":"https:\/\/staging.hydrachim.fr\/en\/wp-json\/wp\/v2\/media?parent=3525"}],"wp:term":[{"taxonomy":"product_brand","embeddable":true,"href":"https:\/\/staging.hydrachim.fr\/en\/wp-json\/wp\/v2\/product_brand?post=3525"},{"taxonomy":"product_type","embeddable":true,"href":"https:\/\/staging.hydrachim.fr\/en\/wp-json\/wp\/v2\/product_type?post=3525"},{"taxonomy":"product_visibility","embeddable":true,"href":"https:\/\/staging.hydrachim.fr\/en\/wp-json\/wp\/v2\/product_visibility?post=3525"},{"taxonomy":"product_cat","embeddable":true,"href":"https:\/\/staging.hydrachim.fr\/en\/wp-json\/wp\/v2\/product_cat?post=3525"}],"curies":[{"name":"wp","href":"https:\/\/api.w.org\/{rel}","templated":true}]}}