{"id":3531,"date":"2019-08-06T15:50:42","date_gmt":"2019-08-06T13:50:42","guid":{"rendered":"https:\/\/staging.hydrachim.fr\/product\/degraissant-sols-et-surfaces\/"},"modified":"2019-08-06T15:50:43","modified_gmt":"2019-08-06T13:50:43","slug":"degraissant-sols-et-surfaces","status":"publish","type":"product","link":"https:\/\/staging.hydrachim.fr\/en\/produit\/degraissant-sols-et-surfaces\/","title":{"rendered":"degraissant-sols-et-surfaces"},"content":{"rendered":"<h2 class=\"description-produit\">D\u00e9graissant sols et surfaces liquide est un produit d\u00e9graissant d\u00e9velopp\u00e9 pour le nettoyage des surfaces en industries alimentaires et collectivit\u00e9s.<\/h2>\n<p class=\"text-description-produit\"><img decoding=\"async\" class=\"conditionnement-produit\" alt=\"\" src=\"https:\/\/staging.hydrachim.com\/wp-content\/uploads\/2016\/11\/B-444-Degraissant-ecologique.jpg\" width=\"160\" \/>Le D\u00e9graissant sols et surfaces est un produit qui dissout les graisses et les huiles sur les sols carrel\u00e9s en cuisine professionnelle et agro-alimentaire et qui permet de retrouver des surfaces nettoy\u00e9es et sans trace. Il s&rsquo;utilise sur les sols carrel\u00e9s, les plans de travail, les fa\u00efences, les cuisines, les machines de d\u00e9coupe, les filtres \u00e0 hotte et les caissons d&#8217;a\u00e9ration, tous supports susceptibles d&#8217;\u00eatre recouverts de mati\u00e8re grasse.<br \/> <br \/>\nLe D\u00e9graissant sols et surfaces a une formule respectueuse de l&rsquo;environnement et un emballage 100% recyclable.<\/p>\n<p class=\"information-produit\"><span class=\"dose-utilisation\">Disponible en carton de 4 x 5 L et en f\u00fbt de 200 L.<br \/> <br \/>\nExiste en Pr\u00eat \u00e0 l&#8217;emploi, carton de de 6 x 750 mL (R\u00e9f. B445)<\/span><\/p>\n<div class=\"plus-produit\"><span>Le D\u00e9graissant sols et surfaces permet de retrouver des surfaces nettoy\u00e9es et sans traces.<\/span><\/div>\n<p><span class=\"mode-demploi\">Retrouvez <b>le mode d&#8217;emploi et le dosage du produit<\/b> en t\u00e9l\u00e9chargeant, ci-dessous, sa Fiche Technique et\/ou sa Fiche M\u00e9thode.<\/span> <\/p>\n<div id='wpdm_file_740' class='wpdm_file wpdm-only-button'>\n<div class='cont'>\n<div class='btn_outer'>\n<div class='btn_outer_c' style='background-image: url(https:\/\/staging.hydrachim.com\/wp-content\/plugins\/download-manager\/icon\/file_extension_pdf.png)'><a class='btn_left   login-please' rel='740' title='FT - B444 D\u00e9graissant sols et surfaces' href='https:\/\/staging.hydrachim.com\/wp-login.php?redirect_to=\/wp-json\/wp\/v2\/product'>T\u00e9l\u00e9charger la<br \/> Fiche Technique<\/a><span class='btn_right counter'>Login Required<\/span><\/div>\n<\/div>\n<div class='clear'><\/div>\n<\/div>\n<\/div>\n<p><a class=\"lien-fds-pdt\" href=\"https:\/\/staging.hydrachim.com\/fiches-donnees-de-securite\/\">Fiches de Donn\u00e9es de S\u00e9curit\u00e9<\/a><\/p>\n<div id='wpdm_file_741' class='wpdm_file wpdm-only-button'>\n<div class='cont'>\n<div class='btn_outer'>\n<div class='btn_outer_c' style='background-image: url(https:\/\/staging.hydrachim.com\/wp-content\/plugins\/download-manager\/icon\/file_extension_pdf.png)'><a class='btn_left   login-please' rel='741' title='FM - B444 D\u00e9graissant sols et surfaces' href='https:\/\/staging.hydrachim.com\/wp-login.php?redirect_to=\/wp-json\/wp\/v2\/product'>T\u00e9l\u00e9charger la<br \/> Fiche M\u00e9thode<\/a><span class='btn_right counter'>Login Required<\/span><\/div>\n<\/div>\n<div class='clear'><\/div>\n<\/div>\n<\/div>\n<div id='wpdm_file_742' class='wpdm_file wpdm-only-button'>\n<div class='cont'>\n<div class='btn_outer'>\n<div class='btn_outer_c' style='background-image: url(https:\/\/staging.hydrachim.com\/wp-content\/plugins\/download-manager\/icon\/file_extension_pdf.png)'><a class='btn_left   login-please' rel='742'>T\u00e9l\u00e9charger la<br \/> Fiche Technique<br \/>Pr\u00eat \u00e0 l2emploi<\/a><span class='btn_right counter'>Login Required<\/span><\/div>\n<\/div>\n<div class='clear'><\/div>\n<\/div>\n<\/div>\n<p><span style=\"margin: 0 10px 0 10px\"><\/p>\n<div id='wpdm_file_743' class='wpdm_file wpdm-only-button'>\n<div class='cont'>\n<div class='btn_outer'>\n<div class='btn_outer_c' style='background-image: url(https:\/\/staging.hydrachim.com\/wp-content\/plugins\/download-manager\/icon\/file_extension_pdf.png)'><a class='btn_left   login-please' rel='743'>T\u00e9l\u00e9charger la<br \/> Fiche M\u00e9thode<br \/>Pr\u00eat \u00e0 l2emploi<\/a><span class='btn_right counter'>Login Required<\/span><\/div>\n<\/div>\n<div class='clear'><\/div>\n<\/div>\n<\/div>\n<p><\/span><\/p>\n<p class=\"remarque-importante\" style=\"padding-top: 15px\">Utilisez les biocides avec pr\u00e9caution. Avant toute utilisation, lisez l&#8217;\u00e9tiquette et les informations concernant le produit.<\/p>\n<p><!-- Start Shareaholic ClassicBookmarks Automatic --><!-- End Shareaholic ClassicBookmarks Automatic --><\/p>\n","protected":false},"excerpt":{"rendered":"<p>D\u00e9graissant sols et surfaces liquide<\/p>\n","protected":false},"featured_media":3023,"template":"","meta":[],"product_brand":[],"product_type":[2],"product_visibility":[],"product_cat":[15],"class_list":{"0":"post-3531","1":"product","2":"type-product","3":"status-publish","4":"has-post-thumbnail","6":"product_cat-uncategorized","7":"product_tag-degraissant","8":"product_tag-liquide","10":"first","11":"instock","12":"shipping-taxable","13":"purchasable","14":"product-type-simple"},"yoast_head":"<!-- This site is optimized with the Yoast SEO plugin v24.7 - https:\/\/yoast.com\/wordpress\/plugins\/seo\/ -->\n<title>degraissant-sols-et-surfaces - Hydrachim<\/title>\n<meta name=\"robots\" content=\"noindex, follow, max-snippet:-1, max-image-preview:large, max-video-preview:-1\" \/>\n<meta property=\"og:locale\" content=\"en_US\" \/>\n<meta property=\"og:type\" content=\"article\" \/>\n<meta property=\"og:title\" content=\"degraissant-sols-et-surfaces - Hydrachim\" \/>\n<meta property=\"og:description\" content=\"D\u00e9graissant sols et surfaces liquide\" \/>\n<meta property=\"og:url\" content=\"https:\/\/staging.hydrachim.fr\/produit\/degraissant-sols-et-surfaces\/\" \/>\n<meta property=\"og:site_name\" content=\"Hydrachim\" \/>\n<meta property=\"article:modified_time\" content=\"2019-08-06T13:50:43+00:00\" \/>\n<meta property=\"og:image\" content=\"https:\/\/staging.hydrachim.fr\/app\/uploads\/2019\/08\/plan-de-travail-cuisine.jpg\" \/>\n\t<meta property=\"og:image:width\" content=\"310\" \/>\n\t<meta property=\"og:image:height\" content=\"205\" \/>\n\t<meta property=\"og:image:type\" content=\"image\/jpeg\" \/>\n<meta name=\"twitter:card\" content=\"summary_large_image\" \/>\n<meta name=\"twitter:label1\" content=\"Est. reading time\" \/>\n\t<meta name=\"twitter:data1\" content=\"1 minute\" \/>\n<script type=\"application\/ld+json\" class=\"yoast-schema-graph\">{\"@context\":\"https:\/\/schema.org\",\"@graph\":[{\"@type\":\"WebPage\",\"@id\":\"https:\/\/staging.hydrachim.fr\/produit\/degraissant-sols-et-surfaces\/\",\"url\":\"https:\/\/staging.hydrachim.fr\/produit\/degraissant-sols-et-surfaces\/\",\"name\":\"degraissant-sols-et-surfaces - Hydrachim\",\"isPartOf\":{\"@id\":\"https:\/\/staging.hydrachim.fr\/#website\"},\"primaryImageOfPage\":{\"@id\":\"https:\/\/staging.hydrachim.fr\/produit\/degraissant-sols-et-surfaces\/#primaryimage\"},\"image\":{\"@id\":\"https:\/\/staging.hydrachim.fr\/produit\/degraissant-sols-et-surfaces\/#primaryimage\"},\"thumbnailUrl\":\"https:\/\/staging.hydrachim.fr\/app\/uploads\/2019\/08\/plan-de-travail-cuisine.jpg\",\"datePublished\":\"2019-08-06T13:50:42+00:00\",\"dateModified\":\"2019-08-06T13:50:43+00:00\",\"breadcrumb\":{\"@id\":\"https:\/\/staging.hydrachim.fr\/produit\/degraissant-sols-et-surfaces\/#breadcrumb\"},\"inLanguage\":\"en-US\",\"potentialAction\":[{\"@type\":\"ReadAction\",\"target\":[\"https:\/\/staging.hydrachim.fr\/produit\/degraissant-sols-et-surfaces\/\"]}]},{\"@type\":\"ImageObject\",\"inLanguage\":\"en-US\",\"@id\":\"https:\/\/staging.hydrachim.fr\/produit\/degraissant-sols-et-surfaces\/#primaryimage\",\"url\":\"https:\/\/staging.hydrachim.fr\/app\/uploads\/2019\/08\/plan-de-travail-cuisine.jpg\",\"contentUrl\":\"https:\/\/staging.hydrachim.fr\/app\/uploads\/2019\/08\/plan-de-travail-cuisine.jpg\",\"width\":310,\"height\":205},{\"@type\":\"BreadcrumbList\",\"@id\":\"https:\/\/staging.hydrachim.fr\/produit\/degraissant-sols-et-surfaces\/#breadcrumb\",\"itemListElement\":[{\"@type\":\"ListItem\",\"position\":1,\"name\":\"Home\",\"item\":\"https:\/\/staging.hydrachim.fr\/en\/\"},{\"@type\":\"ListItem\",\"position\":2,\"name\":\"Shop\",\"item\":\"https:\/\/staging.hydrachim.fr\/en\/shop\/\"},{\"@type\":\"ListItem\",\"position\":3,\"name\":\"degraissant-sols-et-surfaces\"}]},{\"@type\":\"WebSite\",\"@id\":\"https:\/\/staging.hydrachim.fr\/#website\",\"url\":\"https:\/\/staging.hydrachim.fr\/\",\"name\":\"Hydrachim\",\"description\":\"La science de l&#039;hygi\u00e8ne\",\"potentialAction\":[{\"@type\":\"SearchAction\",\"target\":{\"@type\":\"EntryPoint\",\"urlTemplate\":\"https:\/\/staging.hydrachim.fr\/?s={search_term_string}\"},\"query-input\":{\"@type\":\"PropertyValueSpecification\",\"valueRequired\":true,\"valueName\":\"search_term_string\"}}],\"inLanguage\":\"en-US\"}]}<\/script>\n<!-- \/ Yoast SEO plugin. -->","yoast_head_json":{"title":"degraissant-sols-et-surfaces - Hydrachim","robots":{"index":"noindex","follow":"follow","max-snippet":"max-snippet:-1","max-image-preview":"max-image-preview:large","max-video-preview":"max-video-preview:-1"},"og_locale":"en_US","og_type":"article","og_title":"degraissant-sols-et-surfaces - Hydrachim","og_description":"D\u00e9graissant sols et surfaces liquide","og_url":"https:\/\/staging.hydrachim.fr\/produit\/degraissant-sols-et-surfaces\/","og_site_name":"Hydrachim","article_modified_time":"2019-08-06T13:50:43+00:00","og_image":[{"width":310,"height":205,"url":"https:\/\/staging.hydrachim.fr\/app\/uploads\/2019\/08\/plan-de-travail-cuisine.jpg","type":"image\/jpeg"}],"twitter_card":"summary_large_image","twitter_misc":{"Est. reading time":"1 minute"},"schema":{"@context":"https:\/\/schema.org","@graph":[{"@type":"WebPage","@id":"https:\/\/staging.hydrachim.fr\/produit\/degraissant-sols-et-surfaces\/","url":"https:\/\/staging.hydrachim.fr\/produit\/degraissant-sols-et-surfaces\/","name":"degraissant-sols-et-surfaces - Hydrachim","isPartOf":{"@id":"https:\/\/staging.hydrachim.fr\/#website"},"primaryImageOfPage":{"@id":"https:\/\/staging.hydrachim.fr\/produit\/degraissant-sols-et-surfaces\/#primaryimage"},"image":{"@id":"https:\/\/staging.hydrachim.fr\/produit\/degraissant-sols-et-surfaces\/#primaryimage"},"thumbnailUrl":"https:\/\/staging.hydrachim.fr\/app\/uploads\/2019\/08\/plan-de-travail-cuisine.jpg","datePublished":"2019-08-06T13:50:42+00:00","dateModified":"2019-08-06T13:50:43+00:00","breadcrumb":{"@id":"https:\/\/staging.hydrachim.fr\/produit\/degraissant-sols-et-surfaces\/#breadcrumb"},"inLanguage":"en-US","potentialAction":[{"@type":"ReadAction","target":["https:\/\/staging.hydrachim.fr\/produit\/degraissant-sols-et-surfaces\/"]}]},{"@type":"ImageObject","inLanguage":"en-US","@id":"https:\/\/staging.hydrachim.fr\/produit\/degraissant-sols-et-surfaces\/#primaryimage","url":"https:\/\/staging.hydrachim.fr\/app\/uploads\/2019\/08\/plan-de-travail-cuisine.jpg","contentUrl":"https:\/\/staging.hydrachim.fr\/app\/uploads\/2019\/08\/plan-de-travail-cuisine.jpg","width":310,"height":205},{"@type":"BreadcrumbList","@id":"https:\/\/staging.hydrachim.fr\/produit\/degraissant-sols-et-surfaces\/#breadcrumb","itemListElement":[{"@type":"ListItem","position":1,"name":"Home","item":"https:\/\/staging.hydrachim.fr\/en\/"},{"@type":"ListItem","position":2,"name":"Shop","item":"https:\/\/staging.hydrachim.fr\/en\/shop\/"},{"@type":"ListItem","position":3,"name":"degraissant-sols-et-surfaces"}]},{"@type":"WebSite","@id":"https:\/\/staging.hydrachim.fr\/#website","url":"https:\/\/staging.hydrachim.fr\/","name":"Hydrachim","description":"La science de l&#039;hygi\u00e8ne","potentialAction":[{"@type":"SearchAction","target":{"@type":"EntryPoint","urlTemplate":"https:\/\/staging.hydrachim.fr\/?s={search_term_string}"},"query-input":{"@type":"PropertyValueSpecification","valueRequired":true,"valueName":"search_term_string"}}],"inLanguage":"en-US"}]}},"acf":{"fiche_technique":null,"fiche_methode":null},"_links":{"self":[{"href":"https:\/\/staging.hydrachim.fr\/en\/wp-json\/wp\/v2\/product\/3531","targetHints":{"allow":["GET"]}}],"collection":[{"href":"https:\/\/staging.hydrachim.fr\/en\/wp-json\/wp\/v2\/product"}],"about":[{"href":"https:\/\/staging.hydrachim.fr\/en\/wp-json\/wp\/v2\/types\/product"}],"wp:featuredmedia":[{"embeddable":true,"href":"https:\/\/staging.hydrachim.fr\/en\/wp-json\/wp\/v2\/media\/3023"}],"wp:attachment":[{"href":"https:\/\/staging.hydrachim.fr\/en\/wp-json\/wp\/v2\/media?parent=3531"}],"wp:term":[{"taxonomy":"product_brand","embeddable":true,"href":"https:\/\/staging.hydrachim.fr\/en\/wp-json\/wp\/v2\/product_brand?post=3531"},{"taxonomy":"product_type","embeddable":true,"href":"https:\/\/staging.hydrachim.fr\/en\/wp-json\/wp\/v2\/product_type?post=3531"},{"taxonomy":"product_visibility","embeddable":true,"href":"https:\/\/staging.hydrachim.fr\/en\/wp-json\/wp\/v2\/product_visibility?post=3531"},{"taxonomy":"product_cat","embeddable":true,"href":"https:\/\/staging.hydrachim.fr\/en\/wp-json\/wp\/v2\/product_cat?post=3531"}],"curies":[{"name":"wp","href":"https:\/\/api.w.org\/{rel}","templated":true}]}}