{"id":3532,"date":"2019-08-06T15:50:43","date_gmt":"2019-08-06T13:50:43","guid":{"rendered":"https:\/\/staging.hydrachim.fr\/product\/lessive-liquide-tous-textiles\/"},"modified":"2019-10-03T10:43:07","modified_gmt":"2019-10-03T08:43:07","slug":"lessive-liquide-tous-textiles","status":"publish","type":"product","link":"https:\/\/staging.hydrachim.fr\/en\/produit\/lessive-liquide-tous-textiles\/","title":{"rendered":"Lessive liquide tous textiles"},"content":{"rendered":"<p><strong>Lessive liquide tous textiles est un produit d\u00e9velopp\u00e9 pour le lavage du linge en machine m\u00e9nag\u00e8re ou industrielle et laissant un agr\u00e9able parfum douceur.<\/strong><\/p>\n<p>La Lessive liquide tous textiles est un produit complet qui lave le linge d\u00e8s 40\u00b0C et est recommand\u00e9 pour les textiles d\u00e9licats comme la laine, les couleurs, les nylons et les synth\u00e9tiques.<br \/>\nElle est \u00e0 base de tensioactifs d&#8217;origine v\u00e9g\u00e9tale.\n<\/p>\n<p><strong>Disponible en :<br \/>\n&#8211; Carton de 4 x 3 L. R\u00e9f.002180701<br \/>\n&#8211; Carton de 4 x 5 L. R\u00e9f. 002180703<\/strong><\/p>\n<p class=\"y-product y-product__product-subtitle\">Avantage :<\/p>\n<p>La Lessive liquide tous textiles respecte les fibres les plus d\u00e9licates.<\/p>\n<p>Retrouvez le mode d&#8217;emploi et le dosage du produit en t\u00e9l\u00e9chargeant sa Fiche Technique et\/ou sa Fiche M\u00e9thode.<\/p>\n<p><em>Avant toute utilisation, lisez l&#8217;\u00e9tiquette et les informations concernant le produit.<\/em><\/p>\n","protected":false},"excerpt":{"rendered":"<p>Lessive parfum douceur.<\/p>\n","protected":false},"featured_media":5026,"template":"","meta":[],"product_brand":[],"product_type":[2],"product_visibility":[],"product_cat":[4147,4134,4133],"class_list":{"0":"post-3532","1":"product","2":"type-product","3":"status-publish","4":"has-post-thumbnail","6":"product_cat-marques-marquesidegreenidegreen","7":"product_cat-lingelessive","8":"product_cat-produitslinge","9":"product_tag-detachant","10":"product_tag-linge","11":"product_tag-liquide","13":"first","14":"instock","15":"shipping-taxable","16":"product-type-simple"},"yoast_head":"<!-- This site is optimized with the Yoast SEO plugin v24.7 - https:\/\/yoast.com\/wordpress\/plugins\/seo\/ -->\n<title>Lessive liquide tous textiles - Hydrachim<\/title>\n<meta name=\"robots\" content=\"noindex, follow, max-snippet:-1, max-image-preview:large, max-video-preview:-1\" \/>\n<meta property=\"og:locale\" content=\"en_US\" \/>\n<meta property=\"og:type\" content=\"article\" \/>\n<meta property=\"og:title\" content=\"Lessive liquide tous textiles - Hydrachim\" \/>\n<meta property=\"og:description\" content=\"Lessive parfum douceur.\" \/>\n<meta property=\"og:url\" content=\"https:\/\/staging.hydrachim.fr\/produit\/lessive-liquide-tous-textiles\/\" \/>\n<meta property=\"og:site_name\" content=\"Hydrachim\" \/>\n<meta property=\"article:modified_time\" content=\"2019-10-03T08:43:07+00:00\" \/>\n<meta property=\"og:image\" content=\"https:\/\/staging.hydrachim.fr\/app\/uploads\/2019\/09\/1807-Lessive-liquide-tous-textiles_5L.png\" \/>\n\t<meta property=\"og:image:width\" content=\"600\" \/>\n\t<meta property=\"og:image:height\" content=\"854\" \/>\n\t<meta property=\"og:image:type\" content=\"image\/png\" \/>\n<meta name=\"twitter:card\" content=\"summary_large_image\" \/>\n<meta name=\"twitter:label1\" content=\"Est. reading time\" \/>\n\t<meta name=\"twitter:data1\" content=\"1 minute\" \/>\n<script type=\"application\/ld+json\" class=\"yoast-schema-graph\">{\"@context\":\"https:\/\/schema.org\",\"@graph\":[{\"@type\":\"WebPage\",\"@id\":\"https:\/\/staging.hydrachim.fr\/produit\/lessive-liquide-tous-textiles\/\",\"url\":\"https:\/\/staging.hydrachim.fr\/produit\/lessive-liquide-tous-textiles\/\",\"name\":\"Lessive liquide tous textiles - Hydrachim\",\"isPartOf\":{\"@id\":\"https:\/\/staging.hydrachim.fr\/#website\"},\"primaryImageOfPage\":{\"@id\":\"https:\/\/staging.hydrachim.fr\/produit\/lessive-liquide-tous-textiles\/#primaryimage\"},\"image\":{\"@id\":\"https:\/\/staging.hydrachim.fr\/produit\/lessive-liquide-tous-textiles\/#primaryimage\"},\"thumbnailUrl\":\"https:\/\/staging.hydrachim.fr\/app\/uploads\/2019\/09\/1807-Lessive-liquide-tous-textiles_5L.png\",\"datePublished\":\"2019-08-06T13:50:43+00:00\",\"dateModified\":\"2019-10-03T08:43:07+00:00\",\"breadcrumb\":{\"@id\":\"https:\/\/staging.hydrachim.fr\/produit\/lessive-liquide-tous-textiles\/#breadcrumb\"},\"inLanguage\":\"en-US\",\"potentialAction\":[{\"@type\":\"ReadAction\",\"target\":[\"https:\/\/staging.hydrachim.fr\/produit\/lessive-liquide-tous-textiles\/\"]}]},{\"@type\":\"ImageObject\",\"inLanguage\":\"en-US\",\"@id\":\"https:\/\/staging.hydrachim.fr\/produit\/lessive-liquide-tous-textiles\/#primaryimage\",\"url\":\"https:\/\/staging.hydrachim.fr\/app\/uploads\/2019\/09\/1807-Lessive-liquide-tous-textiles_5L.png\",\"contentUrl\":\"https:\/\/staging.hydrachim.fr\/app\/uploads\/2019\/09\/1807-Lessive-liquide-tous-textiles_5L.png\",\"width\":600,\"height\":854},{\"@type\":\"BreadcrumbList\",\"@id\":\"https:\/\/staging.hydrachim.fr\/produit\/lessive-liquide-tous-textiles\/#breadcrumb\",\"itemListElement\":[{\"@type\":\"ListItem\",\"position\":1,\"name\":\"Home\",\"item\":\"https:\/\/staging.hydrachim.fr\/en\/\"},{\"@type\":\"ListItem\",\"position\":2,\"name\":\"Shop\",\"item\":\"https:\/\/staging.hydrachim.fr\/en\/shop\/\"},{\"@type\":\"ListItem\",\"position\":3,\"name\":\"Lessive liquide tous textiles\"}]},{\"@type\":\"WebSite\",\"@id\":\"https:\/\/staging.hydrachim.fr\/#website\",\"url\":\"https:\/\/staging.hydrachim.fr\/\",\"name\":\"Hydrachim\",\"description\":\"La science de l&#039;hygi\u00e8ne\",\"potentialAction\":[{\"@type\":\"SearchAction\",\"target\":{\"@type\":\"EntryPoint\",\"urlTemplate\":\"https:\/\/staging.hydrachim.fr\/?s={search_term_string}\"},\"query-input\":{\"@type\":\"PropertyValueSpecification\",\"valueRequired\":true,\"valueName\":\"search_term_string\"}}],\"inLanguage\":\"en-US\"}]}<\/script>\n<!-- \/ Yoast SEO plugin. -->","yoast_head_json":{"title":"Lessive liquide tous textiles - Hydrachim","robots":{"index":"noindex","follow":"follow","max-snippet":"max-snippet:-1","max-image-preview":"max-image-preview:large","max-video-preview":"max-video-preview:-1"},"og_locale":"en_US","og_type":"article","og_title":"Lessive liquide tous textiles - Hydrachim","og_description":"Lessive parfum douceur.","og_url":"https:\/\/staging.hydrachim.fr\/produit\/lessive-liquide-tous-textiles\/","og_site_name":"Hydrachim","article_modified_time":"2019-10-03T08:43:07+00:00","og_image":[{"width":600,"height":854,"url":"https:\/\/staging.hydrachim.fr\/app\/uploads\/2019\/09\/1807-Lessive-liquide-tous-textiles_5L.png","type":"image\/png"}],"twitter_card":"summary_large_image","twitter_misc":{"Est. reading time":"1 minute"},"schema":{"@context":"https:\/\/schema.org","@graph":[{"@type":"WebPage","@id":"https:\/\/staging.hydrachim.fr\/produit\/lessive-liquide-tous-textiles\/","url":"https:\/\/staging.hydrachim.fr\/produit\/lessive-liquide-tous-textiles\/","name":"Lessive liquide tous textiles - Hydrachim","isPartOf":{"@id":"https:\/\/staging.hydrachim.fr\/#website"},"primaryImageOfPage":{"@id":"https:\/\/staging.hydrachim.fr\/produit\/lessive-liquide-tous-textiles\/#primaryimage"},"image":{"@id":"https:\/\/staging.hydrachim.fr\/produit\/lessive-liquide-tous-textiles\/#primaryimage"},"thumbnailUrl":"https:\/\/staging.hydrachim.fr\/app\/uploads\/2019\/09\/1807-Lessive-liquide-tous-textiles_5L.png","datePublished":"2019-08-06T13:50:43+00:00","dateModified":"2019-10-03T08:43:07+00:00","breadcrumb":{"@id":"https:\/\/staging.hydrachim.fr\/produit\/lessive-liquide-tous-textiles\/#breadcrumb"},"inLanguage":"en-US","potentialAction":[{"@type":"ReadAction","target":["https:\/\/staging.hydrachim.fr\/produit\/lessive-liquide-tous-textiles\/"]}]},{"@type":"ImageObject","inLanguage":"en-US","@id":"https:\/\/staging.hydrachim.fr\/produit\/lessive-liquide-tous-textiles\/#primaryimage","url":"https:\/\/staging.hydrachim.fr\/app\/uploads\/2019\/09\/1807-Lessive-liquide-tous-textiles_5L.png","contentUrl":"https:\/\/staging.hydrachim.fr\/app\/uploads\/2019\/09\/1807-Lessive-liquide-tous-textiles_5L.png","width":600,"height":854},{"@type":"BreadcrumbList","@id":"https:\/\/staging.hydrachim.fr\/produit\/lessive-liquide-tous-textiles\/#breadcrumb","itemListElement":[{"@type":"ListItem","position":1,"name":"Home","item":"https:\/\/staging.hydrachim.fr\/en\/"},{"@type":"ListItem","position":2,"name":"Shop","item":"https:\/\/staging.hydrachim.fr\/en\/shop\/"},{"@type":"ListItem","position":3,"name":"Lessive liquide tous textiles"}]},{"@type":"WebSite","@id":"https:\/\/staging.hydrachim.fr\/#website","url":"https:\/\/staging.hydrachim.fr\/","name":"Hydrachim","description":"La science de l&#039;hygi\u00e8ne","potentialAction":[{"@type":"SearchAction","target":{"@type":"EntryPoint","urlTemplate":"https:\/\/staging.hydrachim.fr\/?s={search_term_string}"},"query-input":{"@type":"PropertyValueSpecification","valueRequired":true,"valueName":"search_term_string"}}],"inLanguage":"en-US"}]}},"acf":{"fiche_technique":"https:\/\/staging.hydrachim.fr\/app\/uploads\/2019\/09\/FT-1807-LESSIVE-LIQUIDE-TOUS-TEXTILES.pdf","fiche_methode":"https:\/\/staging.hydrachim.fr\/app\/uploads\/2019\/09\/-10"},"_links":{"self":[{"href":"https:\/\/staging.hydrachim.fr\/en\/wp-json\/wp\/v2\/product\/3532","targetHints":{"allow":["GET"]}}],"collection":[{"href":"https:\/\/staging.hydrachim.fr\/en\/wp-json\/wp\/v2\/product"}],"about":[{"href":"https:\/\/staging.hydrachim.fr\/en\/wp-json\/wp\/v2\/types\/product"}],"wp:featuredmedia":[{"embeddable":true,"href":"https:\/\/staging.hydrachim.fr\/en\/wp-json\/wp\/v2\/media\/5026"}],"wp:attachment":[{"href":"https:\/\/staging.hydrachim.fr\/en\/wp-json\/wp\/v2\/media?parent=3532"}],"wp:term":[{"taxonomy":"product_brand","embeddable":true,"href":"https:\/\/staging.hydrachim.fr\/en\/wp-json\/wp\/v2\/product_brand?post=3532"},{"taxonomy":"product_type","embeddable":true,"href":"https:\/\/staging.hydrachim.fr\/en\/wp-json\/wp\/v2\/product_type?post=3532"},{"taxonomy":"product_visibility","embeddable":true,"href":"https:\/\/staging.hydrachim.fr\/en\/wp-json\/wp\/v2\/product_visibility?post=3532"},{"taxonomy":"product_cat","embeddable":true,"href":"https:\/\/staging.hydrachim.fr\/en\/wp-json\/wp\/v2\/product_cat?post=3532"}],"curies":[{"name":"wp","href":"https:\/\/api.w.org\/{rel}","templated":true}]}}