{"id":3535,"date":"2019-08-06T15:50:46","date_gmt":"2019-08-06T13:50:46","guid":{"rendered":"https:\/\/staging.hydrachim.fr\/product\/pastilles-chlorees\/"},"modified":"2019-10-14T15:16:27","modified_gmt":"2019-10-14T13:16:27","slug":"pastilles-chlorees","status":"publish","type":"product","link":"https:\/\/staging.hydrachim.fr\/en\/produit\/pastilles-chlorees\/","title":{"rendered":"Pastilles chlor\u00e9es"},"content":{"rendered":"<p><strong>Les pastilles chlor\u00e9es sont d\u00e9velopp\u00e9es pour cr\u00e9er des solutions chlor\u00e9es destin\u00e9es au nettoyage, \u00e0 la d\u00e9sinfection et au blanchiment du linge.<\/strong><\/p>\n<p>Les Pastilles chlor\u00e9es sont des pastilles effervescentes qui lib\u00e8rent une solution de chlore actif. Elles sont utilis\u00e9es en collectivit\u00e9s (d\u00e9sinfection des sanitaires, poubelles, blanchiment du linge, surfaces diverses). Mais les Pastilles chlor\u00e9es peuvent \u00e9galement \u00eatre utilis\u00e9es en \u00e9levage pour le traitement des r\u00e9serves d&#8217;eau.<br \/>\nBact\u00e9ricide et fongicide, la solution cr\u00e9\u00e9e avec ces pastilles chlor\u00e9es,\u00a0r\u00e9pond aux normes EN 1276, EN 1650 et EN 13697 (consulter la fiche technique pour le d\u00e9tail des dosages).<\/p>\n<p><strong>Disponible en :<br \/>\n&#8211; Carton de 12 x 510g contenant environ 150 pastilles. R\u00e9f. 002007981<br \/>\n&#8211; Carton de 6 x 1kg contenant environ 300 pastilles. R\u00e9f. 002007902<\/strong><\/p>\n<p class=\"y-product y-product__product-subtitle\">Avantage :<\/p>\n<p>Les Pastilles chlor\u00e9es permettent un dosage pr\u00e9cis, un stockage r\u00e9duit, une utilisation ais\u00e9e, plus s\u00fbr et une conservation plus longue.<\/p>\n<p>Retrouvez le mode d&#8217;emploi et le dosage du produit en t\u00e9l\u00e9chargeant, ci-dessous, sa Fiche Technique et\/ou sa Fiche M\u00e9thode.<\/p>\n<p><em>Utilisez les biocides avec pr\u00e9caution. Avant toute utilisation, lisez l&#8217;\u00e9tiquette et les informations concernant le produit.<\/em><\/p>\n","protected":false},"excerpt":{"rendered":"<p>Pastilles chlor\u00e9es<\/p>\n","protected":false},"featured_media":2460,"template":"","meta":[],"product_brand":[],"product_type":[2],"product_visibility":[],"product_cat":[4114,4117,4111,4118,4145,4113,4123],"class_list":{"0":"post-3535","1":"product","2":"type-product","3":"status-publish","4":"has-post-thumbnail","6":"product_cat-dsinfectioncuisine","7":"product_cat-produitscuisine","8":"product_cat-produitsdesinfection","9":"product_cat-produits-produitscuisinedsinfection","10":"product_cat-marquesorlav","11":"product_cat-dsinfectionsanitaire","12":"product_cat-sanitairewc","13":"product_tag-chlorees","14":"product_tag-nettoyage","16":"first","17":"instock","18":"shipping-taxable","19":"product-type-simple"},"yoast_head":"<!-- This site is optimized with the Yoast SEO plugin v24.7 - https:\/\/yoast.com\/wordpress\/plugins\/seo\/ -->\n<title>Pastilles chlor\u00e9es - Hydrachim<\/title>\n<meta name=\"robots\" content=\"noindex, follow, max-snippet:-1, max-image-preview:large, max-video-preview:-1\" \/>\n<meta property=\"og:locale\" content=\"en_US\" \/>\n<meta property=\"og:type\" content=\"article\" \/>\n<meta property=\"og:title\" content=\"Pastilles chlor\u00e9es - Hydrachim\" \/>\n<meta property=\"og:description\" content=\"Pastilles chlor\u00e9es\" \/>\n<meta property=\"og:url\" content=\"https:\/\/staging.hydrachim.fr\/produit\/pastilles-chlorees\/\" \/>\n<meta property=\"og:site_name\" content=\"Hydrachim\" \/>\n<meta property=\"article:modified_time\" content=\"2019-10-14T13:16:27+00:00\" \/>\n<meta property=\"og:image\" content=\"https:\/\/staging.hydrachim.fr\/app\/uploads\/2019\/08\/0079-PASTILLES-CHLOREES-500G.jpg\" \/>\n\t<meta property=\"og:image:width\" content=\"375\" \/>\n\t<meta property=\"og:image:height\" content=\"425\" \/>\n\t<meta property=\"og:image:type\" content=\"image\/jpeg\" \/>\n<meta name=\"twitter:card\" content=\"summary_large_image\" \/>\n<meta name=\"twitter:label1\" content=\"Est. reading time\" \/>\n\t<meta name=\"twitter:data1\" content=\"1 minute\" \/>\n<script type=\"application\/ld+json\" class=\"yoast-schema-graph\">{\"@context\":\"https:\/\/schema.org\",\"@graph\":[{\"@type\":\"WebPage\",\"@id\":\"https:\/\/staging.hydrachim.fr\/produit\/pastilles-chlorees\/\",\"url\":\"https:\/\/staging.hydrachim.fr\/produit\/pastilles-chlorees\/\",\"name\":\"Pastilles chlor\u00e9es - Hydrachim\",\"isPartOf\":{\"@id\":\"https:\/\/staging.hydrachim.fr\/#website\"},\"primaryImageOfPage\":{\"@id\":\"https:\/\/staging.hydrachim.fr\/produit\/pastilles-chlorees\/#primaryimage\"},\"image\":{\"@id\":\"https:\/\/staging.hydrachim.fr\/produit\/pastilles-chlorees\/#primaryimage\"},\"thumbnailUrl\":\"https:\/\/staging.hydrachim.fr\/app\/uploads\/2019\/08\/0079-PASTILLES-CHLOREES-500G.jpg\",\"datePublished\":\"2019-08-06T13:50:46+00:00\",\"dateModified\":\"2019-10-14T13:16:27+00:00\",\"breadcrumb\":{\"@id\":\"https:\/\/staging.hydrachim.fr\/produit\/pastilles-chlorees\/#breadcrumb\"},\"inLanguage\":\"en-US\",\"potentialAction\":[{\"@type\":\"ReadAction\",\"target\":[\"https:\/\/staging.hydrachim.fr\/produit\/pastilles-chlorees\/\"]}]},{\"@type\":\"ImageObject\",\"inLanguage\":\"en-US\",\"@id\":\"https:\/\/staging.hydrachim.fr\/produit\/pastilles-chlorees\/#primaryimage\",\"url\":\"https:\/\/staging.hydrachim.fr\/app\/uploads\/2019\/08\/0079-PASTILLES-CHLOREES-500G.jpg\",\"contentUrl\":\"https:\/\/staging.hydrachim.fr\/app\/uploads\/2019\/08\/0079-PASTILLES-CHLOREES-500G.jpg\",\"width\":375,\"height\":425},{\"@type\":\"BreadcrumbList\",\"@id\":\"https:\/\/staging.hydrachim.fr\/produit\/pastilles-chlorees\/#breadcrumb\",\"itemListElement\":[{\"@type\":\"ListItem\",\"position\":1,\"name\":\"Home\",\"item\":\"https:\/\/staging.hydrachim.fr\/en\/\"},{\"@type\":\"ListItem\",\"position\":2,\"name\":\"Shop\",\"item\":\"https:\/\/staging.hydrachim.fr\/en\/shop\/\"},{\"@type\":\"ListItem\",\"position\":3,\"name\":\"Pastilles chlor\u00e9es\"}]},{\"@type\":\"WebSite\",\"@id\":\"https:\/\/staging.hydrachim.fr\/#website\",\"url\":\"https:\/\/staging.hydrachim.fr\/\",\"name\":\"Hydrachim\",\"description\":\"La science de l&#039;hygi\u00e8ne\",\"potentialAction\":[{\"@type\":\"SearchAction\",\"target\":{\"@type\":\"EntryPoint\",\"urlTemplate\":\"https:\/\/staging.hydrachim.fr\/?s={search_term_string}\"},\"query-input\":{\"@type\":\"PropertyValueSpecification\",\"valueRequired\":true,\"valueName\":\"search_term_string\"}}],\"inLanguage\":\"en-US\"}]}<\/script>\n<!-- \/ Yoast SEO plugin. -->","yoast_head_json":{"title":"Pastilles chlor\u00e9es - Hydrachim","robots":{"index":"noindex","follow":"follow","max-snippet":"max-snippet:-1","max-image-preview":"max-image-preview:large","max-video-preview":"max-video-preview:-1"},"og_locale":"en_US","og_type":"article","og_title":"Pastilles chlor\u00e9es - Hydrachim","og_description":"Pastilles chlor\u00e9es","og_url":"https:\/\/staging.hydrachim.fr\/produit\/pastilles-chlorees\/","og_site_name":"Hydrachim","article_modified_time":"2019-10-14T13:16:27+00:00","og_image":[{"width":375,"height":425,"url":"https:\/\/staging.hydrachim.fr\/app\/uploads\/2019\/08\/0079-PASTILLES-CHLOREES-500G.jpg","type":"image\/jpeg"}],"twitter_card":"summary_large_image","twitter_misc":{"Est. reading time":"1 minute"},"schema":{"@context":"https:\/\/schema.org","@graph":[{"@type":"WebPage","@id":"https:\/\/staging.hydrachim.fr\/produit\/pastilles-chlorees\/","url":"https:\/\/staging.hydrachim.fr\/produit\/pastilles-chlorees\/","name":"Pastilles chlor\u00e9es - Hydrachim","isPartOf":{"@id":"https:\/\/staging.hydrachim.fr\/#website"},"primaryImageOfPage":{"@id":"https:\/\/staging.hydrachim.fr\/produit\/pastilles-chlorees\/#primaryimage"},"image":{"@id":"https:\/\/staging.hydrachim.fr\/produit\/pastilles-chlorees\/#primaryimage"},"thumbnailUrl":"https:\/\/staging.hydrachim.fr\/app\/uploads\/2019\/08\/0079-PASTILLES-CHLOREES-500G.jpg","datePublished":"2019-08-06T13:50:46+00:00","dateModified":"2019-10-14T13:16:27+00:00","breadcrumb":{"@id":"https:\/\/staging.hydrachim.fr\/produit\/pastilles-chlorees\/#breadcrumb"},"inLanguage":"en-US","potentialAction":[{"@type":"ReadAction","target":["https:\/\/staging.hydrachim.fr\/produit\/pastilles-chlorees\/"]}]},{"@type":"ImageObject","inLanguage":"en-US","@id":"https:\/\/staging.hydrachim.fr\/produit\/pastilles-chlorees\/#primaryimage","url":"https:\/\/staging.hydrachim.fr\/app\/uploads\/2019\/08\/0079-PASTILLES-CHLOREES-500G.jpg","contentUrl":"https:\/\/staging.hydrachim.fr\/app\/uploads\/2019\/08\/0079-PASTILLES-CHLOREES-500G.jpg","width":375,"height":425},{"@type":"BreadcrumbList","@id":"https:\/\/staging.hydrachim.fr\/produit\/pastilles-chlorees\/#breadcrumb","itemListElement":[{"@type":"ListItem","position":1,"name":"Home","item":"https:\/\/staging.hydrachim.fr\/en\/"},{"@type":"ListItem","position":2,"name":"Shop","item":"https:\/\/staging.hydrachim.fr\/en\/shop\/"},{"@type":"ListItem","position":3,"name":"Pastilles chlor\u00e9es"}]},{"@type":"WebSite","@id":"https:\/\/staging.hydrachim.fr\/#website","url":"https:\/\/staging.hydrachim.fr\/","name":"Hydrachim","description":"La science de l&#039;hygi\u00e8ne","potentialAction":[{"@type":"SearchAction","target":{"@type":"EntryPoint","urlTemplate":"https:\/\/staging.hydrachim.fr\/?s={search_term_string}"},"query-input":{"@type":"PropertyValueSpecification","valueRequired":true,"valueName":"search_term_string"}}],"inLanguage":"en-US"}]}},"acf":{"fiche_technique":"https:\/\/staging.hydrachim.fr\/app\/uploads\/2019\/09\/FT-0079-PASTILLES-CHLOREES.pdf","fiche_methode":""},"_links":{"self":[{"href":"https:\/\/staging.hydrachim.fr\/en\/wp-json\/wp\/v2\/product\/3535","targetHints":{"allow":["GET"]}}],"collection":[{"href":"https:\/\/staging.hydrachim.fr\/en\/wp-json\/wp\/v2\/product"}],"about":[{"href":"https:\/\/staging.hydrachim.fr\/en\/wp-json\/wp\/v2\/types\/product"}],"wp:featuredmedia":[{"embeddable":true,"href":"https:\/\/staging.hydrachim.fr\/en\/wp-json\/wp\/v2\/media\/2460"}],"wp:attachment":[{"href":"https:\/\/staging.hydrachim.fr\/en\/wp-json\/wp\/v2\/media?parent=3535"}],"wp:term":[{"taxonomy":"product_brand","embeddable":true,"href":"https:\/\/staging.hydrachim.fr\/en\/wp-json\/wp\/v2\/product_brand?post=3535"},{"taxonomy":"product_type","embeddable":true,"href":"https:\/\/staging.hydrachim.fr\/en\/wp-json\/wp\/v2\/product_type?post=3535"},{"taxonomy":"product_visibility","embeddable":true,"href":"https:\/\/staging.hydrachim.fr\/en\/wp-json\/wp\/v2\/product_visibility?post=3535"},{"taxonomy":"product_cat","embeddable":true,"href":"https:\/\/staging.hydrachim.fr\/en\/wp-json\/wp\/v2\/product_cat?post=3535"}],"curies":[{"name":"wp","href":"https:\/\/api.w.org\/{rel}","templated":true}]}}