{"id":3538,"date":"2019-08-06T15:50:48","date_gmt":"2019-08-06T13:50:48","guid":{"rendered":"https:\/\/staging.hydrachim.fr\/product\/microfresh\/"},"modified":"2019-10-08T11:37:03","modified_gmt":"2019-10-08T09:37:03","slug":"microfresh","status":"publish","type":"product","link":"https:\/\/staging.hydrachim.fr\/en\/produit\/microfresh\/","title":{"rendered":"Microfresh"},"content":{"rendered":"<p><strong>Microfresh liquide est un produit d\u00e9velopp\u00e9 pour la suppression des probl\u00e8mes d&#8217;odeur et de colmatage tout en laissant un agr\u00e9able parfum Menthe citron.<\/strong><\/p>\n<p>Le Microfresh est un produit qui est sp\u00e9cialement con\u00e7u pour d\u00e9grader les mati\u00e8res responsables des odeurs et des colmatages\/d\u00e9p\u00f4ts dans les canalisations et sur les surfaces des sanitaires. Il a une formule liquide parfum\u00e9e \u00e0 base de micro-organismes non pathog\u00e8nes. Le parfum fort du Microfresh permet de masquer les odeurs instantan\u00e9ment et ses micro-organismes agissent durablement en supprimant les mati\u00e8res responsables des odeurs ou des colmatages.\n<\/p>\n<p><strong>Disponible en :<br \/>\n&#8211; Cartonde 12 x 1L avec bec doseur. R\u00e9f. 002192909<br \/>\n&#8211; Cartonde 12 x 1L. R\u00e9f. 002192992<br \/>\n&#8211; Carton de 4 x 5L. R\u00e9f. 002192991<br \/>\n&#8211; F\u00fbt de 200L. R\u00e9f. 002192907<br \/>\n<\/strong><\/p>\n<p class=\"y-product y-product__product-subtitle\">Avantage :<\/p>\n<p>Le Microfresh a un effet durable, une multi efficacit\u00e9 et est anti-odeurs et anti-colmatage.<\/p>\n<p>Retrouvez le mode d&#8217;emploi et le dosage du produit en t\u00e9l\u00e9chargeant, ci-dessous, sa Fiche Technique et\/ou sa Fiche M\u00e9thode.<\/p>\n<p><em>Avant toute utilisation, lisez l&#8217;\u00e9tiquette et les informations concernant le produit.<\/em><\/p>\n","protected":false},"excerpt":{"rendered":"<p>Microfresh liquide parfum menthe citron<\/p>\n","protected":false},"featured_media":5449,"template":"","meta":[],"product_brand":[],"product_type":[2],"product_visibility":[],"product_cat":[4149,4125,4009,4126,4096,4122],"class_list":{"0":"post-3538","1":"product","2":"type-product","3":"status-publish","4":"has-post-thumbnail","6":"product_cat-marquesactemia","7":"product_cat-sanitairecanalisations","8":"product_cat-produitshygiene-enzymatique","9":"product_cat-sanitaireodeur","10":"product_cat-hygiene-enzymatiqueodeur","11":"product_cat-produitssanitaire","12":"product_tag-anti-colmatage","13":"product_tag-anti-odeurs","14":"product_tag-citron","15":"product_tag-destructeur-dodeur","16":"product_tag-liquide","17":"product_tag-menthe","19":"first","20":"instock","21":"shipping-taxable","22":"product-type-simple"},"yoast_head":"<!-- This site is optimized with the Yoast SEO plugin v24.7 - https:\/\/yoast.com\/wordpress\/plugins\/seo\/ -->\n<title>Microfresh - Hydrachim<\/title>\n<meta name=\"robots\" content=\"noindex, follow, max-snippet:-1, max-image-preview:large, max-video-preview:-1\" \/>\n<meta property=\"og:locale\" content=\"en_US\" \/>\n<meta property=\"og:type\" content=\"article\" \/>\n<meta property=\"og:title\" content=\"Microfresh - Hydrachim\" \/>\n<meta property=\"og:description\" content=\"Microfresh liquide parfum menthe citron\" \/>\n<meta property=\"og:url\" content=\"https:\/\/staging.hydrachim.fr\/produit\/microfresh\/\" \/>\n<meta property=\"og:site_name\" content=\"Hydrachim\" \/>\n<meta property=\"article:modified_time\" content=\"2019-10-08T09:37:03+00:00\" \/>\n<meta property=\"og:image\" content=\"https:\/\/staging.hydrachim.fr\/app\/uploads\/2019\/10\/1929_Microfresh_5L.png\" \/>\n\t<meta property=\"og:image:width\" content=\"600\" \/>\n\t<meta property=\"og:image:height\" content=\"939\" \/>\n\t<meta property=\"og:image:type\" content=\"image\/png\" \/>\n<meta name=\"twitter:card\" content=\"summary_large_image\" \/>\n<meta name=\"twitter:label1\" content=\"Est. reading time\" \/>\n\t<meta name=\"twitter:data1\" content=\"1 minute\" \/>\n<script type=\"application\/ld+json\" class=\"yoast-schema-graph\">{\"@context\":\"https:\/\/schema.org\",\"@graph\":[{\"@type\":\"WebPage\",\"@id\":\"https:\/\/staging.hydrachim.fr\/produit\/microfresh\/\",\"url\":\"https:\/\/staging.hydrachim.fr\/produit\/microfresh\/\",\"name\":\"Microfresh - Hydrachim\",\"isPartOf\":{\"@id\":\"https:\/\/staging.hydrachim.fr\/#website\"},\"primaryImageOfPage\":{\"@id\":\"https:\/\/staging.hydrachim.fr\/produit\/microfresh\/#primaryimage\"},\"image\":{\"@id\":\"https:\/\/staging.hydrachim.fr\/produit\/microfresh\/#primaryimage\"},\"thumbnailUrl\":\"https:\/\/staging.hydrachim.fr\/app\/uploads\/2019\/10\/1929_Microfresh_5L.png\",\"datePublished\":\"2019-08-06T13:50:48+00:00\",\"dateModified\":\"2019-10-08T09:37:03+00:00\",\"breadcrumb\":{\"@id\":\"https:\/\/staging.hydrachim.fr\/produit\/microfresh\/#breadcrumb\"},\"inLanguage\":\"en-US\",\"potentialAction\":[{\"@type\":\"ReadAction\",\"target\":[\"https:\/\/staging.hydrachim.fr\/produit\/microfresh\/\"]}]},{\"@type\":\"ImageObject\",\"inLanguage\":\"en-US\",\"@id\":\"https:\/\/staging.hydrachim.fr\/produit\/microfresh\/#primaryimage\",\"url\":\"https:\/\/staging.hydrachim.fr\/app\/uploads\/2019\/10\/1929_Microfresh_5L.png\",\"contentUrl\":\"https:\/\/staging.hydrachim.fr\/app\/uploads\/2019\/10\/1929_Microfresh_5L.png\",\"width\":600,\"height\":939},{\"@type\":\"BreadcrumbList\",\"@id\":\"https:\/\/staging.hydrachim.fr\/produit\/microfresh\/#breadcrumb\",\"itemListElement\":[{\"@type\":\"ListItem\",\"position\":1,\"name\":\"Home\",\"item\":\"https:\/\/staging.hydrachim.fr\/en\/\"},{\"@type\":\"ListItem\",\"position\":2,\"name\":\"Shop\",\"item\":\"https:\/\/staging.hydrachim.fr\/en\/shop\/\"},{\"@type\":\"ListItem\",\"position\":3,\"name\":\"Microfresh\"}]},{\"@type\":\"WebSite\",\"@id\":\"https:\/\/staging.hydrachim.fr\/#website\",\"url\":\"https:\/\/staging.hydrachim.fr\/\",\"name\":\"Hydrachim\",\"description\":\"La science de l&#039;hygi\u00e8ne\",\"potentialAction\":[{\"@type\":\"SearchAction\",\"target\":{\"@type\":\"EntryPoint\",\"urlTemplate\":\"https:\/\/staging.hydrachim.fr\/?s={search_term_string}\"},\"query-input\":{\"@type\":\"PropertyValueSpecification\",\"valueRequired\":true,\"valueName\":\"search_term_string\"}}],\"inLanguage\":\"en-US\"}]}<\/script>\n<!-- \/ Yoast SEO plugin. -->","yoast_head_json":{"title":"Microfresh - Hydrachim","robots":{"index":"noindex","follow":"follow","max-snippet":"max-snippet:-1","max-image-preview":"max-image-preview:large","max-video-preview":"max-video-preview:-1"},"og_locale":"en_US","og_type":"article","og_title":"Microfresh - Hydrachim","og_description":"Microfresh liquide parfum menthe citron","og_url":"https:\/\/staging.hydrachim.fr\/produit\/microfresh\/","og_site_name":"Hydrachim","article_modified_time":"2019-10-08T09:37:03+00:00","og_image":[{"width":600,"height":939,"url":"https:\/\/staging.hydrachim.fr\/app\/uploads\/2019\/10\/1929_Microfresh_5L.png","type":"image\/png"}],"twitter_card":"summary_large_image","twitter_misc":{"Est. reading time":"1 minute"},"schema":{"@context":"https:\/\/schema.org","@graph":[{"@type":"WebPage","@id":"https:\/\/staging.hydrachim.fr\/produit\/microfresh\/","url":"https:\/\/staging.hydrachim.fr\/produit\/microfresh\/","name":"Microfresh - Hydrachim","isPartOf":{"@id":"https:\/\/staging.hydrachim.fr\/#website"},"primaryImageOfPage":{"@id":"https:\/\/staging.hydrachim.fr\/produit\/microfresh\/#primaryimage"},"image":{"@id":"https:\/\/staging.hydrachim.fr\/produit\/microfresh\/#primaryimage"},"thumbnailUrl":"https:\/\/staging.hydrachim.fr\/app\/uploads\/2019\/10\/1929_Microfresh_5L.png","datePublished":"2019-08-06T13:50:48+00:00","dateModified":"2019-10-08T09:37:03+00:00","breadcrumb":{"@id":"https:\/\/staging.hydrachim.fr\/produit\/microfresh\/#breadcrumb"},"inLanguage":"en-US","potentialAction":[{"@type":"ReadAction","target":["https:\/\/staging.hydrachim.fr\/produit\/microfresh\/"]}]},{"@type":"ImageObject","inLanguage":"en-US","@id":"https:\/\/staging.hydrachim.fr\/produit\/microfresh\/#primaryimage","url":"https:\/\/staging.hydrachim.fr\/app\/uploads\/2019\/10\/1929_Microfresh_5L.png","contentUrl":"https:\/\/staging.hydrachim.fr\/app\/uploads\/2019\/10\/1929_Microfresh_5L.png","width":600,"height":939},{"@type":"BreadcrumbList","@id":"https:\/\/staging.hydrachim.fr\/produit\/microfresh\/#breadcrumb","itemListElement":[{"@type":"ListItem","position":1,"name":"Home","item":"https:\/\/staging.hydrachim.fr\/en\/"},{"@type":"ListItem","position":2,"name":"Shop","item":"https:\/\/staging.hydrachim.fr\/en\/shop\/"},{"@type":"ListItem","position":3,"name":"Microfresh"}]},{"@type":"WebSite","@id":"https:\/\/staging.hydrachim.fr\/#website","url":"https:\/\/staging.hydrachim.fr\/","name":"Hydrachim","description":"La science de l&#039;hygi\u00e8ne","potentialAction":[{"@type":"SearchAction","target":{"@type":"EntryPoint","urlTemplate":"https:\/\/staging.hydrachim.fr\/?s={search_term_string}"},"query-input":{"@type":"PropertyValueSpecification","valueRequired":true,"valueName":"search_term_string"}}],"inLanguage":"en-US"}]}},"acf":{"fiche_technique":"https:\/\/staging.hydrachim.fr\/app\/uploads\/2019\/09\/FT-1929-MICROFRESH.pdf","fiche_methode":"https:\/\/staging.hydrachim.fr\/app\/uploads\/2019\/09\/1929-MICROFRESH-ACTEMIA-h.pdf"},"_links":{"self":[{"href":"https:\/\/staging.hydrachim.fr\/en\/wp-json\/wp\/v2\/product\/3538","targetHints":{"allow":["GET"]}}],"collection":[{"href":"https:\/\/staging.hydrachim.fr\/en\/wp-json\/wp\/v2\/product"}],"about":[{"href":"https:\/\/staging.hydrachim.fr\/en\/wp-json\/wp\/v2\/types\/product"}],"wp:featuredmedia":[{"embeddable":true,"href":"https:\/\/staging.hydrachim.fr\/en\/wp-json\/wp\/v2\/media\/5449"}],"wp:attachment":[{"href":"https:\/\/staging.hydrachim.fr\/en\/wp-json\/wp\/v2\/media?parent=3538"}],"wp:term":[{"taxonomy":"product_brand","embeddable":true,"href":"https:\/\/staging.hydrachim.fr\/en\/wp-json\/wp\/v2\/product_brand?post=3538"},{"taxonomy":"product_type","embeddable":true,"href":"https:\/\/staging.hydrachim.fr\/en\/wp-json\/wp\/v2\/product_type?post=3538"},{"taxonomy":"product_visibility","embeddable":true,"href":"https:\/\/staging.hydrachim.fr\/en\/wp-json\/wp\/v2\/product_visibility?post=3538"},{"taxonomy":"product_cat","embeddable":true,"href":"https:\/\/staging.hydrachim.fr\/en\/wp-json\/wp\/v2\/product_cat?post=3538"}],"curies":[{"name":"wp","href":"https:\/\/api.w.org\/{rel}","templated":true}]}}