{"id":4964,"date":"2019-09-23T16:11:22","date_gmt":"2019-09-23T14:11:22","guid":{"rendered":"https:\/\/staging.hydrachim.fr\/?post_type=product&#038;p=4964"},"modified":"2019-10-14T14:10:59","modified_gmt":"2019-10-14T12:10:59","slug":"respecthome-cobalt","status":"publish","type":"product","link":"https:\/\/staging.hydrachim.fr\/en\/produit\/respecthome-cobalt\/","title":{"rendered":"Respect\u2019Home\u00ae Cobalt"},"content":{"rendered":"<p><strong>Nettoyant, r\u00e9novant des fours, friteuses, grills, mat\u00e9riels de cuisson et parois vitr\u00e9e (insert, porte de four).<\/strong><\/p>\n<p>RESPECT\u2019HOME\u00ae COBALT agit rapidement, m\u00eame sur des surfaces tr\u00e8s encrass\u00e9es. Sa buse directionnelle permet d\u2019assurer la s\u00e9curit\u00e9 de l\u2019utilisateur.<br \/>\nIl s\u2019utilise pour les mat\u00e9riels de cuisson des cuisines en collectivit\u00e9, cr\u00e8ches, EHPAD, locaux administratifs, h\u00f4tels, industries, locaux sociaux, tertiaires &#8230;\n<\/p>\n<p><strong>Disponible en carton de 6 x 750 mL. R\u00e9f. 002185901<\/strong><\/p>\n<p class=\"y-product y-product__product-subtitle\">Avantage :<\/p>\n<p>Respecte les surfaces.<br \/>\nSans VLEP r\u00e9glementaire.<br \/>\nS\u00e9curit\u00e9 de l&#8217;utilisateur.<\/p>\n<p>Retrouvez le mode d&#8217;emploi et le dosage du produit en t\u00e9l\u00e9chargeant sa Fiche Technique et\/ou sa Fiche M\u00e9thode.<\/p>\n<p><em>Avant toute utilisation, lire l&#8217;\u00e9tiquette et les informations concernant le produit.<br \/>\n*Produit conforme \u00e0 la l\u00e9gislation relative aux proc\u00e9d\u00e9s et aux produits utilis\u00e9s pour le nettoyage des mat\u00e9riaux et objets destin\u00e9s \u00e0 entrer en contact avec des denr\u00e9es, produits et boissons pour l\u2019alimentation de l\u2019homme et des animaux (Arr\u00eat\u00e9 du 08\/09\/1999 modifi\u00e9 le 19.12.2013). Rin\u00e7age obligatoire.<br \/>\nEcod\u00e9tergent certifi\u00e9 par ECOCERT Greenlife selon le r\u00e9f\u00e9rentiel ECOCERT disponible sur http:\/\/detergents.ecocert.com.<\/em><\/p>\n","protected":false},"excerpt":{"rendered":"<p>Nettoyant d\u00e9graissant pour fours, friteuses, inserts et mat\u00e9riel de cuisson. Ecodetergent Ecocert<\/p>\n","protected":false},"featured_media":4963,"template":"","meta":[],"product_brand":[],"product_type":[2],"product_visibility":[],"product_cat":[4098,4117,4097,4119,4147,4143,4173],"class_list":{"0":"post-4964","1":"product","2":"type-product","3":"status-publish","4":"has-post-thumbnail","6":"product_cat-ecocertcuisine","7":"product_cat-produitscuisine","8":"product_cat-produitsecocert","9":"product_cat-cuisineentretien","10":"product_cat-marques-marquesidegreenidegreen","11":"product_cat-nouveautes","12":"product_cat-nouveautesproduits-verts","13":"product_tag-cuisine","14":"product_tag-degraissant","15":"product_tag-ecocert","16":"product_tag-four","17":"product_tag-grill","18":"product_tag-nettoyant","19":"product_tag-pret-a-lemploi","21":"first","22":"instock","23":"shipping-taxable","24":"product-type-simple"},"yoast_head":"<!-- This site is optimized with the Yoast SEO plugin v24.7 - https:\/\/yoast.com\/wordpress\/plugins\/seo\/ -->\n<title>Respect\u2019Home\u00ae Cobalt - Hydrachim<\/title>\n<meta name=\"robots\" content=\"noindex, follow, max-snippet:-1, max-image-preview:large, max-video-preview:-1\" \/>\n<meta property=\"og:locale\" content=\"en_US\" \/>\n<meta property=\"og:type\" content=\"article\" \/>\n<meta property=\"og:title\" content=\"Respect\u2019Home\u00ae Cobalt - Hydrachim\" \/>\n<meta property=\"og:description\" content=\"Nettoyant d\u00e9graissant pour fours, friteuses, inserts et mat\u00e9riel de cuisson. Ecodetergent Ecocert\" \/>\n<meta property=\"og:url\" content=\"https:\/\/staging.hydrachim.fr\/produit\/respecthome-cobalt\/\" \/>\n<meta property=\"og:site_name\" content=\"Hydrachim\" \/>\n<meta property=\"article:modified_time\" content=\"2019-10-14T12:10:59+00:00\" \/>\n<meta property=\"og:image\" content=\"https:\/\/staging.hydrachim.fr\/app\/uploads\/2019\/09\/1859_RESPECT-HOME-COBALT_ECODETERGENT-ECOCERT_750ML.png\" \/>\n\t<meta property=\"og:image:width\" content=\"600\" \/>\n\t<meta property=\"og:image:height\" content=\"1196\" \/>\n\t<meta property=\"og:image:type\" content=\"image\/png\" \/>\n<meta name=\"twitter:card\" content=\"summary_large_image\" \/>\n<meta name=\"twitter:label1\" content=\"Est. reading time\" \/>\n\t<meta name=\"twitter:data1\" content=\"1 minute\" \/>\n<script type=\"application\/ld+json\" class=\"yoast-schema-graph\">{\"@context\":\"https:\/\/schema.org\",\"@graph\":[{\"@type\":\"WebPage\",\"@id\":\"https:\/\/staging.hydrachim.fr\/produit\/respecthome-cobalt\/\",\"url\":\"https:\/\/staging.hydrachim.fr\/produit\/respecthome-cobalt\/\",\"name\":\"Respect\u2019Home\u00ae Cobalt - Hydrachim\",\"isPartOf\":{\"@id\":\"https:\/\/staging.hydrachim.fr\/#website\"},\"primaryImageOfPage\":{\"@id\":\"https:\/\/staging.hydrachim.fr\/produit\/respecthome-cobalt\/#primaryimage\"},\"image\":{\"@id\":\"https:\/\/staging.hydrachim.fr\/produit\/respecthome-cobalt\/#primaryimage\"},\"thumbnailUrl\":\"https:\/\/staging.hydrachim.fr\/app\/uploads\/2019\/09\/1859_RESPECT-HOME-COBALT_ECODETERGENT-ECOCERT_750ML.png\",\"datePublished\":\"2019-09-23T14:11:22+00:00\",\"dateModified\":\"2019-10-14T12:10:59+00:00\",\"breadcrumb\":{\"@id\":\"https:\/\/staging.hydrachim.fr\/produit\/respecthome-cobalt\/#breadcrumb\"},\"inLanguage\":\"en-US\",\"potentialAction\":[{\"@type\":\"ReadAction\",\"target\":[\"https:\/\/staging.hydrachim.fr\/produit\/respecthome-cobalt\/\"]}]},{\"@type\":\"ImageObject\",\"inLanguage\":\"en-US\",\"@id\":\"https:\/\/staging.hydrachim.fr\/produit\/respecthome-cobalt\/#primaryimage\",\"url\":\"https:\/\/staging.hydrachim.fr\/app\/uploads\/2019\/09\/1859_RESPECT-HOME-COBALT_ECODETERGENT-ECOCERT_750ML.png\",\"contentUrl\":\"https:\/\/staging.hydrachim.fr\/app\/uploads\/2019\/09\/1859_RESPECT-HOME-COBALT_ECODETERGENT-ECOCERT_750ML.png\",\"width\":600,\"height\":1196},{\"@type\":\"BreadcrumbList\",\"@id\":\"https:\/\/staging.hydrachim.fr\/produit\/respecthome-cobalt\/#breadcrumb\",\"itemListElement\":[{\"@type\":\"ListItem\",\"position\":1,\"name\":\"Home\",\"item\":\"https:\/\/staging.hydrachim.fr\/en\/\"},{\"@type\":\"ListItem\",\"position\":2,\"name\":\"Shop\",\"item\":\"https:\/\/staging.hydrachim.fr\/en\/shop\/\"},{\"@type\":\"ListItem\",\"position\":3,\"name\":\"Respect\u2019Home\u00ae Cobalt\"}]},{\"@type\":\"WebSite\",\"@id\":\"https:\/\/staging.hydrachim.fr\/#website\",\"url\":\"https:\/\/staging.hydrachim.fr\/\",\"name\":\"Hydrachim\",\"description\":\"La science de l&#039;hygi\u00e8ne\",\"potentialAction\":[{\"@type\":\"SearchAction\",\"target\":{\"@type\":\"EntryPoint\",\"urlTemplate\":\"https:\/\/staging.hydrachim.fr\/?s={search_term_string}\"},\"query-input\":{\"@type\":\"PropertyValueSpecification\",\"valueRequired\":true,\"valueName\":\"search_term_string\"}}],\"inLanguage\":\"en-US\"}]}<\/script>\n<!-- \/ Yoast SEO plugin. -->","yoast_head_json":{"title":"Respect\u2019Home\u00ae Cobalt - Hydrachim","robots":{"index":"noindex","follow":"follow","max-snippet":"max-snippet:-1","max-image-preview":"max-image-preview:large","max-video-preview":"max-video-preview:-1"},"og_locale":"en_US","og_type":"article","og_title":"Respect\u2019Home\u00ae Cobalt - Hydrachim","og_description":"Nettoyant d\u00e9graissant pour fours, friteuses, inserts et mat\u00e9riel de cuisson. Ecodetergent Ecocert","og_url":"https:\/\/staging.hydrachim.fr\/produit\/respecthome-cobalt\/","og_site_name":"Hydrachim","article_modified_time":"2019-10-14T12:10:59+00:00","og_image":[{"width":600,"height":1196,"url":"https:\/\/staging.hydrachim.fr\/app\/uploads\/2019\/09\/1859_RESPECT-HOME-COBALT_ECODETERGENT-ECOCERT_750ML.png","type":"image\/png"}],"twitter_card":"summary_large_image","twitter_misc":{"Est. reading time":"1 minute"},"schema":{"@context":"https:\/\/schema.org","@graph":[{"@type":"WebPage","@id":"https:\/\/staging.hydrachim.fr\/produit\/respecthome-cobalt\/","url":"https:\/\/staging.hydrachim.fr\/produit\/respecthome-cobalt\/","name":"Respect\u2019Home\u00ae Cobalt - Hydrachim","isPartOf":{"@id":"https:\/\/staging.hydrachim.fr\/#website"},"primaryImageOfPage":{"@id":"https:\/\/staging.hydrachim.fr\/produit\/respecthome-cobalt\/#primaryimage"},"image":{"@id":"https:\/\/staging.hydrachim.fr\/produit\/respecthome-cobalt\/#primaryimage"},"thumbnailUrl":"https:\/\/staging.hydrachim.fr\/app\/uploads\/2019\/09\/1859_RESPECT-HOME-COBALT_ECODETERGENT-ECOCERT_750ML.png","datePublished":"2019-09-23T14:11:22+00:00","dateModified":"2019-10-14T12:10:59+00:00","breadcrumb":{"@id":"https:\/\/staging.hydrachim.fr\/produit\/respecthome-cobalt\/#breadcrumb"},"inLanguage":"en-US","potentialAction":[{"@type":"ReadAction","target":["https:\/\/staging.hydrachim.fr\/produit\/respecthome-cobalt\/"]}]},{"@type":"ImageObject","inLanguage":"en-US","@id":"https:\/\/staging.hydrachim.fr\/produit\/respecthome-cobalt\/#primaryimage","url":"https:\/\/staging.hydrachim.fr\/app\/uploads\/2019\/09\/1859_RESPECT-HOME-COBALT_ECODETERGENT-ECOCERT_750ML.png","contentUrl":"https:\/\/staging.hydrachim.fr\/app\/uploads\/2019\/09\/1859_RESPECT-HOME-COBALT_ECODETERGENT-ECOCERT_750ML.png","width":600,"height":1196},{"@type":"BreadcrumbList","@id":"https:\/\/staging.hydrachim.fr\/produit\/respecthome-cobalt\/#breadcrumb","itemListElement":[{"@type":"ListItem","position":1,"name":"Home","item":"https:\/\/staging.hydrachim.fr\/en\/"},{"@type":"ListItem","position":2,"name":"Shop","item":"https:\/\/staging.hydrachim.fr\/en\/shop\/"},{"@type":"ListItem","position":3,"name":"Respect\u2019Home\u00ae Cobalt"}]},{"@type":"WebSite","@id":"https:\/\/staging.hydrachim.fr\/#website","url":"https:\/\/staging.hydrachim.fr\/","name":"Hydrachim","description":"La science de l&#039;hygi\u00e8ne","potentialAction":[{"@type":"SearchAction","target":{"@type":"EntryPoint","urlTemplate":"https:\/\/staging.hydrachim.fr\/?s={search_term_string}"},"query-input":{"@type":"PropertyValueSpecification","valueRequired":true,"valueName":"search_term_string"}}],"inLanguage":"en-US"}]}},"acf":{"fiche_technique":"https:\/\/staging.hydrachim.fr\/app\/uploads\/2019\/09\/FT-1859-IDEGREEN-ECOCERT-RESPECT-HOME-COBALT.pdf","fiche_methode":"https:\/\/staging.hydrachim.fr\/app\/uploads\/2019\/09\/1859-RESPECT-HOME-COBALT-IDEGREEN-ECOCERT_h.pdf"},"_links":{"self":[{"href":"https:\/\/staging.hydrachim.fr\/en\/wp-json\/wp\/v2\/product\/4964","targetHints":{"allow":["GET"]}}],"collection":[{"href":"https:\/\/staging.hydrachim.fr\/en\/wp-json\/wp\/v2\/product"}],"about":[{"href":"https:\/\/staging.hydrachim.fr\/en\/wp-json\/wp\/v2\/types\/product"}],"wp:featuredmedia":[{"embeddable":true,"href":"https:\/\/staging.hydrachim.fr\/en\/wp-json\/wp\/v2\/media\/4963"}],"wp:attachment":[{"href":"https:\/\/staging.hydrachim.fr\/en\/wp-json\/wp\/v2\/media?parent=4964"}],"wp:term":[{"taxonomy":"product_brand","embeddable":true,"href":"https:\/\/staging.hydrachim.fr\/en\/wp-json\/wp\/v2\/product_brand?post=4964"},{"taxonomy":"product_type","embeddable":true,"href":"https:\/\/staging.hydrachim.fr\/en\/wp-json\/wp\/v2\/product_type?post=4964"},{"taxonomy":"product_visibility","embeddable":true,"href":"https:\/\/staging.hydrachim.fr\/en\/wp-json\/wp\/v2\/product_visibility?post=4964"},{"taxonomy":"product_cat","embeddable":true,"href":"https:\/\/staging.hydrachim.fr\/en\/wp-json\/wp\/v2\/product_cat?post=4964"}],"curies":[{"name":"wp","href":"https:\/\/api.w.org\/{rel}","templated":true}]}}