{"id":4968,"date":"2019-09-23T16:25:46","date_gmt":"2019-09-23T14:25:46","guid":{"rendered":"https:\/\/staging.hydrachim.fr\/?post_type=product&#038;p=4968"},"modified":"2019-10-14T14:11:16","modified_gmt":"2019-10-14T12:11:16","slug":"respect-home-vaisselle","status":"publish","type":"product","link":"https:\/\/staging.hydrachim.fr\/en\/produit\/respect-home-vaisselle\/","title":{"rendered":"Respect\u2019Home\u00ae Vaisselle"},"content":{"rendered":"<p><strong>RESPECT&#8217;HOME\u00ae VAISSELLE est utilis\u00e9 pour le lavage de la vaisselle \u00e0 la main. Il nettoie, d\u00e9graisse les couverts et la vaisselle. Il fait briller, sans laisser de trace, ni aur\u00e9oles calcaires.  Parfum l\u00e9ger et frais de Pomme Verte.<\/strong><\/p>\n<p>RESPECT&#8217;HOME\u00ae VAISSELLE, s\u2019utilise en collectivit\u00e9, cr\u00e8ches, EHPAD, locaux administratifs, h\u00f4tels, industries, locaux sociaux, tertiaires,\u2026\n<\/p>\n<p><strong>Disponible en :<br \/>\n&#8211; Carton de 12 x 1L (bouchon push pull). R\u00e9f. 002186002<br \/>\n&#8211; Carton de 2 x 5L R\u00e9f. 002186001<\/strong><\/p>\n<p class=\"y-product y-product__product-subtitle\">Avantage :<\/p>\n<p>Sans allerg\u00e8nes*.<br \/>\nRespecte les surfaces et les mains des utilisateurs.<br \/>\nConservateur naturel.<\/p>\n<p>Retrouvez le mode d&#8217;emploi et le dosage du produit en t\u00e9l\u00e9chargeant sa Fiche Technique et\/ou sa Fiche M\u00e9thode.<\/p>\n<p><em>Avant toute utilisation, lire l&#8217;\u00e9tiquette et les informations concernant le produit.<br \/>\n*parmi les allerg\u00e8nes list\u00e9s dans les r\u00e8glements Cosm\u00e9tique n\u00b01223\/2009 et D\u00e9tergent n\u00b0648\/2004.<br \/>\nProduit conforme \u00e0 la l\u00e9gislation relative aux proc\u00e9d\u00e9s et aux produits utilis\u00e9s pour le nettoyage des mat\u00e9riaux et objets destin\u00e9s \u00e0 entrer en contact avec des denr\u00e9es, produits et boissons pour l\u2019alimentation de l\u2019homme et des animaux (Arr\u00eat\u00e9 du 08\/09\/1999 modifi\u00e9 le 19.12.2013). Rin\u00e7age obligatoire.<br \/>\nEcod\u00e9tergent certifi\u00e9 par ECOCERT Greenlife selon le r\u00e9f\u00e9rentiel ECOCERT disponible sur http:\/\/detergents.ecocert.com.<\/em><\/p>\n","protected":false},"excerpt":{"rendered":"<p>Liquide vaisselle manuelle Ecocert Ecodetergent.<\/p>\n","protected":false},"featured_media":4967,"template":"","meta":[],"product_brand":[],"product_type":[2],"product_visibility":[],"product_cat":[4109,4117,4098,4097,4147,4106,4143,4173,4121],"class_list":{"0":"post-4968","1":"product","2":"type-product","3":"status-publish","4":"has-post-thumbnail","6":"product_cat-nos-produits-zro-pictoscuisine","7":"product_cat-produitscuisine","8":"product_cat-ecocertcuisine","9":"product_cat-produitsecocert","10":"product_cat-marques-marquesidegreenidegreen","11":"product_cat-produitsnos-produits-zero-pictos","12":"product_cat-nouveautes","13":"product_cat-nouveautesproduits-verts","14":"product_cat-cuisinevaisselle-manuelle","15":"product_tag-0-picto","16":"product_tag-degraissant","17":"product_tag-ecocert","18":"product_tag-nettoyant","19":"product_tag-pomme","20":"product_tag-sans-allergene","21":"product_tag-vaisselle-2","23":"first","24":"instock","25":"shipping-taxable","26":"product-type-simple"},"yoast_head":"<!-- This site is optimized with the Yoast SEO plugin v24.7 - https:\/\/yoast.com\/wordpress\/plugins\/seo\/ -->\n<title>Respect\u2019Home\u00ae Vaisselle - Hydrachim<\/title>\n<meta name=\"robots\" content=\"noindex, follow, max-snippet:-1, max-image-preview:large, max-video-preview:-1\" \/>\n<meta property=\"og:locale\" content=\"en_US\" \/>\n<meta property=\"og:type\" content=\"article\" \/>\n<meta property=\"og:title\" content=\"Respect\u2019Home\u00ae Vaisselle - Hydrachim\" \/>\n<meta property=\"og:description\" content=\"Liquide vaisselle manuelle Ecocert Ecodetergent.\" \/>\n<meta property=\"og:url\" content=\"https:\/\/staging.hydrachim.fr\/produit\/respect-home-vaisselle\/\" \/>\n<meta property=\"og:site_name\" content=\"Hydrachim\" \/>\n<meta property=\"article:modified_time\" content=\"2019-10-14T12:11:16+00:00\" \/>\n<meta property=\"og:image\" content=\"https:\/\/staging.hydrachim.fr\/app\/uploads\/2019\/09\/1860_RESPECT-HOME-VSL_ECODETERGENT-ECOCERT_1L-push-pull.png\" \/>\n\t<meta property=\"og:image:width\" content=\"600\" \/>\n\t<meta property=\"og:image:height\" content=\"900\" \/>\n\t<meta property=\"og:image:type\" content=\"image\/png\" \/>\n<meta name=\"twitter:card\" content=\"summary_large_image\" \/>\n<meta name=\"twitter:label1\" content=\"Est. reading time\" \/>\n\t<meta name=\"twitter:data1\" content=\"1 minute\" \/>\n<script type=\"application\/ld+json\" class=\"yoast-schema-graph\">{\"@context\":\"https:\/\/schema.org\",\"@graph\":[{\"@type\":\"WebPage\",\"@id\":\"https:\/\/staging.hydrachim.fr\/produit\/respect-home-vaisselle\/\",\"url\":\"https:\/\/staging.hydrachim.fr\/produit\/respect-home-vaisselle\/\",\"name\":\"Respect\u2019Home\u00ae Vaisselle - Hydrachim\",\"isPartOf\":{\"@id\":\"https:\/\/staging.hydrachim.fr\/#website\"},\"primaryImageOfPage\":{\"@id\":\"https:\/\/staging.hydrachim.fr\/produit\/respect-home-vaisselle\/#primaryimage\"},\"image\":{\"@id\":\"https:\/\/staging.hydrachim.fr\/produit\/respect-home-vaisselle\/#primaryimage\"},\"thumbnailUrl\":\"https:\/\/staging.hydrachim.fr\/app\/uploads\/2019\/09\/1860_RESPECT-HOME-VSL_ECODETERGENT-ECOCERT_1L-push-pull.png\",\"datePublished\":\"2019-09-23T14:25:46+00:00\",\"dateModified\":\"2019-10-14T12:11:16+00:00\",\"breadcrumb\":{\"@id\":\"https:\/\/staging.hydrachim.fr\/produit\/respect-home-vaisselle\/#breadcrumb\"},\"inLanguage\":\"en-US\",\"potentialAction\":[{\"@type\":\"ReadAction\",\"target\":[\"https:\/\/staging.hydrachim.fr\/produit\/respect-home-vaisselle\/\"]}]},{\"@type\":\"ImageObject\",\"inLanguage\":\"en-US\",\"@id\":\"https:\/\/staging.hydrachim.fr\/produit\/respect-home-vaisselle\/#primaryimage\",\"url\":\"https:\/\/staging.hydrachim.fr\/app\/uploads\/2019\/09\/1860_RESPECT-HOME-VSL_ECODETERGENT-ECOCERT_1L-push-pull.png\",\"contentUrl\":\"https:\/\/staging.hydrachim.fr\/app\/uploads\/2019\/09\/1860_RESPECT-HOME-VSL_ECODETERGENT-ECOCERT_1L-push-pull.png\",\"width\":600,\"height\":900},{\"@type\":\"BreadcrumbList\",\"@id\":\"https:\/\/staging.hydrachim.fr\/produit\/respect-home-vaisselle\/#breadcrumb\",\"itemListElement\":[{\"@type\":\"ListItem\",\"position\":1,\"name\":\"Home\",\"item\":\"https:\/\/staging.hydrachim.fr\/en\/\"},{\"@type\":\"ListItem\",\"position\":2,\"name\":\"Shop\",\"item\":\"https:\/\/staging.hydrachim.fr\/en\/shop\/\"},{\"@type\":\"ListItem\",\"position\":3,\"name\":\"Respect\u2019Home\u00ae Vaisselle\"}]},{\"@type\":\"WebSite\",\"@id\":\"https:\/\/staging.hydrachim.fr\/#website\",\"url\":\"https:\/\/staging.hydrachim.fr\/\",\"name\":\"Hydrachim\",\"description\":\"La science de l&#039;hygi\u00e8ne\",\"potentialAction\":[{\"@type\":\"SearchAction\",\"target\":{\"@type\":\"EntryPoint\",\"urlTemplate\":\"https:\/\/staging.hydrachim.fr\/?s={search_term_string}\"},\"query-input\":{\"@type\":\"PropertyValueSpecification\",\"valueRequired\":true,\"valueName\":\"search_term_string\"}}],\"inLanguage\":\"en-US\"}]}<\/script>\n<!-- \/ Yoast SEO plugin. -->","yoast_head_json":{"title":"Respect\u2019Home\u00ae Vaisselle - Hydrachim","robots":{"index":"noindex","follow":"follow","max-snippet":"max-snippet:-1","max-image-preview":"max-image-preview:large","max-video-preview":"max-video-preview:-1"},"og_locale":"en_US","og_type":"article","og_title":"Respect\u2019Home\u00ae Vaisselle - Hydrachim","og_description":"Liquide vaisselle manuelle Ecocert Ecodetergent.","og_url":"https:\/\/staging.hydrachim.fr\/produit\/respect-home-vaisselle\/","og_site_name":"Hydrachim","article_modified_time":"2019-10-14T12:11:16+00:00","og_image":[{"width":600,"height":900,"url":"https:\/\/staging.hydrachim.fr\/app\/uploads\/2019\/09\/1860_RESPECT-HOME-VSL_ECODETERGENT-ECOCERT_1L-push-pull.png","type":"image\/png"}],"twitter_card":"summary_large_image","twitter_misc":{"Est. reading time":"1 minute"},"schema":{"@context":"https:\/\/schema.org","@graph":[{"@type":"WebPage","@id":"https:\/\/staging.hydrachim.fr\/produit\/respect-home-vaisselle\/","url":"https:\/\/staging.hydrachim.fr\/produit\/respect-home-vaisselle\/","name":"Respect\u2019Home\u00ae Vaisselle - Hydrachim","isPartOf":{"@id":"https:\/\/staging.hydrachim.fr\/#website"},"primaryImageOfPage":{"@id":"https:\/\/staging.hydrachim.fr\/produit\/respect-home-vaisselle\/#primaryimage"},"image":{"@id":"https:\/\/staging.hydrachim.fr\/produit\/respect-home-vaisselle\/#primaryimage"},"thumbnailUrl":"https:\/\/staging.hydrachim.fr\/app\/uploads\/2019\/09\/1860_RESPECT-HOME-VSL_ECODETERGENT-ECOCERT_1L-push-pull.png","datePublished":"2019-09-23T14:25:46+00:00","dateModified":"2019-10-14T12:11:16+00:00","breadcrumb":{"@id":"https:\/\/staging.hydrachim.fr\/produit\/respect-home-vaisselle\/#breadcrumb"},"inLanguage":"en-US","potentialAction":[{"@type":"ReadAction","target":["https:\/\/staging.hydrachim.fr\/produit\/respect-home-vaisselle\/"]}]},{"@type":"ImageObject","inLanguage":"en-US","@id":"https:\/\/staging.hydrachim.fr\/produit\/respect-home-vaisselle\/#primaryimage","url":"https:\/\/staging.hydrachim.fr\/app\/uploads\/2019\/09\/1860_RESPECT-HOME-VSL_ECODETERGENT-ECOCERT_1L-push-pull.png","contentUrl":"https:\/\/staging.hydrachim.fr\/app\/uploads\/2019\/09\/1860_RESPECT-HOME-VSL_ECODETERGENT-ECOCERT_1L-push-pull.png","width":600,"height":900},{"@type":"BreadcrumbList","@id":"https:\/\/staging.hydrachim.fr\/produit\/respect-home-vaisselle\/#breadcrumb","itemListElement":[{"@type":"ListItem","position":1,"name":"Home","item":"https:\/\/staging.hydrachim.fr\/en\/"},{"@type":"ListItem","position":2,"name":"Shop","item":"https:\/\/staging.hydrachim.fr\/en\/shop\/"},{"@type":"ListItem","position":3,"name":"Respect\u2019Home\u00ae Vaisselle"}]},{"@type":"WebSite","@id":"https:\/\/staging.hydrachim.fr\/#website","url":"https:\/\/staging.hydrachim.fr\/","name":"Hydrachim","description":"La science de l&#039;hygi\u00e8ne","potentialAction":[{"@type":"SearchAction","target":{"@type":"EntryPoint","urlTemplate":"https:\/\/staging.hydrachim.fr\/?s={search_term_string}"},"query-input":{"@type":"PropertyValueSpecification","valueRequired":true,"valueName":"search_term_string"}}],"inLanguage":"en-US"}]}},"acf":{"fiche_technique":"https:\/\/staging.hydrachim.fr\/app\/uploads\/2019\/09\/FT-1860-IDEGREEN-ECOCERT-RESPECT-HOME-VAISSELLE.pdf","fiche_methode":"https:\/\/staging.hydrachim.fr\/app\/uploads\/2019\/09\/1860-RESPECT-HOME-VAISSELLE-IDEGREEN-ECOCERT_h.pdf"},"_links":{"self":[{"href":"https:\/\/staging.hydrachim.fr\/en\/wp-json\/wp\/v2\/product\/4968","targetHints":{"allow":["GET"]}}],"collection":[{"href":"https:\/\/staging.hydrachim.fr\/en\/wp-json\/wp\/v2\/product"}],"about":[{"href":"https:\/\/staging.hydrachim.fr\/en\/wp-json\/wp\/v2\/types\/product"}],"wp:featuredmedia":[{"embeddable":true,"href":"https:\/\/staging.hydrachim.fr\/en\/wp-json\/wp\/v2\/media\/4967"}],"wp:attachment":[{"href":"https:\/\/staging.hydrachim.fr\/en\/wp-json\/wp\/v2\/media?parent=4968"}],"wp:term":[{"taxonomy":"product_brand","embeddable":true,"href":"https:\/\/staging.hydrachim.fr\/en\/wp-json\/wp\/v2\/product_brand?post=4968"},{"taxonomy":"product_type","embeddable":true,"href":"https:\/\/staging.hydrachim.fr\/en\/wp-json\/wp\/v2\/product_type?post=4968"},{"taxonomy":"product_visibility","embeddable":true,"href":"https:\/\/staging.hydrachim.fr\/en\/wp-json\/wp\/v2\/product_visibility?post=4968"},{"taxonomy":"product_cat","embeddable":true,"href":"https:\/\/staging.hydrachim.fr\/en\/wp-json\/wp\/v2\/product_cat?post=4968"}],"curies":[{"name":"wp","href":"https:\/\/api.w.org\/{rel}","templated":true}]}}