{"id":4971,"date":"2019-09-23T16:35:13","date_gmt":"2019-09-23T14:35:13","guid":{"rendered":"https:\/\/staging.hydrachim.fr\/?post_type=product&#038;p=4971"},"modified":"2019-10-14T14:11:26","modified_gmt":"2019-10-14T12:11:26","slug":"respect-home-degraissant","status":"publish","type":"product","link":"https:\/\/staging.hydrachim.fr\/en\/produit\/respect-home-degraissant\/","title":{"rendered":"Respect\u2019Home\u00ae D\u00e9graissant"},"content":{"rendered":"<p><strong>RESPECT HOME\u00ae DEGRAISSANT est un puissant nettoyant alcalin. Il est tr\u00e8s efficace sur les surfaces et les sols.<\/strong><\/p>\n<p>RESPECT&#8217;HOME\u00ae DEGRAISSANT \u00e9limine souillures, huiles, graisses, d\u00e9p\u00f4ts alimentaires. RESPECT HOME DEGRAISSANT agit rapidement, m\u00eame sur des surfaces tr\u00e8s encrass\u00e9es.<br \/>\nIl s\u2019utilise dans l\u2019univers alimentaire, mais aussi dans tous les types d\u2019industries. Il est peu moussant il peut s\u2019utiliser en auto laveuse.<br \/>\nRESPECT&#8217;HOME\u00ae DEGRAISSANT, s\u2019utilise pour les mat\u00e9riels de cuisson des cuisines en collectivit\u00e9, cr\u00e8ches, EHPAD, locaux administratifs, h\u00f4tels, industries, locaux sociaux, tertiaires,\u2026<\/p>\n<p><strong>Disponible en carton de 2 x 5L. R\u00e9f. 002186101<\/strong><\/p>\n<p class=\"y-product y-product__product-subtitle\">Avantage :<\/p>\n<p>Sans allerg\u00e8ne*.<br \/>\nRespecte les surfaces, carrelages, ciment, plastiques.<\/p>\n<p>Retrouvez le mode d&#8217;emploi et le dosage du produit en t\u00e9l\u00e9chargeant sa Fiche Technique et\/ou sa Fiche M\u00e9thode.<\/p>\n<p><em>Avant toute utilisation, lire l&#8217;\u00e9tiquette et les informations concernant le produit.<br \/>\n*parmi les allerg\u00e8nes list\u00e9s dans les r\u00e8glements Cosm\u00e9tique n\u00b01223\/2009 et D\u00e9tergent n\u00b0648\/2004.<br \/>\nProduit conforme \u00e0 la l\u00e9gislation relative aux proc\u00e9d\u00e9s et aux produits utilis\u00e9s pour le nettoyage des mat\u00e9riaux et objets destin\u00e9s \u00e0 entrer en contact avec des denr\u00e9es, produits et boissons pour l\u2019alimentation de l\u2019homme et des animaux (Arr\u00eat\u00e9 du 08\/09\/1999 modifi\u00e9 le 19.12.2013). Rin\u00e7age obligatoire.<br \/>\nEcod\u00e9tergent certifi\u00e9 par ECOCERT Greenlife selon le r\u00e9f\u00e9rentiel ECOCERT disponible sur http:\/\/detergents.ecocert.com.<\/em><\/p>\n","protected":false},"excerpt":{"rendered":"<p>D\u00e9graissant Alcalin Concentr\u00e9 Ecocert Ecodetergent.<\/p>\n","protected":false},"featured_media":4972,"template":"","meta":[],"product_brand":[],"product_type":[2],"product_visibility":[],"product_cat":[4098,4117,4097,4119,4147,4143,4173],"class_list":{"0":"post-4971","1":"product","2":"type-product","3":"status-publish","4":"has-post-thumbnail","6":"product_cat-ecocertcuisine","7":"product_cat-produitscuisine","8":"product_cat-produitsecocert","9":"product_cat-cuisineentretien","10":"product_cat-marques-marquesidegreenidegreen","11":"product_cat-nouveautes","12":"product_cat-nouveautesproduits-verts","13":"product_tag-alcalin","14":"product_tag-auto-laveuse","15":"product_tag-degraissant","16":"product_tag-ecocert","17":"product_tag-nettoyant","18":"product_tag-sol","19":"product_tag-surface","21":"first","22":"instock","23":"shipping-taxable","24":"product-type-simple"},"yoast_head":"<!-- This site is optimized with the Yoast SEO plugin v24.7 - https:\/\/yoast.com\/wordpress\/plugins\/seo\/ -->\n<title>Respect\u2019Home\u00ae D\u00e9graissant - Hydrachim<\/title>\n<meta name=\"robots\" content=\"noindex, follow, max-snippet:-1, max-image-preview:large, max-video-preview:-1\" \/>\n<meta property=\"og:locale\" content=\"en_US\" \/>\n<meta property=\"og:type\" content=\"article\" \/>\n<meta property=\"og:title\" content=\"Respect\u2019Home\u00ae D\u00e9graissant - Hydrachim\" \/>\n<meta property=\"og:description\" content=\"D\u00e9graissant Alcalin Concentr\u00e9 Ecocert Ecodetergent.\" \/>\n<meta property=\"og:url\" content=\"https:\/\/staging.hydrachim.fr\/produit\/respect-home-degraissant\/\" \/>\n<meta property=\"og:site_name\" content=\"Hydrachim\" \/>\n<meta property=\"article:modified_time\" content=\"2019-10-14T12:11:26+00:00\" \/>\n<meta property=\"og:image\" content=\"https:\/\/staging.hydrachim.fr\/app\/uploads\/2019\/09\/1861_RESPECT-HOME-DEGRAISSANT_ECODETERGENT-ECOCERT_5L.png\" \/>\n\t<meta property=\"og:image:width\" content=\"459\" \/>\n\t<meta property=\"og:image:height\" content=\"717\" \/>\n\t<meta property=\"og:image:type\" content=\"image\/png\" \/>\n<meta name=\"twitter:card\" content=\"summary_large_image\" \/>\n<meta name=\"twitter:label1\" content=\"Est. reading time\" \/>\n\t<meta name=\"twitter:data1\" content=\"1 minute\" \/>\n<script type=\"application\/ld+json\" class=\"yoast-schema-graph\">{\"@context\":\"https:\/\/schema.org\",\"@graph\":[{\"@type\":\"WebPage\",\"@id\":\"https:\/\/staging.hydrachim.fr\/produit\/respect-home-degraissant\/\",\"url\":\"https:\/\/staging.hydrachim.fr\/produit\/respect-home-degraissant\/\",\"name\":\"Respect\u2019Home\u00ae D\u00e9graissant - Hydrachim\",\"isPartOf\":{\"@id\":\"https:\/\/staging.hydrachim.fr\/#website\"},\"primaryImageOfPage\":{\"@id\":\"https:\/\/staging.hydrachim.fr\/produit\/respect-home-degraissant\/#primaryimage\"},\"image\":{\"@id\":\"https:\/\/staging.hydrachim.fr\/produit\/respect-home-degraissant\/#primaryimage\"},\"thumbnailUrl\":\"https:\/\/staging.hydrachim.fr\/app\/uploads\/2019\/09\/1861_RESPECT-HOME-DEGRAISSANT_ECODETERGENT-ECOCERT_5L.png\",\"datePublished\":\"2019-09-23T14:35:13+00:00\",\"dateModified\":\"2019-10-14T12:11:26+00:00\",\"breadcrumb\":{\"@id\":\"https:\/\/staging.hydrachim.fr\/produit\/respect-home-degraissant\/#breadcrumb\"},\"inLanguage\":\"en-US\",\"potentialAction\":[{\"@type\":\"ReadAction\",\"target\":[\"https:\/\/staging.hydrachim.fr\/produit\/respect-home-degraissant\/\"]}]},{\"@type\":\"ImageObject\",\"inLanguage\":\"en-US\",\"@id\":\"https:\/\/staging.hydrachim.fr\/produit\/respect-home-degraissant\/#primaryimage\",\"url\":\"https:\/\/staging.hydrachim.fr\/app\/uploads\/2019\/09\/1861_RESPECT-HOME-DEGRAISSANT_ECODETERGENT-ECOCERT_5L.png\",\"contentUrl\":\"https:\/\/staging.hydrachim.fr\/app\/uploads\/2019\/09\/1861_RESPECT-HOME-DEGRAISSANT_ECODETERGENT-ECOCERT_5L.png\",\"width\":459,\"height\":717},{\"@type\":\"BreadcrumbList\",\"@id\":\"https:\/\/staging.hydrachim.fr\/produit\/respect-home-degraissant\/#breadcrumb\",\"itemListElement\":[{\"@type\":\"ListItem\",\"position\":1,\"name\":\"Home\",\"item\":\"https:\/\/staging.hydrachim.fr\/en\/\"},{\"@type\":\"ListItem\",\"position\":2,\"name\":\"Shop\",\"item\":\"https:\/\/staging.hydrachim.fr\/en\/shop\/\"},{\"@type\":\"ListItem\",\"position\":3,\"name\":\"Respect\u2019Home\u00ae D\u00e9graissant\"}]},{\"@type\":\"WebSite\",\"@id\":\"https:\/\/staging.hydrachim.fr\/#website\",\"url\":\"https:\/\/staging.hydrachim.fr\/\",\"name\":\"Hydrachim\",\"description\":\"La science de l&#039;hygi\u00e8ne\",\"potentialAction\":[{\"@type\":\"SearchAction\",\"target\":{\"@type\":\"EntryPoint\",\"urlTemplate\":\"https:\/\/staging.hydrachim.fr\/?s={search_term_string}\"},\"query-input\":{\"@type\":\"PropertyValueSpecification\",\"valueRequired\":true,\"valueName\":\"search_term_string\"}}],\"inLanguage\":\"en-US\"}]}<\/script>\n<!-- \/ Yoast SEO plugin. -->","yoast_head_json":{"title":"Respect\u2019Home\u00ae D\u00e9graissant - Hydrachim","robots":{"index":"noindex","follow":"follow","max-snippet":"max-snippet:-1","max-image-preview":"max-image-preview:large","max-video-preview":"max-video-preview:-1"},"og_locale":"en_US","og_type":"article","og_title":"Respect\u2019Home\u00ae D\u00e9graissant - Hydrachim","og_description":"D\u00e9graissant Alcalin Concentr\u00e9 Ecocert Ecodetergent.","og_url":"https:\/\/staging.hydrachim.fr\/produit\/respect-home-degraissant\/","og_site_name":"Hydrachim","article_modified_time":"2019-10-14T12:11:26+00:00","og_image":[{"width":459,"height":717,"url":"https:\/\/staging.hydrachim.fr\/app\/uploads\/2019\/09\/1861_RESPECT-HOME-DEGRAISSANT_ECODETERGENT-ECOCERT_5L.png","type":"image\/png"}],"twitter_card":"summary_large_image","twitter_misc":{"Est. reading time":"1 minute"},"schema":{"@context":"https:\/\/schema.org","@graph":[{"@type":"WebPage","@id":"https:\/\/staging.hydrachim.fr\/produit\/respect-home-degraissant\/","url":"https:\/\/staging.hydrachim.fr\/produit\/respect-home-degraissant\/","name":"Respect\u2019Home\u00ae D\u00e9graissant - Hydrachim","isPartOf":{"@id":"https:\/\/staging.hydrachim.fr\/#website"},"primaryImageOfPage":{"@id":"https:\/\/staging.hydrachim.fr\/produit\/respect-home-degraissant\/#primaryimage"},"image":{"@id":"https:\/\/staging.hydrachim.fr\/produit\/respect-home-degraissant\/#primaryimage"},"thumbnailUrl":"https:\/\/staging.hydrachim.fr\/app\/uploads\/2019\/09\/1861_RESPECT-HOME-DEGRAISSANT_ECODETERGENT-ECOCERT_5L.png","datePublished":"2019-09-23T14:35:13+00:00","dateModified":"2019-10-14T12:11:26+00:00","breadcrumb":{"@id":"https:\/\/staging.hydrachim.fr\/produit\/respect-home-degraissant\/#breadcrumb"},"inLanguage":"en-US","potentialAction":[{"@type":"ReadAction","target":["https:\/\/staging.hydrachim.fr\/produit\/respect-home-degraissant\/"]}]},{"@type":"ImageObject","inLanguage":"en-US","@id":"https:\/\/staging.hydrachim.fr\/produit\/respect-home-degraissant\/#primaryimage","url":"https:\/\/staging.hydrachim.fr\/app\/uploads\/2019\/09\/1861_RESPECT-HOME-DEGRAISSANT_ECODETERGENT-ECOCERT_5L.png","contentUrl":"https:\/\/staging.hydrachim.fr\/app\/uploads\/2019\/09\/1861_RESPECT-HOME-DEGRAISSANT_ECODETERGENT-ECOCERT_5L.png","width":459,"height":717},{"@type":"BreadcrumbList","@id":"https:\/\/staging.hydrachim.fr\/produit\/respect-home-degraissant\/#breadcrumb","itemListElement":[{"@type":"ListItem","position":1,"name":"Home","item":"https:\/\/staging.hydrachim.fr\/en\/"},{"@type":"ListItem","position":2,"name":"Shop","item":"https:\/\/staging.hydrachim.fr\/en\/shop\/"},{"@type":"ListItem","position":3,"name":"Respect\u2019Home\u00ae D\u00e9graissant"}]},{"@type":"WebSite","@id":"https:\/\/staging.hydrachim.fr\/#website","url":"https:\/\/staging.hydrachim.fr\/","name":"Hydrachim","description":"La science de l&#039;hygi\u00e8ne","potentialAction":[{"@type":"SearchAction","target":{"@type":"EntryPoint","urlTemplate":"https:\/\/staging.hydrachim.fr\/?s={search_term_string}"},"query-input":{"@type":"PropertyValueSpecification","valueRequired":true,"valueName":"search_term_string"}}],"inLanguage":"en-US"}]}},"acf":{"fiche_technique":"https:\/\/staging.hydrachim.fr\/app\/uploads\/2019\/09\/FT-1861-IDEGREEN-ECOCERT-RESPECT-HOME-DEGRAISSANT.pdf","fiche_methode":"https:\/\/staging.hydrachim.fr\/app\/uploads\/2019\/09\/1861-RESPECT-HOME-DEGRAISSANT-IDEGREEN-ECOCERT_h.pdf"},"_links":{"self":[{"href":"https:\/\/staging.hydrachim.fr\/en\/wp-json\/wp\/v2\/product\/4971","targetHints":{"allow":["GET"]}}],"collection":[{"href":"https:\/\/staging.hydrachim.fr\/en\/wp-json\/wp\/v2\/product"}],"about":[{"href":"https:\/\/staging.hydrachim.fr\/en\/wp-json\/wp\/v2\/types\/product"}],"wp:featuredmedia":[{"embeddable":true,"href":"https:\/\/staging.hydrachim.fr\/en\/wp-json\/wp\/v2\/media\/4972"}],"wp:attachment":[{"href":"https:\/\/staging.hydrachim.fr\/en\/wp-json\/wp\/v2\/media?parent=4971"}],"wp:term":[{"taxonomy":"product_brand","embeddable":true,"href":"https:\/\/staging.hydrachim.fr\/en\/wp-json\/wp\/v2\/product_brand?post=4971"},{"taxonomy":"product_type","embeddable":true,"href":"https:\/\/staging.hydrachim.fr\/en\/wp-json\/wp\/v2\/product_type?post=4971"},{"taxonomy":"product_visibility","embeddable":true,"href":"https:\/\/staging.hydrachim.fr\/en\/wp-json\/wp\/v2\/product_visibility?post=4971"},{"taxonomy":"product_cat","embeddable":true,"href":"https:\/\/staging.hydrachim.fr\/en\/wp-json\/wp\/v2\/product_cat?post=4971"}],"curies":[{"name":"wp","href":"https:\/\/api.w.org\/{rel}","templated":true}]}}