{"id":4975,"date":"2019-09-23T16:39:23","date_gmt":"2019-09-23T14:39:23","guid":{"rendered":"https:\/\/staging.hydrachim.fr\/?post_type=product&#038;p=4975"},"modified":"2019-10-14T14:11:36","modified_gmt":"2019-10-14T12:11:36","slug":"respect-home-sols","status":"publish","type":"product","link":"https:\/\/staging.hydrachim.fr\/en\/produit\/respect-home-sols\/","title":{"rendered":"Respect\u2019Home\u00ae Sols"},"content":{"rendered":"<p><strong>RESPECT\u2019HOME SOLS\u00ae est un nettoyant quotidien pour les sols et toutes les surfaces lavables, il nettoie et d\u00e9tache les sols, fait briller. Il laisse un parfum frais de Pomme Verte.<br \/>\nSa formulation non moussante le rend id\u00e9al en utilisation auto laveuse. RESPECT\u2019HOME SOLS\u00ae est sans rin\u00e7age. (Sauf pour les surfaces en contact avec les denr\u00e9es alimentaires).<\/strong><\/p>\n<p>RESPECT\u2019HOME SOLS\u00ae s\u2019utilise en collectivit\u00e9, cr\u00e8ches, EHPAD, locaux administratifs, locaux sportifs, piscines, h\u00f4tels, industries, locaux sociaux, tertiaires,\u2026\n<\/p>\n<p><strong>Disponible en carton de 2 x 5L. R\u00e9f. 002186201<\/strong><\/p>\n<p class=\"y-product y-product__product-subtitle\">Avantage :<\/p>\n<p>Respecte les surfaces.<br \/>\nProduit non class\u00e9 dangereux pour l\u2019homme, selon CLP 1272\/2008.<br \/>\nSans VLEP r\u00e9glementaire.<\/p>\n<p>Retrouvez le mode d&#8217;emploi et le dosage du produit en t\u00e9l\u00e9chargeant sa Fiche Technique.<\/p>\n<p><em>Avant toute utilisation, lire l&#8217;\u00e9tiquette et les informations concernant le produit.<br \/>\nProduit conforme \u00e0 la l\u00e9gislation relative aux proc\u00e9d\u00e9s et aux produits utilis\u00e9s pour le nettoyage des mat\u00e9riaux et objets destin\u00e9s \u00e0 entrer en contact avec des denr\u00e9es, produits et boissons pour l\u2019alimentation de l\u2019homme et des animaux (Arr\u00eat\u00e9 du 08\/09\/1999 modifi\u00e9 le 19.12.2013). Rin\u00e7age obligatoire.<br \/>\nEcod\u00e9tergent certifi\u00e9 par ECOCERT Greenlife selon le r\u00e9f\u00e9rentiel ECOCERT disponible sur http:\/\/detergents.ecocert.com.<\/em><\/p>\n","protected":false},"excerpt":{"rendered":"<p>Nettoyant multi surfaces et sols Ecocert Ecodetergent.<\/p>\n","protected":false},"featured_media":4976,"template":"","meta":[],"product_brand":[],"product_type":[2],"product_visibility":[],"product_cat":[4097,4128,4147,4106,4143,4173,4100,4107,4127],"class_list":{"0":"post-4975","1":"product","2":"type-product","3":"status-publish","4":"has-post-thumbnail","6":"product_cat-produitsecocert","7":"product_cat-solentretien","8":"product_cat-marques-marquesidegreenidegreen","9":"product_cat-produitsnos-produits-zero-pictos","10":"product_cat-nouveautes","11":"product_cat-nouveautesproduits-verts","12":"product_cat-ecocertsurface","13":"product_cat-nos-produits-zro-pictossurface","14":"product_cat-produitssurface-sol","15":"product_tag-0-picto","16":"product_tag-auto-laveuse","17":"product_tag-detachant","18":"product_tag-ecocert","19":"product_tag-multisurface","20":"product_tag-nettoyant","21":"product_tag-non-moussant","22":"product_tag-sol","24":"first","25":"instock","26":"shipping-taxable","27":"product-type-simple"},"yoast_head":"<!-- This site is optimized with the Yoast SEO plugin v24.7 - https:\/\/yoast.com\/wordpress\/plugins\/seo\/ -->\n<title>Respect\u2019Home\u00ae Sols - Hydrachim<\/title>\n<meta name=\"robots\" content=\"noindex, follow, max-snippet:-1, max-image-preview:large, max-video-preview:-1\" \/>\n<meta property=\"og:locale\" content=\"en_US\" \/>\n<meta property=\"og:type\" content=\"article\" \/>\n<meta property=\"og:title\" content=\"Respect\u2019Home\u00ae Sols - Hydrachim\" \/>\n<meta property=\"og:description\" content=\"Nettoyant multi surfaces et sols Ecocert Ecodetergent.\" \/>\n<meta property=\"og:url\" content=\"https:\/\/staging.hydrachim.fr\/produit\/respect-home-sols\/\" \/>\n<meta property=\"og:site_name\" content=\"Hydrachim\" \/>\n<meta property=\"article:modified_time\" content=\"2019-10-14T12:11:36+00:00\" \/>\n<meta property=\"og:image\" content=\"https:\/\/staging.hydrachim.fr\/app\/uploads\/2019\/09\/1862_RESPECT-HOME-SOLS_ECODETERGENT-ECOCERT_5L.png\" \/>\n\t<meta property=\"og:image:width\" content=\"459\" \/>\n\t<meta property=\"og:image:height\" content=\"715\" \/>\n\t<meta property=\"og:image:type\" content=\"image\/png\" \/>\n<meta name=\"twitter:card\" content=\"summary_large_image\" \/>\n<meta name=\"twitter:label1\" content=\"Est. reading time\" \/>\n\t<meta name=\"twitter:data1\" content=\"1 minute\" \/>\n<script type=\"application\/ld+json\" class=\"yoast-schema-graph\">{\"@context\":\"https:\/\/schema.org\",\"@graph\":[{\"@type\":\"WebPage\",\"@id\":\"https:\/\/staging.hydrachim.fr\/produit\/respect-home-sols\/\",\"url\":\"https:\/\/staging.hydrachim.fr\/produit\/respect-home-sols\/\",\"name\":\"Respect\u2019Home\u00ae Sols - Hydrachim\",\"isPartOf\":{\"@id\":\"https:\/\/staging.hydrachim.fr\/#website\"},\"primaryImageOfPage\":{\"@id\":\"https:\/\/staging.hydrachim.fr\/produit\/respect-home-sols\/#primaryimage\"},\"image\":{\"@id\":\"https:\/\/staging.hydrachim.fr\/produit\/respect-home-sols\/#primaryimage\"},\"thumbnailUrl\":\"https:\/\/staging.hydrachim.fr\/app\/uploads\/2019\/09\/1862_RESPECT-HOME-SOLS_ECODETERGENT-ECOCERT_5L.png\",\"datePublished\":\"2019-09-23T14:39:23+00:00\",\"dateModified\":\"2019-10-14T12:11:36+00:00\",\"breadcrumb\":{\"@id\":\"https:\/\/staging.hydrachim.fr\/produit\/respect-home-sols\/#breadcrumb\"},\"inLanguage\":\"en-US\",\"potentialAction\":[{\"@type\":\"ReadAction\",\"target\":[\"https:\/\/staging.hydrachim.fr\/produit\/respect-home-sols\/\"]}]},{\"@type\":\"ImageObject\",\"inLanguage\":\"en-US\",\"@id\":\"https:\/\/staging.hydrachim.fr\/produit\/respect-home-sols\/#primaryimage\",\"url\":\"https:\/\/staging.hydrachim.fr\/app\/uploads\/2019\/09\/1862_RESPECT-HOME-SOLS_ECODETERGENT-ECOCERT_5L.png\",\"contentUrl\":\"https:\/\/staging.hydrachim.fr\/app\/uploads\/2019\/09\/1862_RESPECT-HOME-SOLS_ECODETERGENT-ECOCERT_5L.png\",\"width\":459,\"height\":715},{\"@type\":\"BreadcrumbList\",\"@id\":\"https:\/\/staging.hydrachim.fr\/produit\/respect-home-sols\/#breadcrumb\",\"itemListElement\":[{\"@type\":\"ListItem\",\"position\":1,\"name\":\"Home\",\"item\":\"https:\/\/staging.hydrachim.fr\/en\/\"},{\"@type\":\"ListItem\",\"position\":2,\"name\":\"Shop\",\"item\":\"https:\/\/staging.hydrachim.fr\/en\/shop\/\"},{\"@type\":\"ListItem\",\"position\":3,\"name\":\"Respect\u2019Home\u00ae Sols\"}]},{\"@type\":\"WebSite\",\"@id\":\"https:\/\/staging.hydrachim.fr\/#website\",\"url\":\"https:\/\/staging.hydrachim.fr\/\",\"name\":\"Hydrachim\",\"description\":\"La science de l&#039;hygi\u00e8ne\",\"potentialAction\":[{\"@type\":\"SearchAction\",\"target\":{\"@type\":\"EntryPoint\",\"urlTemplate\":\"https:\/\/staging.hydrachim.fr\/?s={search_term_string}\"},\"query-input\":{\"@type\":\"PropertyValueSpecification\",\"valueRequired\":true,\"valueName\":\"search_term_string\"}}],\"inLanguage\":\"en-US\"}]}<\/script>\n<!-- \/ Yoast SEO plugin. -->","yoast_head_json":{"title":"Respect\u2019Home\u00ae Sols - Hydrachim","robots":{"index":"noindex","follow":"follow","max-snippet":"max-snippet:-1","max-image-preview":"max-image-preview:large","max-video-preview":"max-video-preview:-1"},"og_locale":"en_US","og_type":"article","og_title":"Respect\u2019Home\u00ae Sols - Hydrachim","og_description":"Nettoyant multi surfaces et sols Ecocert Ecodetergent.","og_url":"https:\/\/staging.hydrachim.fr\/produit\/respect-home-sols\/","og_site_name":"Hydrachim","article_modified_time":"2019-10-14T12:11:36+00:00","og_image":[{"width":459,"height":715,"url":"https:\/\/staging.hydrachim.fr\/app\/uploads\/2019\/09\/1862_RESPECT-HOME-SOLS_ECODETERGENT-ECOCERT_5L.png","type":"image\/png"}],"twitter_card":"summary_large_image","twitter_misc":{"Est. reading time":"1 minute"},"schema":{"@context":"https:\/\/schema.org","@graph":[{"@type":"WebPage","@id":"https:\/\/staging.hydrachim.fr\/produit\/respect-home-sols\/","url":"https:\/\/staging.hydrachim.fr\/produit\/respect-home-sols\/","name":"Respect\u2019Home\u00ae Sols - Hydrachim","isPartOf":{"@id":"https:\/\/staging.hydrachim.fr\/#website"},"primaryImageOfPage":{"@id":"https:\/\/staging.hydrachim.fr\/produit\/respect-home-sols\/#primaryimage"},"image":{"@id":"https:\/\/staging.hydrachim.fr\/produit\/respect-home-sols\/#primaryimage"},"thumbnailUrl":"https:\/\/staging.hydrachim.fr\/app\/uploads\/2019\/09\/1862_RESPECT-HOME-SOLS_ECODETERGENT-ECOCERT_5L.png","datePublished":"2019-09-23T14:39:23+00:00","dateModified":"2019-10-14T12:11:36+00:00","breadcrumb":{"@id":"https:\/\/staging.hydrachim.fr\/produit\/respect-home-sols\/#breadcrumb"},"inLanguage":"en-US","potentialAction":[{"@type":"ReadAction","target":["https:\/\/staging.hydrachim.fr\/produit\/respect-home-sols\/"]}]},{"@type":"ImageObject","inLanguage":"en-US","@id":"https:\/\/staging.hydrachim.fr\/produit\/respect-home-sols\/#primaryimage","url":"https:\/\/staging.hydrachim.fr\/app\/uploads\/2019\/09\/1862_RESPECT-HOME-SOLS_ECODETERGENT-ECOCERT_5L.png","contentUrl":"https:\/\/staging.hydrachim.fr\/app\/uploads\/2019\/09\/1862_RESPECT-HOME-SOLS_ECODETERGENT-ECOCERT_5L.png","width":459,"height":715},{"@type":"BreadcrumbList","@id":"https:\/\/staging.hydrachim.fr\/produit\/respect-home-sols\/#breadcrumb","itemListElement":[{"@type":"ListItem","position":1,"name":"Home","item":"https:\/\/staging.hydrachim.fr\/en\/"},{"@type":"ListItem","position":2,"name":"Shop","item":"https:\/\/staging.hydrachim.fr\/en\/shop\/"},{"@type":"ListItem","position":3,"name":"Respect\u2019Home\u00ae Sols"}]},{"@type":"WebSite","@id":"https:\/\/staging.hydrachim.fr\/#website","url":"https:\/\/staging.hydrachim.fr\/","name":"Hydrachim","description":"La science de l&#039;hygi\u00e8ne","potentialAction":[{"@type":"SearchAction","target":{"@type":"EntryPoint","urlTemplate":"https:\/\/staging.hydrachim.fr\/?s={search_term_string}"},"query-input":{"@type":"PropertyValueSpecification","valueRequired":true,"valueName":"search_term_string"}}],"inLanguage":"en-US"}]}},"acf":{"fiche_technique":"https:\/\/staging.hydrachim.fr\/app\/uploads\/2019\/09\/FT-1862-IDEGREEN-ECOCERT-RESPECT-HOME-SOLS-1.pdf","fiche_methode":""},"_links":{"self":[{"href":"https:\/\/staging.hydrachim.fr\/en\/wp-json\/wp\/v2\/product\/4975","targetHints":{"allow":["GET"]}}],"collection":[{"href":"https:\/\/staging.hydrachim.fr\/en\/wp-json\/wp\/v2\/product"}],"about":[{"href":"https:\/\/staging.hydrachim.fr\/en\/wp-json\/wp\/v2\/types\/product"}],"wp:featuredmedia":[{"embeddable":true,"href":"https:\/\/staging.hydrachim.fr\/en\/wp-json\/wp\/v2\/media\/4976"}],"wp:attachment":[{"href":"https:\/\/staging.hydrachim.fr\/en\/wp-json\/wp\/v2\/media?parent=4975"}],"wp:term":[{"taxonomy":"product_brand","embeddable":true,"href":"https:\/\/staging.hydrachim.fr\/en\/wp-json\/wp\/v2\/product_brand?post=4975"},{"taxonomy":"product_type","embeddable":true,"href":"https:\/\/staging.hydrachim.fr\/en\/wp-json\/wp\/v2\/product_type?post=4975"},{"taxonomy":"product_visibility","embeddable":true,"href":"https:\/\/staging.hydrachim.fr\/en\/wp-json\/wp\/v2\/product_visibility?post=4975"},{"taxonomy":"product_cat","embeddable":true,"href":"https:\/\/staging.hydrachim.fr\/en\/wp-json\/wp\/v2\/product_cat?post=4975"}],"curies":[{"name":"wp","href":"https:\/\/api.w.org\/{rel}","templated":true}]}}