{"id":4978,"date":"2019-09-23T16:45:22","date_gmt":"2019-09-23T14:45:22","guid":{"rendered":"https:\/\/staging.hydrachim.fr\/?post_type=product&#038;p=4978"},"modified":"2019-10-14T14:11:45","modified_gmt":"2019-10-14T12:11:45","slug":"respect-home-detartrant","status":"publish","type":"product","link":"https:\/\/staging.hydrachim.fr\/en\/produit\/respect-home-detartrant\/","title":{"rendered":"Respect\u2019Home\u00ae D\u00e9tartrant"},"content":{"rendered":"<p><strong>RESPECT\u2019HOME DETARTRANT\u00ae d\u00e9tartre, fait briller les surfaces alimentaires, plan de travail en cuisine par exemple et toutes les autres surfaces de la cuisine.<br \/>\nRESPECT\u2019HOME DETARTRANT\u00ae r\u00e9nove les surfaces en \u00e9liminant les d\u00e9p\u00f4ts de tartre et d\u2019oxydations sur de multiples surfaces et m\u00e9taux. Son action sur les souillures min\u00e9rales : optimise l\u2019efficacit\u00e9 des op\u00e9rations de nettoyage et de d\u00e9sinfection.<\/strong><\/p>\n<p>RESPECT\u2019HOME DETARTRANT\u00ae s\u2019utilise en collectivit\u00e9, cr\u00e8ches, EHPAD, locaux administratifs, locaux sportifs, piscines, h\u00f4tels, industries, locaux sociaux, tertiaires,\u2026<br \/>\nRESPECT\u2019HOME DETARTRANT\u00ae est efficace sur de multiples surfaces : carrelages, vitres, fa\u00efences, aluminium anodis\u00e9, inox, chrome.<\/p>\n<p><strong>Disponible en carton de 6 x 1L. R\u00e9f. 002186301<\/strong><\/p>\n<p class=\"y-product y-product__product-subtitle\">Avantage :<\/p>\n<p>Formul\u00e9 sans parfum et en gel pour une meilleure adh\u00e9rence aux parois et une action prolong\u00e9e.<br \/>\nUtilisation adapt\u00e9e gr\u00e2ce \u00e0 son flacon avec un col \u00ab accord\u00e9on \u00bb. Rin\u00e7age facile et peu moussant.<br \/>\nFormul\u00e9 sans acide chlorhydrique ou phosphorique.<\/p>\n<p>Retrouvez le mode d&#8217;emploi et le dosage du produit en t\u00e9l\u00e9chargeant sa Fiche Technique et\/ou sa Fiche M\u00e9thode.<\/p>\n<p><em>Avant toute utilisation, lire l&#8217;\u00e9tiquette et les informations concernant le produit.<br \/>\nProduit conforme \u00e0 la l\u00e9gislation relative aux proc\u00e9d\u00e9s et aux produits utilis\u00e9s pour le nettoyage des mat\u00e9riaux et objets destin\u00e9s \u00e0 entrer en contact avec des denr\u00e9es, produits et boissons pour l\u2019alimentation de l\u2019homme et des animaux (Arr\u00eat\u00e9 du 08\/09\/1999 modifi\u00e9 le 19.12.2013). Rin\u00e7age obligatoire.<br \/>\nEcod\u00e9tergent certifi\u00e9 par ECOCERT Greenlife selon le r\u00e9f\u00e9rentiel ECOCERT disponible sur http:\/\/detergents.ecocert.com.<\/em><\/p>\n","protected":false},"excerpt":{"rendered":"<p>Gel anticalcaires adapt\u00e9 aux surfaces alimentaires Ecocert Ecod\u00e9tergent.<\/p>\n","protected":false},"featured_media":4979,"template":"","meta":[],"product_brand":[],"product_type":[2],"product_visibility":[],"product_cat":[4117,4098,4109,4097,4119,4147,4106,4143,4173],"class_list":{"0":"post-4978","1":"product","2":"type-product","3":"status-publish","4":"has-post-thumbnail","6":"product_cat-produitscuisine","7":"product_cat-ecocertcuisine","8":"product_cat-nos-produits-zro-pictoscuisine","9":"product_cat-produitsecocert","10":"product_cat-cuisineentretien","11":"product_cat-marques-marquesidegreenidegreen","12":"product_cat-produitsnos-produits-zero-pictos","13":"product_cat-nouveautes","14":"product_cat-nouveautesproduits-verts","15":"product_tag-0-picto","16":"product_tag-alimentaire","17":"product_tag-cuisine","18":"product_tag-detartrant","19":"product_tag-ecocert","20":"product_tag-gel","21":"product_tag-surface","23":"first","24":"instock","25":"shipping-taxable","26":"product-type-simple"},"yoast_head":"<!-- This site is optimized with the Yoast SEO plugin v24.7 - https:\/\/yoast.com\/wordpress\/plugins\/seo\/ -->\n<title>Respect\u2019Home\u00ae D\u00e9tartrant - Hydrachim<\/title>\n<meta name=\"robots\" content=\"noindex, follow, max-snippet:-1, max-image-preview:large, max-video-preview:-1\" \/>\n<meta property=\"og:locale\" content=\"en_US\" \/>\n<meta property=\"og:type\" content=\"article\" \/>\n<meta property=\"og:title\" content=\"Respect\u2019Home\u00ae D\u00e9tartrant - Hydrachim\" \/>\n<meta property=\"og:description\" content=\"Gel anticalcaires adapt\u00e9 aux surfaces alimentaires Ecocert Ecod\u00e9tergent.\" \/>\n<meta property=\"og:url\" content=\"https:\/\/staging.hydrachim.fr\/produit\/respect-home-detartrant\/\" \/>\n<meta property=\"og:site_name\" content=\"Hydrachim\" \/>\n<meta property=\"article:modified_time\" content=\"2019-10-14T12:11:45+00:00\" \/>\n<meta property=\"og:image\" content=\"https:\/\/staging.hydrachim.fr\/app\/uploads\/2019\/09\/1863_RESPECT-HOME-DETARTRANT_ECODETERGENT-ECOCERT_1L-flex.png\" \/>\n\t<meta property=\"og:image:width\" content=\"600\" \/>\n\t<meta property=\"og:image:height\" content=\"900\" \/>\n\t<meta property=\"og:image:type\" content=\"image\/png\" \/>\n<meta name=\"twitter:card\" content=\"summary_large_image\" \/>\n<meta name=\"twitter:label1\" content=\"Est. reading time\" \/>\n\t<meta name=\"twitter:data1\" content=\"1 minute\" \/>\n<script type=\"application\/ld+json\" class=\"yoast-schema-graph\">{\"@context\":\"https:\/\/schema.org\",\"@graph\":[{\"@type\":\"WebPage\",\"@id\":\"https:\/\/staging.hydrachim.fr\/produit\/respect-home-detartrant\/\",\"url\":\"https:\/\/staging.hydrachim.fr\/produit\/respect-home-detartrant\/\",\"name\":\"Respect\u2019Home\u00ae D\u00e9tartrant - Hydrachim\",\"isPartOf\":{\"@id\":\"https:\/\/staging.hydrachim.fr\/#website\"},\"primaryImageOfPage\":{\"@id\":\"https:\/\/staging.hydrachim.fr\/produit\/respect-home-detartrant\/#primaryimage\"},\"image\":{\"@id\":\"https:\/\/staging.hydrachim.fr\/produit\/respect-home-detartrant\/#primaryimage\"},\"thumbnailUrl\":\"https:\/\/staging.hydrachim.fr\/app\/uploads\/2019\/09\/1863_RESPECT-HOME-DETARTRANT_ECODETERGENT-ECOCERT_1L-flex.png\",\"datePublished\":\"2019-09-23T14:45:22+00:00\",\"dateModified\":\"2019-10-14T12:11:45+00:00\",\"breadcrumb\":{\"@id\":\"https:\/\/staging.hydrachim.fr\/produit\/respect-home-detartrant\/#breadcrumb\"},\"inLanguage\":\"en-US\",\"potentialAction\":[{\"@type\":\"ReadAction\",\"target\":[\"https:\/\/staging.hydrachim.fr\/produit\/respect-home-detartrant\/\"]}]},{\"@type\":\"ImageObject\",\"inLanguage\":\"en-US\",\"@id\":\"https:\/\/staging.hydrachim.fr\/produit\/respect-home-detartrant\/#primaryimage\",\"url\":\"https:\/\/staging.hydrachim.fr\/app\/uploads\/2019\/09\/1863_RESPECT-HOME-DETARTRANT_ECODETERGENT-ECOCERT_1L-flex.png\",\"contentUrl\":\"https:\/\/staging.hydrachim.fr\/app\/uploads\/2019\/09\/1863_RESPECT-HOME-DETARTRANT_ECODETERGENT-ECOCERT_1L-flex.png\",\"width\":600,\"height\":900},{\"@type\":\"BreadcrumbList\",\"@id\":\"https:\/\/staging.hydrachim.fr\/produit\/respect-home-detartrant\/#breadcrumb\",\"itemListElement\":[{\"@type\":\"ListItem\",\"position\":1,\"name\":\"Home\",\"item\":\"https:\/\/staging.hydrachim.fr\/en\/\"},{\"@type\":\"ListItem\",\"position\":2,\"name\":\"Shop\",\"item\":\"https:\/\/staging.hydrachim.fr\/en\/shop\/\"},{\"@type\":\"ListItem\",\"position\":3,\"name\":\"Respect\u2019Home\u00ae D\u00e9tartrant\"}]},{\"@type\":\"WebSite\",\"@id\":\"https:\/\/staging.hydrachim.fr\/#website\",\"url\":\"https:\/\/staging.hydrachim.fr\/\",\"name\":\"Hydrachim\",\"description\":\"La science de l&#039;hygi\u00e8ne\",\"potentialAction\":[{\"@type\":\"SearchAction\",\"target\":{\"@type\":\"EntryPoint\",\"urlTemplate\":\"https:\/\/staging.hydrachim.fr\/?s={search_term_string}\"},\"query-input\":{\"@type\":\"PropertyValueSpecification\",\"valueRequired\":true,\"valueName\":\"search_term_string\"}}],\"inLanguage\":\"en-US\"}]}<\/script>\n<!-- \/ Yoast SEO plugin. -->","yoast_head_json":{"title":"Respect\u2019Home\u00ae D\u00e9tartrant - Hydrachim","robots":{"index":"noindex","follow":"follow","max-snippet":"max-snippet:-1","max-image-preview":"max-image-preview:large","max-video-preview":"max-video-preview:-1"},"og_locale":"en_US","og_type":"article","og_title":"Respect\u2019Home\u00ae D\u00e9tartrant - Hydrachim","og_description":"Gel anticalcaires adapt\u00e9 aux surfaces alimentaires Ecocert Ecod\u00e9tergent.","og_url":"https:\/\/staging.hydrachim.fr\/produit\/respect-home-detartrant\/","og_site_name":"Hydrachim","article_modified_time":"2019-10-14T12:11:45+00:00","og_image":[{"width":600,"height":900,"url":"https:\/\/staging.hydrachim.fr\/app\/uploads\/2019\/09\/1863_RESPECT-HOME-DETARTRANT_ECODETERGENT-ECOCERT_1L-flex.png","type":"image\/png"}],"twitter_card":"summary_large_image","twitter_misc":{"Est. reading time":"1 minute"},"schema":{"@context":"https:\/\/schema.org","@graph":[{"@type":"WebPage","@id":"https:\/\/staging.hydrachim.fr\/produit\/respect-home-detartrant\/","url":"https:\/\/staging.hydrachim.fr\/produit\/respect-home-detartrant\/","name":"Respect\u2019Home\u00ae D\u00e9tartrant - Hydrachim","isPartOf":{"@id":"https:\/\/staging.hydrachim.fr\/#website"},"primaryImageOfPage":{"@id":"https:\/\/staging.hydrachim.fr\/produit\/respect-home-detartrant\/#primaryimage"},"image":{"@id":"https:\/\/staging.hydrachim.fr\/produit\/respect-home-detartrant\/#primaryimage"},"thumbnailUrl":"https:\/\/staging.hydrachim.fr\/app\/uploads\/2019\/09\/1863_RESPECT-HOME-DETARTRANT_ECODETERGENT-ECOCERT_1L-flex.png","datePublished":"2019-09-23T14:45:22+00:00","dateModified":"2019-10-14T12:11:45+00:00","breadcrumb":{"@id":"https:\/\/staging.hydrachim.fr\/produit\/respect-home-detartrant\/#breadcrumb"},"inLanguage":"en-US","potentialAction":[{"@type":"ReadAction","target":["https:\/\/staging.hydrachim.fr\/produit\/respect-home-detartrant\/"]}]},{"@type":"ImageObject","inLanguage":"en-US","@id":"https:\/\/staging.hydrachim.fr\/produit\/respect-home-detartrant\/#primaryimage","url":"https:\/\/staging.hydrachim.fr\/app\/uploads\/2019\/09\/1863_RESPECT-HOME-DETARTRANT_ECODETERGENT-ECOCERT_1L-flex.png","contentUrl":"https:\/\/staging.hydrachim.fr\/app\/uploads\/2019\/09\/1863_RESPECT-HOME-DETARTRANT_ECODETERGENT-ECOCERT_1L-flex.png","width":600,"height":900},{"@type":"BreadcrumbList","@id":"https:\/\/staging.hydrachim.fr\/produit\/respect-home-detartrant\/#breadcrumb","itemListElement":[{"@type":"ListItem","position":1,"name":"Home","item":"https:\/\/staging.hydrachim.fr\/en\/"},{"@type":"ListItem","position":2,"name":"Shop","item":"https:\/\/staging.hydrachim.fr\/en\/shop\/"},{"@type":"ListItem","position":3,"name":"Respect\u2019Home\u00ae D\u00e9tartrant"}]},{"@type":"WebSite","@id":"https:\/\/staging.hydrachim.fr\/#website","url":"https:\/\/staging.hydrachim.fr\/","name":"Hydrachim","description":"La science de l&#039;hygi\u00e8ne","potentialAction":[{"@type":"SearchAction","target":{"@type":"EntryPoint","urlTemplate":"https:\/\/staging.hydrachim.fr\/?s={search_term_string}"},"query-input":{"@type":"PropertyValueSpecification","valueRequired":true,"valueName":"search_term_string"}}],"inLanguage":"en-US"}]}},"acf":{"fiche_technique":"https:\/\/staging.hydrachim.fr\/app\/uploads\/2019\/09\/FT-1863-IDEGREEN-ECOCERT-RESPECT-HOME-DETARTRANT.pdf","fiche_methode":"https:\/\/staging.hydrachim.fr\/app\/uploads\/2019\/09\/1863-RESPECT-HOME-DETARTRANT-IDEGREEN-ECOCERT_h.pdf"},"_links":{"self":[{"href":"https:\/\/staging.hydrachim.fr\/en\/wp-json\/wp\/v2\/product\/4978","targetHints":{"allow":["GET"]}}],"collection":[{"href":"https:\/\/staging.hydrachim.fr\/en\/wp-json\/wp\/v2\/product"}],"about":[{"href":"https:\/\/staging.hydrachim.fr\/en\/wp-json\/wp\/v2\/types\/product"}],"wp:featuredmedia":[{"embeddable":true,"href":"https:\/\/staging.hydrachim.fr\/en\/wp-json\/wp\/v2\/media\/4979"}],"wp:attachment":[{"href":"https:\/\/staging.hydrachim.fr\/en\/wp-json\/wp\/v2\/media?parent=4978"}],"wp:term":[{"taxonomy":"product_brand","embeddable":true,"href":"https:\/\/staging.hydrachim.fr\/en\/wp-json\/wp\/v2\/product_brand?post=4978"},{"taxonomy":"product_type","embeddable":true,"href":"https:\/\/staging.hydrachim.fr\/en\/wp-json\/wp\/v2\/product_type?post=4978"},{"taxonomy":"product_visibility","embeddable":true,"href":"https:\/\/staging.hydrachim.fr\/en\/wp-json\/wp\/v2\/product_visibility?post=4978"},{"taxonomy":"product_cat","embeddable":true,"href":"https:\/\/staging.hydrachim.fr\/en\/wp-json\/wp\/v2\/product_cat?post=4978"}],"curies":[{"name":"wp","href":"https:\/\/api.w.org\/{rel}","templated":true}]}}