{"id":4982,"date":"2019-09-24T11:56:32","date_gmt":"2019-09-24T09:56:32","guid":{"rendered":"https:\/\/staging.hydrachim.fr\/?post_type=product&#038;p=4982"},"modified":"2019-10-14T14:12:00","modified_gmt":"2019-10-14T12:12:00","slug":"respecthome-sanitaires-wc","status":"publish","type":"product","link":"https:\/\/staging.hydrachim.fr\/en\/produit\/respecthome-sanitaires-wc\/","title":{"rendered":"Respect\u2019Home\u00ae Sanitaires WC"},"content":{"rendered":"<p><strong>RESPECT\u2019HOME SANITAIRES WC\u00ae nettoie, d\u00e9tartre, fait briller et parfume les sanitaires, les cuvettes des WC et urinoirs.<br \/>\nPar sa forme GEL, il adh\u00e8re parfaitement aux parois verticales et agit plus longtemps.<\/strong><\/p>\n<p>RESPECT\u2019HOME SANITAIRES WC\u00ae s\u2019utilise en collectivit\u00e9, cr\u00e8ches, EHPAD, locaux administratifs, locaux sportifs, piscines, hotels, industries, locaux sociaux, tertiaires,\u2026<br \/>\nGr\u00e2ce \u00e0 son flacon avec un col \u00ab accord\u00e9on \u00bb, RESPECT\u2019HOME SANITAIRES WC\u00ae s\u2019utilise pour toutes les surfaces des salles de bains et toilettes, pas uniquement les cuvettes. Vous pouvez l\u2019utiliser pour les douches, les baignoires, lavabos, WC, urinoirs, lave mains.<\/p>\n<p><strong>Disponible en carton de 6 x 1L. R\u00e9f.002186401<\/strong><\/p>\n<p class=\"y-product y-product__product-subtitle\">Avantage :<\/p>\n<p>Produit non class\u00e9 dangereux pour l\u2019homme, selon CLP 1272\/2008.<br \/>\nFormul\u00e9 sans acide chlorhydrique ou phosphorique.<br \/>\nFormule incolore, ne tache pas les surfaces.<br \/>\nSans risque pour les fosses septiques.<\/p>\n<p>Retrouvez le mode d&#8217;emploi et le dosage du produit en t\u00e9l\u00e9chargeant sa Fiche Technique et\/ou sa Fiche M\u00e9thode.<\/p>\n<p><em>Avant toute utilisation, lire l&#8217;\u00e9tiquette et les informations concernant le produit.<br \/>\nProduit conforme \u00e0 la l\u00e9gislation relative aux proc\u00e9d\u00e9s et aux produits utilis\u00e9s pour le nettoyage des mat\u00e9riaux et objets destin\u00e9s \u00e0 entrer en contact avec des denr\u00e9es, produits et boissons pour l\u2019alimentation de l\u2019homme et des animaux (Arr\u00eat\u00e9 du 08\/09\/1999 modifi\u00e9 le 19.12.2013). Rin\u00e7age obligatoire.<br \/>\nEcod\u00e9tergent certifi\u00e9 par ECOCERT Greenlife selon le r\u00e9f\u00e9rentiel ECOCERT disponible sur http:\/\/detergents.ecocert.com.<\/em><\/p>\n","protected":false},"excerpt":{"rendered":"<p>Gel Nettoyant D\u00e9tartrant Sanitaires et WC &#8211; Parfum Pomme Verte &#8211; Ecocert Ecod\u00e9tergent<\/p>\n","protected":false},"featured_media":4983,"template":"","meta":[],"product_brand":[],"product_type":[2],"product_visibility":[],"product_cat":[4097,4147,4106,4143,4173,4108,4122,4099,4124,4123],"class_list":{"0":"post-4982","1":"product","2":"type-product","3":"status-publish","4":"has-post-thumbnail","6":"product_cat-produitsecocert","7":"product_cat-marques-marquesidegreenidegreen","8":"product_cat-produitsnos-produits-zero-pictos","9":"product_cat-nouveautes","10":"product_cat-nouveautesproduits-verts","11":"product_cat-nos-produits-zro-pictossanitaire","12":"product_cat-produitssanitaire","13":"product_cat-ecocertsanitaire","14":"product_cat-sanitairesurface","15":"product_cat-sanitairewc","16":"product_tag-0-picto","17":"product_tag-detartrant","18":"product_tag-ecocert","19":"product_tag-gel","20":"product_tag-nettoyant","21":"product_tag-pret-a-lemploi","22":"product_tag-sanitaire","23":"product_tag-wc","25":"first","26":"instock","27":"shipping-taxable","28":"product-type-simple"},"yoast_head":"<!-- This site is optimized with the Yoast SEO plugin v24.7 - https:\/\/yoast.com\/wordpress\/plugins\/seo\/ -->\n<title>Respect\u2019Home\u00ae Sanitaires WC - Hydrachim<\/title>\n<meta name=\"robots\" content=\"noindex, follow, max-snippet:-1, max-image-preview:large, max-video-preview:-1\" \/>\n<meta property=\"og:locale\" content=\"en_US\" \/>\n<meta property=\"og:type\" content=\"article\" \/>\n<meta property=\"og:title\" content=\"Respect\u2019Home\u00ae Sanitaires WC - Hydrachim\" \/>\n<meta property=\"og:description\" content=\"Gel Nettoyant D\u00e9tartrant Sanitaires et WC - Parfum Pomme Verte - Ecocert Ecod\u00e9tergent\" \/>\n<meta property=\"og:url\" content=\"https:\/\/staging.hydrachim.fr\/produit\/respecthome-sanitaires-wc\/\" \/>\n<meta property=\"og:site_name\" content=\"Hydrachim\" \/>\n<meta property=\"article:modified_time\" content=\"2019-10-14T12:12:00+00:00\" \/>\n<meta property=\"og:image\" content=\"https:\/\/staging.hydrachim.fr\/app\/uploads\/2019\/09\/1864_RESPECT-HOME-SANITAIRE-WC_ECODETERGENT-ECOCERT_FLEX-1L.png\" \/>\n\t<meta property=\"og:image:width\" content=\"600\" \/>\n\t<meta property=\"og:image:height\" content=\"900\" \/>\n\t<meta property=\"og:image:type\" content=\"image\/png\" \/>\n<meta name=\"twitter:card\" content=\"summary_large_image\" \/>\n<meta name=\"twitter:label1\" content=\"Est. reading time\" \/>\n\t<meta name=\"twitter:data1\" content=\"1 minute\" \/>\n<script type=\"application\/ld+json\" class=\"yoast-schema-graph\">{\"@context\":\"https:\/\/schema.org\",\"@graph\":[{\"@type\":\"WebPage\",\"@id\":\"https:\/\/staging.hydrachim.fr\/produit\/respecthome-sanitaires-wc\/\",\"url\":\"https:\/\/staging.hydrachim.fr\/produit\/respecthome-sanitaires-wc\/\",\"name\":\"Respect\u2019Home\u00ae Sanitaires WC - Hydrachim\",\"isPartOf\":{\"@id\":\"https:\/\/staging.hydrachim.fr\/#website\"},\"primaryImageOfPage\":{\"@id\":\"https:\/\/staging.hydrachim.fr\/produit\/respecthome-sanitaires-wc\/#primaryimage\"},\"image\":{\"@id\":\"https:\/\/staging.hydrachim.fr\/produit\/respecthome-sanitaires-wc\/#primaryimage\"},\"thumbnailUrl\":\"https:\/\/staging.hydrachim.fr\/app\/uploads\/2019\/09\/1864_RESPECT-HOME-SANITAIRE-WC_ECODETERGENT-ECOCERT_FLEX-1L.png\",\"datePublished\":\"2019-09-24T09:56:32+00:00\",\"dateModified\":\"2019-10-14T12:12:00+00:00\",\"breadcrumb\":{\"@id\":\"https:\/\/staging.hydrachim.fr\/produit\/respecthome-sanitaires-wc\/#breadcrumb\"},\"inLanguage\":\"en-US\",\"potentialAction\":[{\"@type\":\"ReadAction\",\"target\":[\"https:\/\/staging.hydrachim.fr\/produit\/respecthome-sanitaires-wc\/\"]}]},{\"@type\":\"ImageObject\",\"inLanguage\":\"en-US\",\"@id\":\"https:\/\/staging.hydrachim.fr\/produit\/respecthome-sanitaires-wc\/#primaryimage\",\"url\":\"https:\/\/staging.hydrachim.fr\/app\/uploads\/2019\/09\/1864_RESPECT-HOME-SANITAIRE-WC_ECODETERGENT-ECOCERT_FLEX-1L.png\",\"contentUrl\":\"https:\/\/staging.hydrachim.fr\/app\/uploads\/2019\/09\/1864_RESPECT-HOME-SANITAIRE-WC_ECODETERGENT-ECOCERT_FLEX-1L.png\",\"width\":600,\"height\":900},{\"@type\":\"BreadcrumbList\",\"@id\":\"https:\/\/staging.hydrachim.fr\/produit\/respecthome-sanitaires-wc\/#breadcrumb\",\"itemListElement\":[{\"@type\":\"ListItem\",\"position\":1,\"name\":\"Home\",\"item\":\"https:\/\/staging.hydrachim.fr\/en\/\"},{\"@type\":\"ListItem\",\"position\":2,\"name\":\"Shop\",\"item\":\"https:\/\/staging.hydrachim.fr\/en\/shop\/\"},{\"@type\":\"ListItem\",\"position\":3,\"name\":\"Respect\u2019Home\u00ae Sanitaires WC\"}]},{\"@type\":\"WebSite\",\"@id\":\"https:\/\/staging.hydrachim.fr\/#website\",\"url\":\"https:\/\/staging.hydrachim.fr\/\",\"name\":\"Hydrachim\",\"description\":\"La science de l&#039;hygi\u00e8ne\",\"potentialAction\":[{\"@type\":\"SearchAction\",\"target\":{\"@type\":\"EntryPoint\",\"urlTemplate\":\"https:\/\/staging.hydrachim.fr\/?s={search_term_string}\"},\"query-input\":{\"@type\":\"PropertyValueSpecification\",\"valueRequired\":true,\"valueName\":\"search_term_string\"}}],\"inLanguage\":\"en-US\"}]}<\/script>\n<!-- \/ Yoast SEO plugin. -->","yoast_head_json":{"title":"Respect\u2019Home\u00ae Sanitaires WC - Hydrachim","robots":{"index":"noindex","follow":"follow","max-snippet":"max-snippet:-1","max-image-preview":"max-image-preview:large","max-video-preview":"max-video-preview:-1"},"og_locale":"en_US","og_type":"article","og_title":"Respect\u2019Home\u00ae Sanitaires WC - Hydrachim","og_description":"Gel Nettoyant D\u00e9tartrant Sanitaires et WC - Parfum Pomme Verte - Ecocert Ecod\u00e9tergent","og_url":"https:\/\/staging.hydrachim.fr\/produit\/respecthome-sanitaires-wc\/","og_site_name":"Hydrachim","article_modified_time":"2019-10-14T12:12:00+00:00","og_image":[{"width":600,"height":900,"url":"https:\/\/staging.hydrachim.fr\/app\/uploads\/2019\/09\/1864_RESPECT-HOME-SANITAIRE-WC_ECODETERGENT-ECOCERT_FLEX-1L.png","type":"image\/png"}],"twitter_card":"summary_large_image","twitter_misc":{"Est. reading time":"1 minute"},"schema":{"@context":"https:\/\/schema.org","@graph":[{"@type":"WebPage","@id":"https:\/\/staging.hydrachim.fr\/produit\/respecthome-sanitaires-wc\/","url":"https:\/\/staging.hydrachim.fr\/produit\/respecthome-sanitaires-wc\/","name":"Respect\u2019Home\u00ae Sanitaires WC - Hydrachim","isPartOf":{"@id":"https:\/\/staging.hydrachim.fr\/#website"},"primaryImageOfPage":{"@id":"https:\/\/staging.hydrachim.fr\/produit\/respecthome-sanitaires-wc\/#primaryimage"},"image":{"@id":"https:\/\/staging.hydrachim.fr\/produit\/respecthome-sanitaires-wc\/#primaryimage"},"thumbnailUrl":"https:\/\/staging.hydrachim.fr\/app\/uploads\/2019\/09\/1864_RESPECT-HOME-SANITAIRE-WC_ECODETERGENT-ECOCERT_FLEX-1L.png","datePublished":"2019-09-24T09:56:32+00:00","dateModified":"2019-10-14T12:12:00+00:00","breadcrumb":{"@id":"https:\/\/staging.hydrachim.fr\/produit\/respecthome-sanitaires-wc\/#breadcrumb"},"inLanguage":"en-US","potentialAction":[{"@type":"ReadAction","target":["https:\/\/staging.hydrachim.fr\/produit\/respecthome-sanitaires-wc\/"]}]},{"@type":"ImageObject","inLanguage":"en-US","@id":"https:\/\/staging.hydrachim.fr\/produit\/respecthome-sanitaires-wc\/#primaryimage","url":"https:\/\/staging.hydrachim.fr\/app\/uploads\/2019\/09\/1864_RESPECT-HOME-SANITAIRE-WC_ECODETERGENT-ECOCERT_FLEX-1L.png","contentUrl":"https:\/\/staging.hydrachim.fr\/app\/uploads\/2019\/09\/1864_RESPECT-HOME-SANITAIRE-WC_ECODETERGENT-ECOCERT_FLEX-1L.png","width":600,"height":900},{"@type":"BreadcrumbList","@id":"https:\/\/staging.hydrachim.fr\/produit\/respecthome-sanitaires-wc\/#breadcrumb","itemListElement":[{"@type":"ListItem","position":1,"name":"Home","item":"https:\/\/staging.hydrachim.fr\/en\/"},{"@type":"ListItem","position":2,"name":"Shop","item":"https:\/\/staging.hydrachim.fr\/en\/shop\/"},{"@type":"ListItem","position":3,"name":"Respect\u2019Home\u00ae Sanitaires WC"}]},{"@type":"WebSite","@id":"https:\/\/staging.hydrachim.fr\/#website","url":"https:\/\/staging.hydrachim.fr\/","name":"Hydrachim","description":"La science de l&#039;hygi\u00e8ne","potentialAction":[{"@type":"SearchAction","target":{"@type":"EntryPoint","urlTemplate":"https:\/\/staging.hydrachim.fr\/?s={search_term_string}"},"query-input":{"@type":"PropertyValueSpecification","valueRequired":true,"valueName":"search_term_string"}}],"inLanguage":"en-US"}]}},"acf":{"fiche_technique":"https:\/\/staging.hydrachim.fr\/app\/uploads\/2019\/09\/FT-1864-IDEGREEN-ECOCERT-RESPECT-HOME-SANITAIRES-WC.pdf","fiche_methode":"https:\/\/staging.hydrachim.fr\/app\/uploads\/2019\/09\/1864-RESPECT-HOME-SANITAIRES-WC-IDEGREEN-ECOCERT_h.pdf"},"_links":{"self":[{"href":"https:\/\/staging.hydrachim.fr\/en\/wp-json\/wp\/v2\/product\/4982","targetHints":{"allow":["GET"]}}],"collection":[{"href":"https:\/\/staging.hydrachim.fr\/en\/wp-json\/wp\/v2\/product"}],"about":[{"href":"https:\/\/staging.hydrachim.fr\/en\/wp-json\/wp\/v2\/types\/product"}],"wp:featuredmedia":[{"embeddable":true,"href":"https:\/\/staging.hydrachim.fr\/en\/wp-json\/wp\/v2\/media\/4983"}],"wp:attachment":[{"href":"https:\/\/staging.hydrachim.fr\/en\/wp-json\/wp\/v2\/media?parent=4982"}],"wp:term":[{"taxonomy":"product_brand","embeddable":true,"href":"https:\/\/staging.hydrachim.fr\/en\/wp-json\/wp\/v2\/product_brand?post=4982"},{"taxonomy":"product_type","embeddable":true,"href":"https:\/\/staging.hydrachim.fr\/en\/wp-json\/wp\/v2\/product_type?post=4982"},{"taxonomy":"product_visibility","embeddable":true,"href":"https:\/\/staging.hydrachim.fr\/en\/wp-json\/wp\/v2\/product_visibility?post=4982"},{"taxonomy":"product_cat","embeddable":true,"href":"https:\/\/staging.hydrachim.fr\/en\/wp-json\/wp\/v2\/product_cat?post=4982"}],"curies":[{"name":"wp","href":"https:\/\/api.w.org\/{rel}","templated":true}]}}