{"id":4994,"date":"2019-09-24T14:32:08","date_gmt":"2019-09-24T12:32:08","guid":{"rendered":"https:\/\/staging.hydrachim.fr\/?post_type=product&#038;p=4994"},"modified":"2019-10-17T11:13:33","modified_gmt":"2019-10-17T09:13:33","slug":"respect-home-vinaigre-menager-14","status":"publish","type":"product","link":"https:\/\/staging.hydrachim.fr\/en\/produit\/respect-home-vinaigre-menager-14\/","title":{"rendered":"Respect\u2019Home\u00ae Vinaigre M\u00e9nager 14\u00b0"},"content":{"rendered":"<p><strong>RESPECT\u2019HOME VINAIGRE MENAGER 14\u00b0\u00ae est un d\u00e9tergent pour toutes les surfaces lavables, il nettoie, d\u00e9tache, d\u00e9tartre et fait briller.<br \/>\nRESPECT\u2019HOME VINAIGRE MENAGER 14\u00b0\u00ae est un d\u00e9tergent quotidien, excellent pouvoir nettoyant, sur tous les supports et objets du quotidien. Additionn\u00e9 d\u2019eau froide, il \u00e9limine les t\u00e2ches de chocolat, de caf\u00e9, d\u2019herbes, sauce tomate, boue.<br \/>\n<\/strong><\/p>\n<p>RESPECT\u2019HOME VINAIGRE MENAGER 14\u00b0\u00ae s\u2019utilise en collectivit\u00e9, cr\u00e8ches, EHPAD, locaux administratifs, locaux sportifs, piscines, h\u00f4tels, industries, locaux sociaux, tertiaires,\u2026\n<\/p>\n<p><strong>Disponible en carton de 2 x 5L. R\u00e9f. 002220791<\/strong><\/p>\n<p class=\"y-product y-product__product-subtitle\">Avantage :<\/p>\n<p>Respecte les surfaces.<br \/>\nMultiples usages.<br \/>\nContient 100% d\u2019ingr\u00e9dients d\u2019origine naturelle.<\/p>\n<p>Retrouvez le mode d&#8217;emploi et le dosage du produit en t\u00e9l\u00e9chargeant sa Fiche Technique et\/ou sa Fiche M\u00e9thode.<\/p>\n<p><em>Avant toute utilisation, lire l&#8217;\u00e9tiquette et les informations concernant le produit.<br \/>\nProduit conforme \u00e0 la l\u00e9gislation relative aux proc\u00e9d\u00e9s et aux produits utilis\u00e9s pour le nettoyage des mat\u00e9riaux et objets destin\u00e9s \u00e0 entrer en contact avec des denr\u00e9es, produits et boissons pour l\u2019alimentation de l\u2019homme et des animaux (Arr\u00eat\u00e9 du 08\/09\/1999 modifi\u00e9 le 19.12.2013). Rin\u00e7age obligatoire.<br \/>\nEcod\u00e9tergent certifi\u00e9 par ECOCERT Greenlife selon le r\u00e9f\u00e9rentiel ECOCERT disponible sur http:\/\/detergents.ecocert.com.<\/em><\/p>\n","protected":false},"excerpt":{"rendered":"<p>Nettoyant d\u00e9tartrant multisurfaces &#8211; Produit naturel Ecocert Ecod\u00e9tergent.<\/p>\n","protected":false},"featured_media":4995,"template":"","meta":[],"product_brand":[],"product_type":[2],"product_visibility":[],"product_cat":[4097,4128,4147,4100,4127],"class_list":{"0":"post-4994","1":"product","2":"type-product","3":"status-publish","4":"has-post-thumbnail","6":"product_cat-produitsecocert","7":"product_cat-solentretien","8":"product_cat-marques-marquesidegreenidegreen","9":"product_cat-ecocertsurface","10":"product_cat-produitssurface-sol","11":"product_tag-degraissant","12":"product_tag-detachant","13":"product_tag-detartrant","14":"product_tag-ecocert","15":"product_tag-entretien-3","16":"product_tag-multi-surfaces","17":"product_tag-multi-usages","18":"product_tag-nettoyant","19":"product_tag-polyvalent","21":"first","22":"instock","23":"shipping-taxable","24":"product-type-simple"},"yoast_head":"<!-- This site is optimized with the Yoast SEO plugin v24.7 - https:\/\/yoast.com\/wordpress\/plugins\/seo\/ -->\n<title>Respect\u2019Home\u00ae Vinaigre M\u00e9nager 14\u00b0 - Hydrachim<\/title>\n<meta name=\"robots\" content=\"noindex, follow, max-snippet:-1, max-image-preview:large, max-video-preview:-1\" \/>\n<meta property=\"og:locale\" content=\"en_US\" \/>\n<meta property=\"og:type\" content=\"article\" \/>\n<meta property=\"og:title\" content=\"Respect\u2019Home\u00ae Vinaigre M\u00e9nager 14\u00b0 - Hydrachim\" \/>\n<meta property=\"og:description\" content=\"Nettoyant d\u00e9tartrant multisurfaces - Produit naturel Ecocert Ecod\u00e9tergent.\" \/>\n<meta property=\"og:url\" content=\"https:\/\/staging.hydrachim.fr\/produit\/respect-home-vinaigre-menager-14\/\" \/>\n<meta property=\"og:site_name\" content=\"Hydrachim\" \/>\n<meta property=\"article:modified_time\" content=\"2019-10-17T09:13:33+00:00\" \/>\n<meta property=\"og:image\" content=\"https:\/\/staging.hydrachim.fr\/app\/uploads\/2019\/09\/2207_RESPECT-HOME-PAE-VINAIGRE-MENAGER_ECODETERGENT-ECOCERT_5L.png\" \/>\n\t<meta property=\"og:image:width\" content=\"459\" \/>\n\t<meta property=\"og:image:height\" content=\"717\" \/>\n\t<meta property=\"og:image:type\" content=\"image\/png\" \/>\n<meta name=\"twitter:card\" content=\"summary_large_image\" \/>\n<meta name=\"twitter:label1\" content=\"Est. reading time\" \/>\n\t<meta name=\"twitter:data1\" content=\"1 minute\" \/>\n<script type=\"application\/ld+json\" class=\"yoast-schema-graph\">{\"@context\":\"https:\/\/schema.org\",\"@graph\":[{\"@type\":\"WebPage\",\"@id\":\"https:\/\/staging.hydrachim.fr\/produit\/respect-home-vinaigre-menager-14\/\",\"url\":\"https:\/\/staging.hydrachim.fr\/produit\/respect-home-vinaigre-menager-14\/\",\"name\":\"Respect\u2019Home\u00ae Vinaigre M\u00e9nager 14\u00b0 - Hydrachim\",\"isPartOf\":{\"@id\":\"https:\/\/staging.hydrachim.fr\/#website\"},\"primaryImageOfPage\":{\"@id\":\"https:\/\/staging.hydrachim.fr\/produit\/respect-home-vinaigre-menager-14\/#primaryimage\"},\"image\":{\"@id\":\"https:\/\/staging.hydrachim.fr\/produit\/respect-home-vinaigre-menager-14\/#primaryimage\"},\"thumbnailUrl\":\"https:\/\/staging.hydrachim.fr\/app\/uploads\/2019\/09\/2207_RESPECT-HOME-PAE-VINAIGRE-MENAGER_ECODETERGENT-ECOCERT_5L.png\",\"datePublished\":\"2019-09-24T12:32:08+00:00\",\"dateModified\":\"2019-10-17T09:13:33+00:00\",\"breadcrumb\":{\"@id\":\"https:\/\/staging.hydrachim.fr\/produit\/respect-home-vinaigre-menager-14\/#breadcrumb\"},\"inLanguage\":\"en-US\",\"potentialAction\":[{\"@type\":\"ReadAction\",\"target\":[\"https:\/\/staging.hydrachim.fr\/produit\/respect-home-vinaigre-menager-14\/\"]}]},{\"@type\":\"ImageObject\",\"inLanguage\":\"en-US\",\"@id\":\"https:\/\/staging.hydrachim.fr\/produit\/respect-home-vinaigre-menager-14\/#primaryimage\",\"url\":\"https:\/\/staging.hydrachim.fr\/app\/uploads\/2019\/09\/2207_RESPECT-HOME-PAE-VINAIGRE-MENAGER_ECODETERGENT-ECOCERT_5L.png\",\"contentUrl\":\"https:\/\/staging.hydrachim.fr\/app\/uploads\/2019\/09\/2207_RESPECT-HOME-PAE-VINAIGRE-MENAGER_ECODETERGENT-ECOCERT_5L.png\",\"width\":459,\"height\":717},{\"@type\":\"BreadcrumbList\",\"@id\":\"https:\/\/staging.hydrachim.fr\/produit\/respect-home-vinaigre-menager-14\/#breadcrumb\",\"itemListElement\":[{\"@type\":\"ListItem\",\"position\":1,\"name\":\"Home\",\"item\":\"https:\/\/staging.hydrachim.fr\/en\/\"},{\"@type\":\"ListItem\",\"position\":2,\"name\":\"Shop\",\"item\":\"https:\/\/staging.hydrachim.fr\/en\/shop\/\"},{\"@type\":\"ListItem\",\"position\":3,\"name\":\"Respect\u2019Home\u00ae Vinaigre M\u00e9nager 14\u00b0\"}]},{\"@type\":\"WebSite\",\"@id\":\"https:\/\/staging.hydrachim.fr\/#website\",\"url\":\"https:\/\/staging.hydrachim.fr\/\",\"name\":\"Hydrachim\",\"description\":\"La science de l&#039;hygi\u00e8ne\",\"potentialAction\":[{\"@type\":\"SearchAction\",\"target\":{\"@type\":\"EntryPoint\",\"urlTemplate\":\"https:\/\/staging.hydrachim.fr\/?s={search_term_string}\"},\"query-input\":{\"@type\":\"PropertyValueSpecification\",\"valueRequired\":true,\"valueName\":\"search_term_string\"}}],\"inLanguage\":\"en-US\"}]}<\/script>\n<!-- \/ Yoast SEO plugin. -->","yoast_head_json":{"title":"Respect\u2019Home\u00ae Vinaigre M\u00e9nager 14\u00b0 - Hydrachim","robots":{"index":"noindex","follow":"follow","max-snippet":"max-snippet:-1","max-image-preview":"max-image-preview:large","max-video-preview":"max-video-preview:-1"},"og_locale":"en_US","og_type":"article","og_title":"Respect\u2019Home\u00ae Vinaigre M\u00e9nager 14\u00b0 - Hydrachim","og_description":"Nettoyant d\u00e9tartrant multisurfaces - Produit naturel Ecocert Ecod\u00e9tergent.","og_url":"https:\/\/staging.hydrachim.fr\/produit\/respect-home-vinaigre-menager-14\/","og_site_name":"Hydrachim","article_modified_time":"2019-10-17T09:13:33+00:00","og_image":[{"width":459,"height":717,"url":"https:\/\/staging.hydrachim.fr\/app\/uploads\/2019\/09\/2207_RESPECT-HOME-PAE-VINAIGRE-MENAGER_ECODETERGENT-ECOCERT_5L.png","type":"image\/png"}],"twitter_card":"summary_large_image","twitter_misc":{"Est. reading time":"1 minute"},"schema":{"@context":"https:\/\/schema.org","@graph":[{"@type":"WebPage","@id":"https:\/\/staging.hydrachim.fr\/produit\/respect-home-vinaigre-menager-14\/","url":"https:\/\/staging.hydrachim.fr\/produit\/respect-home-vinaigre-menager-14\/","name":"Respect\u2019Home\u00ae Vinaigre M\u00e9nager 14\u00b0 - Hydrachim","isPartOf":{"@id":"https:\/\/staging.hydrachim.fr\/#website"},"primaryImageOfPage":{"@id":"https:\/\/staging.hydrachim.fr\/produit\/respect-home-vinaigre-menager-14\/#primaryimage"},"image":{"@id":"https:\/\/staging.hydrachim.fr\/produit\/respect-home-vinaigre-menager-14\/#primaryimage"},"thumbnailUrl":"https:\/\/staging.hydrachim.fr\/app\/uploads\/2019\/09\/2207_RESPECT-HOME-PAE-VINAIGRE-MENAGER_ECODETERGENT-ECOCERT_5L.png","datePublished":"2019-09-24T12:32:08+00:00","dateModified":"2019-10-17T09:13:33+00:00","breadcrumb":{"@id":"https:\/\/staging.hydrachim.fr\/produit\/respect-home-vinaigre-menager-14\/#breadcrumb"},"inLanguage":"en-US","potentialAction":[{"@type":"ReadAction","target":["https:\/\/staging.hydrachim.fr\/produit\/respect-home-vinaigre-menager-14\/"]}]},{"@type":"ImageObject","inLanguage":"en-US","@id":"https:\/\/staging.hydrachim.fr\/produit\/respect-home-vinaigre-menager-14\/#primaryimage","url":"https:\/\/staging.hydrachim.fr\/app\/uploads\/2019\/09\/2207_RESPECT-HOME-PAE-VINAIGRE-MENAGER_ECODETERGENT-ECOCERT_5L.png","contentUrl":"https:\/\/staging.hydrachim.fr\/app\/uploads\/2019\/09\/2207_RESPECT-HOME-PAE-VINAIGRE-MENAGER_ECODETERGENT-ECOCERT_5L.png","width":459,"height":717},{"@type":"BreadcrumbList","@id":"https:\/\/staging.hydrachim.fr\/produit\/respect-home-vinaigre-menager-14\/#breadcrumb","itemListElement":[{"@type":"ListItem","position":1,"name":"Home","item":"https:\/\/staging.hydrachim.fr\/en\/"},{"@type":"ListItem","position":2,"name":"Shop","item":"https:\/\/staging.hydrachim.fr\/en\/shop\/"},{"@type":"ListItem","position":3,"name":"Respect\u2019Home\u00ae Vinaigre M\u00e9nager 14\u00b0"}]},{"@type":"WebSite","@id":"https:\/\/staging.hydrachim.fr\/#website","url":"https:\/\/staging.hydrachim.fr\/","name":"Hydrachim","description":"La science de l&#039;hygi\u00e8ne","potentialAction":[{"@type":"SearchAction","target":{"@type":"EntryPoint","urlTemplate":"https:\/\/staging.hydrachim.fr\/?s={search_term_string}"},"query-input":{"@type":"PropertyValueSpecification","valueRequired":true,"valueName":"search_term_string"}}],"inLanguage":"en-US"}]}},"acf":{"fiche_technique":"https:\/\/staging.hydrachim.fr\/app\/uploads\/2019\/09\/FT-2207-IDEGREEN-ECOCERT-RESPECT-HOME-VINAIGRE-MENAGER.pdf","fiche_methode":"https:\/\/staging.hydrachim.fr\/app\/uploads\/2019\/09\/2207-RESPECT-HOME-VINAIGRE-MENAGER-IDEGREEN-ECOCERT_h.pdf"},"_links":{"self":[{"href":"https:\/\/staging.hydrachim.fr\/en\/wp-json\/wp\/v2\/product\/4994","targetHints":{"allow":["GET"]}}],"collection":[{"href":"https:\/\/staging.hydrachim.fr\/en\/wp-json\/wp\/v2\/product"}],"about":[{"href":"https:\/\/staging.hydrachim.fr\/en\/wp-json\/wp\/v2\/types\/product"}],"wp:featuredmedia":[{"embeddable":true,"href":"https:\/\/staging.hydrachim.fr\/en\/wp-json\/wp\/v2\/media\/4995"}],"wp:attachment":[{"href":"https:\/\/staging.hydrachim.fr\/en\/wp-json\/wp\/v2\/media?parent=4994"}],"wp:term":[{"taxonomy":"product_brand","embeddable":true,"href":"https:\/\/staging.hydrachim.fr\/en\/wp-json\/wp\/v2\/product_brand?post=4994"},{"taxonomy":"product_type","embeddable":true,"href":"https:\/\/staging.hydrachim.fr\/en\/wp-json\/wp\/v2\/product_type?post=4994"},{"taxonomy":"product_visibility","embeddable":true,"href":"https:\/\/staging.hydrachim.fr\/en\/wp-json\/wp\/v2\/product_visibility?post=4994"},{"taxonomy":"product_cat","embeddable":true,"href":"https:\/\/staging.hydrachim.fr\/en\/wp-json\/wp\/v2\/product_cat?post=4994"}],"curies":[{"name":"wp","href":"https:\/\/api.w.org\/{rel}","templated":true}]}}