{"id":4999,"date":"2019-09-24T14:44:19","date_gmt":"2019-09-24T12:44:19","guid":{"rendered":"https:\/\/staging.hydrachim.fr\/?post_type=product&#038;p=4999"},"modified":"2019-10-11T09:34:22","modified_gmt":"2019-10-11T07:34:22","slug":"prosoft","status":"publish","type":"product","link":"https:\/\/staging.hydrachim.fr\/en\/produit\/prosoft\/","title":{"rendered":"Pro&#8217;Soft"},"content":{"rendered":"<p><strong>PRO\u2019SOFT est formul\u00e9 pour le nettoyage, d\u00e9graissage et d\u00e9tachage des surfaces m\u00eame fortement encrass\u00e9es.<br \/>\nD\u00e9graissant non class\u00e9 : non corrosif \u2013 non nocif<\/strong><\/p>\n<p>PRO\u2019SOFT s\u2019utilise en pr\u00eat \u00e0 l\u2019emploi directement sur les surfaces et \u00e9limine les traces, taches tenaces, colle, encre, graisses ou nicotine.<br \/>\nPRO\u2019SOFT peut s\u2019utiliser sur le verre, murs peints, plastiques, toutes surfaces lavables.<br \/>\nLaisse un d\u00e9licat parfum de pomme sur les surfaces.\n<\/p>\n<p><strong>Disponible en :<br \/>\n&#8211; Carton de 6 x 750 mL. R\u00e9f. 002105802<br \/>\n&#8211; Carton de 2 x 5L (recharges du 750 mL). R\u00e9f. 002105801<\/strong><\/p>\n<p class=\"y-product y-product__product-subtitle\">Avantage :<\/p>\n<p>Le Pro&#8217;Soft est formul\u00e9 sans butyl glycol, sans phosphate, sans acide, sans EDTA, sans chlore, sans agent oxyg\u00e9n\u00e9<\/p>\n<p>Retrouvez le mode d&#8217;emploi et le dosage du produit en t\u00e9l\u00e9chargeant sa Fiche Technique.<\/p>\n<p><em>Rincer sur les surfaces en contact alimentaires.<br \/>\nAvant toute utilisation, lisez l\u2019\u00e9tiquette et les informations concernant le produit.<\/em><\/p>\n","protected":false},"excerpt":{"rendered":"<p>D\u00e9graissant Surfaces Proactif &#8211; Pr\u00eat \u00e0 l\u2019emploi &#8211; Parfum pomme<\/p>\n","protected":false},"featured_media":5146,"template":"","meta":[],"product_brand":[],"product_type":[2],"product_visibility":[],"product_cat":[4128,4106,4143,4173,4146,4107,4127],"class_list":{"0":"post-4999","1":"product","2":"type-product","3":"status-publish","4":"has-post-thumbnail","6":"product_cat-solentretien","7":"product_cat-produitsnos-produits-zero-pictos","8":"product_cat-nouveautes","9":"product_cat-nouveautesproduits-verts","10":"product_cat-marquessoft-attitude","11":"product_cat-nos-produits-zro-pictossurface","12":"product_cat-produitssurface-sol","13":"product_tag-0-picto","14":"product_tag-degraissant","15":"product_tag-multisurface","16":"product_tag-nettoyant","17":"product_tag-pomme","18":"product_tag-pret-a-lemploi","20":"first","21":"instock","22":"shipping-taxable","23":"product-type-simple"},"yoast_head":"<!-- This site is optimized with the Yoast SEO plugin v24.7 - https:\/\/yoast.com\/wordpress\/plugins\/seo\/ -->\n<title>Pro&#039;Soft - Hydrachim<\/title>\n<meta name=\"robots\" content=\"noindex, follow, max-snippet:-1, max-image-preview:large, max-video-preview:-1\" \/>\n<meta property=\"og:locale\" content=\"en_US\" \/>\n<meta property=\"og:type\" content=\"article\" \/>\n<meta property=\"og:title\" content=\"Pro&#039;Soft - Hydrachim\" \/>\n<meta property=\"og:description\" content=\"D\u00e9graissant Surfaces Proactif - Pr\u00eat \u00e0 l\u2019emploi - Parfum pomme\" \/>\n<meta property=\"og:url\" content=\"https:\/\/staging.hydrachim.fr\/produit\/prosoft\/\" \/>\n<meta property=\"og:site_name\" content=\"Hydrachim\" \/>\n<meta property=\"article:modified_time\" content=\"2019-10-11T07:34:22+00:00\" \/>\n<meta property=\"og:image\" content=\"https:\/\/staging.hydrachim.fr\/app\/uploads\/2019\/10\/1058-PRO-SOFT-750ML_marge.png\" \/>\n\t<meta property=\"og:image:width\" content=\"600\" \/>\n\t<meta property=\"og:image:height\" content=\"1000\" \/>\n\t<meta property=\"og:image:type\" content=\"image\/png\" \/>\n<meta name=\"twitter:card\" content=\"summary_large_image\" \/>\n<meta name=\"twitter:label1\" content=\"Est. reading time\" \/>\n\t<meta name=\"twitter:data1\" content=\"1 minute\" \/>\n<script type=\"application\/ld+json\" class=\"yoast-schema-graph\">{\"@context\":\"https:\/\/schema.org\",\"@graph\":[{\"@type\":\"WebPage\",\"@id\":\"https:\/\/staging.hydrachim.fr\/produit\/prosoft\/\",\"url\":\"https:\/\/staging.hydrachim.fr\/produit\/prosoft\/\",\"name\":\"Pro'Soft - Hydrachim\",\"isPartOf\":{\"@id\":\"https:\/\/staging.hydrachim.fr\/#website\"},\"primaryImageOfPage\":{\"@id\":\"https:\/\/staging.hydrachim.fr\/produit\/prosoft\/#primaryimage\"},\"image\":{\"@id\":\"https:\/\/staging.hydrachim.fr\/produit\/prosoft\/#primaryimage\"},\"thumbnailUrl\":\"https:\/\/staging.hydrachim.fr\/app\/uploads\/2019\/10\/1058-PRO-SOFT-750ML_marge.png\",\"datePublished\":\"2019-09-24T12:44:19+00:00\",\"dateModified\":\"2019-10-11T07:34:22+00:00\",\"breadcrumb\":{\"@id\":\"https:\/\/staging.hydrachim.fr\/produit\/prosoft\/#breadcrumb\"},\"inLanguage\":\"en-US\",\"potentialAction\":[{\"@type\":\"ReadAction\",\"target\":[\"https:\/\/staging.hydrachim.fr\/produit\/prosoft\/\"]}]},{\"@type\":\"ImageObject\",\"inLanguage\":\"en-US\",\"@id\":\"https:\/\/staging.hydrachim.fr\/produit\/prosoft\/#primaryimage\",\"url\":\"https:\/\/staging.hydrachim.fr\/app\/uploads\/2019\/10\/1058-PRO-SOFT-750ML_marge.png\",\"contentUrl\":\"https:\/\/staging.hydrachim.fr\/app\/uploads\/2019\/10\/1058-PRO-SOFT-750ML_marge.png\",\"width\":600,\"height\":1000},{\"@type\":\"BreadcrumbList\",\"@id\":\"https:\/\/staging.hydrachim.fr\/produit\/prosoft\/#breadcrumb\",\"itemListElement\":[{\"@type\":\"ListItem\",\"position\":1,\"name\":\"Home\",\"item\":\"https:\/\/staging.hydrachim.fr\/en\/\"},{\"@type\":\"ListItem\",\"position\":2,\"name\":\"Shop\",\"item\":\"https:\/\/staging.hydrachim.fr\/en\/shop\/\"},{\"@type\":\"ListItem\",\"position\":3,\"name\":\"Pro&rsquo;Soft\"}]},{\"@type\":\"WebSite\",\"@id\":\"https:\/\/staging.hydrachim.fr\/#website\",\"url\":\"https:\/\/staging.hydrachim.fr\/\",\"name\":\"Hydrachim\",\"description\":\"La science de l&#039;hygi\u00e8ne\",\"potentialAction\":[{\"@type\":\"SearchAction\",\"target\":{\"@type\":\"EntryPoint\",\"urlTemplate\":\"https:\/\/staging.hydrachim.fr\/?s={search_term_string}\"},\"query-input\":{\"@type\":\"PropertyValueSpecification\",\"valueRequired\":true,\"valueName\":\"search_term_string\"}}],\"inLanguage\":\"en-US\"}]}<\/script>\n<!-- \/ Yoast SEO plugin. -->","yoast_head_json":{"title":"Pro'Soft - Hydrachim","robots":{"index":"noindex","follow":"follow","max-snippet":"max-snippet:-1","max-image-preview":"max-image-preview:large","max-video-preview":"max-video-preview:-1"},"og_locale":"en_US","og_type":"article","og_title":"Pro'Soft - Hydrachim","og_description":"D\u00e9graissant Surfaces Proactif - Pr\u00eat \u00e0 l\u2019emploi - Parfum pomme","og_url":"https:\/\/staging.hydrachim.fr\/produit\/prosoft\/","og_site_name":"Hydrachim","article_modified_time":"2019-10-11T07:34:22+00:00","og_image":[{"width":600,"height":1000,"url":"https:\/\/staging.hydrachim.fr\/app\/uploads\/2019\/10\/1058-PRO-SOFT-750ML_marge.png","type":"image\/png"}],"twitter_card":"summary_large_image","twitter_misc":{"Est. reading time":"1 minute"},"schema":{"@context":"https:\/\/schema.org","@graph":[{"@type":"WebPage","@id":"https:\/\/staging.hydrachim.fr\/produit\/prosoft\/","url":"https:\/\/staging.hydrachim.fr\/produit\/prosoft\/","name":"Pro'Soft - Hydrachim","isPartOf":{"@id":"https:\/\/staging.hydrachim.fr\/#website"},"primaryImageOfPage":{"@id":"https:\/\/staging.hydrachim.fr\/produit\/prosoft\/#primaryimage"},"image":{"@id":"https:\/\/staging.hydrachim.fr\/produit\/prosoft\/#primaryimage"},"thumbnailUrl":"https:\/\/staging.hydrachim.fr\/app\/uploads\/2019\/10\/1058-PRO-SOFT-750ML_marge.png","datePublished":"2019-09-24T12:44:19+00:00","dateModified":"2019-10-11T07:34:22+00:00","breadcrumb":{"@id":"https:\/\/staging.hydrachim.fr\/produit\/prosoft\/#breadcrumb"},"inLanguage":"en-US","potentialAction":[{"@type":"ReadAction","target":["https:\/\/staging.hydrachim.fr\/produit\/prosoft\/"]}]},{"@type":"ImageObject","inLanguage":"en-US","@id":"https:\/\/staging.hydrachim.fr\/produit\/prosoft\/#primaryimage","url":"https:\/\/staging.hydrachim.fr\/app\/uploads\/2019\/10\/1058-PRO-SOFT-750ML_marge.png","contentUrl":"https:\/\/staging.hydrachim.fr\/app\/uploads\/2019\/10\/1058-PRO-SOFT-750ML_marge.png","width":600,"height":1000},{"@type":"BreadcrumbList","@id":"https:\/\/staging.hydrachim.fr\/produit\/prosoft\/#breadcrumb","itemListElement":[{"@type":"ListItem","position":1,"name":"Home","item":"https:\/\/staging.hydrachim.fr\/en\/"},{"@type":"ListItem","position":2,"name":"Shop","item":"https:\/\/staging.hydrachim.fr\/en\/shop\/"},{"@type":"ListItem","position":3,"name":"Pro&rsquo;Soft"}]},{"@type":"WebSite","@id":"https:\/\/staging.hydrachim.fr\/#website","url":"https:\/\/staging.hydrachim.fr\/","name":"Hydrachim","description":"La science de l&#039;hygi\u00e8ne","potentialAction":[{"@type":"SearchAction","target":{"@type":"EntryPoint","urlTemplate":"https:\/\/staging.hydrachim.fr\/?s={search_term_string}"},"query-input":{"@type":"PropertyValueSpecification","valueRequired":true,"valueName":"search_term_string"}}],"inLanguage":"en-US"}]}},"acf":{"fiche_technique":"https:\/\/staging.hydrachim.fr\/app\/uploads\/2019\/09\/FT-1058_SOFT-ATTITUDE_PRO-SOFT.pdf","fiche_methode":""},"_links":{"self":[{"href":"https:\/\/staging.hydrachim.fr\/en\/wp-json\/wp\/v2\/product\/4999","targetHints":{"allow":["GET"]}}],"collection":[{"href":"https:\/\/staging.hydrachim.fr\/en\/wp-json\/wp\/v2\/product"}],"about":[{"href":"https:\/\/staging.hydrachim.fr\/en\/wp-json\/wp\/v2\/types\/product"}],"wp:featuredmedia":[{"embeddable":true,"href":"https:\/\/staging.hydrachim.fr\/en\/wp-json\/wp\/v2\/media\/5146"}],"wp:attachment":[{"href":"https:\/\/staging.hydrachim.fr\/en\/wp-json\/wp\/v2\/media?parent=4999"}],"wp:term":[{"taxonomy":"product_brand","embeddable":true,"href":"https:\/\/staging.hydrachim.fr\/en\/wp-json\/wp\/v2\/product_brand?post=4999"},{"taxonomy":"product_type","embeddable":true,"href":"https:\/\/staging.hydrachim.fr\/en\/wp-json\/wp\/v2\/product_type?post=4999"},{"taxonomy":"product_visibility","embeddable":true,"href":"https:\/\/staging.hydrachim.fr\/en\/wp-json\/wp\/v2\/product_visibility?post=4999"},{"taxonomy":"product_cat","embeddable":true,"href":"https:\/\/staging.hydrachim.fr\/en\/wp-json\/wp\/v2\/product_cat?post=4999"}],"curies":[{"name":"wp","href":"https:\/\/api.w.org\/{rel}","templated":true}]}}