{"id":5014,"date":"2019-09-25T15:11:51","date_gmt":"2019-09-25T13:11:51","guid":{"rendered":"https:\/\/staging.hydrachim.fr\/?post_type=product&#038;p=5014"},"modified":"2019-10-03T11:17:03","modified_gmt":"2019-10-03T09:17:03","slug":"wc-soft-gel","status":"publish","type":"product","link":"https:\/\/staging.hydrachim.fr\/en\/produit\/wc-soft-gel\/","title":{"rendered":"WC&#8217;Soft gel"},"content":{"rendered":"<p><strong>WC\u2019Soft Gel est un produit pr\u00eat \u00e0 l\u2019emploi.<\/strong><\/p>\n<p>Il permet de nettoyer, d\u00e9tartrer, parfumer et faire briller les cuvettes des WC, bidets et urinoirs.<br \/>\nLa forme bec du flacon facilite l\u2019application de WC\u2019SOFT et sa formule g\u00e9lifi\u00e9e permet une parfaite adh\u00e9rence aux parois. Le d\u00e9tartrage et la dissolution du calcaire sont optimums.<br \/>\nSon parfum fleurs d\u2019olivier supprime les mauvaises odeurs et laisse une agr\u00e9able sensation de propre.<\/p>\n<p><strong>Disponible en :<br \/>\n&#8211; Carton de 12 x 750 mL. R\u00e9f. 002184401<br \/>\n&#8211; Carton de 12 x 1L. R\u00e9f. 002184402<br \/>\n<\/strong><\/p>\n<p class=\"y-product y-product__product-subtitle\">Avantage :<\/p>\n<p>WC&#8217;Soft Gel est formul\u00e9 sans allerg\u00e8ne*, sans phosphate, sans acide phosphorique, sans acide nitrique, sans acide chlorhydrique, sans acide sulfurique, sans danger pour les fosses septiques. <\/p>\n<p>Retrouvez le mode d&#8217;emploi et le dosage du produit en t\u00e9l\u00e9chargeant sa Fiche Technique et\/ou sa Fiche M\u00e9thode.<\/p>\n<p><em>*parmi les allerg\u00e8nes list\u00e9s dans les r\u00e8glements Cosm\u00e9tique n\u00b01223\/2009 et D\u00e9tergent n\u00b0648\/2004.<br \/>\nAvant toute utilisation, lisez l&#8217;\u00e9tiquette et les informations concernant le produit.<\/em><\/p>\n","protected":false},"excerpt":{"rendered":"<p>Gel D\u00e9tartrant, nettoyant, d\u00e9sodorisant pour WC.<\/p>\n","protected":false},"featured_media":5018,"template":"","meta":[],"product_brand":[],"product_type":[2],"product_visibility":[],"product_cat":[4106,4108,4122,4146,4124,4123],"class_list":{"0":"post-5014","1":"product","2":"type-product","3":"status-publish","4":"has-post-thumbnail","6":"product_cat-produitsnos-produits-zero-pictos","7":"product_cat-nos-produits-zro-pictossanitaire","8":"product_cat-produitssanitaire","9":"product_cat-marquessoft-attitude","10":"product_cat-sanitairesurface","11":"product_cat-sanitairewc","12":"product_tag-0-picto","13":"product_tag-detartrant","14":"product_tag-fleur-dolivier","15":"product_tag-nettoyant","16":"product_tag-sanitaire","17":"product_tag-sans-allergene","18":"product_tag-wc","20":"first","21":"instock","22":"shipping-taxable","23":"product-type-simple"},"yoast_head":"<!-- This site is optimized with the Yoast SEO plugin v24.7 - https:\/\/yoast.com\/wordpress\/plugins\/seo\/ -->\n<title>WC&#039;Soft gel - Hydrachim<\/title>\n<meta name=\"robots\" content=\"noindex, follow, max-snippet:-1, max-image-preview:large, max-video-preview:-1\" \/>\n<meta property=\"og:locale\" content=\"en_US\" \/>\n<meta property=\"og:type\" content=\"article\" \/>\n<meta property=\"og:title\" content=\"WC&#039;Soft gel - Hydrachim\" \/>\n<meta property=\"og:description\" content=\"Gel D\u00e9tartrant, nettoyant, d\u00e9sodorisant pour WC.\" \/>\n<meta property=\"og:url\" content=\"https:\/\/staging.hydrachim.fr\/produit\/wc-soft-gel\/\" \/>\n<meta property=\"og:site_name\" content=\"Hydrachim\" \/>\n<meta property=\"article:modified_time\" content=\"2019-10-03T09:17:03+00:00\" \/>\n<meta property=\"og:image\" content=\"https:\/\/staging.hydrachim.fr\/app\/uploads\/2019\/09\/1844-WC-SOFT-1-L.png\" \/>\n\t<meta property=\"og:image:width\" content=\"500\" \/>\n\t<meta property=\"og:image:height\" content=\"1422\" \/>\n\t<meta property=\"og:image:type\" content=\"image\/png\" \/>\n<meta name=\"twitter:card\" content=\"summary_large_image\" \/>\n<meta name=\"twitter:label1\" content=\"Est. reading time\" \/>\n\t<meta name=\"twitter:data1\" content=\"1 minute\" \/>\n<script type=\"application\/ld+json\" class=\"yoast-schema-graph\">{\"@context\":\"https:\/\/schema.org\",\"@graph\":[{\"@type\":\"WebPage\",\"@id\":\"https:\/\/staging.hydrachim.fr\/produit\/wc-soft-gel\/\",\"url\":\"https:\/\/staging.hydrachim.fr\/produit\/wc-soft-gel\/\",\"name\":\"WC'Soft gel - Hydrachim\",\"isPartOf\":{\"@id\":\"https:\/\/staging.hydrachim.fr\/#website\"},\"primaryImageOfPage\":{\"@id\":\"https:\/\/staging.hydrachim.fr\/produit\/wc-soft-gel\/#primaryimage\"},\"image\":{\"@id\":\"https:\/\/staging.hydrachim.fr\/produit\/wc-soft-gel\/#primaryimage\"},\"thumbnailUrl\":\"https:\/\/staging.hydrachim.fr\/app\/uploads\/2019\/09\/1844-WC-SOFT-1-L.png\",\"datePublished\":\"2019-09-25T13:11:51+00:00\",\"dateModified\":\"2019-10-03T09:17:03+00:00\",\"breadcrumb\":{\"@id\":\"https:\/\/staging.hydrachim.fr\/produit\/wc-soft-gel\/#breadcrumb\"},\"inLanguage\":\"en-US\",\"potentialAction\":[{\"@type\":\"ReadAction\",\"target\":[\"https:\/\/staging.hydrachim.fr\/produit\/wc-soft-gel\/\"]}]},{\"@type\":\"ImageObject\",\"inLanguage\":\"en-US\",\"@id\":\"https:\/\/staging.hydrachim.fr\/produit\/wc-soft-gel\/#primaryimage\",\"url\":\"https:\/\/staging.hydrachim.fr\/app\/uploads\/2019\/09\/1844-WC-SOFT-1-L.png\",\"contentUrl\":\"https:\/\/staging.hydrachim.fr\/app\/uploads\/2019\/09\/1844-WC-SOFT-1-L.png\",\"width\":500,\"height\":1422},{\"@type\":\"BreadcrumbList\",\"@id\":\"https:\/\/staging.hydrachim.fr\/produit\/wc-soft-gel\/#breadcrumb\",\"itemListElement\":[{\"@type\":\"ListItem\",\"position\":1,\"name\":\"Home\",\"item\":\"https:\/\/staging.hydrachim.fr\/en\/\"},{\"@type\":\"ListItem\",\"position\":2,\"name\":\"Shop\",\"item\":\"https:\/\/staging.hydrachim.fr\/en\/shop\/\"},{\"@type\":\"ListItem\",\"position\":3,\"name\":\"WC&rsquo;Soft gel\"}]},{\"@type\":\"WebSite\",\"@id\":\"https:\/\/staging.hydrachim.fr\/#website\",\"url\":\"https:\/\/staging.hydrachim.fr\/\",\"name\":\"Hydrachim\",\"description\":\"La science de l&#039;hygi\u00e8ne\",\"potentialAction\":[{\"@type\":\"SearchAction\",\"target\":{\"@type\":\"EntryPoint\",\"urlTemplate\":\"https:\/\/staging.hydrachim.fr\/?s={search_term_string}\"},\"query-input\":{\"@type\":\"PropertyValueSpecification\",\"valueRequired\":true,\"valueName\":\"search_term_string\"}}],\"inLanguage\":\"en-US\"}]}<\/script>\n<!-- \/ Yoast SEO plugin. -->","yoast_head_json":{"title":"WC'Soft gel - Hydrachim","robots":{"index":"noindex","follow":"follow","max-snippet":"max-snippet:-1","max-image-preview":"max-image-preview:large","max-video-preview":"max-video-preview:-1"},"og_locale":"en_US","og_type":"article","og_title":"WC'Soft gel - Hydrachim","og_description":"Gel D\u00e9tartrant, nettoyant, d\u00e9sodorisant pour WC.","og_url":"https:\/\/staging.hydrachim.fr\/produit\/wc-soft-gel\/","og_site_name":"Hydrachim","article_modified_time":"2019-10-03T09:17:03+00:00","og_image":[{"width":500,"height":1422,"url":"https:\/\/staging.hydrachim.fr\/app\/uploads\/2019\/09\/1844-WC-SOFT-1-L.png","type":"image\/png"}],"twitter_card":"summary_large_image","twitter_misc":{"Est. reading time":"1 minute"},"schema":{"@context":"https:\/\/schema.org","@graph":[{"@type":"WebPage","@id":"https:\/\/staging.hydrachim.fr\/produit\/wc-soft-gel\/","url":"https:\/\/staging.hydrachim.fr\/produit\/wc-soft-gel\/","name":"WC'Soft gel - Hydrachim","isPartOf":{"@id":"https:\/\/staging.hydrachim.fr\/#website"},"primaryImageOfPage":{"@id":"https:\/\/staging.hydrachim.fr\/produit\/wc-soft-gel\/#primaryimage"},"image":{"@id":"https:\/\/staging.hydrachim.fr\/produit\/wc-soft-gel\/#primaryimage"},"thumbnailUrl":"https:\/\/staging.hydrachim.fr\/app\/uploads\/2019\/09\/1844-WC-SOFT-1-L.png","datePublished":"2019-09-25T13:11:51+00:00","dateModified":"2019-10-03T09:17:03+00:00","breadcrumb":{"@id":"https:\/\/staging.hydrachim.fr\/produit\/wc-soft-gel\/#breadcrumb"},"inLanguage":"en-US","potentialAction":[{"@type":"ReadAction","target":["https:\/\/staging.hydrachim.fr\/produit\/wc-soft-gel\/"]}]},{"@type":"ImageObject","inLanguage":"en-US","@id":"https:\/\/staging.hydrachim.fr\/produit\/wc-soft-gel\/#primaryimage","url":"https:\/\/staging.hydrachim.fr\/app\/uploads\/2019\/09\/1844-WC-SOFT-1-L.png","contentUrl":"https:\/\/staging.hydrachim.fr\/app\/uploads\/2019\/09\/1844-WC-SOFT-1-L.png","width":500,"height":1422},{"@type":"BreadcrumbList","@id":"https:\/\/staging.hydrachim.fr\/produit\/wc-soft-gel\/#breadcrumb","itemListElement":[{"@type":"ListItem","position":1,"name":"Home","item":"https:\/\/staging.hydrachim.fr\/en\/"},{"@type":"ListItem","position":2,"name":"Shop","item":"https:\/\/staging.hydrachim.fr\/en\/shop\/"},{"@type":"ListItem","position":3,"name":"WC&rsquo;Soft gel"}]},{"@type":"WebSite","@id":"https:\/\/staging.hydrachim.fr\/#website","url":"https:\/\/staging.hydrachim.fr\/","name":"Hydrachim","description":"La science de l&#039;hygi\u00e8ne","potentialAction":[{"@type":"SearchAction","target":{"@type":"EntryPoint","urlTemplate":"https:\/\/staging.hydrachim.fr\/?s={search_term_string}"},"query-input":{"@type":"PropertyValueSpecification","valueRequired":true,"valueName":"search_term_string"}}],"inLanguage":"en-US"}]}},"acf":{"fiche_technique":"https:\/\/staging.hydrachim.fr\/app\/uploads\/2019\/09\/FT-1844_SOFT-ATTITUDE_WC-SOFT-Gel.pdf","fiche_methode":"https:\/\/staging.hydrachim.fr\/app\/uploads\/2019\/09\/1844-WC-SOFT-GEL-Soft-Attitude.pdf"},"_links":{"self":[{"href":"https:\/\/staging.hydrachim.fr\/en\/wp-json\/wp\/v2\/product\/5014","targetHints":{"allow":["GET"]}}],"collection":[{"href":"https:\/\/staging.hydrachim.fr\/en\/wp-json\/wp\/v2\/product"}],"about":[{"href":"https:\/\/staging.hydrachim.fr\/en\/wp-json\/wp\/v2\/types\/product"}],"wp:featuredmedia":[{"embeddable":true,"href":"https:\/\/staging.hydrachim.fr\/en\/wp-json\/wp\/v2\/media\/5018"}],"wp:attachment":[{"href":"https:\/\/staging.hydrachim.fr\/en\/wp-json\/wp\/v2\/media?parent=5014"}],"wp:term":[{"taxonomy":"product_brand","embeddable":true,"href":"https:\/\/staging.hydrachim.fr\/en\/wp-json\/wp\/v2\/product_brand?post=5014"},{"taxonomy":"product_type","embeddable":true,"href":"https:\/\/staging.hydrachim.fr\/en\/wp-json\/wp\/v2\/product_type?post=5014"},{"taxonomy":"product_visibility","embeddable":true,"href":"https:\/\/staging.hydrachim.fr\/en\/wp-json\/wp\/v2\/product_visibility?post=5014"},{"taxonomy":"product_cat","embeddable":true,"href":"https:\/\/staging.hydrachim.fr\/en\/wp-json\/wp\/v2\/product_cat?post=5014"}],"curies":[{"name":"wp","href":"https:\/\/api.w.org\/{rel}","templated":true}]}}