{"id":5071,"date":"2019-09-30T13:53:54","date_gmt":"2019-09-30T11:53:54","guid":{"rendered":"https:\/\/staging.hydrachim.fr\/?post_type=product&#038;p=5071"},"modified":"2019-10-11T09:33:57","modified_gmt":"2019-10-11T07:33:57","slug":"nettoyant-plancha","status":"publish","type":"product","link":"https:\/\/staging.hydrachim.fr\/en\/produit\/nettoyant-plancha\/","title":{"rendered":"Nettoyant Plancha"},"content":{"rendered":"<p><strong>NETTOYANT PLANCHA est formul\u00e9 pour le nettoyage \u00e0 hautes temp\u00e9ratures des plaques chauffantes notamment des planchas.<br \/>\nIl permet un d\u00e9graissage rapide sans attendre le refroidissement de la plaque. Il \u00e9limine facilement les graisses les plus incrust\u00e9es, carbonis\u00e9es et huileuses.<\/strong><\/p>\n<p>NETTOYANT PLANCHA s\u2019utilise sur tous types de planchas : inox, acier lamin\u00e9, fonte, plancha avec rev\u00eatement chrom\u00e9. (Ne pas utiliser sur aluminium, toute surface sensible aux alcalins)<br \/>\nIl convient \u00e9galement pour une utilisation sur barbecues et plaques de cuissons.<\/p>\n<p><strong>Disponible en carton de 6 x 1 L. R\u00e9f. 002053201<\/strong><\/p>\n<p class=\"y-product y-product__product-subtitle\">Avantage :<\/p>\n<p>&#8211; Sans odeur \u00e0 l\u2019utilisation.<br \/>\n&#8211; Pr\u00eat \u00e0 l\u2019emploi. (Il s\u2019applique facilement et ne g\u00e8ne pas l\u2019utilisateur.)<br \/>\n&#8211; Ne laisse pas de trace.<\/p>\n<p>Retrouvez le mode d&#8217;emploi et le dosage du produit en t\u00e9l\u00e9chargeant sa Fiche Technique et\/ou sa Fiche M\u00e9thode.<\/p>\n<p><em>Avant toute utilisation, lisez l&#8217;\u00e9tiquette et les informations concernant le produit.<br \/>\nAttention : NETTOYANT PLANCHA est un produit tr\u00e8s actif, il faut donc utiliser les moyens de protection appropri\u00e9s (gants, masque).<br \/>\nProduit conforme \u00e0 la l\u00e9gislation relative aux proc\u00e9d\u00e9s et aux produits utilis\u00e9s pour le nettoyage des mat\u00e9riaux et objets destin\u00e9s \u00e0 entrer en contact avec des denr\u00e9es, produits et boissons pour l\u2019alimentation de l\u2019homme et des animaux (d\u00e9cret 73138 du 12.02.1973 modifi\u00e9 le 19.12.2013). Rin\u00e7age obligatoire.<\/em><\/p>\n","protected":false},"excerpt":{"rendered":"<p>D\u00e9graissant alimentaire pour plaques chauffantes.<\/p>\n","protected":false},"featured_media":5122,"template":"","meta":[],"product_brand":[],"product_type":[2],"product_visibility":[],"product_cat":[4117,4119,4176,4143,4145],"class_list":{"0":"post-5071","1":"product","2":"type-product","3":"status-publish","4":"has-post-thumbnail","6":"product_cat-produitscuisine","7":"product_cat-cuisineentretien","8":"product_cat-nouveautesmulti-secteurs","9":"product_cat-nouveautes","10":"product_cat-marquesorlav","11":"product_tag-alimentaire","12":"product_tag-cuisine","13":"product_tag-degraissant","15":"first","16":"instock","17":"shipping-taxable","18":"product-type-simple"},"yoast_head":"<!-- This site is optimized with the Yoast SEO plugin v24.7 - https:\/\/yoast.com\/wordpress\/plugins\/seo\/ -->\n<title>Nettoyant Plancha - Hydrachim<\/title>\n<meta name=\"robots\" content=\"noindex, follow, max-snippet:-1, max-image-preview:large, max-video-preview:-1\" \/>\n<meta property=\"og:locale\" content=\"en_US\" \/>\n<meta property=\"og:type\" content=\"article\" \/>\n<meta property=\"og:title\" content=\"Nettoyant Plancha - Hydrachim\" \/>\n<meta property=\"og:description\" content=\"D\u00e9graissant alimentaire pour plaques chauffantes.\" \/>\n<meta property=\"og:url\" content=\"https:\/\/staging.hydrachim.fr\/produit\/nettoyant-plancha\/\" \/>\n<meta property=\"og:site_name\" content=\"Hydrachim\" \/>\n<meta property=\"article:modified_time\" content=\"2019-10-11T07:33:57+00:00\" \/>\n<meta property=\"og:image\" content=\"https:\/\/staging.hydrachim.fr\/app\/uploads\/2019\/10\/0532-ORLAV-PLANCHA-1L-Flex.png\" \/>\n\t<meta property=\"og:image:width\" content=\"292\" \/>\n\t<meta property=\"og:image:height\" content=\"734\" \/>\n\t<meta property=\"og:image:type\" content=\"image\/png\" \/>\n<meta name=\"twitter:card\" content=\"summary_large_image\" \/>\n<meta name=\"twitter:label1\" content=\"Est. reading time\" \/>\n\t<meta name=\"twitter:data1\" content=\"1 minute\" \/>\n<script type=\"application\/ld+json\" class=\"yoast-schema-graph\">{\"@context\":\"https:\/\/schema.org\",\"@graph\":[{\"@type\":\"WebPage\",\"@id\":\"https:\/\/staging.hydrachim.fr\/produit\/nettoyant-plancha\/\",\"url\":\"https:\/\/staging.hydrachim.fr\/produit\/nettoyant-plancha\/\",\"name\":\"Nettoyant Plancha - Hydrachim\",\"isPartOf\":{\"@id\":\"https:\/\/staging.hydrachim.fr\/#website\"},\"primaryImageOfPage\":{\"@id\":\"https:\/\/staging.hydrachim.fr\/produit\/nettoyant-plancha\/#primaryimage\"},\"image\":{\"@id\":\"https:\/\/staging.hydrachim.fr\/produit\/nettoyant-plancha\/#primaryimage\"},\"thumbnailUrl\":\"https:\/\/staging.hydrachim.fr\/app\/uploads\/2019\/10\/0532-ORLAV-PLANCHA-1L-Flex.png\",\"datePublished\":\"2019-09-30T11:53:54+00:00\",\"dateModified\":\"2019-10-11T07:33:57+00:00\",\"breadcrumb\":{\"@id\":\"https:\/\/staging.hydrachim.fr\/produit\/nettoyant-plancha\/#breadcrumb\"},\"inLanguage\":\"en-US\",\"potentialAction\":[{\"@type\":\"ReadAction\",\"target\":[\"https:\/\/staging.hydrachim.fr\/produit\/nettoyant-plancha\/\"]}]},{\"@type\":\"ImageObject\",\"inLanguage\":\"en-US\",\"@id\":\"https:\/\/staging.hydrachim.fr\/produit\/nettoyant-plancha\/#primaryimage\",\"url\":\"https:\/\/staging.hydrachim.fr\/app\/uploads\/2019\/10\/0532-ORLAV-PLANCHA-1L-Flex.png\",\"contentUrl\":\"https:\/\/staging.hydrachim.fr\/app\/uploads\/2019\/10\/0532-ORLAV-PLANCHA-1L-Flex.png\",\"width\":292,\"height\":734},{\"@type\":\"BreadcrumbList\",\"@id\":\"https:\/\/staging.hydrachim.fr\/produit\/nettoyant-plancha\/#breadcrumb\",\"itemListElement\":[{\"@type\":\"ListItem\",\"position\":1,\"name\":\"Home\",\"item\":\"https:\/\/staging.hydrachim.fr\/en\/\"},{\"@type\":\"ListItem\",\"position\":2,\"name\":\"Shop\",\"item\":\"https:\/\/staging.hydrachim.fr\/en\/shop\/\"},{\"@type\":\"ListItem\",\"position\":3,\"name\":\"Nettoyant Plancha\"}]},{\"@type\":\"WebSite\",\"@id\":\"https:\/\/staging.hydrachim.fr\/#website\",\"url\":\"https:\/\/staging.hydrachim.fr\/\",\"name\":\"Hydrachim\",\"description\":\"La science de l&#039;hygi\u00e8ne\",\"potentialAction\":[{\"@type\":\"SearchAction\",\"target\":{\"@type\":\"EntryPoint\",\"urlTemplate\":\"https:\/\/staging.hydrachim.fr\/?s={search_term_string}\"},\"query-input\":{\"@type\":\"PropertyValueSpecification\",\"valueRequired\":true,\"valueName\":\"search_term_string\"}}],\"inLanguage\":\"en-US\"}]}<\/script>\n<!-- \/ Yoast SEO plugin. -->","yoast_head_json":{"title":"Nettoyant Plancha - Hydrachim","robots":{"index":"noindex","follow":"follow","max-snippet":"max-snippet:-1","max-image-preview":"max-image-preview:large","max-video-preview":"max-video-preview:-1"},"og_locale":"en_US","og_type":"article","og_title":"Nettoyant Plancha - Hydrachim","og_description":"D\u00e9graissant alimentaire pour plaques chauffantes.","og_url":"https:\/\/staging.hydrachim.fr\/produit\/nettoyant-plancha\/","og_site_name":"Hydrachim","article_modified_time":"2019-10-11T07:33:57+00:00","og_image":[{"width":292,"height":734,"url":"https:\/\/staging.hydrachim.fr\/app\/uploads\/2019\/10\/0532-ORLAV-PLANCHA-1L-Flex.png","type":"image\/png"}],"twitter_card":"summary_large_image","twitter_misc":{"Est. reading time":"1 minute"},"schema":{"@context":"https:\/\/schema.org","@graph":[{"@type":"WebPage","@id":"https:\/\/staging.hydrachim.fr\/produit\/nettoyant-plancha\/","url":"https:\/\/staging.hydrachim.fr\/produit\/nettoyant-plancha\/","name":"Nettoyant Plancha - Hydrachim","isPartOf":{"@id":"https:\/\/staging.hydrachim.fr\/#website"},"primaryImageOfPage":{"@id":"https:\/\/staging.hydrachim.fr\/produit\/nettoyant-plancha\/#primaryimage"},"image":{"@id":"https:\/\/staging.hydrachim.fr\/produit\/nettoyant-plancha\/#primaryimage"},"thumbnailUrl":"https:\/\/staging.hydrachim.fr\/app\/uploads\/2019\/10\/0532-ORLAV-PLANCHA-1L-Flex.png","datePublished":"2019-09-30T11:53:54+00:00","dateModified":"2019-10-11T07:33:57+00:00","breadcrumb":{"@id":"https:\/\/staging.hydrachim.fr\/produit\/nettoyant-plancha\/#breadcrumb"},"inLanguage":"en-US","potentialAction":[{"@type":"ReadAction","target":["https:\/\/staging.hydrachim.fr\/produit\/nettoyant-plancha\/"]}]},{"@type":"ImageObject","inLanguage":"en-US","@id":"https:\/\/staging.hydrachim.fr\/produit\/nettoyant-plancha\/#primaryimage","url":"https:\/\/staging.hydrachim.fr\/app\/uploads\/2019\/10\/0532-ORLAV-PLANCHA-1L-Flex.png","contentUrl":"https:\/\/staging.hydrachim.fr\/app\/uploads\/2019\/10\/0532-ORLAV-PLANCHA-1L-Flex.png","width":292,"height":734},{"@type":"BreadcrumbList","@id":"https:\/\/staging.hydrachim.fr\/produit\/nettoyant-plancha\/#breadcrumb","itemListElement":[{"@type":"ListItem","position":1,"name":"Home","item":"https:\/\/staging.hydrachim.fr\/en\/"},{"@type":"ListItem","position":2,"name":"Shop","item":"https:\/\/staging.hydrachim.fr\/en\/shop\/"},{"@type":"ListItem","position":3,"name":"Nettoyant Plancha"}]},{"@type":"WebSite","@id":"https:\/\/staging.hydrachim.fr\/#website","url":"https:\/\/staging.hydrachim.fr\/","name":"Hydrachim","description":"La science de l&#039;hygi\u00e8ne","potentialAction":[{"@type":"SearchAction","target":{"@type":"EntryPoint","urlTemplate":"https:\/\/staging.hydrachim.fr\/?s={search_term_string}"},"query-input":{"@type":"PropertyValueSpecification","valueRequired":true,"valueName":"search_term_string"}}],"inLanguage":"en-US"}]}},"acf":{"fiche_technique":"https:\/\/staging.hydrachim.fr\/app\/uploads\/2019\/09\/FT-0532-NETTOYANT-PLANCHA.pdf","fiche_methode":"https:\/\/staging.hydrachim.fr\/app\/uploads\/2019\/09\/0532-NETTOYANT-PLANCHA-ORLAV-h.pdf"},"_links":{"self":[{"href":"https:\/\/staging.hydrachim.fr\/en\/wp-json\/wp\/v2\/product\/5071","targetHints":{"allow":["GET"]}}],"collection":[{"href":"https:\/\/staging.hydrachim.fr\/en\/wp-json\/wp\/v2\/product"}],"about":[{"href":"https:\/\/staging.hydrachim.fr\/en\/wp-json\/wp\/v2\/types\/product"}],"wp:featuredmedia":[{"embeddable":true,"href":"https:\/\/staging.hydrachim.fr\/en\/wp-json\/wp\/v2\/media\/5122"}],"wp:attachment":[{"href":"https:\/\/staging.hydrachim.fr\/en\/wp-json\/wp\/v2\/media?parent=5071"}],"wp:term":[{"taxonomy":"product_brand","embeddable":true,"href":"https:\/\/staging.hydrachim.fr\/en\/wp-json\/wp\/v2\/product_brand?post=5071"},{"taxonomy":"product_type","embeddable":true,"href":"https:\/\/staging.hydrachim.fr\/en\/wp-json\/wp\/v2\/product_type?post=5071"},{"taxonomy":"product_visibility","embeddable":true,"href":"https:\/\/staging.hydrachim.fr\/en\/wp-json\/wp\/v2\/product_visibility?post=5071"},{"taxonomy":"product_cat","embeddable":true,"href":"https:\/\/staging.hydrachim.fr\/en\/wp-json\/wp\/v2\/product_cat?post=5071"}],"curies":[{"name":"wp","href":"https:\/\/api.w.org\/{rel}","templated":true}]}}