{"id":5543,"date":"2019-10-11T09:49:07","date_gmt":"2019-10-11T07:49:07","guid":{"rendered":"https:\/\/staging.hydrachim.fr\/?post_type=product&#038;p=5543"},"modified":"2019-10-11T12:02:18","modified_gmt":"2019-10-11T10:02:18","slug":"power-activ","status":"publish","type":"product","link":"https:\/\/staging.hydrachim.fr\/en\/produit\/power-activ\/","title":{"rendered":"POWER ACTIV&#8217;"},"content":{"rendered":"<p><strong>POWER ACTIV\u2019 est une lessive d\u00e9sinfectante en poudre atomis\u00e9e destin\u00e9e au lavage et \u00e0 la d\u00e9sinfection des textiles.<br \/>\nFormul\u00e9e sans phosphate et agr\u00e9ablement parfum\u00e9e.<\/strong><\/p>\n<p>POWER ACTIV\u2019 contient des agents anti-calcaire pour une protection du linge et de la machine lors de lavage r\u00e9p\u00e9t\u00e9s en eau dure.<br \/>\nElle contient \u00e9galement des activateurs de lavage et de blanchiment qui enl\u00e8ve les t\u00e2ches difficiles du linge d\u00e8s 40\u00b0C.<br \/>\nPOWER ACTIV\u2019 d\u00e9sinfecte le linge en programme de lavage avec pr\u00e9lavage.<br \/>\nLa Lessive POWER ACTIV&#8217; a une action d\u00e9sinfectante bact\u00e9ricide d\u00e8s 40\u00b0C conforme \u00e0 la norme EN 13727 en 30 min \u00e0 la concentration de 4g\/L et levuricide d\u00e8s 60\u00b0C conforme \u00e0 la norme EN 13624 en 30 min \u00e0 la concentration de 4g\/L.<\/p>\n<p><strong>Disponible en sac de 20kg. R\u00e9f. 002028701.<\/strong><\/p>\n<p class=\"y-product y-product__product-subtitle\">Avantage :<\/p>\n<p>Utilisation pratique et dissolution rapide, POWER ACTIV&#8217; a un pouvoir d\u00e9tachant renforc\u00e9.<\/p>\n<p>Retrouvez le mode d&#8217;emploi et le dosage du produit en t\u00e9l\u00e9chargeant, ci-dessous, sa Fiche Technique et\/ou sa Fiche M\u00e9thode.<\/p>\n<p><em>Utilisez les biocides avec pr\u00e9caution. Avant toute utilisation, lisez l&#8217;\u00e9tiquette et les informations concernant le produit.<\/em><\/p>\n","protected":false},"excerpt":{"rendered":"<p>Lessive atomis\u00e9e d\u00e9sinfectante pour le linge<\/p>\n","protected":false},"featured_media":5562,"template":"","meta":[],"product_brand":[],"product_type":[2],"product_visibility":[],"product_cat":[4134,4133,4176,4143,4145],"class_list":{"0":"post-5543","1":"product","2":"type-product","3":"status-publish","4":"has-post-thumbnail","6":"product_cat-lingelessive","7":"product_cat-produitslinge","8":"product_cat-nouveautesmulti-secteurs","9":"product_cat-nouveautes","10":"product_cat-marquesorlav","11":"product_tag-bactericide","12":"product_tag-desinfectant","13":"product_tag-detachant","14":"product_tag-levuricide","15":"product_tag-linge","16":"product_tag-parfum","17":"product_tag-sans-phosphate","19":"first","20":"instock","21":"shipping-taxable","22":"product-type-simple"},"yoast_head":"<!-- This site is optimized with the Yoast SEO plugin v24.7 - https:\/\/yoast.com\/wordpress\/plugins\/seo\/ -->\n<title>POWER ACTIV&#039; - Hydrachim<\/title>\n<meta name=\"robots\" content=\"noindex, follow, max-snippet:-1, max-image-preview:large, max-video-preview:-1\" \/>\n<meta property=\"og:locale\" content=\"en_US\" \/>\n<meta property=\"og:type\" content=\"article\" \/>\n<meta property=\"og:title\" content=\"POWER ACTIV&#039; - Hydrachim\" \/>\n<meta property=\"og:description\" content=\"Lessive atomis\u00e9e d\u00e9sinfectante pour le linge\" \/>\n<meta property=\"og:url\" content=\"https:\/\/staging.hydrachim.fr\/produit\/power-activ\/\" \/>\n<meta property=\"og:site_name\" content=\"Hydrachim\" \/>\n<meta property=\"article:modified_time\" content=\"2019-10-11T10:02:18+00:00\" \/>\n<meta property=\"og:image\" content=\"https:\/\/staging.hydrachim.fr\/app\/uploads\/2019\/10\/0287_ORLAV_POWER_ACTIV_SAC_20KG.png\" \/>\n\t<meta property=\"og:image:width\" content=\"600\" \/>\n\t<meta property=\"og:image:height\" content=\"938\" \/>\n\t<meta property=\"og:image:type\" content=\"image\/png\" \/>\n<meta name=\"twitter:card\" content=\"summary_large_image\" \/>\n<meta name=\"twitter:label1\" content=\"Est. reading time\" \/>\n\t<meta name=\"twitter:data1\" content=\"1 minute\" \/>\n<script type=\"application\/ld+json\" class=\"yoast-schema-graph\">{\"@context\":\"https:\/\/schema.org\",\"@graph\":[{\"@type\":\"WebPage\",\"@id\":\"https:\/\/staging.hydrachim.fr\/produit\/power-activ\/\",\"url\":\"https:\/\/staging.hydrachim.fr\/produit\/power-activ\/\",\"name\":\"POWER ACTIV' - Hydrachim\",\"isPartOf\":{\"@id\":\"https:\/\/staging.hydrachim.fr\/#website\"},\"primaryImageOfPage\":{\"@id\":\"https:\/\/staging.hydrachim.fr\/produit\/power-activ\/#primaryimage\"},\"image\":{\"@id\":\"https:\/\/staging.hydrachim.fr\/produit\/power-activ\/#primaryimage\"},\"thumbnailUrl\":\"https:\/\/staging.hydrachim.fr\/app\/uploads\/2019\/10\/0287_ORLAV_POWER_ACTIV_SAC_20KG.png\",\"datePublished\":\"2019-10-11T07:49:07+00:00\",\"dateModified\":\"2019-10-11T10:02:18+00:00\",\"breadcrumb\":{\"@id\":\"https:\/\/staging.hydrachim.fr\/produit\/power-activ\/#breadcrumb\"},\"inLanguage\":\"en-US\",\"potentialAction\":[{\"@type\":\"ReadAction\",\"target\":[\"https:\/\/staging.hydrachim.fr\/produit\/power-activ\/\"]}]},{\"@type\":\"ImageObject\",\"inLanguage\":\"en-US\",\"@id\":\"https:\/\/staging.hydrachim.fr\/produit\/power-activ\/#primaryimage\",\"url\":\"https:\/\/staging.hydrachim.fr\/app\/uploads\/2019\/10\/0287_ORLAV_POWER_ACTIV_SAC_20KG.png\",\"contentUrl\":\"https:\/\/staging.hydrachim.fr\/app\/uploads\/2019\/10\/0287_ORLAV_POWER_ACTIV_SAC_20KG.png\",\"width\":600,\"height\":938},{\"@type\":\"BreadcrumbList\",\"@id\":\"https:\/\/staging.hydrachim.fr\/produit\/power-activ\/#breadcrumb\",\"itemListElement\":[{\"@type\":\"ListItem\",\"position\":1,\"name\":\"Home\",\"item\":\"https:\/\/staging.hydrachim.fr\/en\/\"},{\"@type\":\"ListItem\",\"position\":2,\"name\":\"Shop\",\"item\":\"https:\/\/staging.hydrachim.fr\/en\/shop\/\"},{\"@type\":\"ListItem\",\"position\":3,\"name\":\"POWER ACTIV&rsquo;\"}]},{\"@type\":\"WebSite\",\"@id\":\"https:\/\/staging.hydrachim.fr\/#website\",\"url\":\"https:\/\/staging.hydrachim.fr\/\",\"name\":\"Hydrachim\",\"description\":\"La science de l&#039;hygi\u00e8ne\",\"potentialAction\":[{\"@type\":\"SearchAction\",\"target\":{\"@type\":\"EntryPoint\",\"urlTemplate\":\"https:\/\/staging.hydrachim.fr\/?s={search_term_string}\"},\"query-input\":{\"@type\":\"PropertyValueSpecification\",\"valueRequired\":true,\"valueName\":\"search_term_string\"}}],\"inLanguage\":\"en-US\"}]}<\/script>\n<!-- \/ Yoast SEO plugin. -->","yoast_head_json":{"title":"POWER ACTIV' - Hydrachim","robots":{"index":"noindex","follow":"follow","max-snippet":"max-snippet:-1","max-image-preview":"max-image-preview:large","max-video-preview":"max-video-preview:-1"},"og_locale":"en_US","og_type":"article","og_title":"POWER ACTIV' - Hydrachim","og_description":"Lessive atomis\u00e9e d\u00e9sinfectante pour le linge","og_url":"https:\/\/staging.hydrachim.fr\/produit\/power-activ\/","og_site_name":"Hydrachim","article_modified_time":"2019-10-11T10:02:18+00:00","og_image":[{"width":600,"height":938,"url":"https:\/\/staging.hydrachim.fr\/app\/uploads\/2019\/10\/0287_ORLAV_POWER_ACTIV_SAC_20KG.png","type":"image\/png"}],"twitter_card":"summary_large_image","twitter_misc":{"Est. reading time":"1 minute"},"schema":{"@context":"https:\/\/schema.org","@graph":[{"@type":"WebPage","@id":"https:\/\/staging.hydrachim.fr\/produit\/power-activ\/","url":"https:\/\/staging.hydrachim.fr\/produit\/power-activ\/","name":"POWER ACTIV' - Hydrachim","isPartOf":{"@id":"https:\/\/staging.hydrachim.fr\/#website"},"primaryImageOfPage":{"@id":"https:\/\/staging.hydrachim.fr\/produit\/power-activ\/#primaryimage"},"image":{"@id":"https:\/\/staging.hydrachim.fr\/produit\/power-activ\/#primaryimage"},"thumbnailUrl":"https:\/\/staging.hydrachim.fr\/app\/uploads\/2019\/10\/0287_ORLAV_POWER_ACTIV_SAC_20KG.png","datePublished":"2019-10-11T07:49:07+00:00","dateModified":"2019-10-11T10:02:18+00:00","breadcrumb":{"@id":"https:\/\/staging.hydrachim.fr\/produit\/power-activ\/#breadcrumb"},"inLanguage":"en-US","potentialAction":[{"@type":"ReadAction","target":["https:\/\/staging.hydrachim.fr\/produit\/power-activ\/"]}]},{"@type":"ImageObject","inLanguage":"en-US","@id":"https:\/\/staging.hydrachim.fr\/produit\/power-activ\/#primaryimage","url":"https:\/\/staging.hydrachim.fr\/app\/uploads\/2019\/10\/0287_ORLAV_POWER_ACTIV_SAC_20KG.png","contentUrl":"https:\/\/staging.hydrachim.fr\/app\/uploads\/2019\/10\/0287_ORLAV_POWER_ACTIV_SAC_20KG.png","width":600,"height":938},{"@type":"BreadcrumbList","@id":"https:\/\/staging.hydrachim.fr\/produit\/power-activ\/#breadcrumb","itemListElement":[{"@type":"ListItem","position":1,"name":"Home","item":"https:\/\/staging.hydrachim.fr\/en\/"},{"@type":"ListItem","position":2,"name":"Shop","item":"https:\/\/staging.hydrachim.fr\/en\/shop\/"},{"@type":"ListItem","position":3,"name":"POWER ACTIV&rsquo;"}]},{"@type":"WebSite","@id":"https:\/\/staging.hydrachim.fr\/#website","url":"https:\/\/staging.hydrachim.fr\/","name":"Hydrachim","description":"La science de l&#039;hygi\u00e8ne","potentialAction":[{"@type":"SearchAction","target":{"@type":"EntryPoint","urlTemplate":"https:\/\/staging.hydrachim.fr\/?s={search_term_string}"},"query-input":{"@type":"PropertyValueSpecification","valueRequired":true,"valueName":"search_term_string"}}],"inLanguage":"en-US"}]}},"acf":{"fiche_technique":"","fiche_methode":""},"_links":{"self":[{"href":"https:\/\/staging.hydrachim.fr\/en\/wp-json\/wp\/v2\/product\/5543","targetHints":{"allow":["GET"]}}],"collection":[{"href":"https:\/\/staging.hydrachim.fr\/en\/wp-json\/wp\/v2\/product"}],"about":[{"href":"https:\/\/staging.hydrachim.fr\/en\/wp-json\/wp\/v2\/types\/product"}],"wp:featuredmedia":[{"embeddable":true,"href":"https:\/\/staging.hydrachim.fr\/en\/wp-json\/wp\/v2\/media\/5562"}],"wp:attachment":[{"href":"https:\/\/staging.hydrachim.fr\/en\/wp-json\/wp\/v2\/media?parent=5543"}],"wp:term":[{"taxonomy":"product_brand","embeddable":true,"href":"https:\/\/staging.hydrachim.fr\/en\/wp-json\/wp\/v2\/product_brand?post=5543"},{"taxonomy":"product_type","embeddable":true,"href":"https:\/\/staging.hydrachim.fr\/en\/wp-json\/wp\/v2\/product_type?post=5543"},{"taxonomy":"product_visibility","embeddable":true,"href":"https:\/\/staging.hydrachim.fr\/en\/wp-json\/wp\/v2\/product_visibility?post=5543"},{"taxonomy":"product_cat","embeddable":true,"href":"https:\/\/staging.hydrachim.fr\/en\/wp-json\/wp\/v2\/product_cat?post=5543"}],"curies":[{"name":"wp","href":"https:\/\/api.w.org\/{rel}","templated":true}]}}