{"id":5564,"date":"2019-10-11T13:40:44","date_gmt":"2019-10-11T11:40:44","guid":{"rendered":"https:\/\/staging.hydrachim.fr\/?post_type=product&#038;p=5564"},"modified":"2019-10-11T13:50:01","modified_gmt":"2019-10-11T11:50:01","slug":"super-activ-tabs","status":"publish","type":"product","link":"https:\/\/staging.hydrachim.fr\/en\/produit\/super-activ-tabs\/","title":{"rendered":"SUPER ACTIV&#8217; TABS"},"content":{"rendered":"<p><strong>POWER ACTIV\u2019 est une lessive d\u00e9sinfectante en pastille destin\u00e9e au lavage et \u00e0 la d\u00e9sinfection des textiles.<\/strong><\/p>\n<p>Les pastilles d\u00e9sinfectantes sont id\u00e9ales pour le linge des maisons m\u00e9dicalis\u00e9es, cr\u00e8ches, EHPAD, centres sportifs.<br \/>\nLes pastilles sont hyper concentr\u00e9es et utilisables pour tous types de linge et de fibres et \u00e0 toutes temp\u00e9ratures (de 30\u00b0C \u00e0 95\u00b0C). La formule est con\u00e7ue pour une dissolution rapide de la pastille et une action imm\u00e9diate des principes actifs \u00e0 toutes temp\u00e9ratures, m\u00eame en cycle de lavage courts (30 mn). Efficacit\u00e9 maximale, m\u00eame sur les taches difficiles gr\u00e2ce \u00e0 son complexe d\u2019enzymes actif sur les taches organiques et les taches grasses pour une propret\u00e9 impeccable.<br \/>\nLa Lessive SUPER ACTIV&#8217; TABS a une action d\u00e9sinfectante bact\u00e9ricide d\u00e8s 40\u00b0C conforme \u00e0 la norme EN 13727 en 30 min \u00e0 la concentration de 2g\/L et levuricide d\u00e8s 50\u00b0C conforme \u00e0 la norme EN 13624 en 30 min \u00e0 la concentration de 2g\/L.<\/p>\n<p><strong>Disponible en seau de 3.125kg (sachet de 25g). R\u00e9f. 002029101.<\/strong><\/p>\n<p class=\"y-product y-product__product-subtitle\">Avantage :<\/p>\n<p>Pouvoir d\u00e9tachant renforc\u00e9, activateur de blanchiment et azurants optiques pour un r\u00e9sultat parfait et une blancheur durable \u00e9clatante.<\/p>\n<p>Retrouvez le mode d&#8217;emploi et le dosage du produit en t\u00e9l\u00e9chargeant, ci-dessous, sa Fiche Technique et\/ou sa Fiche M\u00e9thode.<\/p>\n<p><em>Utilisez les biocides avec pr\u00e9caution. Avant toute utilisation, lisez l&#8217;\u00e9tiquette et les informations concernant le produit.<\/em><\/p>\n","protected":false},"excerpt":{"rendered":"<p>Pastille d\u00e9sinfectante pour le linge<\/p>\n","protected":false},"featured_media":5565,"template":"","meta":[],"product_brand":[],"product_type":[2],"product_visibility":[],"product_cat":[4134,4133,4176,4143,4145],"class_list":{"0":"post-5564","1":"product","2":"type-product","3":"status-publish","4":"has-post-thumbnail","6":"product_cat-lingelessive","7":"product_cat-produitslinge","8":"product_cat-nouveautesmulti-secteurs","9":"product_cat-nouveautes","10":"product_cat-marquesorlav","11":"product_tag-bactericide","12":"product_tag-desinfectant","13":"product_tag-detachant","14":"product_tag-levuricide","15":"product_tag-linge","16":"product_tag-parfum","18":"first","19":"instock","20":"shipping-taxable","21":"product-type-simple"},"yoast_head":"<!-- This site is optimized with the Yoast SEO plugin v24.7 - https:\/\/yoast.com\/wordpress\/plugins\/seo\/ -->\n<title>SUPER ACTIV&#039; TABS - Hydrachim<\/title>\n<meta name=\"robots\" content=\"noindex, follow, max-snippet:-1, max-image-preview:large, max-video-preview:-1\" \/>\n<meta property=\"og:locale\" content=\"en_US\" \/>\n<meta property=\"og:type\" content=\"article\" \/>\n<meta property=\"og:title\" content=\"SUPER ACTIV&#039; TABS - Hydrachim\" \/>\n<meta property=\"og:description\" content=\"Pastille d\u00e9sinfectante pour le linge\" \/>\n<meta property=\"og:url\" content=\"https:\/\/staging.hydrachim.fr\/produit\/super-activ-tabs\/\" \/>\n<meta property=\"og:site_name\" content=\"Hydrachim\" \/>\n<meta property=\"article:modified_time\" content=\"2019-10-11T11:50:01+00:00\" \/>\n<meta property=\"og:image\" content=\"https:\/\/staging.hydrachim.fr\/app\/uploads\/2019\/10\/0291_SUPER_ACTIV_TABS_Seau_3125kg_0291_recto.png\" \/>\n\t<meta property=\"og:image:width\" content=\"600\" \/>\n\t<meta property=\"og:image:height\" content=\"400\" \/>\n\t<meta property=\"og:image:type\" content=\"image\/png\" \/>\n<meta name=\"twitter:card\" content=\"summary_large_image\" \/>\n<meta name=\"twitter:label1\" content=\"Est. reading time\" \/>\n\t<meta name=\"twitter:data1\" content=\"1 minute\" \/>\n<script type=\"application\/ld+json\" class=\"yoast-schema-graph\">{\"@context\":\"https:\/\/schema.org\",\"@graph\":[{\"@type\":\"WebPage\",\"@id\":\"https:\/\/staging.hydrachim.fr\/produit\/super-activ-tabs\/\",\"url\":\"https:\/\/staging.hydrachim.fr\/produit\/super-activ-tabs\/\",\"name\":\"SUPER ACTIV' TABS - Hydrachim\",\"isPartOf\":{\"@id\":\"https:\/\/staging.hydrachim.fr\/#website\"},\"primaryImageOfPage\":{\"@id\":\"https:\/\/staging.hydrachim.fr\/produit\/super-activ-tabs\/#primaryimage\"},\"image\":{\"@id\":\"https:\/\/staging.hydrachim.fr\/produit\/super-activ-tabs\/#primaryimage\"},\"thumbnailUrl\":\"https:\/\/staging.hydrachim.fr\/app\/uploads\/2019\/10\/0291_SUPER_ACTIV_TABS_Seau_3125kg_0291_recto.png\",\"datePublished\":\"2019-10-11T11:40:44+00:00\",\"dateModified\":\"2019-10-11T11:50:01+00:00\",\"breadcrumb\":{\"@id\":\"https:\/\/staging.hydrachim.fr\/produit\/super-activ-tabs\/#breadcrumb\"},\"inLanguage\":\"en-US\",\"potentialAction\":[{\"@type\":\"ReadAction\",\"target\":[\"https:\/\/staging.hydrachim.fr\/produit\/super-activ-tabs\/\"]}]},{\"@type\":\"ImageObject\",\"inLanguage\":\"en-US\",\"@id\":\"https:\/\/staging.hydrachim.fr\/produit\/super-activ-tabs\/#primaryimage\",\"url\":\"https:\/\/staging.hydrachim.fr\/app\/uploads\/2019\/10\/0291_SUPER_ACTIV_TABS_Seau_3125kg_0291_recto.png\",\"contentUrl\":\"https:\/\/staging.hydrachim.fr\/app\/uploads\/2019\/10\/0291_SUPER_ACTIV_TABS_Seau_3125kg_0291_recto.png\",\"width\":600,\"height\":400},{\"@type\":\"BreadcrumbList\",\"@id\":\"https:\/\/staging.hydrachim.fr\/produit\/super-activ-tabs\/#breadcrumb\",\"itemListElement\":[{\"@type\":\"ListItem\",\"position\":1,\"name\":\"Home\",\"item\":\"https:\/\/staging.hydrachim.fr\/en\/\"},{\"@type\":\"ListItem\",\"position\":2,\"name\":\"Shop\",\"item\":\"https:\/\/staging.hydrachim.fr\/en\/shop\/\"},{\"@type\":\"ListItem\",\"position\":3,\"name\":\"SUPER ACTIV&rsquo; TABS\"}]},{\"@type\":\"WebSite\",\"@id\":\"https:\/\/staging.hydrachim.fr\/#website\",\"url\":\"https:\/\/staging.hydrachim.fr\/\",\"name\":\"Hydrachim\",\"description\":\"La science de l&#039;hygi\u00e8ne\",\"potentialAction\":[{\"@type\":\"SearchAction\",\"target\":{\"@type\":\"EntryPoint\",\"urlTemplate\":\"https:\/\/staging.hydrachim.fr\/?s={search_term_string}\"},\"query-input\":{\"@type\":\"PropertyValueSpecification\",\"valueRequired\":true,\"valueName\":\"search_term_string\"}}],\"inLanguage\":\"en-US\"}]}<\/script>\n<!-- \/ Yoast SEO plugin. -->","yoast_head_json":{"title":"SUPER ACTIV' TABS - Hydrachim","robots":{"index":"noindex","follow":"follow","max-snippet":"max-snippet:-1","max-image-preview":"max-image-preview:large","max-video-preview":"max-video-preview:-1"},"og_locale":"en_US","og_type":"article","og_title":"SUPER ACTIV' TABS - Hydrachim","og_description":"Pastille d\u00e9sinfectante pour le linge","og_url":"https:\/\/staging.hydrachim.fr\/produit\/super-activ-tabs\/","og_site_name":"Hydrachim","article_modified_time":"2019-10-11T11:50:01+00:00","og_image":[{"width":600,"height":400,"url":"https:\/\/staging.hydrachim.fr\/app\/uploads\/2019\/10\/0291_SUPER_ACTIV_TABS_Seau_3125kg_0291_recto.png","type":"image\/png"}],"twitter_card":"summary_large_image","twitter_misc":{"Est. reading time":"1 minute"},"schema":{"@context":"https:\/\/schema.org","@graph":[{"@type":"WebPage","@id":"https:\/\/staging.hydrachim.fr\/produit\/super-activ-tabs\/","url":"https:\/\/staging.hydrachim.fr\/produit\/super-activ-tabs\/","name":"SUPER ACTIV' TABS - Hydrachim","isPartOf":{"@id":"https:\/\/staging.hydrachim.fr\/#website"},"primaryImageOfPage":{"@id":"https:\/\/staging.hydrachim.fr\/produit\/super-activ-tabs\/#primaryimage"},"image":{"@id":"https:\/\/staging.hydrachim.fr\/produit\/super-activ-tabs\/#primaryimage"},"thumbnailUrl":"https:\/\/staging.hydrachim.fr\/app\/uploads\/2019\/10\/0291_SUPER_ACTIV_TABS_Seau_3125kg_0291_recto.png","datePublished":"2019-10-11T11:40:44+00:00","dateModified":"2019-10-11T11:50:01+00:00","breadcrumb":{"@id":"https:\/\/staging.hydrachim.fr\/produit\/super-activ-tabs\/#breadcrumb"},"inLanguage":"en-US","potentialAction":[{"@type":"ReadAction","target":["https:\/\/staging.hydrachim.fr\/produit\/super-activ-tabs\/"]}]},{"@type":"ImageObject","inLanguage":"en-US","@id":"https:\/\/staging.hydrachim.fr\/produit\/super-activ-tabs\/#primaryimage","url":"https:\/\/staging.hydrachim.fr\/app\/uploads\/2019\/10\/0291_SUPER_ACTIV_TABS_Seau_3125kg_0291_recto.png","contentUrl":"https:\/\/staging.hydrachim.fr\/app\/uploads\/2019\/10\/0291_SUPER_ACTIV_TABS_Seau_3125kg_0291_recto.png","width":600,"height":400},{"@type":"BreadcrumbList","@id":"https:\/\/staging.hydrachim.fr\/produit\/super-activ-tabs\/#breadcrumb","itemListElement":[{"@type":"ListItem","position":1,"name":"Home","item":"https:\/\/staging.hydrachim.fr\/en\/"},{"@type":"ListItem","position":2,"name":"Shop","item":"https:\/\/staging.hydrachim.fr\/en\/shop\/"},{"@type":"ListItem","position":3,"name":"SUPER ACTIV&rsquo; TABS"}]},{"@type":"WebSite","@id":"https:\/\/staging.hydrachim.fr\/#website","url":"https:\/\/staging.hydrachim.fr\/","name":"Hydrachim","description":"La science de l&#039;hygi\u00e8ne","potentialAction":[{"@type":"SearchAction","target":{"@type":"EntryPoint","urlTemplate":"https:\/\/staging.hydrachim.fr\/?s={search_term_string}"},"query-input":{"@type":"PropertyValueSpecification","valueRequired":true,"valueName":"search_term_string"}}],"inLanguage":"en-US"}]}},"acf":{"fiche_technique":"","fiche_methode":""},"_links":{"self":[{"href":"https:\/\/staging.hydrachim.fr\/en\/wp-json\/wp\/v2\/product\/5564","targetHints":{"allow":["GET"]}}],"collection":[{"href":"https:\/\/staging.hydrachim.fr\/en\/wp-json\/wp\/v2\/product"}],"about":[{"href":"https:\/\/staging.hydrachim.fr\/en\/wp-json\/wp\/v2\/types\/product"}],"wp:featuredmedia":[{"embeddable":true,"href":"https:\/\/staging.hydrachim.fr\/en\/wp-json\/wp\/v2\/media\/5565"}],"wp:attachment":[{"href":"https:\/\/staging.hydrachim.fr\/en\/wp-json\/wp\/v2\/media?parent=5564"}],"wp:term":[{"taxonomy":"product_brand","embeddable":true,"href":"https:\/\/staging.hydrachim.fr\/en\/wp-json\/wp\/v2\/product_brand?post=5564"},{"taxonomy":"product_type","embeddable":true,"href":"https:\/\/staging.hydrachim.fr\/en\/wp-json\/wp\/v2\/product_type?post=5564"},{"taxonomy":"product_visibility","embeddable":true,"href":"https:\/\/staging.hydrachim.fr\/en\/wp-json\/wp\/v2\/product_visibility?post=5564"},{"taxonomy":"product_cat","embeddable":true,"href":"https:\/\/staging.hydrachim.fr\/en\/wp-json\/wp\/v2\/product_cat?post=5564"}],"curies":[{"name":"wp","href":"https:\/\/api.w.org\/{rel}","templated":true}]}}