{"id":5611,"date":"2019-10-14T15:20:25","date_gmt":"2019-10-14T13:20:25","guid":{"rendered":"https:\/\/staging.hydrachim.fr\/?post_type=product&#038;p=5611"},"modified":"2019-10-14T15:51:12","modified_gmt":"2019-10-14T13:51:12","slug":"lotion-nettoyante-desinfectante-moussante","status":"publish","type":"product","link":"https:\/\/staging.hydrachim.fr\/en\/produit\/lotion-nettoyante-desinfectante-moussante\/","title":{"rendered":"Lotion nettoyante d\u00e9sinfectante moussante"},"content":{"rendered":"<p><strong>Lotion nettoyante d\u00e9sinfectante moussante est un liquide moussant pour le nettoyage et la d\u00e9sinfection des mains.<\/strong><\/p>\n<p>La lotion nettoyante d\u00e9sinfectante moussante est bact\u00e9ricide selon les normes EN 1276 en condition de salet\u00e9 en 1 minute \u00e0 20\u00b0C et son adaptation en 30 secondes et bact\u00e9ricide selon la norme EN 1499 en 30 secondes.<br \/>\nSans parfum, sans colorant.<br \/>\nRecommand\u00e9es dans les secteurs suivants : restauration, industrie alimentaire, collectivit\u00e9s, maisons de retraite, cr\u00e8che, param\u00e9dical, etc.<\/p>\n<p><strong>Disponible en :<br \/>\n&#8211; Carton de 6 recharges poches souples x 1L.\u00a0R\u00e9f. 002044001<br \/>\n&#8211; Carton de 4 x 5L. R\u00e9f.002044002<\/strong><\/p>\n<p class=\"y-product y-product__product-subtitle\">Avantage :<\/p>\n<p>Formule riche en agents cosm\u00e9tiques doux pour la peau<\/p>\n<p>Retrouvez le mode d&#8217;emploi et le dosage du produit en t\u00e9l\u00e9chargeant, ci-dessous, sa Fiche Technique et\/ou sa Fiche M\u00e9thode.<\/p>\n<p><em>Utilisez les biocides avec pr\u00e9caution. Avant toute utilisation, lisez l&#8217;\u00e9tiquette et les informations concernant le produit.<\/em><\/p>\n","protected":false},"excerpt":{"rendered":"<p>Lotion nettoyante d\u00e9sinfectante moussante<\/p>\n","protected":false},"featured_media":5612,"template":"","meta":[],"product_brand":[],"product_type":[2],"product_visibility":[],"product_cat":[4027,4174,4140,4138,4137,4176,4145],"class_list":{"0":"post-5611","1":"product","2":"type-product","3":"status-publish","4":"has-post-thumbnail","6":"product_cat-agro-alimentaire-industrie","7":"product_cat-nouveautesdesinfection","8":"product_cat-mains-corpsdsinfection","9":"product_cat-mains-corpsmains","10":"product_cat-produitsmains-corps","11":"product_cat-nouveautesmulti-secteurs","12":"product_cat-marquesorlav","13":"product_tag-bactericide","14":"product_tag-creme","15":"product_tag-lavage","16":"product_tag-neutre","18":"first","19":"instock","20":"shipping-taxable","21":"product-type-simple"},"yoast_head":"<!-- This site is optimized with the Yoast SEO plugin v24.7 - https:\/\/yoast.com\/wordpress\/plugins\/seo\/ -->\n<title>Lotion nettoyante d\u00e9sinfectante moussante - Hydrachim<\/title>\n<meta name=\"robots\" content=\"noindex, follow, max-snippet:-1, max-image-preview:large, max-video-preview:-1\" \/>\n<meta property=\"og:locale\" content=\"en_US\" \/>\n<meta property=\"og:type\" content=\"article\" \/>\n<meta property=\"og:title\" content=\"Lotion nettoyante d\u00e9sinfectante moussante - Hydrachim\" \/>\n<meta property=\"og:description\" content=\"Lotion nettoyante d\u00e9sinfectante moussante\" \/>\n<meta property=\"og:url\" content=\"https:\/\/staging.hydrachim.fr\/produit\/lotion-nettoyante-desinfectante-moussante\/\" \/>\n<meta property=\"og:site_name\" content=\"Hydrachim\" \/>\n<meta property=\"article:modified_time\" content=\"2019-10-14T13:51:12+00:00\" \/>\n<meta property=\"og:image\" content=\"https:\/\/staging.hydrachim.fr\/app\/uploads\/2019\/10\/0440_ORLAV_LOTION_NETT_5L.png\" \/>\n\t<meta property=\"og:image:width\" content=\"600\" \/>\n\t<meta property=\"og:image:height\" content=\"807\" \/>\n\t<meta property=\"og:image:type\" content=\"image\/png\" \/>\n<meta name=\"twitter:card\" content=\"summary_large_image\" \/>\n<meta name=\"twitter:label1\" content=\"Est. reading time\" \/>\n\t<meta name=\"twitter:data1\" content=\"1 minute\" \/>\n<script type=\"application\/ld+json\" class=\"yoast-schema-graph\">{\"@context\":\"https:\/\/schema.org\",\"@graph\":[{\"@type\":\"WebPage\",\"@id\":\"https:\/\/staging.hydrachim.fr\/produit\/lotion-nettoyante-desinfectante-moussante\/\",\"url\":\"https:\/\/staging.hydrachim.fr\/produit\/lotion-nettoyante-desinfectante-moussante\/\",\"name\":\"Lotion nettoyante d\u00e9sinfectante moussante - Hydrachim\",\"isPartOf\":{\"@id\":\"https:\/\/staging.hydrachim.fr\/#website\"},\"primaryImageOfPage\":{\"@id\":\"https:\/\/staging.hydrachim.fr\/produit\/lotion-nettoyante-desinfectante-moussante\/#primaryimage\"},\"image\":{\"@id\":\"https:\/\/staging.hydrachim.fr\/produit\/lotion-nettoyante-desinfectante-moussante\/#primaryimage\"},\"thumbnailUrl\":\"https:\/\/staging.hydrachim.fr\/app\/uploads\/2019\/10\/0440_ORLAV_LOTION_NETT_5L.png\",\"datePublished\":\"2019-10-14T13:20:25+00:00\",\"dateModified\":\"2019-10-14T13:51:12+00:00\",\"breadcrumb\":{\"@id\":\"https:\/\/staging.hydrachim.fr\/produit\/lotion-nettoyante-desinfectante-moussante\/#breadcrumb\"},\"inLanguage\":\"en-US\",\"potentialAction\":[{\"@type\":\"ReadAction\",\"target\":[\"https:\/\/staging.hydrachim.fr\/produit\/lotion-nettoyante-desinfectante-moussante\/\"]}]},{\"@type\":\"ImageObject\",\"inLanguage\":\"en-US\",\"@id\":\"https:\/\/staging.hydrachim.fr\/produit\/lotion-nettoyante-desinfectante-moussante\/#primaryimage\",\"url\":\"https:\/\/staging.hydrachim.fr\/app\/uploads\/2019\/10\/0440_ORLAV_LOTION_NETT_5L.png\",\"contentUrl\":\"https:\/\/staging.hydrachim.fr\/app\/uploads\/2019\/10\/0440_ORLAV_LOTION_NETT_5L.png\",\"width\":600,\"height\":807},{\"@type\":\"BreadcrumbList\",\"@id\":\"https:\/\/staging.hydrachim.fr\/produit\/lotion-nettoyante-desinfectante-moussante\/#breadcrumb\",\"itemListElement\":[{\"@type\":\"ListItem\",\"position\":1,\"name\":\"Home\",\"item\":\"https:\/\/staging.hydrachim.fr\/en\/\"},{\"@type\":\"ListItem\",\"position\":2,\"name\":\"Shop\",\"item\":\"https:\/\/staging.hydrachim.fr\/en\/shop\/\"},{\"@type\":\"ListItem\",\"position\":3,\"name\":\"Lotion nettoyante d\u00e9sinfectante moussante\"}]},{\"@type\":\"WebSite\",\"@id\":\"https:\/\/staging.hydrachim.fr\/#website\",\"url\":\"https:\/\/staging.hydrachim.fr\/\",\"name\":\"Hydrachim\",\"description\":\"La science de l&#039;hygi\u00e8ne\",\"potentialAction\":[{\"@type\":\"SearchAction\",\"target\":{\"@type\":\"EntryPoint\",\"urlTemplate\":\"https:\/\/staging.hydrachim.fr\/?s={search_term_string}\"},\"query-input\":{\"@type\":\"PropertyValueSpecification\",\"valueRequired\":true,\"valueName\":\"search_term_string\"}}],\"inLanguage\":\"en-US\"}]}<\/script>\n<!-- \/ Yoast SEO plugin. -->","yoast_head_json":{"title":"Lotion nettoyante d\u00e9sinfectante moussante - Hydrachim","robots":{"index":"noindex","follow":"follow","max-snippet":"max-snippet:-1","max-image-preview":"max-image-preview:large","max-video-preview":"max-video-preview:-1"},"og_locale":"en_US","og_type":"article","og_title":"Lotion nettoyante d\u00e9sinfectante moussante - Hydrachim","og_description":"Lotion nettoyante d\u00e9sinfectante moussante","og_url":"https:\/\/staging.hydrachim.fr\/produit\/lotion-nettoyante-desinfectante-moussante\/","og_site_name":"Hydrachim","article_modified_time":"2019-10-14T13:51:12+00:00","og_image":[{"width":600,"height":807,"url":"https:\/\/staging.hydrachim.fr\/app\/uploads\/2019\/10\/0440_ORLAV_LOTION_NETT_5L.png","type":"image\/png"}],"twitter_card":"summary_large_image","twitter_misc":{"Est. reading time":"1 minute"},"schema":{"@context":"https:\/\/schema.org","@graph":[{"@type":"WebPage","@id":"https:\/\/staging.hydrachim.fr\/produit\/lotion-nettoyante-desinfectante-moussante\/","url":"https:\/\/staging.hydrachim.fr\/produit\/lotion-nettoyante-desinfectante-moussante\/","name":"Lotion nettoyante d\u00e9sinfectante moussante - Hydrachim","isPartOf":{"@id":"https:\/\/staging.hydrachim.fr\/#website"},"primaryImageOfPage":{"@id":"https:\/\/staging.hydrachim.fr\/produit\/lotion-nettoyante-desinfectante-moussante\/#primaryimage"},"image":{"@id":"https:\/\/staging.hydrachim.fr\/produit\/lotion-nettoyante-desinfectante-moussante\/#primaryimage"},"thumbnailUrl":"https:\/\/staging.hydrachim.fr\/app\/uploads\/2019\/10\/0440_ORLAV_LOTION_NETT_5L.png","datePublished":"2019-10-14T13:20:25+00:00","dateModified":"2019-10-14T13:51:12+00:00","breadcrumb":{"@id":"https:\/\/staging.hydrachim.fr\/produit\/lotion-nettoyante-desinfectante-moussante\/#breadcrumb"},"inLanguage":"en-US","potentialAction":[{"@type":"ReadAction","target":["https:\/\/staging.hydrachim.fr\/produit\/lotion-nettoyante-desinfectante-moussante\/"]}]},{"@type":"ImageObject","inLanguage":"en-US","@id":"https:\/\/staging.hydrachim.fr\/produit\/lotion-nettoyante-desinfectante-moussante\/#primaryimage","url":"https:\/\/staging.hydrachim.fr\/app\/uploads\/2019\/10\/0440_ORLAV_LOTION_NETT_5L.png","contentUrl":"https:\/\/staging.hydrachim.fr\/app\/uploads\/2019\/10\/0440_ORLAV_LOTION_NETT_5L.png","width":600,"height":807},{"@type":"BreadcrumbList","@id":"https:\/\/staging.hydrachim.fr\/produit\/lotion-nettoyante-desinfectante-moussante\/#breadcrumb","itemListElement":[{"@type":"ListItem","position":1,"name":"Home","item":"https:\/\/staging.hydrachim.fr\/en\/"},{"@type":"ListItem","position":2,"name":"Shop","item":"https:\/\/staging.hydrachim.fr\/en\/shop\/"},{"@type":"ListItem","position":3,"name":"Lotion nettoyante d\u00e9sinfectante moussante"}]},{"@type":"WebSite","@id":"https:\/\/staging.hydrachim.fr\/#website","url":"https:\/\/staging.hydrachim.fr\/","name":"Hydrachim","description":"La science de l&#039;hygi\u00e8ne","potentialAction":[{"@type":"SearchAction","target":{"@type":"EntryPoint","urlTemplate":"https:\/\/staging.hydrachim.fr\/?s={search_term_string}"},"query-input":{"@type":"PropertyValueSpecification","valueRequired":true,"valueName":"search_term_string"}}],"inLanguage":"en-US"}]}},"acf":{"fiche_technique":"https:\/\/staging.hydrachim.fr\/app\/uploads\/2019\/10\/FT_0440_LOTION_NETTOYANTE_DESINFECTANTE_MOUSSANTE___JV.pdf","fiche_methode":""},"_links":{"self":[{"href":"https:\/\/staging.hydrachim.fr\/en\/wp-json\/wp\/v2\/product\/5611","targetHints":{"allow":["GET"]}}],"collection":[{"href":"https:\/\/staging.hydrachim.fr\/en\/wp-json\/wp\/v2\/product"}],"about":[{"href":"https:\/\/staging.hydrachim.fr\/en\/wp-json\/wp\/v2\/types\/product"}],"wp:featuredmedia":[{"embeddable":true,"href":"https:\/\/staging.hydrachim.fr\/en\/wp-json\/wp\/v2\/media\/5612"}],"wp:attachment":[{"href":"https:\/\/staging.hydrachim.fr\/en\/wp-json\/wp\/v2\/media?parent=5611"}],"wp:term":[{"taxonomy":"product_brand","embeddable":true,"href":"https:\/\/staging.hydrachim.fr\/en\/wp-json\/wp\/v2\/product_brand?post=5611"},{"taxonomy":"product_type","embeddable":true,"href":"https:\/\/staging.hydrachim.fr\/en\/wp-json\/wp\/v2\/product_type?post=5611"},{"taxonomy":"product_visibility","embeddable":true,"href":"https:\/\/staging.hydrachim.fr\/en\/wp-json\/wp\/v2\/product_visibility?post=5611"},{"taxonomy":"product_cat","embeddable":true,"href":"https:\/\/staging.hydrachim.fr\/en\/wp-json\/wp\/v2\/product_cat?post=5611"}],"curies":[{"name":"wp","href":"https:\/\/api.w.org\/{rel}","templated":true}]}}