{"id":5627,"date":"2019-10-14T16:17:12","date_gmt":"2019-10-14T14:17:12","guid":{"rendered":"https:\/\/staging.hydrachim.fr\/?post_type=product&#038;p=5627"},"modified":"2019-10-14T16:38:30","modified_gmt":"2019-10-14T14:38:30","slug":"deterquat-dna-pae-parfum-citron","status":"publish","type":"product","link":"https:\/\/staging.hydrachim.fr\/en\/produit\/deterquat-dna-pae-parfum-citron\/","title":{"rendered":"Deterquat DNA PAE parfum citron"},"content":{"rendered":"<p><strong>D\u00e9graissant, Bact\u00e9ricide, Levuricide, Fongicide. Pr\u00eat \u00e0 l&#8217;emploi parfum citron.<\/strong><\/p>\n<p>Le produit DETERQUAT DNA PAE parfum citron est un nettoyant, d\u00e9graissant, d\u00e9sinfectant pr\u00eat \u00e0 l&#8217;emploi multi-surfaces, dans le secteur de la transformation alimentaire artisanale et m\u00e9tiers de bouche.<br \/>\nLe DETERQUAT DNA PAE parfum citron est un produit bact\u00e9ricide en condition de salet\u00e9 selon la norme EN 1276 en 5 minutes \u00e0 20\u00b0C  et selon la norme EN 13697 en 15 minutes \u00e0 20\u00b0C. Levuricide en condition de salet\u00e9 selon la norme EN 1650 et EN 13697, en 15 minutes \u00e0 20\u00b0C. Fongicide en condition de salet\u00e9 selon la norme EN 1650 et EN 13697, en 15 minutes \u00e0 20\u00b0C.<\/p>\n<p><strong>Disponible en carton de 6 x 750mL. R\u00e9f. 002043801<\/strong><\/p>\n<p class=\"y-product y-product__product-subtitle\">Avantage :<\/p>\n<p>Pouvoir d\u00e9graissant renforc\u00e9.<\/p>\n<p>Retrouvez le mode d&#8217;emploi et le dosage du produit en t\u00e9l\u00e9chargeant, ci-dessous, sa Fiche Technique et\/ou sa Fiche M\u00e9thode.<\/p>\n<p><em>Utilisez les biocides avec pr\u00e9caution. Avant toute utilisation, lisez l&#8217;\u00e9tiquette et les informations concernant le produit.<\/em><\/p>\n","protected":false},"excerpt":{"rendered":"<p>D\u00e9terquat DNA PAE parfum citron<\/p>\n","protected":false},"featured_media":5629,"template":"","meta":[],"product_brand":[],"product_type":[2],"product_visibility":[],"product_cat":[4116,4027,4114,4111,4174,4151,4143],"class_list":{"0":"post-5627","1":"product","2":"type-product","3":"status-publish","4":"has-post-thumbnail","6":"product_cat-dsinfectionagro-alimentaire","7":"product_cat-agro-alimentaire-industrie","8":"product_cat-dsinfectioncuisine","9":"product_cat-produitsdesinfection","10":"product_cat-nouveautesdesinfection","11":"product_cat-marquesdterquat","12":"product_cat-nouveautes","13":"product_tag-boucherie","14":"product_tag-charcuterie","15":"product_tag-citron","16":"product_tag-degraissant","17":"product_tag-desinfectant","18":"product_tag-pret-a-lemploi","20":"first","21":"instock","22":"shipping-taxable","23":"product-type-simple"},"yoast_head":"<!-- This site is optimized with the Yoast SEO plugin v24.7 - https:\/\/yoast.com\/wordpress\/plugins\/seo\/ -->\n<title>Deterquat DNA PAE parfum citron - Hydrachim<\/title>\n<meta name=\"robots\" content=\"noindex, follow, max-snippet:-1, max-image-preview:large, max-video-preview:-1\" \/>\n<meta property=\"og:locale\" content=\"en_US\" \/>\n<meta property=\"og:type\" content=\"article\" \/>\n<meta property=\"og:title\" content=\"Deterquat DNA PAE parfum citron - Hydrachim\" \/>\n<meta property=\"og:description\" content=\"D\u00e9terquat DNA PAE parfum citron\" \/>\n<meta property=\"og:url\" content=\"https:\/\/staging.hydrachim.fr\/produit\/deterquat-dna-pae-parfum-citron\/\" \/>\n<meta property=\"og:site_name\" content=\"Hydrachim\" \/>\n<meta property=\"article:modified_time\" content=\"2019-10-14T14:38:30+00:00\" \/>\n<meta property=\"og:image\" content=\"https:\/\/staging.hydrachim.fr\/app\/uploads\/2019\/10\/0438_DETERQUAT_DNA_PAE_Citron_750ml.png\" \/>\n\t<meta property=\"og:image:width\" content=\"600\" \/>\n\t<meta property=\"og:image:height\" content=\"1293\" \/>\n\t<meta property=\"og:image:type\" content=\"image\/png\" \/>\n<meta name=\"twitter:card\" content=\"summary_large_image\" \/>\n<meta name=\"twitter:label1\" content=\"Est. reading time\" \/>\n\t<meta name=\"twitter:data1\" content=\"1 minute\" \/>\n<script type=\"application\/ld+json\" class=\"yoast-schema-graph\">{\"@context\":\"https:\/\/schema.org\",\"@graph\":[{\"@type\":\"WebPage\",\"@id\":\"https:\/\/staging.hydrachim.fr\/produit\/deterquat-dna-pae-parfum-citron\/\",\"url\":\"https:\/\/staging.hydrachim.fr\/produit\/deterquat-dna-pae-parfum-citron\/\",\"name\":\"Deterquat DNA PAE parfum citron - Hydrachim\",\"isPartOf\":{\"@id\":\"https:\/\/staging.hydrachim.fr\/#website\"},\"primaryImageOfPage\":{\"@id\":\"https:\/\/staging.hydrachim.fr\/produit\/deterquat-dna-pae-parfum-citron\/#primaryimage\"},\"image\":{\"@id\":\"https:\/\/staging.hydrachim.fr\/produit\/deterquat-dna-pae-parfum-citron\/#primaryimage\"},\"thumbnailUrl\":\"https:\/\/staging.hydrachim.fr\/app\/uploads\/2019\/10\/0438_DETERQUAT_DNA_PAE_Citron_750ml.png\",\"datePublished\":\"2019-10-14T14:17:12+00:00\",\"dateModified\":\"2019-10-14T14:38:30+00:00\",\"breadcrumb\":{\"@id\":\"https:\/\/staging.hydrachim.fr\/produit\/deterquat-dna-pae-parfum-citron\/#breadcrumb\"},\"inLanguage\":\"en-US\",\"potentialAction\":[{\"@type\":\"ReadAction\",\"target\":[\"https:\/\/staging.hydrachim.fr\/produit\/deterquat-dna-pae-parfum-citron\/\"]}]},{\"@type\":\"ImageObject\",\"inLanguage\":\"en-US\",\"@id\":\"https:\/\/staging.hydrachim.fr\/produit\/deterquat-dna-pae-parfum-citron\/#primaryimage\",\"url\":\"https:\/\/staging.hydrachim.fr\/app\/uploads\/2019\/10\/0438_DETERQUAT_DNA_PAE_Citron_750ml.png\",\"contentUrl\":\"https:\/\/staging.hydrachim.fr\/app\/uploads\/2019\/10\/0438_DETERQUAT_DNA_PAE_Citron_750ml.png\",\"width\":600,\"height\":1293},{\"@type\":\"BreadcrumbList\",\"@id\":\"https:\/\/staging.hydrachim.fr\/produit\/deterquat-dna-pae-parfum-citron\/#breadcrumb\",\"itemListElement\":[{\"@type\":\"ListItem\",\"position\":1,\"name\":\"Home\",\"item\":\"https:\/\/staging.hydrachim.fr\/en\/\"},{\"@type\":\"ListItem\",\"position\":2,\"name\":\"Shop\",\"item\":\"https:\/\/staging.hydrachim.fr\/en\/shop\/\"},{\"@type\":\"ListItem\",\"position\":3,\"name\":\"Deterquat DNA PAE parfum citron\"}]},{\"@type\":\"WebSite\",\"@id\":\"https:\/\/staging.hydrachim.fr\/#website\",\"url\":\"https:\/\/staging.hydrachim.fr\/\",\"name\":\"Hydrachim\",\"description\":\"La science de l&#039;hygi\u00e8ne\",\"potentialAction\":[{\"@type\":\"SearchAction\",\"target\":{\"@type\":\"EntryPoint\",\"urlTemplate\":\"https:\/\/staging.hydrachim.fr\/?s={search_term_string}\"},\"query-input\":{\"@type\":\"PropertyValueSpecification\",\"valueRequired\":true,\"valueName\":\"search_term_string\"}}],\"inLanguage\":\"en-US\"}]}<\/script>\n<!-- \/ Yoast SEO plugin. -->","yoast_head_json":{"title":"Deterquat DNA PAE parfum citron - Hydrachim","robots":{"index":"noindex","follow":"follow","max-snippet":"max-snippet:-1","max-image-preview":"max-image-preview:large","max-video-preview":"max-video-preview:-1"},"og_locale":"en_US","og_type":"article","og_title":"Deterquat DNA PAE parfum citron - Hydrachim","og_description":"D\u00e9terquat DNA PAE parfum citron","og_url":"https:\/\/staging.hydrachim.fr\/produit\/deterquat-dna-pae-parfum-citron\/","og_site_name":"Hydrachim","article_modified_time":"2019-10-14T14:38:30+00:00","og_image":[{"width":600,"height":1293,"url":"https:\/\/staging.hydrachim.fr\/app\/uploads\/2019\/10\/0438_DETERQUAT_DNA_PAE_Citron_750ml.png","type":"image\/png"}],"twitter_card":"summary_large_image","twitter_misc":{"Est. reading time":"1 minute"},"schema":{"@context":"https:\/\/schema.org","@graph":[{"@type":"WebPage","@id":"https:\/\/staging.hydrachim.fr\/produit\/deterquat-dna-pae-parfum-citron\/","url":"https:\/\/staging.hydrachim.fr\/produit\/deterquat-dna-pae-parfum-citron\/","name":"Deterquat DNA PAE parfum citron - Hydrachim","isPartOf":{"@id":"https:\/\/staging.hydrachim.fr\/#website"},"primaryImageOfPage":{"@id":"https:\/\/staging.hydrachim.fr\/produit\/deterquat-dna-pae-parfum-citron\/#primaryimage"},"image":{"@id":"https:\/\/staging.hydrachim.fr\/produit\/deterquat-dna-pae-parfum-citron\/#primaryimage"},"thumbnailUrl":"https:\/\/staging.hydrachim.fr\/app\/uploads\/2019\/10\/0438_DETERQUAT_DNA_PAE_Citron_750ml.png","datePublished":"2019-10-14T14:17:12+00:00","dateModified":"2019-10-14T14:38:30+00:00","breadcrumb":{"@id":"https:\/\/staging.hydrachim.fr\/produit\/deterquat-dna-pae-parfum-citron\/#breadcrumb"},"inLanguage":"en-US","potentialAction":[{"@type":"ReadAction","target":["https:\/\/staging.hydrachim.fr\/produit\/deterquat-dna-pae-parfum-citron\/"]}]},{"@type":"ImageObject","inLanguage":"en-US","@id":"https:\/\/staging.hydrachim.fr\/produit\/deterquat-dna-pae-parfum-citron\/#primaryimage","url":"https:\/\/staging.hydrachim.fr\/app\/uploads\/2019\/10\/0438_DETERQUAT_DNA_PAE_Citron_750ml.png","contentUrl":"https:\/\/staging.hydrachim.fr\/app\/uploads\/2019\/10\/0438_DETERQUAT_DNA_PAE_Citron_750ml.png","width":600,"height":1293},{"@type":"BreadcrumbList","@id":"https:\/\/staging.hydrachim.fr\/produit\/deterquat-dna-pae-parfum-citron\/#breadcrumb","itemListElement":[{"@type":"ListItem","position":1,"name":"Home","item":"https:\/\/staging.hydrachim.fr\/en\/"},{"@type":"ListItem","position":2,"name":"Shop","item":"https:\/\/staging.hydrachim.fr\/en\/shop\/"},{"@type":"ListItem","position":3,"name":"Deterquat DNA PAE parfum citron"}]},{"@type":"WebSite","@id":"https:\/\/staging.hydrachim.fr\/#website","url":"https:\/\/staging.hydrachim.fr\/","name":"Hydrachim","description":"La science de l&#039;hygi\u00e8ne","potentialAction":[{"@type":"SearchAction","target":{"@type":"EntryPoint","urlTemplate":"https:\/\/staging.hydrachim.fr\/?s={search_term_string}"},"query-input":{"@type":"PropertyValueSpecification","valueRequired":true,"valueName":"search_term_string"}}],"inLanguage":"en-US"}]}},"acf":{"fiche_technique":"https:\/\/staging.hydrachim.fr\/app\/uploads\/2019\/10\/FT_0438_DETERQUAT_DNA_PAE_CITRON.pdf","fiche_methode":""},"_links":{"self":[{"href":"https:\/\/staging.hydrachim.fr\/en\/wp-json\/wp\/v2\/product\/5627","targetHints":{"allow":["GET"]}}],"collection":[{"href":"https:\/\/staging.hydrachim.fr\/en\/wp-json\/wp\/v2\/product"}],"about":[{"href":"https:\/\/staging.hydrachim.fr\/en\/wp-json\/wp\/v2\/types\/product"}],"wp:featuredmedia":[{"embeddable":true,"href":"https:\/\/staging.hydrachim.fr\/en\/wp-json\/wp\/v2\/media\/5629"}],"wp:attachment":[{"href":"https:\/\/staging.hydrachim.fr\/en\/wp-json\/wp\/v2\/media?parent=5627"}],"wp:term":[{"taxonomy":"product_brand","embeddable":true,"href":"https:\/\/staging.hydrachim.fr\/en\/wp-json\/wp\/v2\/product_brand?post=5627"},{"taxonomy":"product_type","embeddable":true,"href":"https:\/\/staging.hydrachim.fr\/en\/wp-json\/wp\/v2\/product_type?post=5627"},{"taxonomy":"product_visibility","embeddable":true,"href":"https:\/\/staging.hydrachim.fr\/en\/wp-json\/wp\/v2\/product_visibility?post=5627"},{"taxonomy":"product_cat","embeddable":true,"href":"https:\/\/staging.hydrachim.fr\/en\/wp-json\/wp\/v2\/product_cat?post=5627"}],"curies":[{"name":"wp","href":"https:\/\/api.w.org\/{rel}","templated":true}]}}